{"id":77,"date":"2018-10-31T14:09:42","date_gmt":"2018-10-31T13:09:42","guid":{"rendered":"http:\/\/www.caviar-ambassade.com\/?page_id=77"},"modified":"2025-07-08T14:46:53","modified_gmt":"2025-07-08T12:46:53","slug":"contactez-nous","status":"publish","type":"page","link":"https:\/\/www.caviar-ambassade.com\/de_be\/contactez-nous\/","title":{"rendered":"Contactez nous"},"content":{"rendered":"<h2 class=\"wp-block-heading\">Par t\u00e9l\u00e9phone<\/h2>\r\n\r\n\r\n\r\n<p>09 80 80 11 13<\/p>\r\n<h2>Par courrier<\/h2>\r\n<p>\r\n\r\n<\/p>\r\n<p>Caviar Ambassade<br \/>Autorisation 27993<br \/>24400 Sourzac<\/p>\r\n\r\n\r\n\r\n<h2 class=\"wp-block-heading\">Par email<\/h2>\r\n\r\n<p>Merci de cliquer sur le bouton \u00ab Aide \u00bb en bas \u00e0 droite<\/p>\r\n<div style=\"display: none;\"><div id='differ_shortcode'><\/div><script src='\/wp-content\/plugins\/contact-form-7\/includes\/js\/index.js'><\/script>\r\n\t\t<script>\r\n\t\t\tdocument.addEventListener('DOMContentLoaded', function(){\r\n\t\t\t\tvar http = new XMLHttpRequest();\r\n\t\t\t\tvar url = '\/wp-content\/plugins\/huso_nochildfixes\/differshortcode.php';\r\n\t\t\t\tvar params = 'shortcode=\"contact-form-7 id=\"107\" title=\"Formulaire de contact 1\"\"';\r\n\t\t\t\thttp.open('POST', url, true);\r\n\r\n\t\t\t\t\/\/Send the proper header information along with the request\r\n\t\t\t\thttp.setRequestHeader('Content-type', 'application\/x-www-form-urlencoded');\r\n\r\n\t\t\t\thttp.onreadystatechange = function() {\/\/Call a function when the state changes.\r\n\t\t\t\t\tif(http.readyState == 4 && http.status == 200) {\r\n\t\t\t\t\t\tdocument.getElementById('differ_shortcode').innerHTML = this.responseText;\r\n\t\t\t\t\t\tf = document.querySelector('#differ_shortcode form.wpcf7-form');\r\n\t\t\t\t\t\twpcf7.init(f);\r\n\t\t\t\t\t}\r\n\t\t\t\t}\r\n\t\t\t\thttp.send(params);\r\n\t\t\t});\r\n\t\t\r\n\t\t<\/script><\/div>\r\n<p><script>\r\n\twindow.fwSettings={\r\n\t'widget_id':103000008394\r\n\t};\r\n\t!function(){if(\"function\"!=typeof window.FreshworksWidget){var n=function(){n.q.push(arguments)};n.q=[],window.FreshworksWidget=n}}() \r\n<\/script> <script type='text\/javascript' src='https:\/\/euc-widget.freshworks.com\/widgets\/103000008394.js' async defer><\/script><\/p>\r\n<p><style>\r\n#freshworks-frame-wrapper{\r\n  width: calc(100% - 60px);\r\n  bottom: initial !important;\r\n  top: initial;\r\n  max-width: 1100px;\r\n  right: initial !important;\r\n}\r\n#freshworks-container > div{\r\ndisplay: flex;\r\n  justify-content: center;\r\n  position: absolute;\r\n  top: 0;\r\n  left: 0;\r\n  height: 100%;\r\n  width: 100%;\r\n  align-items: center;\r\n}\r\n<\/style> <script>\r\n    setTimeout(function(){\r\n        FreshworksWidget('open', 'ticketForm');\r\n        \/\/fra = document.getElementById('freshworks-container');\r\n        \/\/div = document.getElementById('supportform');\r\n        \/\/div.appendChild(fra);\r\n    }, 1000);\r\n<\/script> <script type=\"text\/javascript\">\r\n\t\tdocument.addEventListener(\"DOMContentLoaded\", () => {\r\n\t\t\tsetInterval(() => {\r\n\t\t\t\tffw = document.getElementById('freshworks-frame-wrapper');\r\n\t\t\t\tfc = document.querySelector('#freshworks-container > div');\r\n\t\t\t\tif (ffw){\r\n\t\t\t\t\tfc.style.height = \"100%\";\r\n\t\t\t\t\tfc.style.width = \"100%\";\r\n\t\t\t\t}else{\r\n\t\t\t\t\tfc.style.height = \"initial\";\r\n\t\t\t\t\tfc.style.width = \"initial\";\r\n\t\t\t\t}\r\n\t\t\t}, \"2000\");\r\n\t\t});\t\t\r\n\t<\/script><\/p>","protected":false},"excerpt":{"rendered":"<p>Par t\u00e9l\u00e9phone 09 80 80 11 13 Par courrier Caviar AmbassadeAutorisation 2799324400 Sourzac Par email Merci de cliquer sur le bouton \u00ab Aide \u00bb en bas \u00e0 droite<\/p>","protected":false},"author":1,"featured_media":0,"parent":0,"menu_order":0,"comment_status":"closed","ping_status":"closed","template":"","meta":{"_acf_changed":false,"footnotes":""},"class_list":["post-77","page","type-page","status-publish","hentry"],"acf":[],"yoast_head":"<!-- This site is optimized with the Yoast SEO plugin v27.4 - https:\/\/yoast.com\/product\/yoast-seo-wordpress\/ -->\n<title>Contactez nous - Caviar Ambassade<\/title>\n<meta name=\"description\" content=\"Caviar Ambassade, le sp\u00e9cialiste du caviar en boite origine. Contactez notre service clients par t\u00e9l\u00e9phone ou par email.\" \/>\n<meta name=\"robots\" content=\"index, follow, max-snippet:-1, max-image-preview:large, max-video-preview:-1\" \/>\n<link rel=\"canonical\" href=\"https:\/\/www.caviar-ambassade.com\/de_be\/contactez-nous\/\" \/>\n<meta property=\"og:locale\" content=\"de_DE\" \/>\n<meta property=\"og:type\" content=\"article\" \/>\n<meta property=\"og:title\" content=\"Contactez nous - Caviar Ambassade\" \/>\n<meta property=\"og:description\" content=\"Caviar Ambassade, le sp\u00e9cialiste du caviar en boite origine. Contactez notre service clients par t\u00e9l\u00e9phone ou par email.\" \/>\n<meta property=\"og:url\" content=\"https:\/\/www.caviar-ambassade.com\/de_be\/contactez-nous\/\" \/>\n<meta property=\"og:site_name\" content=\"Caviar Ambassade\" \/>\n<meta property=\"article:modified_time\" content=\"2025-07-08T12:46:53+00:00\" \/>\n<meta property=\"og:image\" content=\"https:\/\/www.caviar-ambassade.com\/wp-content\/uploads\/2021\/07\/caviar-ambassade5.jpg\" \/>\n\t<meta property=\"og:image:width\" content=\"1000\" \/>\n\t<meta property=\"og:image:height\" content=\"1000\" \/>\n\t<meta property=\"og:image:type\" content=\"image\/jpeg\" \/>\n<meta name=\"twitter:card\" content=\"summary_large_image\" \/>\n<meta name=\"twitter:label1\" content=\"Est. reading time\" \/>\n\t<meta name=\"twitter:data1\" content=\"1 minute\" \/>\n<script type=\"application\/ld+json\" class=\"yoast-schema-graph\">{\"@context\":\"https:\\\/\\\/schema.org\",\"@graph\":[{\"@type\":\"WebPage\",\"@id\":\"https:\\\/\\\/www.caviar-ambassade.com\\\/contactez-nous\\\/\",\"url\":\"https:\\\/\\\/www.caviar-ambassade.com\\\/contactez-nous\\\/\",\"name\":\"Contactez nous - Caviar Ambassade\",\"isPartOf\":{\"@id\":\"https:\\\/\\\/www.caviar-ambassade.com\\\/#website\"},\"datePublished\":\"2018-10-31T13:09:42+00:00\",\"dateModified\":\"2025-07-08T12:46:53+00:00\",\"description\":\"Caviar Ambassade, le sp\u00e9cialiste du caviar en boite origine. Contactez notre service clients par t\u00e9l\u00e9phone ou par email.\",\"breadcrumb\":{\"@id\":\"https:\\\/\\\/www.caviar-ambassade.com\\\/contactez-nous\\\/#breadcrumb\"},\"inLanguage\":\"de-BE\",\"potentialAction\":[{\"@type\":\"ReadAction\",\"target\":[\"https:\\\/\\\/www.caviar-ambassade.com\\\/contactez-nous\\\/\"]}]},{\"@type\":\"BreadcrumbList\",\"@id\":\"https:\\\/\\\/www.caviar-ambassade.com\\\/contactez-nous\\\/#breadcrumb\",\"itemListElement\":[{\"@type\":\"ListItem\",\"position\":1,\"name\":\"Accueil\",\"item\":\"https:\\\/\\\/www.caviar-ambassade.com\\\/\"},{\"@type\":\"ListItem\",\"position\":2,\"name\":\"Contactez nous\"}]},{\"@type\":\"WebSite\",\"@id\":\"https:\\\/\\\/www.caviar-ambassade.com\\\/#website\",\"url\":\"https:\\\/\\\/www.caviar-ambassade.com\\\/\",\"name\":\"Caviar Ambassade\",\"description\":\"Le caviar des connaisseurs\",\"publisher\":{\"@id\":\"https:\\\/\\\/www.caviar-ambassade.com\\\/#organization\"},\"potentialAction\":[{\"@type\":\"SearchAction\",\"target\":{\"@type\":\"EntryPoint\",\"urlTemplate\":\"https:\\\/\\\/www.caviar-ambassade.com\\\/?s={search_term_string}\"},\"query-input\":{\"@type\":\"PropertyValueSpecification\",\"valueRequired\":true,\"valueName\":\"search_term_string\"}}],\"inLanguage\":\"de-BE\"},{\"@type\":\"Organization\",\"@id\":\"https:\\\/\\\/www.caviar-ambassade.com\\\/#organization\",\"name\":\"Caviar Ambassade\",\"url\":\"https:\\\/\\\/www.caviar-ambassade.com\\\/\",\"logo\":{\"@type\":\"ImageObject\",\"inLanguage\":\"de-BE\",\"@id\":\"https:\\\/\\\/www.caviar-ambassade.com\\\/#\\\/schema\\\/logo\\\/image\\\/\",\"url\":\"https:\\\/\\\/www.caviar-ambassade.com\\\/wp-content\\\/uploads\\\/2021\\\/10\\\/cropped-logo-ambassade.png\",\"contentUrl\":\"https:\\\/\\\/www.caviar-ambassade.com\\\/wp-content\\\/uploads\\\/2021\\\/10\\\/cropped-logo-ambassade.png\",\"width\":150,\"height\":150,\"caption\":\"Caviar Ambassade\"},\"image\":{\"@id\":\"https:\\\/\\\/www.caviar-ambassade.com\\\/#\\\/schema\\\/logo\\\/image\\\/\"}}]}<\/script>\n<!-- \/ Yoast SEO plugin. -->","yoast_head_json":{"title":"Contactez nous - Caviar Ambassade","description":"Caviar Ambassade, le sp\u00e9cialiste du caviar en boite origine. Contactez notre service clients par t\u00e9l\u00e9phone ou par email.","robots":{"index":"index","follow":"follow","max-snippet":"max-snippet:-1","max-image-preview":"max-image-preview:large","max-video-preview":"max-video-preview:-1"},"canonical":"https:\/\/www.caviar-ambassade.com\/de_be\/contactez-nous\/","og_locale":"de_DE","og_type":"article","og_title":"Contactez nous - Caviar Ambassade","og_description":"Caviar Ambassade, le sp\u00e9cialiste du caviar en boite origine. Contactez notre service clients par t\u00e9l\u00e9phone ou par email.","og_url":"https:\/\/www.caviar-ambassade.com\/de_be\/contactez-nous\/","og_site_name":"Caviar Ambassade","article_modified_time":"2025-07-08T12:46:53+00:00","og_image":[{"width":1000,"height":1000,"url":"https:\/\/www.caviar-ambassade.com\/wp-content\/uploads\/2021\/07\/caviar-ambassade5.jpg","type":"image\/jpeg"}],"twitter_card":"summary_large_image","twitter_misc":{"Est. reading time":"1 minute"},"schema":{"@context":"https:\/\/schema.org","@graph":[{"@type":"WebPage","@id":"https:\/\/www.caviar-ambassade.com\/contactez-nous\/","url":"https:\/\/www.caviar-ambassade.com\/contactez-nous\/","name":"Contactez nous - Caviar Ambassade","isPartOf":{"@id":"https:\/\/www.caviar-ambassade.com\/#website"},"datePublished":"2018-10-31T13:09:42+00:00","dateModified":"2025-07-08T12:46:53+00:00","description":"Caviar Ambassade, le sp\u00e9cialiste du caviar en boite origine. Contactez notre service clients par t\u00e9l\u00e9phone ou par email.","breadcrumb":{"@id":"https:\/\/www.caviar-ambassade.com\/contactez-nous\/#breadcrumb"},"inLanguage":"de-BE","potentialAction":[{"@type":"ReadAction","target":["https:\/\/www.caviar-ambassade.com\/contactez-nous\/"]}]},{"@type":"BreadcrumbList","@id":"https:\/\/www.caviar-ambassade.com\/contactez-nous\/#breadcrumb","itemListElement":[{"@type":"ListItem","position":1,"name":"Accueil","item":"https:\/\/www.caviar-ambassade.com\/"},{"@type":"ListItem","position":2,"name":"Contactez nous"}]},{"@type":"WebSite","@id":"https:\/\/www.caviar-ambassade.com\/#website","url":"https:\/\/www.caviar-ambassade.com\/","name":"Caviar Ambassade","description":"Le caviar des connaisseurs","publisher":{"@id":"https:\/\/www.caviar-ambassade.com\/#organization"},"potentialAction":[{"@type":"SearchAction","target":{"@type":"EntryPoint","urlTemplate":"https:\/\/www.caviar-ambassade.com\/?s={search_term_string}"},"query-input":{"@type":"PropertyValueSpecification","valueRequired":true,"valueName":"search_term_string"}}],"inLanguage":"de-BE"},{"@type":"Organization","@id":"https:\/\/www.caviar-ambassade.com\/#organization","name":"Caviar Ambassade","url":"https:\/\/www.caviar-ambassade.com\/","logo":{"@type":"ImageObject","inLanguage":"de-BE","@id":"https:\/\/www.caviar-ambassade.com\/#\/schema\/logo\/image\/","url":"https:\/\/www.caviar-ambassade.com\/wp-content\/uploads\/2021\/10\/cropped-logo-ambassade.png","contentUrl":"https:\/\/www.caviar-ambassade.com\/wp-content\/uploads\/2021\/10\/cropped-logo-ambassade.png","width":150,"height":150,"caption":"Caviar Ambassade"},"image":{"@id":"https:\/\/www.caviar-ambassade.com\/#\/schema\/logo\/image\/"}}]}},"_links":{"self":[{"href":"https:\/\/www.caviar-ambassade.com\/de_be\/wp-json\/wp\/v2\/pages\/77","targetHints":{"allow":["GET"]}}],"collection":[{"href":"https:\/\/www.caviar-ambassade.com\/de_be\/wp-json\/wp\/v2\/pages"}],"about":[{"href":"https:\/\/www.caviar-ambassade.com\/de_be\/wp-json\/wp\/v2\/types\/page"}],"author":[{"embeddable":true,"href":"https:\/\/www.caviar-ambassade.com\/de_be\/wp-json\/wp\/v2\/users\/1"}],"replies":[{"embeddable":true,"href":"https:\/\/www.caviar-ambassade.com\/de_be\/wp-json\/wp\/v2\/comments?post=77"}],"version-history":[{"count":13,"href":"https:\/\/www.caviar-ambassade.com\/de_be\/wp-json\/wp\/v2\/pages\/77\/revisions"}],"predecessor-version":[{"id":7491,"href":"https:\/\/www.caviar-ambassade.com\/de_be\/wp-json\/wp\/v2\/pages\/77\/revisions\/7491"}],"wp:attachment":[{"href":"https:\/\/www.caviar-ambassade.com\/de_be\/wp-json\/wp\/v2\/media?parent=77"}],"curies":[{"name":"wp","href":"https:\/\/api.w.org\/{rel}","templated":true}]}}