{"id":1522,"date":"2021-02-10T17:36:44","date_gmt":"2021-02-10T16:36:44","guid":{"rendered":"https:\/\/www.caviar-ambassade.com\/?post_type=product&#038;p=1522"},"modified":"2026-04-09T15:17:32","modified_gmt":"2026-04-09T13:17:32","slug":"truffe-noire-fraiche","status":"publish","type":"product","link":"https:\/\/www.caviar-ambassade.com\/de_be\/product\/truffe-noire-fraiche\/","title":{"rendered":"Truffe noire fraiche"},"content":{"rendered":"<p>A l&rsquo;automne et en hiver, c\u2019est la meilleure saison de la truffe fraiche, profitez-en !<\/p>\n<p>Nos truffes noires fra\u00eeches sont s\u00e9lectionn\u00e9es et conditionn\u00e9es avec soin par des experts. C\u2019est un v\u00e9ritable tr\u00e9sor culinaire aux multiples utilisations.<\/p>\n<p>La truffe noire du P\u00e9rigord (Tuber melanosporum) est une v\u00e9ritable p\u00e9pite gustative qui enchante les gastronomes du monde entier.<\/p>\n<p>Ces truffes fra\u00eeches arrivent dans les ateliers de pr\u00e9paration en lots de terre. Les experts ont alors la responsabilit\u00e9 de trier, laver, brosser et canifer chaque truffe, une par une \u00e0 la main. Cette m\u00e9thode m\u00e9ticuleuse permet de s\u00e9lectionner le meilleur produit \u00e0 destination de vos assiettes.<\/p>\n<p>Le canifage (faire une entaille dans la peau d\u2019une truffe fra\u00eeche), permet aux professionnels de v\u00e9rifier la qualit\u00e9 de la truffe. Ils en v\u00e9rifient la couleur de la chair qui doit \u00eatre sombre avec des veines blanches.<\/p>\n<p><strong>La Tuber Melanosporum<\/strong><br \/>\nLa truffe noire du P\u00e9rigord est reconnue pour ses saveurs subtiles et intenses. Compos\u00e9e de plus de cinquante nuances aromatiques, la truffe noire est un produit gastronomique complexe. Les notes bois\u00e9es de la Tuber melanosporum sont id\u00e9ales pour \u00e9lever et sublimer vos pr\u00e9parations culinaires. La truffe noire poss\u00e8de un autre atout, elle est consommable crue mais peut \u00e9galement \u00eatre cuisin\u00e9e, ce qui permet une utilisation dont seule votre cr\u00e9ativit\u00e9 sera la limite.<\/p>\n<p>Ingr\u00e9dients : Truffe noire (Tuber melanosporum)<br \/>\nConservation : A r\u00e9ception, nous conseillons d&rsquo;ouvrir les sachets, de s\u00e9cher les truffes et de les conserver dans une bo\u00eete herm\u00e9tique, au frais, avec un papier absorbant \u00e0 changer tous les jours.<br \/>\nDDM Garantie : 10 jours<br \/>\nOrigine : France<br \/>\nFormats disponibles : 150g<\/p>","protected":false},"excerpt":{"rendered":"<p>Nous arrivons dans la meilleure p\u00e9riode de la saison de la truffe fraiche, profitez-en !<\/p>\n<p>Nos truffes noires fra\u00eeches sont s\u00e9lectionn\u00e9es et conditionn\u00e9es avec soin par des experts. C\u2019est un v\u00e9ritable tr\u00e9sor culinaire aux multiples utilisations.<\/p>\n<p>La truffe noire du P\u00e9rigord (Tuber melanosporum) est une v\u00e9ritable p\u00e9pite gustative qui enchante les gastronomes du monde entier.<\/p>\n<p>Ces truffes fra\u00eeches arrivent dans les ateliers de pr\u00e9paration en lots de terre. Les experts ont alors la responsabilit\u00e9 de trier, laver, brosser et canifer chaque truffe, une par une \u00e0 la main. Cette m\u00e9thode m\u00e9ticuleuse permet de s\u00e9lectionner le meilleur produit \u00e0 destination de vos assiettes.<\/p>\n<p>Sachet de 150g<br \/>\nPrix soumis aux variations des cours hebdomadaires.<\/p>","protected":false},"featured_media":4375,"template":"","meta":{"_acf_changed":false},"product_brand":[],"product_cat":[17,78],"product_tag":[],"class_list":{"0":"post-1522","1":"product","2":"type-product","3":"status-publish","4":"has-post-thumbnail","6":"product_cat-epicerie-fine","7":"product_cat-truffes","8":"product_shipping_class-fresh-product","10":"first","11":"outofstock","12":"taxable","13":"shipping-taxable","14":"purchasable","15":"product-type-simple"},"acf":[],"yoast_head":"<!-- This site is optimized with the Yoast SEO plugin v27.4 - https:\/\/yoast.com\/product\/yoast-seo-wordpress\/ -->\n<title>Truffe noire fraiche - Caviar Ambassade<\/title>\n<meta name=\"robots\" content=\"index, follow, max-snippet:-1, max-image-preview:large, max-video-preview:-1\" \/>\n<link rel=\"canonical\" href=\"https:\/\/www.caviar-ambassade.com\/de_be\/product\/truffe-noire-fraiche\/\" \/>\n<meta property=\"og:locale\" content=\"de_DE\" \/>\n<meta property=\"og:type\" content=\"article\" \/>\n<meta property=\"og:title\" content=\"Truffe noire fraiche - Caviar Ambassade\" \/>\n<meta property=\"og:description\" content=\"Nous arrivons dans la meilleure p\u00e9riode de la saison de la truffe fraiche, profitez-en !  Nos truffes noires fra\u00eeches sont s\u00e9lectionn\u00e9es et conditionn\u00e9es avec soin par des experts. C\u2019est un v\u00e9ritable tr\u00e9sor culinaire aux multiples utilisations.  La truffe noire du P\u00e9rigord (Tuber melanosporum) est une v\u00e9ritable p\u00e9pite gustative qui enchante les gastronomes du monde entier.  Ces truffes fra\u00eeches arrivent dans les ateliers de pr\u00e9paration en lots de terre. Les experts ont alors la responsabilit\u00e9 de trier, laver, brosser et canifer chaque truffe, une par une \u00e0 la main. Cette m\u00e9thode m\u00e9ticuleuse permet de s\u00e9lectionner le meilleur produit \u00e0 destination de vos assiettes.  Sachet de 150g Prix soumis aux variations des cours hebdomadaires.\" \/>\n<meta property=\"og:url\" content=\"https:\/\/www.caviar-ambassade.com\/de_be\/product\/truffe-noire-fraiche\/\" \/>\n<meta property=\"og:site_name\" content=\"Caviar Ambassade\" \/>\n<meta property=\"article:modified_time\" content=\"2026-04-09T13:17:32+00:00\" \/>\n<meta property=\"og:image\" content=\"https:\/\/www.caviar-ambassade.com\/wp-content\/uploads\/2021\/02\/truffe-ambassade-3.jpg\" \/>\n\t<meta property=\"og:image:width\" content=\"1000\" \/>\n\t<meta property=\"og:image:height\" content=\"1000\" \/>\n\t<meta property=\"og:image:type\" content=\"image\/jpeg\" \/>\n<meta name=\"twitter:card\" content=\"summary_large_image\" \/>\n<meta name=\"twitter:label1\" content=\"Est. reading time\" \/>\n\t<meta name=\"twitter:data1\" content=\"2 minutes\" \/>\n<script type=\"application\/ld+json\" class=\"yoast-schema-graph\">{\"@context\":\"https:\\\/\\\/schema.org\",\"@graph\":[{\"@type\":\"WebPage\",\"@id\":\"https:\\\/\\\/www.caviar-ambassade.com\\\/produit\\\/truffe-noire-fraiche\\\/\",\"url\":\"https:\\\/\\\/www.caviar-ambassade.com\\\/produit\\\/truffe-noire-fraiche\\\/\",\"name\":\"Truffe noire fraiche - Caviar Ambassade\",\"isPartOf\":{\"@id\":\"https:\\\/\\\/www.caviar-ambassade.com\\\/#website\"},\"primaryImageOfPage\":{\"@id\":\"https:\\\/\\\/www.caviar-ambassade.com\\\/produit\\\/truffe-noire-fraiche\\\/#primaryimage\"},\"image\":{\"@id\":\"https:\\\/\\\/www.caviar-ambassade.com\\\/produit\\\/truffe-noire-fraiche\\\/#primaryimage\"},\"thumbnailUrl\":\"https:\\\/\\\/www.caviar-ambassade.com\\\/wp-content\\\/uploads\\\/2021\\\/02\\\/truffe-ambassade-3.jpg\",\"datePublished\":\"2021-02-10T16:36:44+00:00\",\"dateModified\":\"2026-04-09T13:17:32+00:00\",\"breadcrumb\":{\"@id\":\"https:\\\/\\\/www.caviar-ambassade.com\\\/produit\\\/truffe-noire-fraiche\\\/#breadcrumb\"},\"inLanguage\":\"de-BE\",\"potentialAction\":[{\"@type\":\"ReadAction\",\"target\":[\"https:\\\/\\\/www.caviar-ambassade.com\\\/produit\\\/truffe-noire-fraiche\\\/\"]}]},{\"@type\":\"ImageObject\",\"inLanguage\":\"de-BE\",\"@id\":\"https:\\\/\\\/www.caviar-ambassade.com\\\/produit\\\/truffe-noire-fraiche\\\/#primaryimage\",\"url\":\"https:\\\/\\\/www.caviar-ambassade.com\\\/wp-content\\\/uploads\\\/2021\\\/02\\\/truffe-ambassade-3.jpg\",\"contentUrl\":\"https:\\\/\\\/www.caviar-ambassade.com\\\/wp-content\\\/uploads\\\/2021\\\/02\\\/truffe-ambassade-3.jpg\",\"width\":1000,\"height\":1000,\"caption\":\"truffe fraiche\"},{\"@type\":\"BreadcrumbList\",\"@id\":\"https:\\\/\\\/www.caviar-ambassade.com\\\/produit\\\/truffe-noire-fraiche\\\/#breadcrumb\",\"itemListElement\":[{\"@type\":\"ListItem\",\"position\":1,\"name\":\"Accueil\",\"item\":\"https:\\\/\\\/www.caviar-ambassade.com\\\/\"},{\"@type\":\"ListItem\",\"position\":2,\"name\":\"Boutique\",\"item\":\"https:\\\/\\\/www.caviar-ambassade.com\\\/boutique\\\/\"},{\"@type\":\"ListItem\",\"position\":3,\"name\":\"Truffe noire fraiche\"}]},{\"@type\":\"WebSite\",\"@id\":\"https:\\\/\\\/www.caviar-ambassade.com\\\/#website\",\"url\":\"https:\\\/\\\/www.caviar-ambassade.com\\\/\",\"name\":\"Caviar Ambassade\",\"description\":\"Le caviar des connaisseurs\",\"publisher\":{\"@id\":\"https:\\\/\\\/www.caviar-ambassade.com\\\/#organization\"},\"potentialAction\":[{\"@type\":\"SearchAction\",\"target\":{\"@type\":\"EntryPoint\",\"urlTemplate\":\"https:\\\/\\\/www.caviar-ambassade.com\\\/?s={search_term_string}\"},\"query-input\":{\"@type\":\"PropertyValueSpecification\",\"valueRequired\":true,\"valueName\":\"search_term_string\"}}],\"inLanguage\":\"de-BE\"},{\"@type\":\"Organization\",\"@id\":\"https:\\\/\\\/www.caviar-ambassade.com\\\/#organization\",\"name\":\"Caviar Ambassade\",\"url\":\"https:\\\/\\\/www.caviar-ambassade.com\\\/\",\"logo\":{\"@type\":\"ImageObject\",\"inLanguage\":\"de-BE\",\"@id\":\"https:\\\/\\\/www.caviar-ambassade.com\\\/#\\\/schema\\\/logo\\\/image\\\/\",\"url\":\"https:\\\/\\\/www.caviar-ambassade.com\\\/wp-content\\\/uploads\\\/2021\\\/10\\\/cropped-logo-ambassade.png\",\"contentUrl\":\"https:\\\/\\\/www.caviar-ambassade.com\\\/wp-content\\\/uploads\\\/2021\\\/10\\\/cropped-logo-ambassade.png\",\"width\":150,\"height\":150,\"caption\":\"Caviar Ambassade\"},\"image\":{\"@id\":\"https:\\\/\\\/www.caviar-ambassade.com\\\/#\\\/schema\\\/logo\\\/image\\\/\"}}]}<\/script>\n<!-- \/ Yoast SEO plugin. -->","yoast_head_json":{"title":"Truffe noire fraiche - Caviar Ambassade","robots":{"index":"index","follow":"follow","max-snippet":"max-snippet:-1","max-image-preview":"max-image-preview:large","max-video-preview":"max-video-preview:-1"},"canonical":"https:\/\/www.caviar-ambassade.com\/de_be\/product\/truffe-noire-fraiche\/","og_locale":"de_DE","og_type":"article","og_title":"Truffe noire fraiche - Caviar Ambassade","og_description":"Nous arrivons dans la meilleure p\u00e9riode de la saison de la truffe fraiche, profitez-en !  Nos truffes noires fra\u00eeches sont s\u00e9lectionn\u00e9es et conditionn\u00e9es avec soin par des experts. C\u2019est un v\u00e9ritable tr\u00e9sor culinaire aux multiples utilisations.  La truffe noire du P\u00e9rigord (Tuber melanosporum) est une v\u00e9ritable p\u00e9pite gustative qui enchante les gastronomes du monde entier.  Ces truffes fra\u00eeches arrivent dans les ateliers de pr\u00e9paration en lots de terre. Les experts ont alors la responsabilit\u00e9 de trier, laver, brosser et canifer chaque truffe, une par une \u00e0 la main. Cette m\u00e9thode m\u00e9ticuleuse permet de s\u00e9lectionner le meilleur produit \u00e0 destination de vos assiettes.  Sachet de 150g Prix soumis aux variations des cours hebdomadaires.","og_url":"https:\/\/www.caviar-ambassade.com\/de_be\/product\/truffe-noire-fraiche\/","og_site_name":"Caviar Ambassade","article_modified_time":"2026-04-09T13:17:32+00:00","og_image":[{"width":1000,"height":1000,"url":"https:\/\/www.caviar-ambassade.com\/wp-content\/uploads\/2021\/02\/truffe-ambassade-3.jpg","type":"image\/jpeg"}],"twitter_card":"summary_large_image","twitter_misc":{"Est. reading time":"2 minutes"},"schema":{"@context":"https:\/\/schema.org","@graph":[{"@type":"WebPage","@id":"https:\/\/www.caviar-ambassade.com\/produit\/truffe-noire-fraiche\/","url":"https:\/\/www.caviar-ambassade.com\/produit\/truffe-noire-fraiche\/","name":"Truffe noire fraiche - Caviar Ambassade","isPartOf":{"@id":"https:\/\/www.caviar-ambassade.com\/#website"},"primaryImageOfPage":{"@id":"https:\/\/www.caviar-ambassade.com\/produit\/truffe-noire-fraiche\/#primaryimage"},"image":{"@id":"https:\/\/www.caviar-ambassade.com\/produit\/truffe-noire-fraiche\/#primaryimage"},"thumbnailUrl":"https:\/\/www.caviar-ambassade.com\/wp-content\/uploads\/2021\/02\/truffe-ambassade-3.jpg","datePublished":"2021-02-10T16:36:44+00:00","dateModified":"2026-04-09T13:17:32+00:00","breadcrumb":{"@id":"https:\/\/www.caviar-ambassade.com\/produit\/truffe-noire-fraiche\/#breadcrumb"},"inLanguage":"de-BE","potentialAction":[{"@type":"ReadAction","target":["https:\/\/www.caviar-ambassade.com\/produit\/truffe-noire-fraiche\/"]}]},{"@type":"ImageObject","inLanguage":"de-BE","@id":"https:\/\/www.caviar-ambassade.com\/produit\/truffe-noire-fraiche\/#primaryimage","url":"https:\/\/www.caviar-ambassade.com\/wp-content\/uploads\/2021\/02\/truffe-ambassade-3.jpg","contentUrl":"https:\/\/www.caviar-ambassade.com\/wp-content\/uploads\/2021\/02\/truffe-ambassade-3.jpg","width":1000,"height":1000,"caption":"truffe fraiche"},{"@type":"BreadcrumbList","@id":"https:\/\/www.caviar-ambassade.com\/produit\/truffe-noire-fraiche\/#breadcrumb","itemListElement":[{"@type":"ListItem","position":1,"name":"Accueil","item":"https:\/\/www.caviar-ambassade.com\/"},{"@type":"ListItem","position":2,"name":"Boutique","item":"https:\/\/www.caviar-ambassade.com\/boutique\/"},{"@type":"ListItem","position":3,"name":"Truffe noire fraiche"}]},{"@type":"WebSite","@id":"https:\/\/www.caviar-ambassade.com\/#website","url":"https:\/\/www.caviar-ambassade.com\/","name":"Caviar Ambassade","description":"Le caviar des connaisseurs","publisher":{"@id":"https:\/\/www.caviar-ambassade.com\/#organization"},"potentialAction":[{"@type":"SearchAction","target":{"@type":"EntryPoint","urlTemplate":"https:\/\/www.caviar-ambassade.com\/?s={search_term_string}"},"query-input":{"@type":"PropertyValueSpecification","valueRequired":true,"valueName":"search_term_string"}}],"inLanguage":"de-BE"},{"@type":"Organization","@id":"https:\/\/www.caviar-ambassade.com\/#organization","name":"Caviar Ambassade","url":"https:\/\/www.caviar-ambassade.com\/","logo":{"@type":"ImageObject","inLanguage":"de-BE","@id":"https:\/\/www.caviar-ambassade.com\/#\/schema\/logo\/image\/","url":"https:\/\/www.caviar-ambassade.com\/wp-content\/uploads\/2021\/10\/cropped-logo-ambassade.png","contentUrl":"https:\/\/www.caviar-ambassade.com\/wp-content\/uploads\/2021\/10\/cropped-logo-ambassade.png","width":150,"height":150,"caption":"Caviar Ambassade"},"image":{"@id":"https:\/\/www.caviar-ambassade.com\/#\/schema\/logo\/image\/"}}]}},"_links":{"self":[{"href":"https:\/\/www.caviar-ambassade.com\/de_be\/wp-json\/wp\/v2\/product\/1522","targetHints":{"allow":["GET"]}}],"collection":[{"href":"https:\/\/www.caviar-ambassade.com\/de_be\/wp-json\/wp\/v2\/product"}],"about":[{"href":"https:\/\/www.caviar-ambassade.com\/de_be\/wp-json\/wp\/v2\/types\/product"}],"wp:featuredmedia":[{"embeddable":true,"href":"https:\/\/www.caviar-ambassade.com\/de_be\/wp-json\/wp\/v2\/media\/4375"}],"wp:attachment":[{"href":"https:\/\/www.caviar-ambassade.com\/de_be\/wp-json\/wp\/v2\/media?parent=1522"}],"wp:term":[{"taxonomy":"product_brand","embeddable":true,"href":"https:\/\/www.caviar-ambassade.com\/de_be\/wp-json\/wp\/v2\/product_brand?post=1522"},{"taxonomy":"product_cat","embeddable":true,"href":"https:\/\/www.caviar-ambassade.com\/de_be\/wp-json\/wp\/v2\/product_cat?post=1522"},{"taxonomy":"product_tag","embeddable":true,"href":"https:\/\/www.caviar-ambassade.com\/de_be\/wp-json\/wp\/v2\/product_tag?post=1522"}],"curies":[{"name":"wp","href":"https:\/\/api.w.org\/{rel}","templated":true}]}}