{"id":21,"date":"2017-12-04T15:12:38","date_gmt":"2017-12-04T14:12:38","guid":{"rendered":"http:\/\/www.caviar-ambassade.com\/?post_type=product&#038;p=21"},"modified":"2025-11-13T15:29:49","modified_gmt":"2025-11-13T14:29:49","slug":"beurre-de-caviar","status":"publish","type":"product","link":"https:\/\/www.caviar-ambassade.com\/de_be\/product\/beurre-de-caviar\/","title":{"rendered":"Kaviarbutter"},"content":{"rendered":"<p>Entdecken Sie die Kaviarbutter, eine perfekte Verschmelzung von handwerklich hergestellter Butter und Kaviar. Dieses au\u00dfergew\u00f6hnliche Lebensmittelprodukt wurde f\u00fcr Feinschmecker entwickelt, die ein einzigartiges und raffiniertes kulinarisches Erlebnis suchen.<\/p>\n<p>Die cremige und samtige Textur der Butter passt perfekt zu den zarten Kaviarperlen und sorgt f\u00fcr ein au\u00dfergew\u00f6hnliches Geschmackserlebnis. Eine harmonische Balance zwischen der Reichhaltigkeit der Butter und der subtilen Salzigkeit des Kaviars sorgt f\u00fcr eine Explosion der Aromen.<\/p>\n<p>Kaviarbutter eignet sich f\u00fcr alle Arten von Gerichten. Ideal zum Verfeinern von Pasta, Ofenkartoffeln oder Risotto. Kaviarbutter kann auch einfach pur auf frischem Brot oder Blinis genossen werden.<\/p>\n<p>Poids : 95g<\/p>","protected":false},"excerpt":{"rendered":"<p><strong>Gewicht <\/strong>95g<strong><br \/>\nZutaten<\/strong> Butter, St\u00f6r-Eier (Acipenser baeri), Salz, E285, E153, E422<br \/>\n<strong>Allergene<\/strong> : Poisson, lait<br \/>\n<strong>Lagerung:<\/strong> : Im K\u00fchlschrank bei 0 bis 4 \u00b0C<br \/>\n<strong>Garantierte Mindesthaltbarkeit<\/strong> : 4 Monate<br \/>\n<strong>Herkunft<\/strong> : Frankreich<\/p>","protected":false},"featured_media":4618,"template":"","meta":{"_acf_changed":false},"product_brand":[],"product_cat":[17],"product_tag":[],"class_list":{"0":"post-21","1":"product","2":"type-product","3":"status-publish","4":"has-post-thumbnail","6":"product_cat-epicerie-fine","7":"product_shipping_class-fresh-product","9":"first","10":"instock","11":"taxable","12":"shipping-taxable","13":"purchasable","14":"product-type-simple"},"acf":[],"yoast_head":"<!-- This site is optimized with the Yoast SEO plugin v27.4 - https:\/\/yoast.com\/product\/yoast-seo-wordpress\/ -->\n<title>Beurre de Caviar - Caviar Ambassade<\/title>\n<meta name=\"robots\" content=\"index, follow, max-snippet:-1, max-image-preview:large, max-video-preview:-1\" \/>\n<link rel=\"canonical\" href=\"https:\/\/www.caviar-ambassade.com\/de_be\/product\/beurre-de-caviar\/\" \/>\n<meta property=\"og:locale\" content=\"de_DE\" \/>\n<meta property=\"og:type\" content=\"article\" \/>\n<meta property=\"og:title\" content=\"Beurre de Caviar - Caviar Ambassade\" \/>\n<meta property=\"og:description\" content=\"Poids : 95g Ingr\u00e9dients : Beurre, oeufs d&#039;esturgeon (Acipenser baeri), sel, E285, E153, E422 Allerg\u00e8nes : Poisson, lait Conservation : Au r\u00e9frig\u00e9rateur entre 0 et 4\u00b0c DLUO garantie : 4 mois Origine : France\" \/>\n<meta property=\"og:url\" content=\"https:\/\/www.caviar-ambassade.com\/de_be\/product\/beurre-de-caviar\/\" \/>\n<meta property=\"og:site_name\" content=\"Caviar Ambassade\" \/>\n<meta property=\"article:modified_time\" content=\"2025-11-13T14:29:49+00:00\" \/>\n<meta property=\"og:image\" content=\"https:\/\/www.caviar-ambassade.com\/wp-content\/uploads\/2017\/12\/beurre-de-caviar.png\" \/>\n\t<meta property=\"og:image:width\" content=\"1000\" \/>\n\t<meta property=\"og:image:height\" content=\"1000\" \/>\n\t<meta property=\"og:image:type\" content=\"image\/png\" \/>\n<meta name=\"twitter:card\" content=\"summary_large_image\" \/>\n<meta name=\"twitter:label1\" content=\"Est. reading time\" \/>\n\t<meta name=\"twitter:data1\" content=\"1 minute\" \/>\n<script type=\"application\/ld+json\" class=\"yoast-schema-graph\">{\"@context\":\"https:\\\/\\\/schema.org\",\"@graph\":[{\"@type\":\"WebPage\",\"@id\":\"https:\\\/\\\/www.caviar-ambassade.com\\\/produit\\\/beurre-de-caviar\\\/\",\"url\":\"https:\\\/\\\/www.caviar-ambassade.com\\\/produit\\\/beurre-de-caviar\\\/\",\"name\":\"Beurre de Caviar - Caviar Ambassade\",\"isPartOf\":{\"@id\":\"https:\\\/\\\/www.caviar-ambassade.com\\\/#website\"},\"primaryImageOfPage\":{\"@id\":\"https:\\\/\\\/www.caviar-ambassade.com\\\/produit\\\/beurre-de-caviar\\\/#primaryimage\"},\"image\":{\"@id\":\"https:\\\/\\\/www.caviar-ambassade.com\\\/produit\\\/beurre-de-caviar\\\/#primaryimage\"},\"thumbnailUrl\":\"https:\\\/\\\/www.caviar-ambassade.com\\\/wp-content\\\/uploads\\\/2017\\\/12\\\/beurre-de-caviar.png\",\"datePublished\":\"2017-12-04T14:12:38+00:00\",\"dateModified\":\"2025-11-13T14:29:49+00:00\",\"breadcrumb\":{\"@id\":\"https:\\\/\\\/www.caviar-ambassade.com\\\/produit\\\/beurre-de-caviar\\\/#breadcrumb\"},\"inLanguage\":\"de-BE\",\"potentialAction\":[{\"@type\":\"ReadAction\",\"target\":[\"https:\\\/\\\/www.caviar-ambassade.com\\\/produit\\\/beurre-de-caviar\\\/\"]}]},{\"@type\":\"ImageObject\",\"inLanguage\":\"de-BE\",\"@id\":\"https:\\\/\\\/www.caviar-ambassade.com\\\/produit\\\/beurre-de-caviar\\\/#primaryimage\",\"url\":\"https:\\\/\\\/www.caviar-ambassade.com\\\/wp-content\\\/uploads\\\/2017\\\/12\\\/beurre-de-caviar.png\",\"contentUrl\":\"https:\\\/\\\/www.caviar-ambassade.com\\\/wp-content\\\/uploads\\\/2017\\\/12\\\/beurre-de-caviar.png\",\"width\":1000,\"height\":1000,\"caption\":\"beurre de caviar\"},{\"@type\":\"BreadcrumbList\",\"@id\":\"https:\\\/\\\/www.caviar-ambassade.com\\\/produit\\\/beurre-de-caviar\\\/#breadcrumb\",\"itemListElement\":[{\"@type\":\"ListItem\",\"position\":1,\"name\":\"Accueil\",\"item\":\"https:\\\/\\\/www.caviar-ambassade.com\\\/\"},{\"@type\":\"ListItem\",\"position\":2,\"name\":\"Boutique\",\"item\":\"https:\\\/\\\/www.caviar-ambassade.com\\\/boutique\\\/\"},{\"@type\":\"ListItem\",\"position\":3,\"name\":\"Beurre de Caviar\"}]},{\"@type\":\"WebSite\",\"@id\":\"https:\\\/\\\/www.caviar-ambassade.com\\\/#website\",\"url\":\"https:\\\/\\\/www.caviar-ambassade.com\\\/\",\"name\":\"Caviar Ambassade\",\"description\":\"Le caviar des connaisseurs\",\"publisher\":{\"@id\":\"https:\\\/\\\/www.caviar-ambassade.com\\\/#organization\"},\"potentialAction\":[{\"@type\":\"SearchAction\",\"target\":{\"@type\":\"EntryPoint\",\"urlTemplate\":\"https:\\\/\\\/www.caviar-ambassade.com\\\/?s={search_term_string}\"},\"query-input\":{\"@type\":\"PropertyValueSpecification\",\"valueRequired\":true,\"valueName\":\"search_term_string\"}}],\"inLanguage\":\"de-BE\"},{\"@type\":\"Organization\",\"@id\":\"https:\\\/\\\/www.caviar-ambassade.com\\\/#organization\",\"name\":\"Caviar Ambassade\",\"url\":\"https:\\\/\\\/www.caviar-ambassade.com\\\/\",\"logo\":{\"@type\":\"ImageObject\",\"inLanguage\":\"de-BE\",\"@id\":\"https:\\\/\\\/www.caviar-ambassade.com\\\/#\\\/schema\\\/logo\\\/image\\\/\",\"url\":\"https:\\\/\\\/www.caviar-ambassade.com\\\/wp-content\\\/uploads\\\/2021\\\/10\\\/cropped-logo-ambassade.png\",\"contentUrl\":\"https:\\\/\\\/www.caviar-ambassade.com\\\/wp-content\\\/uploads\\\/2021\\\/10\\\/cropped-logo-ambassade.png\",\"width\":150,\"height\":150,\"caption\":\"Caviar Ambassade\"},\"image\":{\"@id\":\"https:\\\/\\\/www.caviar-ambassade.com\\\/#\\\/schema\\\/logo\\\/image\\\/\"}}]}<\/script>\n<!-- \/ Yoast SEO plugin. -->","yoast_head_json":{"title":"Beurre de Caviar - Caviar Ambassade","robots":{"index":"index","follow":"follow","max-snippet":"max-snippet:-1","max-image-preview":"max-image-preview:large","max-video-preview":"max-video-preview:-1"},"canonical":"https:\/\/www.caviar-ambassade.com\/de_be\/product\/beurre-de-caviar\/","og_locale":"de_DE","og_type":"article","og_title":"Beurre de Caviar - Caviar Ambassade","og_description":"Poids : 95g Ingr\u00e9dients : Beurre, oeufs d'esturgeon (Acipenser baeri), sel, E285, E153, E422 Allerg\u00e8nes : Poisson, lait Conservation : Au r\u00e9frig\u00e9rateur entre 0 et 4\u00b0c DLUO garantie : 4 mois Origine : France","og_url":"https:\/\/www.caviar-ambassade.com\/de_be\/product\/beurre-de-caviar\/","og_site_name":"Caviar Ambassade","article_modified_time":"2025-11-13T14:29:49+00:00","og_image":[{"width":1000,"height":1000,"url":"https:\/\/www.caviar-ambassade.com\/wp-content\/uploads\/2017\/12\/beurre-de-caviar.png","type":"image\/png"}],"twitter_card":"summary_large_image","twitter_misc":{"Est. reading time":"1 minute"},"schema":{"@context":"https:\/\/schema.org","@graph":[{"@type":"WebPage","@id":"https:\/\/www.caviar-ambassade.com\/produit\/beurre-de-caviar\/","url":"https:\/\/www.caviar-ambassade.com\/produit\/beurre-de-caviar\/","name":"Beurre de Caviar - Caviar Ambassade","isPartOf":{"@id":"https:\/\/www.caviar-ambassade.com\/#website"},"primaryImageOfPage":{"@id":"https:\/\/www.caviar-ambassade.com\/produit\/beurre-de-caviar\/#primaryimage"},"image":{"@id":"https:\/\/www.caviar-ambassade.com\/produit\/beurre-de-caviar\/#primaryimage"},"thumbnailUrl":"https:\/\/www.caviar-ambassade.com\/wp-content\/uploads\/2017\/12\/beurre-de-caviar.png","datePublished":"2017-12-04T14:12:38+00:00","dateModified":"2025-11-13T14:29:49+00:00","breadcrumb":{"@id":"https:\/\/www.caviar-ambassade.com\/produit\/beurre-de-caviar\/#breadcrumb"},"inLanguage":"de-BE","potentialAction":[{"@type":"ReadAction","target":["https:\/\/www.caviar-ambassade.com\/produit\/beurre-de-caviar\/"]}]},{"@type":"ImageObject","inLanguage":"de-BE","@id":"https:\/\/www.caviar-ambassade.com\/produit\/beurre-de-caviar\/#primaryimage","url":"https:\/\/www.caviar-ambassade.com\/wp-content\/uploads\/2017\/12\/beurre-de-caviar.png","contentUrl":"https:\/\/www.caviar-ambassade.com\/wp-content\/uploads\/2017\/12\/beurre-de-caviar.png","width":1000,"height":1000,"caption":"beurre de caviar"},{"@type":"BreadcrumbList","@id":"https:\/\/www.caviar-ambassade.com\/produit\/beurre-de-caviar\/#breadcrumb","itemListElement":[{"@type":"ListItem","position":1,"name":"Accueil","item":"https:\/\/www.caviar-ambassade.com\/"},{"@type":"ListItem","position":2,"name":"Boutique","item":"https:\/\/www.caviar-ambassade.com\/boutique\/"},{"@type":"ListItem","position":3,"name":"Beurre de Caviar"}]},{"@type":"WebSite","@id":"https:\/\/www.caviar-ambassade.com\/#website","url":"https:\/\/www.caviar-ambassade.com\/","name":"Caviar Ambassade","description":"Le caviar des connaisseurs","publisher":{"@id":"https:\/\/www.caviar-ambassade.com\/#organization"},"potentialAction":[{"@type":"SearchAction","target":{"@type":"EntryPoint","urlTemplate":"https:\/\/www.caviar-ambassade.com\/?s={search_term_string}"},"query-input":{"@type":"PropertyValueSpecification","valueRequired":true,"valueName":"search_term_string"}}],"inLanguage":"de-BE"},{"@type":"Organization","@id":"https:\/\/www.caviar-ambassade.com\/#organization","name":"Caviar Ambassade","url":"https:\/\/www.caviar-ambassade.com\/","logo":{"@type":"ImageObject","inLanguage":"de-BE","@id":"https:\/\/www.caviar-ambassade.com\/#\/schema\/logo\/image\/","url":"https:\/\/www.caviar-ambassade.com\/wp-content\/uploads\/2021\/10\/cropped-logo-ambassade.png","contentUrl":"https:\/\/www.caviar-ambassade.com\/wp-content\/uploads\/2021\/10\/cropped-logo-ambassade.png","width":150,"height":150,"caption":"Caviar Ambassade"},"image":{"@id":"https:\/\/www.caviar-ambassade.com\/#\/schema\/logo\/image\/"}}]}},"_links":{"self":[{"href":"https:\/\/www.caviar-ambassade.com\/de_be\/wp-json\/wp\/v2\/product\/21","targetHints":{"allow":["GET"]}}],"collection":[{"href":"https:\/\/www.caviar-ambassade.com\/de_be\/wp-json\/wp\/v2\/product"}],"about":[{"href":"https:\/\/www.caviar-ambassade.com\/de_be\/wp-json\/wp\/v2\/types\/product"}],"wp:featuredmedia":[{"embeddable":true,"href":"https:\/\/www.caviar-ambassade.com\/de_be\/wp-json\/wp\/v2\/media\/4618"}],"wp:attachment":[{"href":"https:\/\/www.caviar-ambassade.com\/de_be\/wp-json\/wp\/v2\/media?parent=21"}],"wp:term":[{"taxonomy":"product_brand","embeddable":true,"href":"https:\/\/www.caviar-ambassade.com\/de_be\/wp-json\/wp\/v2\/product_brand?post=21"},{"taxonomy":"product_cat","embeddable":true,"href":"https:\/\/www.caviar-ambassade.com\/de_be\/wp-json\/wp\/v2\/product_cat?post=21"},{"taxonomy":"product_tag","embeddable":true,"href":"https:\/\/www.caviar-ambassade.com\/de_be\/wp-json\/wp\/v2\/product_tag?post=21"}],"curies":[{"name":"wp","href":"https:\/\/api.w.org\/{rel}","templated":true}]}}