{"id":3795,"date":"2023-11-16T21:34:29","date_gmt":"2023-11-16T20:34:29","guid":{"rendered":"https:\/\/www.caviar-ambassade.com\/?post_type=product&#038;p=3795"},"modified":"2026-02-10T12:10:42","modified_gmt":"2026-02-10T11:10:42","slug":"oeufs-de-truite-250g","status":"publish","type":"product","link":"https:\/\/www.caviar-ambassade.com\/de_be\/product\/oeufs-de-truite-250g\/","title":{"rendered":"Forelleneier 250 g"},"content":{"rendered":"<p>Die von uns angebotenen Forelleneier zeichnen sich durch ihre mittelgro\u00dfen K\u00f6rner, ihre tiefrote Farbe und ihren subtilen Jodgeschmack aus. Ihre knackige Textur ist eine echte \u00dcberraschung f\u00fcr den Gaumen und bietet ein raffiniertes und delikates Geschmackserlebnis. Im Vergleich zu Lachseiern sind sie milder, was sie zu einer beliebten Wahl f\u00fcr eine Vielzahl von kulinarischen Zubereitungen macht. <a href=\"https:\/\/www.caviar-ambassade.com\/de_be\/product\/oeufs-de-saumon-250g\/\">\u0153ufs de saumon<\/a>, ils sont plus doux, ce qui en fait un choix appr\u00e9ci\u00e9 pour une vari\u00e9t\u00e9 de pr\u00e9parations culinaires.<\/p>\n<p>Forelleneier eignen sich ideal als Beilage zu Cocktails und Aperitifs und passen perfekt zu Blinis mit einem Klecks Cr\u00e8me fra\u00eeche. Diese klassische Kombination unterstreicht ihren delikaten Geschmack und verleiht Ihren Empf\u00e4ngen eine raffinierte Note. Dar\u00fcber hinaus verleihen sie als dekoratives Element Ihren Salaten einen Hauch von Farbe und Knackigkeit und verwandeln einfache Gerichte in optisch ansprechende und schmackhafte Kreationen.<\/p>","protected":false},"excerpt":{"rendered":"<div><span style=\"color: #555555;\">Gewicht: 250 g<br \/>\n<\/span><span style=\"color: #555555;\">Zutaten: FISCHEIER (Forelle Oncorhynchus mykiss) (96,5 %), Salz<br \/>\n<\/span><span style=\"color: #555555;\">Allergene: Fisch<br \/>\n<\/span><span style=\"color: #555555;\">Lagerung: Im K\u00fchlschrank bei 0 \u00b0C bis 4 \u00b0C<br \/>\n<\/span><span style=\"color: #555555;\">Garantierte Mindesthaltbarkeit: 4 Monate<br \/>\nOrigine : France \/ Espagne<\/span><\/div>","protected":false},"featured_media":3797,"template":"","meta":{"_acf_changed":false},"product_brand":[],"product_cat":[63],"product_tag":[],"class_list":{"0":"post-3795","1":"product","2":"type-product","3":"status-publish","4":"has-post-thumbnail","6":"product_cat-oeufs-de-poisson","7":"product_shipping_class-fresh-product","9":"first","10":"instock","11":"sale","12":"taxable","13":"shipping-taxable","14":"purchasable","15":"product-type-simple"},"acf":[],"yoast_head":"<!-- This site is optimized with the Yoast SEO plugin v27.4 - https:\/\/yoast.com\/product\/yoast-seo-wordpress\/ -->\n<title>Oeufs de truite 250g - Caviar Ambassade<\/title>\n<meta name=\"description\" content=\"Les \u0153ufs de truite se distinguent par leurs grains de taille moyenne, leur couleur rouge profond et leur saveur iod\u00e9e subtile. Une v\u00e9ritable surprise !\" \/>\n<meta name=\"robots\" content=\"index, follow, max-snippet:-1, max-image-preview:large, max-video-preview:-1\" \/>\n<link rel=\"canonical\" href=\"https:\/\/www.caviar-ambassade.com\/de_be\/product\/oeufs-de-truite-250g\/\" \/>\n<meta property=\"og:locale\" content=\"de_DE\" \/>\n<meta property=\"og:type\" content=\"article\" \/>\n<meta property=\"og:title\" content=\"Oeufs de truite 250g - Caviar Ambassade\" \/>\n<meta property=\"og:description\" content=\"Les \u0153ufs de truite se distinguent par leurs grains de taille moyenne, leur couleur rouge profond et leur saveur iod\u00e9e subtile. Une v\u00e9ritable surprise !\" \/>\n<meta property=\"og:url\" content=\"https:\/\/www.caviar-ambassade.com\/de_be\/product\/oeufs-de-truite-250g\/\" \/>\n<meta property=\"og:site_name\" content=\"Caviar Ambassade\" \/>\n<meta property=\"article:modified_time\" content=\"2026-02-10T11:10:42+00:00\" \/>\n<meta property=\"og:image\" content=\"https:\/\/www.caviar-ambassade.com\/wp-content\/uploads\/2023\/11\/oeufs-de-truite.png\" \/>\n\t<meta property=\"og:image:width\" content=\"1000\" \/>\n\t<meta property=\"og:image:height\" content=\"1000\" \/>\n\t<meta property=\"og:image:type\" content=\"image\/png\" \/>\n<meta name=\"twitter:card\" content=\"summary_large_image\" \/>\n<meta name=\"twitter:label1\" content=\"Est. reading time\" \/>\n\t<meta name=\"twitter:data1\" content=\"1 minute\" \/>\n<script type=\"application\/ld+json\" class=\"yoast-schema-graph\">{\"@context\":\"https:\\\/\\\/schema.org\",\"@graph\":[{\"@type\":\"WebPage\",\"@id\":\"https:\\\/\\\/www.caviar-ambassade.com\\\/produit\\\/oeufs-de-truite-250g\\\/\",\"url\":\"https:\\\/\\\/www.caviar-ambassade.com\\\/produit\\\/oeufs-de-truite-250g\\\/\",\"name\":\"Oeufs de truite 250g - Caviar Ambassade\",\"isPartOf\":{\"@id\":\"https:\\\/\\\/www.caviar-ambassade.com\\\/#website\"},\"primaryImageOfPage\":{\"@id\":\"https:\\\/\\\/www.caviar-ambassade.com\\\/produit\\\/oeufs-de-truite-250g\\\/#primaryimage\"},\"image\":{\"@id\":\"https:\\\/\\\/www.caviar-ambassade.com\\\/produit\\\/oeufs-de-truite-250g\\\/#primaryimage\"},\"thumbnailUrl\":\"https:\\\/\\\/www.caviar-ambassade.com\\\/wp-content\\\/uploads\\\/2023\\\/11\\\/oeufs-de-truite.png\",\"datePublished\":\"2023-11-16T20:34:29+00:00\",\"dateModified\":\"2026-02-10T11:10:42+00:00\",\"description\":\"Les \u0153ufs de truite se distinguent par leurs grains de taille moyenne, leur couleur rouge profond et leur saveur iod\u00e9e subtile. Une v\u00e9ritable surprise !\",\"breadcrumb\":{\"@id\":\"https:\\\/\\\/www.caviar-ambassade.com\\\/produit\\\/oeufs-de-truite-250g\\\/#breadcrumb\"},\"inLanguage\":\"de-BE\",\"potentialAction\":[{\"@type\":\"ReadAction\",\"target\":[\"https:\\\/\\\/www.caviar-ambassade.com\\\/produit\\\/oeufs-de-truite-250g\\\/\"]}]},{\"@type\":\"ImageObject\",\"inLanguage\":\"de-BE\",\"@id\":\"https:\\\/\\\/www.caviar-ambassade.com\\\/produit\\\/oeufs-de-truite-250g\\\/#primaryimage\",\"url\":\"https:\\\/\\\/www.caviar-ambassade.com\\\/wp-content\\\/uploads\\\/2023\\\/11\\\/oeufs-de-truite.png\",\"contentUrl\":\"https:\\\/\\\/www.caviar-ambassade.com\\\/wp-content\\\/uploads\\\/2023\\\/11\\\/oeufs-de-truite.png\",\"width\":1000,\"height\":1000,\"caption\":\"oeufs de truite\"},{\"@type\":\"BreadcrumbList\",\"@id\":\"https:\\\/\\\/www.caviar-ambassade.com\\\/produit\\\/oeufs-de-truite-250g\\\/#breadcrumb\",\"itemListElement\":[{\"@type\":\"ListItem\",\"position\":1,\"name\":\"Accueil\",\"item\":\"https:\\\/\\\/www.caviar-ambassade.com\\\/\"},{\"@type\":\"ListItem\",\"position\":2,\"name\":\"Boutique\",\"item\":\"https:\\\/\\\/www.caviar-ambassade.com\\\/boutique\\\/\"},{\"@type\":\"ListItem\",\"position\":3,\"name\":\"Oeufs de truite 250g\"}]},{\"@type\":\"WebSite\",\"@id\":\"https:\\\/\\\/www.caviar-ambassade.com\\\/#website\",\"url\":\"https:\\\/\\\/www.caviar-ambassade.com\\\/\",\"name\":\"Caviar Ambassade\",\"description\":\"Le caviar des connaisseurs\",\"publisher\":{\"@id\":\"https:\\\/\\\/www.caviar-ambassade.com\\\/#organization\"},\"potentialAction\":[{\"@type\":\"SearchAction\",\"target\":{\"@type\":\"EntryPoint\",\"urlTemplate\":\"https:\\\/\\\/www.caviar-ambassade.com\\\/?s={search_term_string}\"},\"query-input\":{\"@type\":\"PropertyValueSpecification\",\"valueRequired\":true,\"valueName\":\"search_term_string\"}}],\"inLanguage\":\"de-BE\"},{\"@type\":\"Organization\",\"@id\":\"https:\\\/\\\/www.caviar-ambassade.com\\\/#organization\",\"name\":\"Caviar Ambassade\",\"url\":\"https:\\\/\\\/www.caviar-ambassade.com\\\/\",\"logo\":{\"@type\":\"ImageObject\",\"inLanguage\":\"de-BE\",\"@id\":\"https:\\\/\\\/www.caviar-ambassade.com\\\/#\\\/schema\\\/logo\\\/image\\\/\",\"url\":\"https:\\\/\\\/www.caviar-ambassade.com\\\/wp-content\\\/uploads\\\/2021\\\/10\\\/cropped-logo-ambassade.png\",\"contentUrl\":\"https:\\\/\\\/www.caviar-ambassade.com\\\/wp-content\\\/uploads\\\/2021\\\/10\\\/cropped-logo-ambassade.png\",\"width\":150,\"height\":150,\"caption\":\"Caviar Ambassade\"},\"image\":{\"@id\":\"https:\\\/\\\/www.caviar-ambassade.com\\\/#\\\/schema\\\/logo\\\/image\\\/\"}}]}<\/script>\n<!-- \/ Yoast SEO plugin. -->","yoast_head_json":{"title":"Oeufs de truite 250g - Caviar Ambassade","description":"Les \u0153ufs de truite se distinguent par leurs grains de taille moyenne, leur couleur rouge profond et leur saveur iod\u00e9e subtile. Une v\u00e9ritable surprise !","robots":{"index":"index","follow":"follow","max-snippet":"max-snippet:-1","max-image-preview":"max-image-preview:large","max-video-preview":"max-video-preview:-1"},"canonical":"https:\/\/www.caviar-ambassade.com\/de_be\/product\/oeufs-de-truite-250g\/","og_locale":"de_DE","og_type":"article","og_title":"Oeufs de truite 250g - Caviar Ambassade","og_description":"Les \u0153ufs de truite se distinguent par leurs grains de taille moyenne, leur couleur rouge profond et leur saveur iod\u00e9e subtile. Une v\u00e9ritable surprise !","og_url":"https:\/\/www.caviar-ambassade.com\/de_be\/product\/oeufs-de-truite-250g\/","og_site_name":"Caviar Ambassade","article_modified_time":"2026-02-10T11:10:42+00:00","og_image":[{"width":1000,"height":1000,"url":"https:\/\/www.caviar-ambassade.com\/wp-content\/uploads\/2023\/11\/oeufs-de-truite.png","type":"image\/png"}],"twitter_card":"summary_large_image","twitter_misc":{"Est. reading time":"1 minute"},"schema":{"@context":"https:\/\/schema.org","@graph":[{"@type":"WebPage","@id":"https:\/\/www.caviar-ambassade.com\/produit\/oeufs-de-truite-250g\/","url":"https:\/\/www.caviar-ambassade.com\/produit\/oeufs-de-truite-250g\/","name":"Oeufs de truite 250g - Caviar Ambassade","isPartOf":{"@id":"https:\/\/www.caviar-ambassade.com\/#website"},"primaryImageOfPage":{"@id":"https:\/\/www.caviar-ambassade.com\/produit\/oeufs-de-truite-250g\/#primaryimage"},"image":{"@id":"https:\/\/www.caviar-ambassade.com\/produit\/oeufs-de-truite-250g\/#primaryimage"},"thumbnailUrl":"https:\/\/www.caviar-ambassade.com\/wp-content\/uploads\/2023\/11\/oeufs-de-truite.png","datePublished":"2023-11-16T20:34:29+00:00","dateModified":"2026-02-10T11:10:42+00:00","description":"Les \u0153ufs de truite se distinguent par leurs grains de taille moyenne, leur couleur rouge profond et leur saveur iod\u00e9e subtile. Une v\u00e9ritable surprise !","breadcrumb":{"@id":"https:\/\/www.caviar-ambassade.com\/produit\/oeufs-de-truite-250g\/#breadcrumb"},"inLanguage":"de-BE","potentialAction":[{"@type":"ReadAction","target":["https:\/\/www.caviar-ambassade.com\/produit\/oeufs-de-truite-250g\/"]}]},{"@type":"ImageObject","inLanguage":"de-BE","@id":"https:\/\/www.caviar-ambassade.com\/produit\/oeufs-de-truite-250g\/#primaryimage","url":"https:\/\/www.caviar-ambassade.com\/wp-content\/uploads\/2023\/11\/oeufs-de-truite.png","contentUrl":"https:\/\/www.caviar-ambassade.com\/wp-content\/uploads\/2023\/11\/oeufs-de-truite.png","width":1000,"height":1000,"caption":"oeufs de truite"},{"@type":"BreadcrumbList","@id":"https:\/\/www.caviar-ambassade.com\/produit\/oeufs-de-truite-250g\/#breadcrumb","itemListElement":[{"@type":"ListItem","position":1,"name":"Accueil","item":"https:\/\/www.caviar-ambassade.com\/"},{"@type":"ListItem","position":2,"name":"Boutique","item":"https:\/\/www.caviar-ambassade.com\/boutique\/"},{"@type":"ListItem","position":3,"name":"Oeufs de truite 250g"}]},{"@type":"WebSite","@id":"https:\/\/www.caviar-ambassade.com\/#website","url":"https:\/\/www.caviar-ambassade.com\/","name":"Caviar Ambassade","description":"Le caviar des connaisseurs","publisher":{"@id":"https:\/\/www.caviar-ambassade.com\/#organization"},"potentialAction":[{"@type":"SearchAction","target":{"@type":"EntryPoint","urlTemplate":"https:\/\/www.caviar-ambassade.com\/?s={search_term_string}"},"query-input":{"@type":"PropertyValueSpecification","valueRequired":true,"valueName":"search_term_string"}}],"inLanguage":"de-BE"},{"@type":"Organization","@id":"https:\/\/www.caviar-ambassade.com\/#organization","name":"Caviar Ambassade","url":"https:\/\/www.caviar-ambassade.com\/","logo":{"@type":"ImageObject","inLanguage":"de-BE","@id":"https:\/\/www.caviar-ambassade.com\/#\/schema\/logo\/image\/","url":"https:\/\/www.caviar-ambassade.com\/wp-content\/uploads\/2021\/10\/cropped-logo-ambassade.png","contentUrl":"https:\/\/www.caviar-ambassade.com\/wp-content\/uploads\/2021\/10\/cropped-logo-ambassade.png","width":150,"height":150,"caption":"Caviar Ambassade"},"image":{"@id":"https:\/\/www.caviar-ambassade.com\/#\/schema\/logo\/image\/"}}]}},"_links":{"self":[{"href":"https:\/\/www.caviar-ambassade.com\/de_be\/wp-json\/wp\/v2\/product\/3795","targetHints":{"allow":["GET"]}}],"collection":[{"href":"https:\/\/www.caviar-ambassade.com\/de_be\/wp-json\/wp\/v2\/product"}],"about":[{"href":"https:\/\/www.caviar-ambassade.com\/de_be\/wp-json\/wp\/v2\/types\/product"}],"wp:featuredmedia":[{"embeddable":true,"href":"https:\/\/www.caviar-ambassade.com\/de_be\/wp-json\/wp\/v2\/media\/3797"}],"wp:attachment":[{"href":"https:\/\/www.caviar-ambassade.com\/de_be\/wp-json\/wp\/v2\/media?parent=3795"}],"wp:term":[{"taxonomy":"product_brand","embeddable":true,"href":"https:\/\/www.caviar-ambassade.com\/de_be\/wp-json\/wp\/v2\/product_brand?post=3795"},{"taxonomy":"product_cat","embeddable":true,"href":"https:\/\/www.caviar-ambassade.com\/de_be\/wp-json\/wp\/v2\/product_cat?post=3795"},{"taxonomy":"product_tag","embeddable":true,"href":"https:\/\/www.caviar-ambassade.com\/de_be\/wp-json\/wp\/v2\/product_tag?post=3795"}],"curies":[{"name":"wp","href":"https:\/\/api.w.org\/{rel}","templated":true}]}}