{"id":3800,"date":"2023-11-16T21:36:22","date_gmt":"2023-11-16T20:36:22","guid":{"rendered":"https:\/\/www.caviar-ambassade.com\/?post_type=product&#038;p=3800"},"modified":"2025-12-30T16:01:39","modified_gmt":"2025-12-30T15:01:39","slug":"saumon-fume-entier-non-tranche","status":"publish","type":"product","link":"https:\/\/www.caviar-ambassade.com\/de_be\/product\/saumon-fume-entier-non-tranche\/","title":{"rendered":"Ganzer, ungeschnittener R\u00e4ucherlachs"},"content":{"rendered":"<p>Dieser ganze R\u00e4ucherlachs eignet sich perfekt f\u00fcr alle Ihre Gerichte mit R\u00e4ucherlachs, da Sie ihn ganz nach Ihren Vorlieben zuschneiden k\u00f6nnen. Unser Lachs wird sorgf\u00e4ltig nach einem traditionellen Rezept zubereitet, das einen authentischen und raffinierten Geschmack garantiert. Er wird trocken gesalzen, um sein nat\u00fcrliches Aroma und seine zarte Textur zu bewahren, und anschlie\u00dfend in unserer eigenen R\u00e4ucherkammer mit Buchenholz ger\u00e4uchert \u2013 ein handwerkliches Verfahren, das dem Lachs einen einzigartigen und unvergleichlichen Geschmack verleiht.<\/p>\n<p>Unser R\u00e4ucherlachs stammt aus den reinen, kalten Gew\u00e4ssern Norwegens und tr\u00e4gt das B\u00f6mlo-Label, das f\u00fcr Qualit\u00e4t und R\u00fcckverfolgbarkeit steht. Dieses Label garantiert, dass unser Lachs nachhaltig und umweltfreundlich gez\u00fcchtet wird und den strengsten Produktionsstandards entspricht. Die B\u00f6mlo-Zertifizierung garantiert au\u00dferdem, dass der Lachs von der Aufzucht bis zum R\u00e4uchern mit gr\u00f6\u00dfter Sorgfalt behandelt wurde, um unseren Kunden ein au\u00dfergew\u00f6hnliches Produkt zu bieten.<\/p>\n<p>Ganzer R\u00e4ucherlachs ist ein vielseitiges Produkt, das sich ideal f\u00fcr eine Vielzahl von Rezepten eignet. Ob Sie ihn f\u00fcr raffinierte Vorspeisen in d\u00fcnne Scheiben schneiden, in frische Salate geben oder als Hauptzutat in aufwendigen Gerichten verwenden m\u00f6chten, unser R\u00e4ucherlachs verfeinert alle Ihre kulinarischen Kreationen. Seine zarte Textur und sein subtil rauchiger Geschmack bereichern Ihre Rezepte, von den einfachsten bis zu den raffiniertesten, und verleihen jeder Mahlzeit einen Hauch von Eleganz.<\/p>\n<div>\n<div>Ganzer R\u00e4ucherlachs: frisch aus unserer R\u00e4ucherkammer! <strong>Saumon fum\u00e9 entier : tout juste sorti de notre fumoir !<\/strong><\/div>\n<div>\u26a0\ufe0f Begrenzte Mengen, reservieren Sie schnell, um dieses au\u00dfergew\u00f6hnliche Produkt zu genie\u00dfen!<\/div>\n<\/div>","protected":false},"excerpt":{"rendered":"<p>Poids : 1,150 kg<br \/>\nZutaten: Buchenholzger\u00e4uchertes Lachsfilet (Salmo salar), Salz, Zucker<br \/>\nAllergene: Fisch<br \/>\nConservation : Au r\u00e9frig\u00e9rateur entre 0 et 4\u00b0C.<br \/>\nHerkunft: Norwegen<\/p>","protected":false},"featured_media":5466,"template":"","meta":{"_acf_changed":false},"product_brand":[],"product_cat":[17,64],"product_tag":[],"class_list":{"0":"post-3800","1":"product","2":"type-product","3":"status-publish","4":"has-post-thumbnail","6":"product_cat-epicerie-fine","7":"product_cat-poisson-fume","8":"product_shipping_class-fresh-product","10":"first","11":"outofstock","12":"sale","13":"taxable","14":"shipping-taxable","15":"purchasable","16":"product-type-simple"},"acf":[],"yoast_head":"<!-- This site is optimized with the Yoast SEO plugin v27.4 - https:\/\/yoast.com\/product\/yoast-seo-wordpress\/ -->\n<title>Saumon fum\u00e9 entier non tranch\u00e9 - Caviar Ambassade<\/title>\n<meta name=\"description\" content=\"Ce saumon fum\u00e9 entier est parfait pour toutes vos pr\u00e9parations \u00e0 base de saumon fum\u00e9, vous permettant de le d\u00e9couper selon vos pr\u00e9f\u00e9rences.\" \/>\n<meta name=\"robots\" content=\"index, follow, max-snippet:-1, max-image-preview:large, max-video-preview:-1\" \/>\n<link rel=\"canonical\" href=\"https:\/\/www.caviar-ambassade.com\/de_be\/product\/saumon-fume-entier-non-tranche\/\" \/>\n<meta property=\"og:locale\" content=\"de_DE\" \/>\n<meta property=\"og:type\" content=\"article\" \/>\n<meta property=\"og:title\" content=\"Saumon fum\u00e9 entier non tranch\u00e9 - Caviar Ambassade\" \/>\n<meta property=\"og:description\" content=\"Ce saumon fum\u00e9 entier est parfait pour toutes vos pr\u00e9parations \u00e0 base de saumon fum\u00e9, vous permettant de le d\u00e9couper selon vos pr\u00e9f\u00e9rences.\" \/>\n<meta property=\"og:url\" content=\"https:\/\/www.caviar-ambassade.com\/de_be\/product\/saumon-fume-entier-non-tranche\/\" \/>\n<meta property=\"og:site_name\" content=\"Caviar Ambassade\" \/>\n<meta property=\"article:modified_time\" content=\"2025-12-30T15:01:39+00:00\" \/>\n<meta property=\"og:image\" content=\"https:\/\/www.caviar-ambassade.com\/wp-content\/uploads\/2023\/11\/saumon-fume-entier-2024.png\" \/>\n\t<meta property=\"og:image:width\" content=\"1000\" \/>\n\t<meta property=\"og:image:height\" content=\"1000\" \/>\n\t<meta property=\"og:image:type\" content=\"image\/png\" \/>\n<meta name=\"twitter:card\" content=\"summary_large_image\" \/>\n<meta name=\"twitter:label1\" content=\"Est. reading time\" \/>\n\t<meta name=\"twitter:data1\" content=\"2 minutes\" \/>\n<script type=\"application\/ld+json\" class=\"yoast-schema-graph\">{\"@context\":\"https:\\\/\\\/schema.org\",\"@graph\":[{\"@type\":\"WebPage\",\"@id\":\"https:\\\/\\\/www.caviar-ambassade.com\\\/produit\\\/saumon-fume-entier-non-tranche\\\/\",\"url\":\"https:\\\/\\\/www.caviar-ambassade.com\\\/produit\\\/saumon-fume-entier-non-tranche\\\/\",\"name\":\"Saumon fum\u00e9 entier non tranch\u00e9 - Caviar Ambassade\",\"isPartOf\":{\"@id\":\"https:\\\/\\\/www.caviar-ambassade.com\\\/#website\"},\"primaryImageOfPage\":{\"@id\":\"https:\\\/\\\/www.caviar-ambassade.com\\\/produit\\\/saumon-fume-entier-non-tranche\\\/#primaryimage\"},\"image\":{\"@id\":\"https:\\\/\\\/www.caviar-ambassade.com\\\/produit\\\/saumon-fume-entier-non-tranche\\\/#primaryimage\"},\"thumbnailUrl\":\"https:\\\/\\\/www.caviar-ambassade.com\\\/wp-content\\\/uploads\\\/2023\\\/11\\\/saumon-fume-entier-2024.png\",\"datePublished\":\"2023-11-16T20:36:22+00:00\",\"dateModified\":\"2025-12-30T15:01:39+00:00\",\"description\":\"Ce saumon fum\u00e9 entier est parfait pour toutes vos pr\u00e9parations \u00e0 base de saumon fum\u00e9, vous permettant de le d\u00e9couper selon vos pr\u00e9f\u00e9rences.\",\"breadcrumb\":{\"@id\":\"https:\\\/\\\/www.caviar-ambassade.com\\\/produit\\\/saumon-fume-entier-non-tranche\\\/#breadcrumb\"},\"inLanguage\":\"de-BE\",\"potentialAction\":[{\"@type\":\"ReadAction\",\"target\":[\"https:\\\/\\\/www.caviar-ambassade.com\\\/produit\\\/saumon-fume-entier-non-tranche\\\/\"]}]},{\"@type\":\"ImageObject\",\"inLanguage\":\"de-BE\",\"@id\":\"https:\\\/\\\/www.caviar-ambassade.com\\\/produit\\\/saumon-fume-entier-non-tranche\\\/#primaryimage\",\"url\":\"https:\\\/\\\/www.caviar-ambassade.com\\\/wp-content\\\/uploads\\\/2023\\\/11\\\/saumon-fume-entier-2024.png\",\"contentUrl\":\"https:\\\/\\\/www.caviar-ambassade.com\\\/wp-content\\\/uploads\\\/2023\\\/11\\\/saumon-fume-entier-2024.png\",\"width\":1000,\"height\":1000,\"caption\":\"saumon fum\u00e9\"},{\"@type\":\"BreadcrumbList\",\"@id\":\"https:\\\/\\\/www.caviar-ambassade.com\\\/produit\\\/saumon-fume-entier-non-tranche\\\/#breadcrumb\",\"itemListElement\":[{\"@type\":\"ListItem\",\"position\":1,\"name\":\"Accueil\",\"item\":\"https:\\\/\\\/www.caviar-ambassade.com\\\/\"},{\"@type\":\"ListItem\",\"position\":2,\"name\":\"Boutique\",\"item\":\"https:\\\/\\\/www.caviar-ambassade.com\\\/boutique\\\/\"},{\"@type\":\"ListItem\",\"position\":3,\"name\":\"Saumon fum\u00e9 entier non tranch\u00e9\"}]},{\"@type\":\"WebSite\",\"@id\":\"https:\\\/\\\/www.caviar-ambassade.com\\\/#website\",\"url\":\"https:\\\/\\\/www.caviar-ambassade.com\\\/\",\"name\":\"Caviar Ambassade\",\"description\":\"Le caviar des connaisseurs\",\"publisher\":{\"@id\":\"https:\\\/\\\/www.caviar-ambassade.com\\\/#organization\"},\"potentialAction\":[{\"@type\":\"SearchAction\",\"target\":{\"@type\":\"EntryPoint\",\"urlTemplate\":\"https:\\\/\\\/www.caviar-ambassade.com\\\/?s={search_term_string}\"},\"query-input\":{\"@type\":\"PropertyValueSpecification\",\"valueRequired\":true,\"valueName\":\"search_term_string\"}}],\"inLanguage\":\"de-BE\"},{\"@type\":\"Organization\",\"@id\":\"https:\\\/\\\/www.caviar-ambassade.com\\\/#organization\",\"name\":\"Caviar Ambassade\",\"url\":\"https:\\\/\\\/www.caviar-ambassade.com\\\/\",\"logo\":{\"@type\":\"ImageObject\",\"inLanguage\":\"de-BE\",\"@id\":\"https:\\\/\\\/www.caviar-ambassade.com\\\/#\\\/schema\\\/logo\\\/image\\\/\",\"url\":\"https:\\\/\\\/www.caviar-ambassade.com\\\/wp-content\\\/uploads\\\/2021\\\/10\\\/cropped-logo-ambassade.png\",\"contentUrl\":\"https:\\\/\\\/www.caviar-ambassade.com\\\/wp-content\\\/uploads\\\/2021\\\/10\\\/cropped-logo-ambassade.png\",\"width\":150,\"height\":150,\"caption\":\"Caviar Ambassade\"},\"image\":{\"@id\":\"https:\\\/\\\/www.caviar-ambassade.com\\\/#\\\/schema\\\/logo\\\/image\\\/\"}}]}<\/script>\n<!-- \/ Yoast SEO plugin. -->","yoast_head_json":{"title":"Saumon fum\u00e9 entier non tranch\u00e9 - Caviar Ambassade","description":"Ce saumon fum\u00e9 entier est parfait pour toutes vos pr\u00e9parations \u00e0 base de saumon fum\u00e9, vous permettant de le d\u00e9couper selon vos pr\u00e9f\u00e9rences.","robots":{"index":"index","follow":"follow","max-snippet":"max-snippet:-1","max-image-preview":"max-image-preview:large","max-video-preview":"max-video-preview:-1"},"canonical":"https:\/\/www.caviar-ambassade.com\/de_be\/product\/saumon-fume-entier-non-tranche\/","og_locale":"de_DE","og_type":"article","og_title":"Saumon fum\u00e9 entier non tranch\u00e9 - Caviar Ambassade","og_description":"Ce saumon fum\u00e9 entier est parfait pour toutes vos pr\u00e9parations \u00e0 base de saumon fum\u00e9, vous permettant de le d\u00e9couper selon vos pr\u00e9f\u00e9rences.","og_url":"https:\/\/www.caviar-ambassade.com\/de_be\/product\/saumon-fume-entier-non-tranche\/","og_site_name":"Caviar Ambassade","article_modified_time":"2025-12-30T15:01:39+00:00","og_image":[{"width":1000,"height":1000,"url":"https:\/\/www.caviar-ambassade.com\/wp-content\/uploads\/2023\/11\/saumon-fume-entier-2024.png","type":"image\/png"}],"twitter_card":"summary_large_image","twitter_misc":{"Est. reading time":"2 minutes"},"schema":{"@context":"https:\/\/schema.org","@graph":[{"@type":"WebPage","@id":"https:\/\/www.caviar-ambassade.com\/produit\/saumon-fume-entier-non-tranche\/","url":"https:\/\/www.caviar-ambassade.com\/produit\/saumon-fume-entier-non-tranche\/","name":"Saumon fum\u00e9 entier non tranch\u00e9 - Caviar Ambassade","isPartOf":{"@id":"https:\/\/www.caviar-ambassade.com\/#website"},"primaryImageOfPage":{"@id":"https:\/\/www.caviar-ambassade.com\/produit\/saumon-fume-entier-non-tranche\/#primaryimage"},"image":{"@id":"https:\/\/www.caviar-ambassade.com\/produit\/saumon-fume-entier-non-tranche\/#primaryimage"},"thumbnailUrl":"https:\/\/www.caviar-ambassade.com\/wp-content\/uploads\/2023\/11\/saumon-fume-entier-2024.png","datePublished":"2023-11-16T20:36:22+00:00","dateModified":"2025-12-30T15:01:39+00:00","description":"Ce saumon fum\u00e9 entier est parfait pour toutes vos pr\u00e9parations \u00e0 base de saumon fum\u00e9, vous permettant de le d\u00e9couper selon vos pr\u00e9f\u00e9rences.","breadcrumb":{"@id":"https:\/\/www.caviar-ambassade.com\/produit\/saumon-fume-entier-non-tranche\/#breadcrumb"},"inLanguage":"de-BE","potentialAction":[{"@type":"ReadAction","target":["https:\/\/www.caviar-ambassade.com\/produit\/saumon-fume-entier-non-tranche\/"]}]},{"@type":"ImageObject","inLanguage":"de-BE","@id":"https:\/\/www.caviar-ambassade.com\/produit\/saumon-fume-entier-non-tranche\/#primaryimage","url":"https:\/\/www.caviar-ambassade.com\/wp-content\/uploads\/2023\/11\/saumon-fume-entier-2024.png","contentUrl":"https:\/\/www.caviar-ambassade.com\/wp-content\/uploads\/2023\/11\/saumon-fume-entier-2024.png","width":1000,"height":1000,"caption":"saumon fum\u00e9"},{"@type":"BreadcrumbList","@id":"https:\/\/www.caviar-ambassade.com\/produit\/saumon-fume-entier-non-tranche\/#breadcrumb","itemListElement":[{"@type":"ListItem","position":1,"name":"Accueil","item":"https:\/\/www.caviar-ambassade.com\/"},{"@type":"ListItem","position":2,"name":"Boutique","item":"https:\/\/www.caviar-ambassade.com\/boutique\/"},{"@type":"ListItem","position":3,"name":"Saumon fum\u00e9 entier non tranch\u00e9"}]},{"@type":"WebSite","@id":"https:\/\/www.caviar-ambassade.com\/#website","url":"https:\/\/www.caviar-ambassade.com\/","name":"Caviar Ambassade","description":"Le caviar des connaisseurs","publisher":{"@id":"https:\/\/www.caviar-ambassade.com\/#organization"},"potentialAction":[{"@type":"SearchAction","target":{"@type":"EntryPoint","urlTemplate":"https:\/\/www.caviar-ambassade.com\/?s={search_term_string}"},"query-input":{"@type":"PropertyValueSpecification","valueRequired":true,"valueName":"search_term_string"}}],"inLanguage":"de-BE"},{"@type":"Organization","@id":"https:\/\/www.caviar-ambassade.com\/#organization","name":"Caviar Ambassade","url":"https:\/\/www.caviar-ambassade.com\/","logo":{"@type":"ImageObject","inLanguage":"de-BE","@id":"https:\/\/www.caviar-ambassade.com\/#\/schema\/logo\/image\/","url":"https:\/\/www.caviar-ambassade.com\/wp-content\/uploads\/2021\/10\/cropped-logo-ambassade.png","contentUrl":"https:\/\/www.caviar-ambassade.com\/wp-content\/uploads\/2021\/10\/cropped-logo-ambassade.png","width":150,"height":150,"caption":"Caviar Ambassade"},"image":{"@id":"https:\/\/www.caviar-ambassade.com\/#\/schema\/logo\/image\/"}}]}},"_links":{"self":[{"href":"https:\/\/www.caviar-ambassade.com\/de_be\/wp-json\/wp\/v2\/product\/3800","targetHints":{"allow":["GET"]}}],"collection":[{"href":"https:\/\/www.caviar-ambassade.com\/de_be\/wp-json\/wp\/v2\/product"}],"about":[{"href":"https:\/\/www.caviar-ambassade.com\/de_be\/wp-json\/wp\/v2\/types\/product"}],"wp:featuredmedia":[{"embeddable":true,"href":"https:\/\/www.caviar-ambassade.com\/de_be\/wp-json\/wp\/v2\/media\/5466"}],"wp:attachment":[{"href":"https:\/\/www.caviar-ambassade.com\/de_be\/wp-json\/wp\/v2\/media?parent=3800"}],"wp:term":[{"taxonomy":"product_brand","embeddable":true,"href":"https:\/\/www.caviar-ambassade.com\/de_be\/wp-json\/wp\/v2\/product_brand?post=3800"},{"taxonomy":"product_cat","embeddable":true,"href":"https:\/\/www.caviar-ambassade.com\/de_be\/wp-json\/wp\/v2\/product_cat?post=3800"},{"taxonomy":"product_tag","embeddable":true,"href":"https:\/\/www.caviar-ambassade.com\/de_be\/wp-json\/wp\/v2\/product_tag?post=3800"}],"curies":[{"name":"wp","href":"https:\/\/api.w.org\/{rel}","templated":true}]}}