{"id":4528,"date":"2024-05-13T12:20:05","date_gmt":"2024-05-13T10:20:05","guid":{"rendered":"https:\/\/www.caviar-ambassade.com\/?post_type=product&#038;p=4528"},"modified":"2025-12-09T11:55:05","modified_gmt":"2025-12-09T10:55:05","slug":"truffe-dete-fraiche","status":"publish","type":"product","link":"https:\/\/www.caviar-ambassade.com\/de_be\/product\/truffe-dete-fraiche\/","title":{"rendered":"Truffe d&rsquo;\u00e9t\u00e9 fraiche"},"content":{"rendered":"<p>La truffe d&rsquo;\u00e9t\u00e9, aussi connue sous le nom de Truffe de la Saint-Jean, pr\u00e9sente une similitude visuelle avec la truffe noire du P\u00e9rigord, mais elle se distingue par plusieurs caract\u00e9ristiques. \u00c0 l&rsquo;int\u00e9rieur, elle affiche une teinte tr\u00e8s claire, ce qui occasionnellement lui vaut le surnom de \u00ab\u00a0truffe blanche d&rsquo;\u00e9t\u00e9\u00a0\u00bb, une appellation qui peut pr\u00eater \u00e0 confusion. Son ar\u00f4me est moins intense.<\/p>\n<h2>La truffe d&rsquo;\u00e9t\u00e9<\/h2>\n<p>Cette vari\u00e9t\u00e9 est rev\u00eatue d&rsquo;une peau noire, plus rugueuse et plus r\u00e9sistante que celle de la Melanosporum. Sa chair varie du beige au marron clair, parsem\u00e9e de nombreuses veines blanches. Son parfum est relativement subtil, d\u00e9ployant des nuances l\u00e9g\u00e8rement bois\u00e9es et parfois des notes de noisette.<\/p>\n<p>Nous vous conseillons d&rsquo;utiliser la truffe d&rsquo;\u00e9t\u00e9 fra\u00eeche en tr\u00e8s fines lamelles sur vos plats chauds aux saveurs l\u00e9g\u00e8res ou mod\u00e9r\u00e9es. Elle est parfaite sur les oeufs, le risotto, les p\u00e2tes, la pur\u00e9e de pommes de terre et les viandes blanches principalement. Son go\u00fbt est indiqu\u00e9 aussi pour d&rsquo;autres pr\u00e9parations comme le foie de canard mi-cuit, la sauce b\u00e9chamel, d&rsquo;autres sauces et des rago\u00fbts de viande.<\/p>","protected":false},"excerpt":{"rendered":"<p>Ingr\u00e9dients : Truffe d&rsquo;\u00e9t\u00e9 (Tuber aestivum)<br \/>\nP\u00e9riode de disponibilit\u00e9 : Mai \u00e0 ao\u00fbt<br \/>\nConservation : A r\u00e9ception, nous conseillons d&rsquo;ouvrir les sachets, de s\u00e9cher les truffes et de les conserver dans une bo\u00eete herm\u00e9tique, au frais, avec un papier absorbant \u00e0 changer tous les jours.<br \/>\nDDM Garantie : 10 jours<br \/>\nOrigine : France<br \/>\nFormats disponibles : 150g<br \/>\nCours hebdomadaire du 05\/08\/2024<br \/>\nPhotos non contractuelles<\/p>","protected":false},"featured_media":4374,"template":"","meta":{"_acf_changed":false},"product_brand":[],"product_cat":[17,78],"product_tag":[],"class_list":{"0":"post-4528","1":"product","2":"type-product","3":"status-publish","4":"has-post-thumbnail","6":"product_cat-epicerie-fine","7":"product_cat-truffes","8":"product_shipping_class-fresh-product","10":"first","11":"outofstock","12":"sale","13":"taxable","14":"shipping-taxable","15":"purchasable","16":"product-type-simple"},"acf":[],"yoast_head":"<!-- This site is optimized with the Yoast SEO plugin v27.4 - https:\/\/yoast.com\/product\/yoast-seo-wordpress\/ -->\n<title>Truffe d&#039;\u00e9t\u00e9 fraiche - Caviar Ambassade<\/title>\n<meta name=\"description\" content=\"La truffe d&#039;\u00e9t\u00e9 pr\u00e9sente une similitude visuelle avec la truffe noire du P\u00e9rigord. La truffe d&#039;\u00e9t\u00e9 affiche une teinte claire et propose des ar\u00f4mes d\u00e9licats.\" \/>\n<meta name=\"robots\" content=\"index, follow, max-snippet:-1, max-image-preview:large, max-video-preview:-1\" \/>\n<link rel=\"canonical\" href=\"https:\/\/www.caviar-ambassade.com\/de_be\/product\/truffe-dete-fraiche\/\" \/>\n<meta property=\"og:locale\" content=\"de_DE\" \/>\n<meta property=\"og:type\" content=\"article\" \/>\n<meta property=\"og:title\" content=\"Truffe d&#039;\u00e9t\u00e9 fraiche - Caviar Ambassade\" \/>\n<meta property=\"og:description\" content=\"La truffe d&#039;\u00e9t\u00e9 pr\u00e9sente une similitude visuelle avec la truffe noire du P\u00e9rigord. La truffe d&#039;\u00e9t\u00e9 affiche une teinte claire et propose des ar\u00f4mes d\u00e9licats.\" \/>\n<meta property=\"og:url\" content=\"https:\/\/www.caviar-ambassade.com\/de_be\/product\/truffe-dete-fraiche\/\" \/>\n<meta property=\"og:site_name\" content=\"Caviar Ambassade\" \/>\n<meta property=\"article:modified_time\" content=\"2025-12-09T10:55:05+00:00\" \/>\n<meta property=\"og:image\" content=\"https:\/\/www.caviar-ambassade.com\/wp-content\/uploads\/2021\/02\/truffe-ambassade-4.jpg\" \/>\n\t<meta property=\"og:image:width\" content=\"1000\" \/>\n\t<meta property=\"og:image:height\" content=\"1000\" \/>\n\t<meta property=\"og:image:type\" content=\"image\/jpeg\" \/>\n<meta name=\"twitter:card\" content=\"summary_large_image\" \/>\n<meta name=\"twitter:label1\" content=\"Est. reading time\" \/>\n\t<meta name=\"twitter:data1\" content=\"2 minutes\" \/>\n<script type=\"application\/ld+json\" class=\"yoast-schema-graph\">{\"@context\":\"https:\\\/\\\/schema.org\",\"@graph\":[{\"@type\":\"WebPage\",\"@id\":\"https:\\\/\\\/www.caviar-ambassade.com\\\/produit\\\/truffe-dete-fraiche\\\/\",\"url\":\"https:\\\/\\\/www.caviar-ambassade.com\\\/produit\\\/truffe-dete-fraiche\\\/\",\"name\":\"Truffe d'\u00e9t\u00e9 fraiche - Caviar Ambassade\",\"isPartOf\":{\"@id\":\"https:\\\/\\\/www.caviar-ambassade.com\\\/#website\"},\"primaryImageOfPage\":{\"@id\":\"https:\\\/\\\/www.caviar-ambassade.com\\\/produit\\\/truffe-dete-fraiche\\\/#primaryimage\"},\"image\":{\"@id\":\"https:\\\/\\\/www.caviar-ambassade.com\\\/produit\\\/truffe-dete-fraiche\\\/#primaryimage\"},\"thumbnailUrl\":\"https:\\\/\\\/www.caviar-ambassade.com\\\/wp-content\\\/uploads\\\/2021\\\/02\\\/truffe-ambassade-4.jpg\",\"datePublished\":\"2024-05-13T10:20:05+00:00\",\"dateModified\":\"2025-12-09T10:55:05+00:00\",\"description\":\"La truffe d'\u00e9t\u00e9 pr\u00e9sente une similitude visuelle avec la truffe noire du P\u00e9rigord. La truffe d'\u00e9t\u00e9 affiche une teinte claire et propose des ar\u00f4mes d\u00e9licats.\",\"breadcrumb\":{\"@id\":\"https:\\\/\\\/www.caviar-ambassade.com\\\/produit\\\/truffe-dete-fraiche\\\/#breadcrumb\"},\"inLanguage\":\"de-BE\",\"potentialAction\":[{\"@type\":\"ReadAction\",\"target\":[\"https:\\\/\\\/www.caviar-ambassade.com\\\/produit\\\/truffe-dete-fraiche\\\/\"]}]},{\"@type\":\"ImageObject\",\"inLanguage\":\"de-BE\",\"@id\":\"https:\\\/\\\/www.caviar-ambassade.com\\\/produit\\\/truffe-dete-fraiche\\\/#primaryimage\",\"url\":\"https:\\\/\\\/www.caviar-ambassade.com\\\/wp-content\\\/uploads\\\/2021\\\/02\\\/truffe-ambassade-4.jpg\",\"contentUrl\":\"https:\\\/\\\/www.caviar-ambassade.com\\\/wp-content\\\/uploads\\\/2021\\\/02\\\/truffe-ambassade-4.jpg\",\"width\":1000,\"height\":1000,\"caption\":\"truffe fraiche\"},{\"@type\":\"BreadcrumbList\",\"@id\":\"https:\\\/\\\/www.caviar-ambassade.com\\\/produit\\\/truffe-dete-fraiche\\\/#breadcrumb\",\"itemListElement\":[{\"@type\":\"ListItem\",\"position\":1,\"name\":\"Accueil\",\"item\":\"https:\\\/\\\/www.caviar-ambassade.com\\\/\"},{\"@type\":\"ListItem\",\"position\":2,\"name\":\"Boutique\",\"item\":\"https:\\\/\\\/www.caviar-ambassade.com\\\/boutique\\\/\"},{\"@type\":\"ListItem\",\"position\":3,\"name\":\"Truffe d&rsquo;\u00e9t\u00e9 fraiche\"}]},{\"@type\":\"WebSite\",\"@id\":\"https:\\\/\\\/www.caviar-ambassade.com\\\/#website\",\"url\":\"https:\\\/\\\/www.caviar-ambassade.com\\\/\",\"name\":\"Caviar Ambassade\",\"description\":\"Le caviar des connaisseurs\",\"publisher\":{\"@id\":\"https:\\\/\\\/www.caviar-ambassade.com\\\/#organization\"},\"potentialAction\":[{\"@type\":\"SearchAction\",\"target\":{\"@type\":\"EntryPoint\",\"urlTemplate\":\"https:\\\/\\\/www.caviar-ambassade.com\\\/?s={search_term_string}\"},\"query-input\":{\"@type\":\"PropertyValueSpecification\",\"valueRequired\":true,\"valueName\":\"search_term_string\"}}],\"inLanguage\":\"de-BE\"},{\"@type\":\"Organization\",\"@id\":\"https:\\\/\\\/www.caviar-ambassade.com\\\/#organization\",\"name\":\"Caviar Ambassade\",\"url\":\"https:\\\/\\\/www.caviar-ambassade.com\\\/\",\"logo\":{\"@type\":\"ImageObject\",\"inLanguage\":\"de-BE\",\"@id\":\"https:\\\/\\\/www.caviar-ambassade.com\\\/#\\\/schema\\\/logo\\\/image\\\/\",\"url\":\"https:\\\/\\\/www.caviar-ambassade.com\\\/wp-content\\\/uploads\\\/2021\\\/10\\\/cropped-logo-ambassade.png\",\"contentUrl\":\"https:\\\/\\\/www.caviar-ambassade.com\\\/wp-content\\\/uploads\\\/2021\\\/10\\\/cropped-logo-ambassade.png\",\"width\":150,\"height\":150,\"caption\":\"Caviar Ambassade\"},\"image\":{\"@id\":\"https:\\\/\\\/www.caviar-ambassade.com\\\/#\\\/schema\\\/logo\\\/image\\\/\"}}]}<\/script>\n<!-- \/ Yoast SEO plugin. -->","yoast_head_json":{"title":"Truffe d'\u00e9t\u00e9 fraiche - Caviar Ambassade","description":"La truffe d'\u00e9t\u00e9 pr\u00e9sente une similitude visuelle avec la truffe noire du P\u00e9rigord. La truffe d'\u00e9t\u00e9 affiche une teinte claire et propose des ar\u00f4mes d\u00e9licats.","robots":{"index":"index","follow":"follow","max-snippet":"max-snippet:-1","max-image-preview":"max-image-preview:large","max-video-preview":"max-video-preview:-1"},"canonical":"https:\/\/www.caviar-ambassade.com\/de_be\/product\/truffe-dete-fraiche\/","og_locale":"de_DE","og_type":"article","og_title":"Truffe d'\u00e9t\u00e9 fraiche - Caviar Ambassade","og_description":"La truffe d'\u00e9t\u00e9 pr\u00e9sente une similitude visuelle avec la truffe noire du P\u00e9rigord. La truffe d'\u00e9t\u00e9 affiche une teinte claire et propose des ar\u00f4mes d\u00e9licats.","og_url":"https:\/\/www.caviar-ambassade.com\/de_be\/product\/truffe-dete-fraiche\/","og_site_name":"Caviar Ambassade","article_modified_time":"2025-12-09T10:55:05+00:00","og_image":[{"width":1000,"height":1000,"url":"https:\/\/www.caviar-ambassade.com\/wp-content\/uploads\/2021\/02\/truffe-ambassade-4.jpg","type":"image\/jpeg"}],"twitter_card":"summary_large_image","twitter_misc":{"Est. reading time":"2 minutes"},"schema":{"@context":"https:\/\/schema.org","@graph":[{"@type":"WebPage","@id":"https:\/\/www.caviar-ambassade.com\/produit\/truffe-dete-fraiche\/","url":"https:\/\/www.caviar-ambassade.com\/produit\/truffe-dete-fraiche\/","name":"Truffe d'\u00e9t\u00e9 fraiche - Caviar Ambassade","isPartOf":{"@id":"https:\/\/www.caviar-ambassade.com\/#website"},"primaryImageOfPage":{"@id":"https:\/\/www.caviar-ambassade.com\/produit\/truffe-dete-fraiche\/#primaryimage"},"image":{"@id":"https:\/\/www.caviar-ambassade.com\/produit\/truffe-dete-fraiche\/#primaryimage"},"thumbnailUrl":"https:\/\/www.caviar-ambassade.com\/wp-content\/uploads\/2021\/02\/truffe-ambassade-4.jpg","datePublished":"2024-05-13T10:20:05+00:00","dateModified":"2025-12-09T10:55:05+00:00","description":"La truffe d'\u00e9t\u00e9 pr\u00e9sente une similitude visuelle avec la truffe noire du P\u00e9rigord. La truffe d'\u00e9t\u00e9 affiche une teinte claire et propose des ar\u00f4mes d\u00e9licats.","breadcrumb":{"@id":"https:\/\/www.caviar-ambassade.com\/produit\/truffe-dete-fraiche\/#breadcrumb"},"inLanguage":"de-BE","potentialAction":[{"@type":"ReadAction","target":["https:\/\/www.caviar-ambassade.com\/produit\/truffe-dete-fraiche\/"]}]},{"@type":"ImageObject","inLanguage":"de-BE","@id":"https:\/\/www.caviar-ambassade.com\/produit\/truffe-dete-fraiche\/#primaryimage","url":"https:\/\/www.caviar-ambassade.com\/wp-content\/uploads\/2021\/02\/truffe-ambassade-4.jpg","contentUrl":"https:\/\/www.caviar-ambassade.com\/wp-content\/uploads\/2021\/02\/truffe-ambassade-4.jpg","width":1000,"height":1000,"caption":"truffe fraiche"},{"@type":"BreadcrumbList","@id":"https:\/\/www.caviar-ambassade.com\/produit\/truffe-dete-fraiche\/#breadcrumb","itemListElement":[{"@type":"ListItem","position":1,"name":"Accueil","item":"https:\/\/www.caviar-ambassade.com\/"},{"@type":"ListItem","position":2,"name":"Boutique","item":"https:\/\/www.caviar-ambassade.com\/boutique\/"},{"@type":"ListItem","position":3,"name":"Truffe d&rsquo;\u00e9t\u00e9 fraiche"}]},{"@type":"WebSite","@id":"https:\/\/www.caviar-ambassade.com\/#website","url":"https:\/\/www.caviar-ambassade.com\/","name":"Caviar Ambassade","description":"Le caviar des connaisseurs","publisher":{"@id":"https:\/\/www.caviar-ambassade.com\/#organization"},"potentialAction":[{"@type":"SearchAction","target":{"@type":"EntryPoint","urlTemplate":"https:\/\/www.caviar-ambassade.com\/?s={search_term_string}"},"query-input":{"@type":"PropertyValueSpecification","valueRequired":true,"valueName":"search_term_string"}}],"inLanguage":"de-BE"},{"@type":"Organization","@id":"https:\/\/www.caviar-ambassade.com\/#organization","name":"Caviar Ambassade","url":"https:\/\/www.caviar-ambassade.com\/","logo":{"@type":"ImageObject","inLanguage":"de-BE","@id":"https:\/\/www.caviar-ambassade.com\/#\/schema\/logo\/image\/","url":"https:\/\/www.caviar-ambassade.com\/wp-content\/uploads\/2021\/10\/cropped-logo-ambassade.png","contentUrl":"https:\/\/www.caviar-ambassade.com\/wp-content\/uploads\/2021\/10\/cropped-logo-ambassade.png","width":150,"height":150,"caption":"Caviar Ambassade"},"image":{"@id":"https:\/\/www.caviar-ambassade.com\/#\/schema\/logo\/image\/"}}]}},"_links":{"self":[{"href":"https:\/\/www.caviar-ambassade.com\/de_be\/wp-json\/wp\/v2\/product\/4528","targetHints":{"allow":["GET"]}}],"collection":[{"href":"https:\/\/www.caviar-ambassade.com\/de_be\/wp-json\/wp\/v2\/product"}],"about":[{"href":"https:\/\/www.caviar-ambassade.com\/de_be\/wp-json\/wp\/v2\/types\/product"}],"wp:featuredmedia":[{"embeddable":true,"href":"https:\/\/www.caviar-ambassade.com\/de_be\/wp-json\/wp\/v2\/media\/4374"}],"wp:attachment":[{"href":"https:\/\/www.caviar-ambassade.com\/de_be\/wp-json\/wp\/v2\/media?parent=4528"}],"wp:term":[{"taxonomy":"product_brand","embeddable":true,"href":"https:\/\/www.caviar-ambassade.com\/de_be\/wp-json\/wp\/v2\/product_brand?post=4528"},{"taxonomy":"product_cat","embeddable":true,"href":"https:\/\/www.caviar-ambassade.com\/de_be\/wp-json\/wp\/v2\/product_cat?post=4528"},{"taxonomy":"product_tag","embeddable":true,"href":"https:\/\/www.caviar-ambassade.com\/de_be\/wp-json\/wp\/v2\/product_tag?post=4528"}],"curies":[{"name":"wp","href":"https:\/\/api.w.org\/{rel}","templated":true}]}}