{"id":4601,"date":"2024-07-08T15:17:30","date_gmt":"2024-07-08T13:17:30","guid":{"rendered":"https:\/\/www.caviar-ambassade.com\/?post_type=product&#038;p=4601"},"modified":"2026-03-03T09:20:43","modified_gmt":"2026-03-03T08:20:43","slug":"caviar-naccari","status":"publish","type":"product","link":"https:\/\/www.caviar-ambassade.com\/de_be\/product\/caviar-naccari\/","title":{"rendered":"NACCARI KAVIAR"},"content":{"rendered":"<div>Der Naccari-Kaviar stammt vom europ\u00e4ischen St\u00f6r Acipenser Naccarii. Dieser 9 bis 10 Jahre alte St\u00f6r ist eine endemische Art der Adria, die besonders in den S\u00fc\u00dfgew\u00e4ssern Norditaliens verbreitet ist. Diese traditionsreiche und artenreiche Region bietet ideale Bedingungen f\u00fcr die Reifung dieser Fische.<\/div>\n<div><\/div>\n<div>Die K\u00f6rner dieses Naccari-Kaviars sind mittelgro\u00df, was sie bei Kennern sehr beliebt macht. Ihre Textur ist weich und sorgt f\u00fcr ein angenehmes Mundgef\u00fchl, w\u00e4hrend ihre Farbe von grau bis anthrazitschwarz variiert und dieser kulinarischen Spezialit\u00e4t eine raffinierte optische Note verleiht. Vor allem aber ist es sein Geschmack, der diesen Kaviar so ber\u00fchmt macht.<\/div>\n<h2>Ein kr\u00e4ftiger franz\u00f6sischer Kaviar mit Meeresaroma<\/h2>\n<div>Der Naccari-Kaviar ist bekannt f\u00fcr seinen intensiven und ausgepr\u00e4gten Geschmack. Jedes Korn entfaltet einen klaren Jodgeschmack, der sofort an die Meeresherkunft des St\u00f6rs erinnert. Diese Jodnote ist besonders ausgepr\u00e4gt und verleiht diesem Kaviar eine starke und authentische Identit\u00e4t.<\/div>\n<div><\/div>\n<div>Compar\u00e9 au caviar Sevruga, le caviar Naccari se distingue par la taille de ses grains et sa saveur \u00e9voquant le caviar d\u2019autrefois. Le Sevruga, connu pour ses grains plus petits, partage avec le Naccarii une profondeur de go\u00fbt et une intensit\u00e9 qui s\u00e9duisent les palais les plus exigeants. Cependant, le caviar Naccari offre une exp\u00e9rience unique gr\u00e2ce \u00e0 son origine sp\u00e9cifique et \u00e0 la qualit\u00e9 exceptionnelle de ses grains.<\/div>\n<div><\/div>\n<div>Sein jodhaltiger Geschmack und seine zarte Textur machen ihn zu einer bevorzugten Wahl f\u00fcr alle, die ein intensives und raffiniertes Geschmackserlebnis suchen.<\/div>","protected":false},"excerpt":{"rendered":"<div class=\"banner-grid-wrapper\">\n  <div id=\"banner-grid-292538813\" class=\"banner-grid row row-grid row-small\" data-packery-options=\"\">\n                      \n\n<div class=\"col grid-col large-6 grid-col-1\" ><div class=\"col-inner\">\n\n\n  <div class=\"banner has-hover\" id=\"banner-321470943\">\n          <div class=\"banner-inner fill\">\n        <div class=\"banner-bg fill\" >\n                                                \n                    <\/div>\n\t\t\n        <div class=\"banner-layers container\">\n            <div class=\"fill banner-link\"><\/div>            \n\n   <div id=\"text-box-432238247\" class=\"text-box banner-layer x50 md-x50 lg-x50 y50 md-y50 lg-y50 res-text\">\n                                <div class=\"text-box-content text dark\">\n              \n              <div class=\"text-inner text-left\">\n                  \n\n<div class=\"container section-title-container\" ><h3 class=\"section-title section-title-center\"><b aria-hidden=\"true\"><\/b><span class=\"section-title-main\" >Tipps zum Genuss von Kaviar<\/span><b aria-hidden=\"true\"><\/b><\/h3><\/div>\n\n\t<div id=\"text-2311824061\" class=\"text\">\n\t\t\n\n<p><strong>Kaviar k\u00fchl lagern<\/strong><br \/>Kaviar muss bis zum Servieren bei einer Temperatur von 0 bis 4 \u00b0C aufbewahrt werden. Er darf niemals eingefroren werden, da dies die Konsistenz der Eier beeintr\u00e4chtigt.<\/p>\n<p><strong>Kaviar frisch servieren<\/strong><br \/>Kaviar wird frisch genossen, sollte aber auch nicht zu kalt sein. Die ideale Serviertemperatur liegt bei etwa 8 bis 9 \u00b0C. Legen Sie dazu die ge\u00f6ffnete Kaviarschachtel kurz vor dem Servieren auf ein Bett aus Eis. Das Eis h\u00e4lt den Kaviar frisch, ohne ihn zu stark zu k\u00fchlen.<\/p>\n<p><strong>Verwenden Sie einen Perlmuttl\u00f6ffel.<\/strong><br \/>Metallbesteck sollte vermieden werden, da es dem Kaviar einen unangenehmen metallischen Geschmack verleihen kann. Verwenden Sie lieber L\u00f6ffel aus Perlmutt. Perlmutt ist das traditionell verwendete Material, da es den Geschmack des Kaviars nicht ver\u00e4ndert.<\/p>\n\t\t\n<style>\n#text-2311824061 {\n  font-size: 0.75rem;\n}\n<\/style>\n\t<\/div>\n\t\n\n              <\/div>\n           <\/div>\n                            \n<style>\n#text-box-432238247 {\n  width: 90%;\n}\n#text-box-432238247 .text-box-content {\n  font-size: 100%;\n}\n<\/style>\n    <\/div>\n \n\n        <\/div>\n      <\/div>\n\n            \n<style>\n#banner-321470943 {\n  padding-top: 500px;\n}\n<\/style>\n  <\/div>\n\n\n\n<\/div><\/div>\n<div class=\"col grid-col large-3 grid-col-1\" ><div class=\"col-inner\">\n\n\n  <div class=\"banner has-hover\" id=\"banner-585581676\">\n          <div class=\"banner-inner fill\">\n        <div class=\"banner-bg fill\" >\n            <img width=\"800\" height=\"800\" src=\"https:\/\/www.caviar-ambassade.com\/wp-content\/uploads\/2021\/07\/caviar-ambassade3-800x800.jpg\" class=\"bg attachment-large size-large\" alt=\"caviar ambassade\" decoding=\"async\" loading=\"lazy\" \/>                                    \n                    <\/div>\n\t\t\n        <div class=\"banner-layers container\">\n            <div class=\"fill banner-link\"><\/div>            \n\n   <div id=\"text-box-2078841452\" class=\"text-box banner-layer x50 md-x50 lg-x50 y50 md-y50 lg-y50 res-text\">\n                                <div class=\"text-box-content text dark\">\n              \n              <div class=\"text-inner text-center\">\n                  \n\n<div class=\"container section-title-container\" ><h3 class=\"section-title section-title-center\"><b aria-hidden=\"true\"><\/b><span class=\"section-title-main\" style=\"color:rgb(0, 0, 0);\">Einfaches Rezept<\/span><b aria-hidden=\"true\"><\/b><\/h3><\/div>\n\n\t<div id=\"text-1168628074\" class=\"text\">\n\t\t\n\n<p style=\"text-align: center;\"><strong>Kartoffelp\u00fcree mit Kaviar<\/strong><\/p>\r\nDie gesch\u00e4lten Kartoffeln in Salzwasser kochen. Abgie\u00dfen, mit einem Kartoffelstampfer zerdr\u00fccken und mit etwas Cr\u00e8me fra\u00eeche vermengen. Das Kartoffelp\u00fcree auf einen Teller geben. Eine sch\u00f6ne Portion Kaviar darauf geben (ca. 50 g pro Person).\n\t\t\n<style>\n#text-1168628074 {\n  font-size: 0.75rem;\n  text-align: left;\n  color: rgb(0, 0, 0);\n}\n#text-1168628074 > * {\n  color: rgb(0, 0, 0);\n}\n<\/style>\n\t<\/div>\n\t\n\n              <\/div>\n           <\/div>\n                            \n<style>\n#text-box-2078841452 {\n  margin: 0px 0px 0px 0px;\n  width: 90%;\n}\n#text-box-2078841452 .text-box-content {\n  background-color: rgba(255, 255, 255, 0.622);\n  font-size: 100%;\n}\n#text-box-2078841452 .text-inner {\n  padding: 10px 10px 10px 10px;\n}\n<\/style>\n    <\/div>\n \n\n        <\/div>\n      <\/div>\n\n            \n<style>\n#banner-585581676 {\n  padding-top: 500px;\n  background-color: rgb(255,255,255);\n}\n#banner-585581676 .banner-bg img {\n  object-position: center;\n}\n<\/style>\n  <\/div>\n\n\n\n<\/div><\/div>\n<div class=\"col grid-col large-3 grid-col-1-2\" ><div class=\"col-inner\">\n\n\n  <div class=\"banner has-hover\" id=\"banner-606239298\">\n          <div class=\"banner-inner fill\">\n        <div class=\"banner-bg fill\" >\n                                                \n                    <\/div>\n\t\t\n        <div class=\"banner-layers container\">\n            <div class=\"fill banner-link\"><\/div>            \n\n   <div id=\"text-box-764222902\" class=\"text-box banner-layer x50 md-x50 lg-x50 y50 md-y50 lg-y50 res-text\">\n                                <div class=\"text-box-content text dark\">\n              \n              <div class=\"text-inner text-center\">\n                  \n\n<div class=\"container section-title-container\" ><h3 class=\"section-title section-title-center\"><b aria-hidden=\"true\"><\/b><span class=\"section-title-main\" style=\"color:rgb(255, 255, 255);\">Welcher Wein passt zu diesem Kaviar?<\/span><b aria-hidden=\"true\"><\/b><\/h3><\/div>\n\n\t<div id=\"text-1804321963\" class=\"text\">\n\t\t\n\nMit einem Champagner ist der Erfolg garantiert! Die Frische des Champagners passt perfekt zur Frische des Kaviars, da die feinen Perlen den Gaumen darauf vorbereiten, alle Aromen des Kaviars zu entdecken. Bevorzugen Sie einen Blanc de Noirs.\n\t\t\n<style>\n#text-1804321963 {\n  font-size: 0.75rem;\n  text-align: left;\n}\n<\/style>\n\t<\/div>\n\t\n\n              <\/div>\n           <\/div>\n                            \n<style>\n#text-box-764222902 {\n  width: 80%;\n}\n#text-box-764222902 .text-box-content {\n  font-size: 100%;\n}\n<\/style>\n    <\/div>\n \n\n        <\/div>\n      <\/div>\n\n            \n<style>\n#banner-606239298 {\n  padding-top: 500px;\n}\n<\/style>\n  <\/div>\n\n\n\n<\/div><\/div>\n<div class=\"col grid-col large-3 grid-col-1-2\" ><div class=\"col-inner\">\n\n\t<div class=\"img has-hover x md-x lg-x y md-y lg-y\" id=\"image_680006552\">\n\t\t\t\t\t\t\t\t<div class=\"img-inner dark\" >\n\t\t\t<img width=\"800\" height=\"800\" src=\"https:\/\/www.caviar-ambassade.com\/wp-content\/uploads\/2021\/12\/caviar-ambassade8-800x800.jpg\" class=\"attachment-large size-large\" alt=\"caviar ambassade\" decoding=\"async\" loading=\"lazy\" srcset=\"https:\/\/www.caviar-ambassade.com\/wp-content\/uploads\/2021\/12\/caviar-ambassade8-800x800.jpg 800w, https:\/\/www.caviar-ambassade.com\/wp-content\/uploads\/2021\/12\/caviar-ambassade8-247x247.jpg 247w, https:\/\/www.caviar-ambassade.com\/wp-content\/uploads\/2021\/12\/caviar-ambassade8-100x100.jpg 100w, https:\/\/www.caviar-ambassade.com\/wp-content\/uploads\/2021\/12\/caviar-ambassade8-510x510.jpg 510w, https:\/\/www.caviar-ambassade.com\/wp-content\/uploads\/2021\/12\/caviar-ambassade8-400x400.jpg 400w, https:\/\/www.caviar-ambassade.com\/wp-content\/uploads\/2021\/12\/caviar-ambassade8-280x280.jpg 280w, https:\/\/www.caviar-ambassade.com\/wp-content\/uploads\/2021\/12\/caviar-ambassade8-768x768.jpg 768w, https:\/\/www.caviar-ambassade.com\/wp-content\/uploads\/2021\/12\/caviar-ambassade8.jpg 1000w\" sizes=\"auto, (max-width: 800px) 100vw, 800px\" \/>\t\t\t\t\t\t\n\t\t\t\t\t<\/div>\n\t\t\t\t\t\t\t\t\n<style>\n#image_680006552 {\n  width: 100%;\n}\n<\/style>\n\t<\/div>\n\t\n\n\n<\/div><\/div>\n\n            <\/div>\n    <style>\n    #banner-grid-292538813 .grid-col-1{height: 600px}\n    #banner-grid-292538813 .grid-col-1-2{height: 300px}\n    #banner-grid-292538813 .grid-col-1-3{height:200px}\n    #banner-grid-292538813 .grid-col-2-3{height: 400px}\n    #banner-grid-292538813 .grid-col-1-4{height: 150px}\n    #banner-grid-292538813 .grid-col-3-4{height: 450px}\n\n\n    \n    \n\n  <\/style>\n    <\/div>\n  \n<p><strong>Zutaten<\/strong> : Oeufs d&rsquo;esturgeon (Acipenser Naccarri), sel<br \/>\n<strong>Allergene<\/strong> Fisch<br \/>\n<strong>Lagerung:<\/strong> : Im K\u00fchlschrank bei 0 bis 4 \u00b0C<br \/>\n<strong>Garantierte Mindesthaltbarkeit<\/strong> : 2 Monate<br \/>\n<strong>Herkunft<\/strong> : Frankreich<\/p>","protected":false},"featured_media":7126,"template":"","meta":{"_acf_changed":false},"product_brand":[],"product_cat":[68,16],"product_tag":[],"class_list":{"0":"post-4601","1":"product","2":"type-product","3":"status-publish","4":"has-post-thumbnail","6":"product_cat-caviar-naccari","7":"product_cat-caviars","8":"product_shipping_class-fresh-product","10":"first","11":"instock","12":"taxable","13":"shipping-taxable","14":"purchasable","15":"product-type-variable","16":"has-default-attributes"},"acf":[],"yoast_head":"<!-- This site is optimized with the Yoast SEO plugin v27.4 - https:\/\/yoast.com\/product\/yoast-seo-wordpress\/ -->\n<title>Caviar Naccari - Caviar Ambassade<\/title>\n<meta name=\"description\" content=\"Le caviar Naccari est r\u00e9put\u00e9 pour son go\u00fbt intense. Sa saveur iod\u00e9e en fait un caviar de choix pour une exp\u00e9rience gustative intense et raffin\u00e9e.\" \/>\n<meta name=\"robots\" content=\"index, follow, max-snippet:-1, max-image-preview:large, max-video-preview:-1\" \/>\n<link rel=\"canonical\" href=\"https:\/\/www.caviar-ambassade.com\/de_be\/product\/caviar-naccari\/\" \/>\n<meta property=\"og:locale\" content=\"de_DE\" \/>\n<meta property=\"og:type\" content=\"article\" \/>\n<meta property=\"og:title\" content=\"Caviar Naccari - Caviar Ambassade\" \/>\n<meta property=\"og:description\" content=\"Le caviar Naccari est r\u00e9put\u00e9 pour son go\u00fbt intense. Sa saveur iod\u00e9e en fait un caviar de choix pour une exp\u00e9rience gustative intense et raffin\u00e9e.\" \/>\n<meta property=\"og:url\" content=\"https:\/\/www.caviar-ambassade.com\/de_be\/product\/caviar-naccari\/\" \/>\n<meta property=\"og:site_name\" content=\"Caviar Ambassade\" \/>\n<meta property=\"article:modified_time\" content=\"2026-03-03T08:20:43+00:00\" \/>\n<meta property=\"og:image\" content=\"https:\/\/www.caviar-ambassade.com\/wp-content\/uploads\/2018\/10\/NACARRI.png\" \/>\n\t<meta property=\"og:image:width\" content=\"1000\" \/>\n\t<meta property=\"og:image:height\" content=\"1000\" \/>\n\t<meta property=\"og:image:type\" content=\"image\/png\" \/>\n<meta name=\"twitter:card\" content=\"summary_large_image\" \/>\n<meta name=\"twitter:label1\" content=\"Est. reading time\" \/>\n\t<meta name=\"twitter:data1\" content=\"2 minutes\" \/>\n<script type=\"application\/ld+json\" class=\"yoast-schema-graph\">{\"@context\":\"https:\\\/\\\/schema.org\",\"@graph\":[{\"@type\":\"WebPage\",\"@id\":\"https:\\\/\\\/www.caviar-ambassade.com\\\/produit\\\/caviar-naccari\\\/\",\"url\":\"https:\\\/\\\/www.caviar-ambassade.com\\\/produit\\\/caviar-naccari\\\/\",\"name\":\"Caviar Naccari - Caviar Ambassade\",\"isPartOf\":{\"@id\":\"https:\\\/\\\/www.caviar-ambassade.com\\\/#website\"},\"primaryImageOfPage\":{\"@id\":\"https:\\\/\\\/www.caviar-ambassade.com\\\/produit\\\/caviar-naccari\\\/#primaryimage\"},\"image\":{\"@id\":\"https:\\\/\\\/www.caviar-ambassade.com\\\/produit\\\/caviar-naccari\\\/#primaryimage\"},\"thumbnailUrl\":\"https:\\\/\\\/www.caviar-ambassade.com\\\/wp-content\\\/uploads\\\/2018\\\/10\\\/NACARRI.png\",\"datePublished\":\"2024-07-08T13:17:30+00:00\",\"dateModified\":\"2026-03-03T08:20:43+00:00\",\"description\":\"Le caviar Naccari est r\u00e9put\u00e9 pour son go\u00fbt intense. Sa saveur iod\u00e9e en fait un caviar de choix pour une exp\u00e9rience gustative intense et raffin\u00e9e.\",\"breadcrumb\":{\"@id\":\"https:\\\/\\\/www.caviar-ambassade.com\\\/produit\\\/caviar-naccari\\\/#breadcrumb\"},\"inLanguage\":\"de-BE\",\"potentialAction\":[{\"@type\":\"ReadAction\",\"target\":[\"https:\\\/\\\/www.caviar-ambassade.com\\\/produit\\\/caviar-naccari\\\/\"]}]},{\"@type\":\"ImageObject\",\"inLanguage\":\"de-BE\",\"@id\":\"https:\\\/\\\/www.caviar-ambassade.com\\\/produit\\\/caviar-naccari\\\/#primaryimage\",\"url\":\"https:\\\/\\\/www.caviar-ambassade.com\\\/wp-content\\\/uploads\\\/2018\\\/10\\\/NACARRI.png\",\"contentUrl\":\"https:\\\/\\\/www.caviar-ambassade.com\\\/wp-content\\\/uploads\\\/2018\\\/10\\\/NACARRI.png\",\"width\":1000,\"height\":1000,\"caption\":\"caviar nacarri\"},{\"@type\":\"BreadcrumbList\",\"@id\":\"https:\\\/\\\/www.caviar-ambassade.com\\\/produit\\\/caviar-naccari\\\/#breadcrumb\",\"itemListElement\":[{\"@type\":\"ListItem\",\"position\":1,\"name\":\"Accueil\",\"item\":\"https:\\\/\\\/www.caviar-ambassade.com\\\/\"},{\"@type\":\"ListItem\",\"position\":2,\"name\":\"Boutique\",\"item\":\"https:\\\/\\\/www.caviar-ambassade.com\\\/boutique\\\/\"},{\"@type\":\"ListItem\",\"position\":3,\"name\":\"Caviar Naccari\"}]},{\"@type\":\"WebSite\",\"@id\":\"https:\\\/\\\/www.caviar-ambassade.com\\\/#website\",\"url\":\"https:\\\/\\\/www.caviar-ambassade.com\\\/\",\"name\":\"Caviar Ambassade\",\"description\":\"Le caviar des connaisseurs\",\"publisher\":{\"@id\":\"https:\\\/\\\/www.caviar-ambassade.com\\\/#organization\"},\"potentialAction\":[{\"@type\":\"SearchAction\",\"target\":{\"@type\":\"EntryPoint\",\"urlTemplate\":\"https:\\\/\\\/www.caviar-ambassade.com\\\/?s={search_term_string}\"},\"query-input\":{\"@type\":\"PropertyValueSpecification\",\"valueRequired\":true,\"valueName\":\"search_term_string\"}}],\"inLanguage\":\"de-BE\"},{\"@type\":\"Organization\",\"@id\":\"https:\\\/\\\/www.caviar-ambassade.com\\\/#organization\",\"name\":\"Caviar Ambassade\",\"url\":\"https:\\\/\\\/www.caviar-ambassade.com\\\/\",\"logo\":{\"@type\":\"ImageObject\",\"inLanguage\":\"de-BE\",\"@id\":\"https:\\\/\\\/www.caviar-ambassade.com\\\/#\\\/schema\\\/logo\\\/image\\\/\",\"url\":\"https:\\\/\\\/www.caviar-ambassade.com\\\/wp-content\\\/uploads\\\/2021\\\/10\\\/cropped-logo-ambassade.png\",\"contentUrl\":\"https:\\\/\\\/www.caviar-ambassade.com\\\/wp-content\\\/uploads\\\/2021\\\/10\\\/cropped-logo-ambassade.png\",\"width\":150,\"height\":150,\"caption\":\"Caviar Ambassade\"},\"image\":{\"@id\":\"https:\\\/\\\/www.caviar-ambassade.com\\\/#\\\/schema\\\/logo\\\/image\\\/\"}}]}<\/script>\n<!-- \/ Yoast SEO plugin. -->","yoast_head_json":{"title":"Caviar Naccari - Caviar Ambassade","description":"Le caviar Naccari est r\u00e9put\u00e9 pour son go\u00fbt intense. Sa saveur iod\u00e9e en fait un caviar de choix pour une exp\u00e9rience gustative intense et raffin\u00e9e.","robots":{"index":"index","follow":"follow","max-snippet":"max-snippet:-1","max-image-preview":"max-image-preview:large","max-video-preview":"max-video-preview:-1"},"canonical":"https:\/\/www.caviar-ambassade.com\/de_be\/product\/caviar-naccari\/","og_locale":"de_DE","og_type":"article","og_title":"Caviar Naccari - Caviar Ambassade","og_description":"Le caviar Naccari est r\u00e9put\u00e9 pour son go\u00fbt intense. Sa saveur iod\u00e9e en fait un caviar de choix pour une exp\u00e9rience gustative intense et raffin\u00e9e.","og_url":"https:\/\/www.caviar-ambassade.com\/de_be\/product\/caviar-naccari\/","og_site_name":"Caviar Ambassade","article_modified_time":"2026-03-03T08:20:43+00:00","og_image":[{"width":1000,"height":1000,"url":"https:\/\/www.caviar-ambassade.com\/wp-content\/uploads\/2018\/10\/NACARRI.png","type":"image\/png"}],"twitter_card":"summary_large_image","twitter_misc":{"Est. reading time":"2 minutes"},"schema":{"@context":"https:\/\/schema.org","@graph":[{"@type":"WebPage","@id":"https:\/\/www.caviar-ambassade.com\/produit\/caviar-naccari\/","url":"https:\/\/www.caviar-ambassade.com\/produit\/caviar-naccari\/","name":"Caviar Naccari - Caviar Ambassade","isPartOf":{"@id":"https:\/\/www.caviar-ambassade.com\/#website"},"primaryImageOfPage":{"@id":"https:\/\/www.caviar-ambassade.com\/produit\/caviar-naccari\/#primaryimage"},"image":{"@id":"https:\/\/www.caviar-ambassade.com\/produit\/caviar-naccari\/#primaryimage"},"thumbnailUrl":"https:\/\/www.caviar-ambassade.com\/wp-content\/uploads\/2018\/10\/NACARRI.png","datePublished":"2024-07-08T13:17:30+00:00","dateModified":"2026-03-03T08:20:43+00:00","description":"Le caviar Naccari est r\u00e9put\u00e9 pour son go\u00fbt intense. Sa saveur iod\u00e9e en fait un caviar de choix pour une exp\u00e9rience gustative intense et raffin\u00e9e.","breadcrumb":{"@id":"https:\/\/www.caviar-ambassade.com\/produit\/caviar-naccari\/#breadcrumb"},"inLanguage":"de-BE","potentialAction":[{"@type":"ReadAction","target":["https:\/\/www.caviar-ambassade.com\/produit\/caviar-naccari\/"]}]},{"@type":"ImageObject","inLanguage":"de-BE","@id":"https:\/\/www.caviar-ambassade.com\/produit\/caviar-naccari\/#primaryimage","url":"https:\/\/www.caviar-ambassade.com\/wp-content\/uploads\/2018\/10\/NACARRI.png","contentUrl":"https:\/\/www.caviar-ambassade.com\/wp-content\/uploads\/2018\/10\/NACARRI.png","width":1000,"height":1000,"caption":"caviar nacarri"},{"@type":"BreadcrumbList","@id":"https:\/\/www.caviar-ambassade.com\/produit\/caviar-naccari\/#breadcrumb","itemListElement":[{"@type":"ListItem","position":1,"name":"Accueil","item":"https:\/\/www.caviar-ambassade.com\/"},{"@type":"ListItem","position":2,"name":"Boutique","item":"https:\/\/www.caviar-ambassade.com\/boutique\/"},{"@type":"ListItem","position":3,"name":"Caviar Naccari"}]},{"@type":"WebSite","@id":"https:\/\/www.caviar-ambassade.com\/#website","url":"https:\/\/www.caviar-ambassade.com\/","name":"Caviar Ambassade","description":"Le caviar des connaisseurs","publisher":{"@id":"https:\/\/www.caviar-ambassade.com\/#organization"},"potentialAction":[{"@type":"SearchAction","target":{"@type":"EntryPoint","urlTemplate":"https:\/\/www.caviar-ambassade.com\/?s={search_term_string}"},"query-input":{"@type":"PropertyValueSpecification","valueRequired":true,"valueName":"search_term_string"}}],"inLanguage":"de-BE"},{"@type":"Organization","@id":"https:\/\/www.caviar-ambassade.com\/#organization","name":"Caviar Ambassade","url":"https:\/\/www.caviar-ambassade.com\/","logo":{"@type":"ImageObject","inLanguage":"de-BE","@id":"https:\/\/www.caviar-ambassade.com\/#\/schema\/logo\/image\/","url":"https:\/\/www.caviar-ambassade.com\/wp-content\/uploads\/2021\/10\/cropped-logo-ambassade.png","contentUrl":"https:\/\/www.caviar-ambassade.com\/wp-content\/uploads\/2021\/10\/cropped-logo-ambassade.png","width":150,"height":150,"caption":"Caviar Ambassade"},"image":{"@id":"https:\/\/www.caviar-ambassade.com\/#\/schema\/logo\/image\/"}}]}},"_links":{"self":[{"href":"https:\/\/www.caviar-ambassade.com\/de_be\/wp-json\/wp\/v2\/product\/4601","targetHints":{"allow":["GET"]}}],"collection":[{"href":"https:\/\/www.caviar-ambassade.com\/de_be\/wp-json\/wp\/v2\/product"}],"about":[{"href":"https:\/\/www.caviar-ambassade.com\/de_be\/wp-json\/wp\/v2\/types\/product"}],"wp:featuredmedia":[{"embeddable":true,"href":"https:\/\/www.caviar-ambassade.com\/de_be\/wp-json\/wp\/v2\/media\/7126"}],"wp:attachment":[{"href":"https:\/\/www.caviar-ambassade.com\/de_be\/wp-json\/wp\/v2\/media?parent=4601"}],"wp:term":[{"taxonomy":"product_brand","embeddable":true,"href":"https:\/\/www.caviar-ambassade.com\/de_be\/wp-json\/wp\/v2\/product_brand?post=4601"},{"taxonomy":"product_cat","embeddable":true,"href":"https:\/\/www.caviar-ambassade.com\/de_be\/wp-json\/wp\/v2\/product_cat?post=4601"},{"taxonomy":"product_tag","embeddable":true,"href":"https:\/\/www.caviar-ambassade.com\/de_be\/wp-json\/wp\/v2\/product_tag?post=4601"}],"curies":[{"name":"wp","href":"https:\/\/api.w.org\/{rel}","templated":true}]}}