{"id":4676,"date":"2024-07-24T12:16:53","date_gmt":"2024-07-24T10:16:53","guid":{"rendered":"https:\/\/www.caviar-ambassade.com\/?post_type=product&#038;p=4676"},"modified":"2026-02-10T12:29:30","modified_gmt":"2026-02-10T11:29:30","slug":"lot-de-6-cuilleres-en-nacre-7-cm","status":"publish","type":"product","link":"https:\/\/www.caviar-ambassade.com\/de_be\/product\/lot-de-6-cuilleres-en-nacre-7-cm\/","title":{"rendered":"Lot de 6 cuill\u00e8res en nacre 7 cm"},"content":{"rendered":"<p>D\u00e9couvrez l&rsquo;\u00e9l\u00e9gance avec notre cuill\u00e8re en nacre, un accessoire incontournable pour les amateurs de caviar et autres mets d\u00e9licats. Fabriqu\u00e9e \u00e0 partir de v\u00e9ritable nacre, cette cuill\u00e8re se distingue par son \u00e9clat naturel. La nacre, mat\u00e9riau non r\u00e9actif, est id\u00e9ale pour pr\u00e9server les saveurs subtiles et complexes de vos aliments fins, notamment le caviar, sans alt\u00e9rer leur go\u00fbt.<\/p>\n<p>La cuill\u00e8re en nacre est non seulement fonctionnelle mais aussi un v\u00e9ritable objet de luxe. Sa surface lisse et douce offre une prise en main agr\u00e9able, tandis que sa robustesse garantit une durabilit\u00e9 exceptionnelle. Parfaite pour accompagner vos moments de d\u00e9gustation, elle ajoute une touche de raffinement \u00e0 chaque occasion.<\/p>","protected":false},"excerpt":{"rendered":"<p>Lot de 6 cuill\u00e8res en nacre 7 cm<\/p>","protected":false},"featured_media":4678,"template":"","meta":{"_acf_changed":false},"product_brand":[],"product_cat":[36],"product_tag":[],"class_list":{"0":"post-4676","1":"product","2":"type-product","3":"status-publish","4":"has-post-thumbnail","6":"product_cat-accessoires","7":"product_shipping_class-fresh-product","9":"first","10":"instock","11":"sale","12":"taxable","13":"shipping-taxable","14":"purchasable","15":"product-type-simple"},"acf":[],"yoast_head":"<!-- This site is optimized with the Yoast SEO plugin v27.4 - https:\/\/yoast.com\/product\/yoast-seo-wordpress\/ -->\n<title>Lot de 6 cuill\u00e8res en nacre 7 cm - Caviar Ambassade<\/title>\n<meta name=\"description\" content=\"D\u00e9couvrez l&#039;\u00e9l\u00e9gance avec notre cuill\u00e8re en nacre, un accessoire incontournable pour les amateurs de caviar et autres mets d\u00e9licats.\" \/>\n<meta name=\"robots\" content=\"index, follow, max-snippet:-1, max-image-preview:large, max-video-preview:-1\" \/>\n<link rel=\"canonical\" href=\"https:\/\/www.caviar-ambassade.com\/de_be\/product\/lot-de-6-cuilleres-en-nacre-7-cm\/\" \/>\n<meta property=\"og:locale\" content=\"de_DE\" \/>\n<meta property=\"og:type\" content=\"article\" \/>\n<meta property=\"og:title\" content=\"Lot de 6 cuill\u00e8res en nacre 7 cm - Caviar Ambassade\" \/>\n<meta property=\"og:description\" content=\"D\u00e9couvrez l&#039;\u00e9l\u00e9gance avec notre cuill\u00e8re en nacre, un accessoire incontournable pour les amateurs de caviar et autres mets d\u00e9licats.\" \/>\n<meta property=\"og:url\" content=\"https:\/\/www.caviar-ambassade.com\/de_be\/product\/lot-de-6-cuilleres-en-nacre-7-cm\/\" \/>\n<meta property=\"og:site_name\" content=\"Caviar Ambassade\" \/>\n<meta property=\"article:modified_time\" content=\"2026-02-10T11:29:30+00:00\" \/>\n<meta property=\"og:image\" content=\"https:\/\/www.caviar-ambassade.com\/wp-content\/uploads\/2024\/07\/lot-cuilleres-nacre.jpg\" \/>\n\t<meta property=\"og:image:width\" content=\"1000\" \/>\n\t<meta property=\"og:image:height\" content=\"1000\" \/>\n\t<meta property=\"og:image:type\" content=\"image\/jpeg\" \/>\n<meta name=\"twitter:card\" content=\"summary_large_image\" \/>\n<meta name=\"twitter:label1\" content=\"Est. reading time\" \/>\n\t<meta name=\"twitter:data1\" content=\"1 minute\" \/>\n<script type=\"application\/ld+json\" class=\"yoast-schema-graph\">{\"@context\":\"https:\\\/\\\/schema.org\",\"@graph\":[{\"@type\":\"WebPage\",\"@id\":\"https:\\\/\\\/www.caviar-ambassade.com\\\/produit\\\/lot-de-6-cuilleres-en-nacre-7-cm\\\/\",\"url\":\"https:\\\/\\\/www.caviar-ambassade.com\\\/produit\\\/lot-de-6-cuilleres-en-nacre-7-cm\\\/\",\"name\":\"Lot de 6 cuill\u00e8res en nacre 7 cm - Caviar Ambassade\",\"isPartOf\":{\"@id\":\"https:\\\/\\\/www.caviar-ambassade.com\\\/#website\"},\"primaryImageOfPage\":{\"@id\":\"https:\\\/\\\/www.caviar-ambassade.com\\\/produit\\\/lot-de-6-cuilleres-en-nacre-7-cm\\\/#primaryimage\"},\"image\":{\"@id\":\"https:\\\/\\\/www.caviar-ambassade.com\\\/produit\\\/lot-de-6-cuilleres-en-nacre-7-cm\\\/#primaryimage\"},\"thumbnailUrl\":\"https:\\\/\\\/www.caviar-ambassade.com\\\/wp-content\\\/uploads\\\/2024\\\/07\\\/lot-cuilleres-nacre.jpg\",\"datePublished\":\"2024-07-24T10:16:53+00:00\",\"dateModified\":\"2026-02-10T11:29:30+00:00\",\"description\":\"D\u00e9couvrez l'\u00e9l\u00e9gance avec notre cuill\u00e8re en nacre, un accessoire incontournable pour les amateurs de caviar et autres mets d\u00e9licats.\",\"breadcrumb\":{\"@id\":\"https:\\\/\\\/www.caviar-ambassade.com\\\/produit\\\/lot-de-6-cuilleres-en-nacre-7-cm\\\/#breadcrumb\"},\"inLanguage\":\"de-BE\",\"potentialAction\":[{\"@type\":\"ReadAction\",\"target\":[\"https:\\\/\\\/www.caviar-ambassade.com\\\/produit\\\/lot-de-6-cuilleres-en-nacre-7-cm\\\/\"]}]},{\"@type\":\"ImageObject\",\"inLanguage\":\"de-BE\",\"@id\":\"https:\\\/\\\/www.caviar-ambassade.com\\\/produit\\\/lot-de-6-cuilleres-en-nacre-7-cm\\\/#primaryimage\",\"url\":\"https:\\\/\\\/www.caviar-ambassade.com\\\/wp-content\\\/uploads\\\/2024\\\/07\\\/lot-cuilleres-nacre.jpg\",\"contentUrl\":\"https:\\\/\\\/www.caviar-ambassade.com\\\/wp-content\\\/uploads\\\/2024\\\/07\\\/lot-cuilleres-nacre.jpg\",\"width\":1000,\"height\":1000},{\"@type\":\"BreadcrumbList\",\"@id\":\"https:\\\/\\\/www.caviar-ambassade.com\\\/produit\\\/lot-de-6-cuilleres-en-nacre-7-cm\\\/#breadcrumb\",\"itemListElement\":[{\"@type\":\"ListItem\",\"position\":1,\"name\":\"Accueil\",\"item\":\"https:\\\/\\\/www.caviar-ambassade.com\\\/\"},{\"@type\":\"ListItem\",\"position\":2,\"name\":\"Boutique\",\"item\":\"https:\\\/\\\/www.caviar-ambassade.com\\\/boutique\\\/\"},{\"@type\":\"ListItem\",\"position\":3,\"name\":\"Lot de 6 cuill\u00e8res en nacre 7 cm\"}]},{\"@type\":\"WebSite\",\"@id\":\"https:\\\/\\\/www.caviar-ambassade.com\\\/#website\",\"url\":\"https:\\\/\\\/www.caviar-ambassade.com\\\/\",\"name\":\"Caviar Ambassade\",\"description\":\"Le caviar des connaisseurs\",\"publisher\":{\"@id\":\"https:\\\/\\\/www.caviar-ambassade.com\\\/#organization\"},\"potentialAction\":[{\"@type\":\"SearchAction\",\"target\":{\"@type\":\"EntryPoint\",\"urlTemplate\":\"https:\\\/\\\/www.caviar-ambassade.com\\\/?s={search_term_string}\"},\"query-input\":{\"@type\":\"PropertyValueSpecification\",\"valueRequired\":true,\"valueName\":\"search_term_string\"}}],\"inLanguage\":\"de-BE\"},{\"@type\":\"Organization\",\"@id\":\"https:\\\/\\\/www.caviar-ambassade.com\\\/#organization\",\"name\":\"Caviar Ambassade\",\"url\":\"https:\\\/\\\/www.caviar-ambassade.com\\\/\",\"logo\":{\"@type\":\"ImageObject\",\"inLanguage\":\"de-BE\",\"@id\":\"https:\\\/\\\/www.caviar-ambassade.com\\\/#\\\/schema\\\/logo\\\/image\\\/\",\"url\":\"https:\\\/\\\/www.caviar-ambassade.com\\\/wp-content\\\/uploads\\\/2021\\\/10\\\/cropped-logo-ambassade.png\",\"contentUrl\":\"https:\\\/\\\/www.caviar-ambassade.com\\\/wp-content\\\/uploads\\\/2021\\\/10\\\/cropped-logo-ambassade.png\",\"width\":150,\"height\":150,\"caption\":\"Caviar Ambassade\"},\"image\":{\"@id\":\"https:\\\/\\\/www.caviar-ambassade.com\\\/#\\\/schema\\\/logo\\\/image\\\/\"}}]}<\/script>\n<!-- \/ Yoast SEO plugin. -->","yoast_head_json":{"title":"Lot de 6 cuill\u00e8res en nacre 7 cm - Caviar Ambassade","description":"D\u00e9couvrez l'\u00e9l\u00e9gance avec notre cuill\u00e8re en nacre, un accessoire incontournable pour les amateurs de caviar et autres mets d\u00e9licats.","robots":{"index":"index","follow":"follow","max-snippet":"max-snippet:-1","max-image-preview":"max-image-preview:large","max-video-preview":"max-video-preview:-1"},"canonical":"https:\/\/www.caviar-ambassade.com\/de_be\/product\/lot-de-6-cuilleres-en-nacre-7-cm\/","og_locale":"de_DE","og_type":"article","og_title":"Lot de 6 cuill\u00e8res en nacre 7 cm - Caviar Ambassade","og_description":"D\u00e9couvrez l'\u00e9l\u00e9gance avec notre cuill\u00e8re en nacre, un accessoire incontournable pour les amateurs de caviar et autres mets d\u00e9licats.","og_url":"https:\/\/www.caviar-ambassade.com\/de_be\/product\/lot-de-6-cuilleres-en-nacre-7-cm\/","og_site_name":"Caviar Ambassade","article_modified_time":"2026-02-10T11:29:30+00:00","og_image":[{"width":1000,"height":1000,"url":"https:\/\/www.caviar-ambassade.com\/wp-content\/uploads\/2024\/07\/lot-cuilleres-nacre.jpg","type":"image\/jpeg"}],"twitter_card":"summary_large_image","twitter_misc":{"Est. reading time":"1 minute"},"schema":{"@context":"https:\/\/schema.org","@graph":[{"@type":"WebPage","@id":"https:\/\/www.caviar-ambassade.com\/produit\/lot-de-6-cuilleres-en-nacre-7-cm\/","url":"https:\/\/www.caviar-ambassade.com\/produit\/lot-de-6-cuilleres-en-nacre-7-cm\/","name":"Lot de 6 cuill\u00e8res en nacre 7 cm - Caviar Ambassade","isPartOf":{"@id":"https:\/\/www.caviar-ambassade.com\/#website"},"primaryImageOfPage":{"@id":"https:\/\/www.caviar-ambassade.com\/produit\/lot-de-6-cuilleres-en-nacre-7-cm\/#primaryimage"},"image":{"@id":"https:\/\/www.caviar-ambassade.com\/produit\/lot-de-6-cuilleres-en-nacre-7-cm\/#primaryimage"},"thumbnailUrl":"https:\/\/www.caviar-ambassade.com\/wp-content\/uploads\/2024\/07\/lot-cuilleres-nacre.jpg","datePublished":"2024-07-24T10:16:53+00:00","dateModified":"2026-02-10T11:29:30+00:00","description":"D\u00e9couvrez l'\u00e9l\u00e9gance avec notre cuill\u00e8re en nacre, un accessoire incontournable pour les amateurs de caviar et autres mets d\u00e9licats.","breadcrumb":{"@id":"https:\/\/www.caviar-ambassade.com\/produit\/lot-de-6-cuilleres-en-nacre-7-cm\/#breadcrumb"},"inLanguage":"de-BE","potentialAction":[{"@type":"ReadAction","target":["https:\/\/www.caviar-ambassade.com\/produit\/lot-de-6-cuilleres-en-nacre-7-cm\/"]}]},{"@type":"ImageObject","inLanguage":"de-BE","@id":"https:\/\/www.caviar-ambassade.com\/produit\/lot-de-6-cuilleres-en-nacre-7-cm\/#primaryimage","url":"https:\/\/www.caviar-ambassade.com\/wp-content\/uploads\/2024\/07\/lot-cuilleres-nacre.jpg","contentUrl":"https:\/\/www.caviar-ambassade.com\/wp-content\/uploads\/2024\/07\/lot-cuilleres-nacre.jpg","width":1000,"height":1000},{"@type":"BreadcrumbList","@id":"https:\/\/www.caviar-ambassade.com\/produit\/lot-de-6-cuilleres-en-nacre-7-cm\/#breadcrumb","itemListElement":[{"@type":"ListItem","position":1,"name":"Accueil","item":"https:\/\/www.caviar-ambassade.com\/"},{"@type":"ListItem","position":2,"name":"Boutique","item":"https:\/\/www.caviar-ambassade.com\/boutique\/"},{"@type":"ListItem","position":3,"name":"Lot de 6 cuill\u00e8res en nacre 7 cm"}]},{"@type":"WebSite","@id":"https:\/\/www.caviar-ambassade.com\/#website","url":"https:\/\/www.caviar-ambassade.com\/","name":"Caviar Ambassade","description":"Le caviar des connaisseurs","publisher":{"@id":"https:\/\/www.caviar-ambassade.com\/#organization"},"potentialAction":[{"@type":"SearchAction","target":{"@type":"EntryPoint","urlTemplate":"https:\/\/www.caviar-ambassade.com\/?s={search_term_string}"},"query-input":{"@type":"PropertyValueSpecification","valueRequired":true,"valueName":"search_term_string"}}],"inLanguage":"de-BE"},{"@type":"Organization","@id":"https:\/\/www.caviar-ambassade.com\/#organization","name":"Caviar Ambassade","url":"https:\/\/www.caviar-ambassade.com\/","logo":{"@type":"ImageObject","inLanguage":"de-BE","@id":"https:\/\/www.caviar-ambassade.com\/#\/schema\/logo\/image\/","url":"https:\/\/www.caviar-ambassade.com\/wp-content\/uploads\/2021\/10\/cropped-logo-ambassade.png","contentUrl":"https:\/\/www.caviar-ambassade.com\/wp-content\/uploads\/2021\/10\/cropped-logo-ambassade.png","width":150,"height":150,"caption":"Caviar Ambassade"},"image":{"@id":"https:\/\/www.caviar-ambassade.com\/#\/schema\/logo\/image\/"}}]}},"_links":{"self":[{"href":"https:\/\/www.caviar-ambassade.com\/de_be\/wp-json\/wp\/v2\/product\/4676","targetHints":{"allow":["GET"]}}],"collection":[{"href":"https:\/\/www.caviar-ambassade.com\/de_be\/wp-json\/wp\/v2\/product"}],"about":[{"href":"https:\/\/www.caviar-ambassade.com\/de_be\/wp-json\/wp\/v2\/types\/product"}],"wp:featuredmedia":[{"embeddable":true,"href":"https:\/\/www.caviar-ambassade.com\/de_be\/wp-json\/wp\/v2\/media\/4678"}],"wp:attachment":[{"href":"https:\/\/www.caviar-ambassade.com\/de_be\/wp-json\/wp\/v2\/media?parent=4676"}],"wp:term":[{"taxonomy":"product_brand","embeddable":true,"href":"https:\/\/www.caviar-ambassade.com\/de_be\/wp-json\/wp\/v2\/product_brand?post=4676"},{"taxonomy":"product_cat","embeddable":true,"href":"https:\/\/www.caviar-ambassade.com\/de_be\/wp-json\/wp\/v2\/product_cat?post=4676"},{"taxonomy":"product_tag","embeddable":true,"href":"https:\/\/www.caviar-ambassade.com\/de_be\/wp-json\/wp\/v2\/product_tag?post=4676"}],"curies":[{"name":"wp","href":"https:\/\/api.w.org\/{rel}","templated":true}]}}