{"id":8562,"date":"2026-04-17T16:02:01","date_gmt":"2026-04-17T14:02:01","guid":{"rendered":"https:\/\/www.caviar-ambassade.com\/?post_type=product&#038;p=8562"},"modified":"2026-04-17T16:15:22","modified_gmt":"2026-04-17T14:15:22","slug":"morceaux-de-truffe-noire-congelee","status":"publish","type":"product","link":"https:\/\/www.caviar-ambassade.com\/de_be\/product\/morceaux-de-truffe-noire-congelee\/","title":{"rendered":"Morceaux de truffe noire congel\u00e9e"},"content":{"rendered":"<p>La truffe noire d\u2019hiver (Tuber melanosporum) est un produit d\u2019exception appr\u00e9ci\u00e9 pour la puissance et la finesse de ses ar\u00f4mes. R\u00e9colt\u00e9e \u00e0 maturit\u00e9 puis congel\u00e9e, elle conserve l\u2019essentiel de ses notes bois\u00e9es et l\u00e9g\u00e8rement chocolat\u00e9es, permettant d\u2019en profiter toute l\u2019ann\u00e9e.<\/p>\n<h2>Le plaisir de la truffe noire toute l&rsquo;ann\u00e9e<\/h2>\n<p>Facile \u00e0 utiliser, elle se r\u00e2pe ou s\u2019\u00e9mince directement sur des plats chauds comme des p\u00e2tes, un risotto ou des \u0153ufs, auxquels elle apporte une touche intense et raffin\u00e9e. Surgel\u00e9e sans additifs ni conservateurs, elle allie praticit\u00e9, authenticit\u00e9 et qualit\u00e9, tout en offrant une excellente conservation au cong\u00e9lateur.<\/p>\n<p>Ingr\u00e9dients : Truffe noire (Tuber melanosporum)<br \/>\nProduit congel\u00e9. Ne pas recongeler<br \/>\nOrigine : France ou Espagne<br \/>\nFormats disponibles : 500g<br \/>\nPhoto non contractuelle<\/p>","protected":false},"excerpt":{"rendered":"<p>Nous arrivons dans la meilleure p\u00e9riode de la saison de la truffe fraiche, profitez-en !<\/p>\n<p>Nos truffes noires fra\u00eeches sont s\u00e9lectionn\u00e9es et conditionn\u00e9es avec soin par des experts. C\u2019est un v\u00e9ritable tr\u00e9sor culinaire aux multiples utilisations.<\/p>\n<p>La truffe noire du P\u00e9rigord (Tuber melanosporum) est une v\u00e9ritable p\u00e9pite gustative qui enchante les gastronomes du monde entier.<\/p>\n<p>Ces truffes fra\u00eeches arrivent dans les ateliers de pr\u00e9paration en lots de terre. Les experts ont alors la responsabilit\u00e9 de trier, laver, brosser et canifer chaque truffe, une par une \u00e0 la main. Cette m\u00e9thode m\u00e9ticuleuse permet de s\u00e9lectionner le meilleur produit \u00e0 destination de vos assiettes.<\/p>\n<p>Sachet de 150g<br \/>\nPrix soumis aux variations des cours hebdomadaires.<\/p>","protected":false},"featured_media":4375,"template":"","meta":{"_acf_changed":false},"product_brand":[],"product_cat":[17,78],"product_tag":[],"class_list":{"0":"post-8562","1":"product","2":"type-product","3":"status-publish","4":"has-post-thumbnail","6":"product_cat-epicerie-fine","7":"product_cat-truffes","8":"product_shipping_class-fresh-product","10":"first","11":"instock","12":"taxable","13":"shipping-taxable","14":"purchasable","15":"product-type-simple"},"acf":[],"yoast_head":"<!-- This site is optimized with the Yoast SEO plugin v27.4 - https:\/\/yoast.com\/product\/yoast-seo-wordpress\/ -->\n<title>Morceaux de truffe noire congel\u00e9e - Caviar Ambassade<\/title>\n<meta name=\"robots\" content=\"index, follow, max-snippet:-1, max-image-preview:large, max-video-preview:-1\" \/>\n<link rel=\"canonical\" href=\"https:\/\/www.caviar-ambassade.com\/de_be\/product\/morceaux-de-truffe-noire-congelee\/\" \/>\n<meta property=\"og:locale\" content=\"de_DE\" \/>\n<meta property=\"og:type\" content=\"article\" \/>\n<meta property=\"og:title\" content=\"Morceaux de truffe noire congel\u00e9e - Caviar Ambassade\" \/>\n<meta property=\"og:description\" content=\"Nous arrivons dans la meilleure p\u00e9riode de la saison de la truffe fraiche, profitez-en !  Nos truffes noires fra\u00eeches sont s\u00e9lectionn\u00e9es et conditionn\u00e9es avec soin par des experts. C\u2019est un v\u00e9ritable tr\u00e9sor culinaire aux multiples utilisations.  La truffe noire du P\u00e9rigord (Tuber melanosporum) est une v\u00e9ritable p\u00e9pite gustative qui enchante les gastronomes du monde entier.  Ces truffes fra\u00eeches arrivent dans les ateliers de pr\u00e9paration en lots de terre. Les experts ont alors la responsabilit\u00e9 de trier, laver, brosser et canifer chaque truffe, une par une \u00e0 la main. Cette m\u00e9thode m\u00e9ticuleuse permet de s\u00e9lectionner le meilleur produit \u00e0 destination de vos assiettes.  Sachet de 150g Prix soumis aux variations des cours hebdomadaires.\" \/>\n<meta property=\"og:url\" content=\"https:\/\/www.caviar-ambassade.com\/de_be\/product\/morceaux-de-truffe-noire-congelee\/\" \/>\n<meta property=\"og:site_name\" content=\"Caviar Ambassade\" \/>\n<meta property=\"article:modified_time\" content=\"2026-04-17T14:15:22+00:00\" \/>\n<meta property=\"og:image\" content=\"https:\/\/www.caviar-ambassade.com\/wp-content\/uploads\/2021\/02\/truffe-ambassade-3.jpg\" \/>\n\t<meta property=\"og:image:width\" content=\"1000\" \/>\n\t<meta property=\"og:image:height\" content=\"1000\" \/>\n\t<meta property=\"og:image:type\" content=\"image\/jpeg\" \/>\n<meta name=\"twitter:card\" content=\"summary_large_image\" \/>\n<meta name=\"twitter:label1\" content=\"Est. reading time\" \/>\n\t<meta name=\"twitter:data1\" content=\"1 minute\" \/>\n<script type=\"application\/ld+json\" class=\"yoast-schema-graph\">{\"@context\":\"https:\\\/\\\/schema.org\",\"@graph\":[{\"@type\":\"WebPage\",\"@id\":\"https:\\\/\\\/www.caviar-ambassade.com\\\/produit\\\/morceaux-de-truffe-noire-congelee\\\/\",\"url\":\"https:\\\/\\\/www.caviar-ambassade.com\\\/produit\\\/morceaux-de-truffe-noire-congelee\\\/\",\"name\":\"Morceaux de truffe noire congel\u00e9e - Caviar Ambassade\",\"isPartOf\":{\"@id\":\"https:\\\/\\\/www.caviar-ambassade.com\\\/#website\"},\"primaryImageOfPage\":{\"@id\":\"https:\\\/\\\/www.caviar-ambassade.com\\\/produit\\\/morceaux-de-truffe-noire-congelee\\\/#primaryimage\"},\"image\":{\"@id\":\"https:\\\/\\\/www.caviar-ambassade.com\\\/produit\\\/morceaux-de-truffe-noire-congelee\\\/#primaryimage\"},\"thumbnailUrl\":\"https:\\\/\\\/www.caviar-ambassade.com\\\/wp-content\\\/uploads\\\/2021\\\/02\\\/truffe-ambassade-3.jpg\",\"datePublished\":\"2026-04-17T14:02:01+00:00\",\"dateModified\":\"2026-04-17T14:15:22+00:00\",\"breadcrumb\":{\"@id\":\"https:\\\/\\\/www.caviar-ambassade.com\\\/produit\\\/morceaux-de-truffe-noire-congelee\\\/#breadcrumb\"},\"inLanguage\":\"de-BE\",\"potentialAction\":[{\"@type\":\"ReadAction\",\"target\":[\"https:\\\/\\\/www.caviar-ambassade.com\\\/produit\\\/morceaux-de-truffe-noire-congelee\\\/\"]}]},{\"@type\":\"ImageObject\",\"inLanguage\":\"de-BE\",\"@id\":\"https:\\\/\\\/www.caviar-ambassade.com\\\/produit\\\/morceaux-de-truffe-noire-congelee\\\/#primaryimage\",\"url\":\"https:\\\/\\\/www.caviar-ambassade.com\\\/wp-content\\\/uploads\\\/2021\\\/02\\\/truffe-ambassade-3.jpg\",\"contentUrl\":\"https:\\\/\\\/www.caviar-ambassade.com\\\/wp-content\\\/uploads\\\/2021\\\/02\\\/truffe-ambassade-3.jpg\",\"width\":1000,\"height\":1000,\"caption\":\"truffe fraiche\"},{\"@type\":\"BreadcrumbList\",\"@id\":\"https:\\\/\\\/www.caviar-ambassade.com\\\/produit\\\/morceaux-de-truffe-noire-congelee\\\/#breadcrumb\",\"itemListElement\":[{\"@type\":\"ListItem\",\"position\":1,\"name\":\"Accueil\",\"item\":\"https:\\\/\\\/www.caviar-ambassade.com\\\/\"},{\"@type\":\"ListItem\",\"position\":2,\"name\":\"Boutique\",\"item\":\"https:\\\/\\\/www.caviar-ambassade.com\\\/boutique\\\/\"},{\"@type\":\"ListItem\",\"position\":3,\"name\":\"Morceaux de truffe noire congel\u00e9e\"}]},{\"@type\":\"WebSite\",\"@id\":\"https:\\\/\\\/www.caviar-ambassade.com\\\/#website\",\"url\":\"https:\\\/\\\/www.caviar-ambassade.com\\\/\",\"name\":\"Caviar Ambassade\",\"description\":\"Le caviar des connaisseurs\",\"publisher\":{\"@id\":\"https:\\\/\\\/www.caviar-ambassade.com\\\/#organization\"},\"potentialAction\":[{\"@type\":\"SearchAction\",\"target\":{\"@type\":\"EntryPoint\",\"urlTemplate\":\"https:\\\/\\\/www.caviar-ambassade.com\\\/?s={search_term_string}\"},\"query-input\":{\"@type\":\"PropertyValueSpecification\",\"valueRequired\":true,\"valueName\":\"search_term_string\"}}],\"inLanguage\":\"de-BE\"},{\"@type\":\"Organization\",\"@id\":\"https:\\\/\\\/www.caviar-ambassade.com\\\/#organization\",\"name\":\"Caviar Ambassade\",\"url\":\"https:\\\/\\\/www.caviar-ambassade.com\\\/\",\"logo\":{\"@type\":\"ImageObject\",\"inLanguage\":\"de-BE\",\"@id\":\"https:\\\/\\\/www.caviar-ambassade.com\\\/#\\\/schema\\\/logo\\\/image\\\/\",\"url\":\"https:\\\/\\\/www.caviar-ambassade.com\\\/wp-content\\\/uploads\\\/2021\\\/10\\\/cropped-logo-ambassade.png\",\"contentUrl\":\"https:\\\/\\\/www.caviar-ambassade.com\\\/wp-content\\\/uploads\\\/2021\\\/10\\\/cropped-logo-ambassade.png\",\"width\":150,\"height\":150,\"caption\":\"Caviar Ambassade\"},\"image\":{\"@id\":\"https:\\\/\\\/www.caviar-ambassade.com\\\/#\\\/schema\\\/logo\\\/image\\\/\"}}]}<\/script>\n<!-- \/ Yoast SEO plugin. -->","yoast_head_json":{"title":"Morceaux de truffe noire congel\u00e9e - Caviar Ambassade","robots":{"index":"index","follow":"follow","max-snippet":"max-snippet:-1","max-image-preview":"max-image-preview:large","max-video-preview":"max-video-preview:-1"},"canonical":"https:\/\/www.caviar-ambassade.com\/de_be\/product\/morceaux-de-truffe-noire-congelee\/","og_locale":"de_DE","og_type":"article","og_title":"Morceaux de truffe noire congel\u00e9e - Caviar Ambassade","og_description":"Nous arrivons dans la meilleure p\u00e9riode de la saison de la truffe fraiche, profitez-en !  Nos truffes noires fra\u00eeches sont s\u00e9lectionn\u00e9es et conditionn\u00e9es avec soin par des experts. C\u2019est un v\u00e9ritable tr\u00e9sor culinaire aux multiples utilisations.  La truffe noire du P\u00e9rigord (Tuber melanosporum) est une v\u00e9ritable p\u00e9pite gustative qui enchante les gastronomes du monde entier.  Ces truffes fra\u00eeches arrivent dans les ateliers de pr\u00e9paration en lots de terre. Les experts ont alors la responsabilit\u00e9 de trier, laver, brosser et canifer chaque truffe, une par une \u00e0 la main. Cette m\u00e9thode m\u00e9ticuleuse permet de s\u00e9lectionner le meilleur produit \u00e0 destination de vos assiettes.  Sachet de 150g Prix soumis aux variations des cours hebdomadaires.","og_url":"https:\/\/www.caviar-ambassade.com\/de_be\/product\/morceaux-de-truffe-noire-congelee\/","og_site_name":"Caviar Ambassade","article_modified_time":"2026-04-17T14:15:22+00:00","og_image":[{"width":1000,"height":1000,"url":"https:\/\/www.caviar-ambassade.com\/wp-content\/uploads\/2021\/02\/truffe-ambassade-3.jpg","type":"image\/jpeg"}],"twitter_card":"summary_large_image","twitter_misc":{"Est. reading time":"1 minute"},"schema":{"@context":"https:\/\/schema.org","@graph":[{"@type":"WebPage","@id":"https:\/\/www.caviar-ambassade.com\/produit\/morceaux-de-truffe-noire-congelee\/","url":"https:\/\/www.caviar-ambassade.com\/produit\/morceaux-de-truffe-noire-congelee\/","name":"Morceaux de truffe noire congel\u00e9e - Caviar Ambassade","isPartOf":{"@id":"https:\/\/www.caviar-ambassade.com\/#website"},"primaryImageOfPage":{"@id":"https:\/\/www.caviar-ambassade.com\/produit\/morceaux-de-truffe-noire-congelee\/#primaryimage"},"image":{"@id":"https:\/\/www.caviar-ambassade.com\/produit\/morceaux-de-truffe-noire-congelee\/#primaryimage"},"thumbnailUrl":"https:\/\/www.caviar-ambassade.com\/wp-content\/uploads\/2021\/02\/truffe-ambassade-3.jpg","datePublished":"2026-04-17T14:02:01+00:00","dateModified":"2026-04-17T14:15:22+00:00","breadcrumb":{"@id":"https:\/\/www.caviar-ambassade.com\/produit\/morceaux-de-truffe-noire-congelee\/#breadcrumb"},"inLanguage":"de-BE","potentialAction":[{"@type":"ReadAction","target":["https:\/\/www.caviar-ambassade.com\/produit\/morceaux-de-truffe-noire-congelee\/"]}]},{"@type":"ImageObject","inLanguage":"de-BE","@id":"https:\/\/www.caviar-ambassade.com\/produit\/morceaux-de-truffe-noire-congelee\/#primaryimage","url":"https:\/\/www.caviar-ambassade.com\/wp-content\/uploads\/2021\/02\/truffe-ambassade-3.jpg","contentUrl":"https:\/\/www.caviar-ambassade.com\/wp-content\/uploads\/2021\/02\/truffe-ambassade-3.jpg","width":1000,"height":1000,"caption":"truffe fraiche"},{"@type":"BreadcrumbList","@id":"https:\/\/www.caviar-ambassade.com\/produit\/morceaux-de-truffe-noire-congelee\/#breadcrumb","itemListElement":[{"@type":"ListItem","position":1,"name":"Accueil","item":"https:\/\/www.caviar-ambassade.com\/"},{"@type":"ListItem","position":2,"name":"Boutique","item":"https:\/\/www.caviar-ambassade.com\/boutique\/"},{"@type":"ListItem","position":3,"name":"Morceaux de truffe noire congel\u00e9e"}]},{"@type":"WebSite","@id":"https:\/\/www.caviar-ambassade.com\/#website","url":"https:\/\/www.caviar-ambassade.com\/","name":"Caviar Ambassade","description":"Le caviar des connaisseurs","publisher":{"@id":"https:\/\/www.caviar-ambassade.com\/#organization"},"potentialAction":[{"@type":"SearchAction","target":{"@type":"EntryPoint","urlTemplate":"https:\/\/www.caviar-ambassade.com\/?s={search_term_string}"},"query-input":{"@type":"PropertyValueSpecification","valueRequired":true,"valueName":"search_term_string"}}],"inLanguage":"de-BE"},{"@type":"Organization","@id":"https:\/\/www.caviar-ambassade.com\/#organization","name":"Caviar Ambassade","url":"https:\/\/www.caviar-ambassade.com\/","logo":{"@type":"ImageObject","inLanguage":"de-BE","@id":"https:\/\/www.caviar-ambassade.com\/#\/schema\/logo\/image\/","url":"https:\/\/www.caviar-ambassade.com\/wp-content\/uploads\/2021\/10\/cropped-logo-ambassade.png","contentUrl":"https:\/\/www.caviar-ambassade.com\/wp-content\/uploads\/2021\/10\/cropped-logo-ambassade.png","width":150,"height":150,"caption":"Caviar Ambassade"},"image":{"@id":"https:\/\/www.caviar-ambassade.com\/#\/schema\/logo\/image\/"}}]}},"_links":{"self":[{"href":"https:\/\/www.caviar-ambassade.com\/de_be\/wp-json\/wp\/v2\/product\/8562","targetHints":{"allow":["GET"]}}],"collection":[{"href":"https:\/\/www.caviar-ambassade.com\/de_be\/wp-json\/wp\/v2\/product"}],"about":[{"href":"https:\/\/www.caviar-ambassade.com\/de_be\/wp-json\/wp\/v2\/types\/product"}],"wp:featuredmedia":[{"embeddable":true,"href":"https:\/\/www.caviar-ambassade.com\/de_be\/wp-json\/wp\/v2\/media\/4375"}],"wp:attachment":[{"href":"https:\/\/www.caviar-ambassade.com\/de_be\/wp-json\/wp\/v2\/media?parent=8562"}],"wp:term":[{"taxonomy":"product_brand","embeddable":true,"href":"https:\/\/www.caviar-ambassade.com\/de_be\/wp-json\/wp\/v2\/product_brand?post=8562"},{"taxonomy":"product_cat","embeddable":true,"href":"https:\/\/www.caviar-ambassade.com\/de_be\/wp-json\/wp\/v2\/product_cat?post=8562"},{"taxonomy":"product_tag","embeddable":true,"href":"https:\/\/www.caviar-ambassade.com\/de_be\/wp-json\/wp\/v2\/product_tag?post=8562"}],"curies":[{"name":"wp","href":"https:\/\/api.w.org\/{rel}","templated":true}]}}