{"id":8064,"date":"2025-12-04T11:23:36","date_gmt":"2025-12-04T10:23:36","guid":{"rendered":"https:\/\/www.caviar-ambassade.com\/?post_type=product&#038;p=8064"},"modified":"2026-04-22T11:41:17","modified_gmt":"2026-04-22T09:41:17","slug":"caviar-beluga-huso-boite-origine","status":"publish","type":"product","link":"https:\/\/www.caviar-ambassade.com\/en_fr\/product\/caviar-beluga-huso-boite-origine\/","title":{"rendered":"Caviar Beluga Huso &#8211; Bo\u00eete Origine"},"content":{"rendered":"<p>Derived from the Huso Huso sturgeon, the largest freshwater fish, Beluga caviar is distinguished by its large grains. It has a powerful flavour and a creamy texture. Its colour varies in shades of light grey. Beluga caviar offers connoisseurs a glimpse of wild caviar.<\/p>\n<p><strong>The blue box from Caviar Ambassade inspires a generous and unforgettable tasting experience.<\/strong><br \/>\nPreparing caviar requires expertise and precision. The eggs are packaged directly into blue tins and then stored in a cold room. It is during this maturing period that the caviar develops its distinctive flavour.<\/p>\n\t<div id=\"accordion-463866701\" class=\"accordion-item\">\n\t\t<a id=\"accordion-463866701-label\" class=\"accordion-title plain\" href=\"#accordion-item-conseils-avec-les-boites-origine\" aria-expanded=\"false\" aria-controls=\"accordion-463866701-content\">\n\t\t\t<button class=\"toggle\" aria-label=\"Toggle\"><i class=\"icon-angle-down\" aria-hidden=\"true\"><\/i><\/button>\n\t\t\t<span>Advice about Origine Boxes<\/span>\n\t\t<\/a>\n\t\t<div id=\"accordion-463866701-content\" class=\"accordion-inner\" aria-labelledby=\"accordion-463866701-label\">\n\t\t\t\n<p>Contrairement aux \u201cboites Filles\u201d qui sont \u00e9tanches et sous vide, les \u201cBoites Origine\u201d sont remplies au volume et sous simple pression. Dans ces boites, le caviar va poursuivre sa maturation, et couler lentement (jusqu\u2019\u00e0 5% du poids total).<\/p>\n<p>C\u2019est la raison pour laquelle nous exp\u00e9dions les boites\u00a0<strong>dans un pochon<\/strong>. Avant de servir votre caviar, ouvrez le pochon, et nettoyez la boite. Vous n\u2019avez plus ensuite qu\u2019\u00e0 \u00f4ter l\u2019\u00e9lastique et ouvrir d\u00e9licatement la boite (en tournant si n\u00e9cessaire).<\/p>\n<p>Store in the fridge and consume within 48 hours after opening.<\/p>\n<p>Il est pr\u00e9f\u00e9rable de sortir votre bo\u00eete de caviar 5 minutes avant de la servir. Disposez la sur un lit de glace qui en pr\u00e9servera la fra\u00eecheur tout au long de la d\u00e9gustation. Pr\u00e9f\u00e9rez une petite cuill\u00e8re en nacre qui ne brisera pas les grains et ne risquera pas l\u2019oxydation.<\/p>\n\t\t<\/div>\n\t<\/div>","protected":false},"excerpt":{"rendered":"<div class=\"banner-grid-wrapper\">\n  <div id=\"banner-grid-1422214841\" class=\"banner-grid row row-grid row-small\" data-packery-options=\"\">\n                      \n\n<div class=\"col grid-col large-6 grid-col-1\" ><div class=\"col-inner\">\n\n\n  <div class=\"banner has-hover\" id=\"banner-1027554777\">\n          <div class=\"banner-inner fill\">\n        <div class=\"banner-bg fill\" >\n                                                \n                    <\/div>\n\t\t\n        <div class=\"banner-layers container\">\n            <div class=\"fill banner-link\"><\/div>            \n\n   <div id=\"text-box-117154010\" class=\"text-box banner-layer x50 md-x50 lg-x50 y50 md-y50 lg-y50 res-text\">\n                                <div class=\"text-box-content text dark\">\n              \n              <div class=\"text-inner text-left\">\n                  \n\n<div class=\"container section-title-container\" ><h3 class=\"section-title section-title-center\"><b aria-hidden=\"true\"><\/b><span class=\"section-title-main\" >Advice about Origine Boxes<\/span><b aria-hidden=\"true\"><\/b><\/h3><\/div>\n\n\t<div id=\"text-816389623\" class=\"text\">\n\t\t\n\n<p>Unlike \u2018Filles boxes\u2019, which are airtight and vacuum-sealed, \u2018Origine boxes\u2019 are filled to volume and under simple pressure. In these boxes, the caviar will continue to mature and slowly drain (up to 5% of the total weight).<\/p>\n<p>This is the reason why we ship the tins in a vacuum-sealed bag with absorbent paper. Before serving your caviar, open the bag and clean the tin. Then simply remove the elastic band and carefully open the tin (turning it if necessary).<\/p>\n<p>Store in the fridge and consume within 48 hours after opening.<\/p>\n<p>It\u2019s best to take your box of caviar out of the refrigerator about 5 minutes before serving.\nPlace it on a bed of ice to keep it fresh throughout the tasting. Use a small mother-of-pearl spoon, which won\u2019t break the grains or cause oxidation.<\/p>\n\t\t\n<style>\n#text-816389623 {\n  font-size: 0.75rem;\n}\n<\/style>\n\t<\/div>\n\t\n\n              <\/div>\n           <\/div>\n                            \n<style>\n#text-box-117154010 {\n  width: 90%;\n}\n#text-box-117154010 .text-box-content {\n  font-size: 100%;\n}\n<\/style>\n    <\/div>\n \n\n        <\/div>\n      <\/div>\n\n            \n<style>\n#banner-1027554777 {\n  padding-top: 500px;\n}\n<\/style>\n  <\/div>\n\n\n\n<\/div><\/div>\n<div class=\"col grid-col large-3 grid-col-1\" ><div class=\"col-inner\">\n\n\n  <div class=\"banner has-hover\" id=\"banner-46830143\">\n          <div class=\"banner-inner fill\">\n        <div class=\"banner-bg fill\" >\n            <img width=\"800\" height=\"800\" src=\"https:\/\/www.caviar-ambassade.com\/wp-content\/uploads\/2021\/07\/caviar-ambassade3-800x800.jpg\" class=\"bg attachment-large size-large\" alt=\"caviar ambassade\" decoding=\"async\" loading=\"lazy\" \/>                                    \n                    <\/div>\n\t\t\n        <div class=\"banner-layers container\">\n            <div class=\"fill banner-link\"><\/div>            \n\n   <div id=\"text-box-2051378417\" class=\"text-box banner-layer x50 md-x50 lg-x50 y50 md-y50 lg-y50 res-text\">\n                                <div class=\"text-box-content text dark\">\n              \n              <div class=\"text-inner text-center\">\n                  \n\n<div class=\"container section-title-container\" ><h3 class=\"section-title section-title-center\"><b aria-hidden=\"true\"><\/b><span class=\"section-title-main\" style=\"color:rgb(0, 0, 0);\">A very simple recipe<\/span><b aria-hidden=\"true\"><\/b><\/h3><\/div>\n\n\t<div id=\"text-2904875262\" class=\"text\">\n\t\t\n\n<p style=\"text-align: center;\"><strong>Mashed potatoes with caviar<\/strong><\/p>\n<p>Cook the peeled potatoes in salted wate<\/p>\n<p>Drain and mash them with a potato masher, then mix in a little cr\u00e8me fra\u00eeche.<\/p>\n<p>Place the mashed potatoes on a plate.<\/p>\n<p>Top with a generous spoonful of caviar (about 50g per person).<\/p>\n\t\t\n<style>\n#text-2904875262 {\n  font-size: 0.75rem;\n  text-align: left;\n  color: rgb(0, 0, 0);\n}\n#text-2904875262 > * {\n  color: rgb(0, 0, 0);\n}\n<\/style>\n\t<\/div>\n\t\n\n              <\/div>\n           <\/div>\n                            \n<style>\n#text-box-2051378417 {\n  margin: 0px 0px 0px 0px;\n  width: 90%;\n}\n#text-box-2051378417 .text-box-content {\n  background-color: rgba(255, 255, 255, 0.622);\n  font-size: 100%;\n}\n#text-box-2051378417 .text-inner {\n  padding: 10px 10px 10px 10px;\n}\n<\/style>\n    <\/div>\n \n\n        <\/div>\n      <\/div>\n\n            \n<style>\n#banner-46830143 {\n  padding-top: 500px;\n  background-color: rgb(255,255,255);\n}\n#banner-46830143 .banner-bg img {\n  object-position: center;\n}\n<\/style>\n  <\/div>\n\n\n\n<\/div><\/div>\n<div class=\"col grid-col large-3 grid-col-1-2\" ><div class=\"col-inner\">\n\n\n  <div class=\"banner has-hover\" id=\"banner-1764042998\">\n          <div class=\"banner-inner fill\">\n        <div class=\"banner-bg fill\" >\n                                                \n                    <\/div>\n\t\t\n        <div class=\"banner-layers container\">\n            <div class=\"fill banner-link\"><\/div>            \n\n   <div id=\"text-box-657767346\" class=\"text-box banner-layer x50 md-x50 lg-x50 y50 md-y50 lg-y50 res-text\">\n                                <div class=\"text-box-content text dark\">\n              \n              <div class=\"text-inner text-center\">\n                  \n\n<div class=\"container section-title-container\" ><h3 class=\"section-title section-title-center\"><b aria-hidden=\"true\"><\/b><span class=\"section-title-main\" style=\"color:rgb(255, 255, 255);\">Which wine pairs well with this caviar?<\/span><b aria-hidden=\"true\"><\/b><\/h3><\/div>\n\n\t<div id=\"text-1966211918\" class=\"text\">\n\t\t\n\n<p>With Champagne, success is guaranteed! The freshness of Champagne, with its fine bubbles, perfectly complements caviar by preparing the palate to fully appreciate its delicate aromas. Opt for a Blanc de Noirs for the best pairing.<\/p>\n\t\t\n<style>\n#text-1966211918 {\n  font-size: 0.75rem;\n  text-align: left;\n}\n<\/style>\n\t<\/div>\n\t\n\n              <\/div>\n           <\/div>\n                            \n<style>\n#text-box-657767346 {\n  width: 80%;\n}\n#text-box-657767346 .text-box-content {\n  font-size: 100%;\n}\n<\/style>\n    <\/div>\n \n\n        <\/div>\n      <\/div>\n\n            \n<style>\n#banner-1764042998 {\n  padding-top: 500px;\n}\n<\/style>\n  <\/div>\n\n\n\n<\/div><\/div>\n<div class=\"col grid-col large-3 grid-col-1-2\" ><div class=\"col-inner\">\n\n\t<div class=\"img has-hover x md-x lg-x y md-y lg-y\" id=\"image_14803248\">\n\t\t\t\t\t\t\t\t<div class=\"img-inner dark\" >\n\t\t\t<img width=\"800\" height=\"800\" src=\"https:\/\/www.caviar-ambassade.com\/wp-content\/uploads\/2021\/12\/caviar-ambassade8-800x800.jpg\" class=\"attachment-large size-large\" alt=\"caviar ambassade\" decoding=\"async\" loading=\"lazy\" srcset=\"https:\/\/www.caviar-ambassade.com\/wp-content\/uploads\/2021\/12\/caviar-ambassade8-800x800.jpg 800w, https:\/\/www.caviar-ambassade.com\/wp-content\/uploads\/2021\/12\/caviar-ambassade8-247x247.jpg 247w, https:\/\/www.caviar-ambassade.com\/wp-content\/uploads\/2021\/12\/caviar-ambassade8-100x100.jpg 100w, https:\/\/www.caviar-ambassade.com\/wp-content\/uploads\/2021\/12\/caviar-ambassade8-510x510.jpg 510w, https:\/\/www.caviar-ambassade.com\/wp-content\/uploads\/2021\/12\/caviar-ambassade8-400x400.jpg 400w, https:\/\/www.caviar-ambassade.com\/wp-content\/uploads\/2021\/12\/caviar-ambassade8-280x280.jpg 280w, https:\/\/www.caviar-ambassade.com\/wp-content\/uploads\/2021\/12\/caviar-ambassade8-768x768.jpg 768w, https:\/\/www.caviar-ambassade.com\/wp-content\/uploads\/2021\/12\/caviar-ambassade8.jpg 1000w\" sizes=\"auto, (max-width: 800px) 100vw, 800px\" \/>\t\t\t\t\t\t\n\t\t\t\t\t<\/div>\n\t\t\t\t\t\t\t\t\n<style>\n#image_14803248 {\n  width: 100%;\n}\n<\/style>\n\t<\/div>\n\t\n\n\n<\/div><\/div>\n\n            <\/div>\n    <style>\n    #banner-grid-1422214841 .grid-col-1{height: 600px}\n    #banner-grid-1422214841 .grid-col-1-2{height: 300px}\n    #banner-grid-1422214841 .grid-col-1-3{height:200px}\n    #banner-grid-1422214841 .grid-col-2-3{height: 400px}\n    #banner-grid-1422214841 .grid-col-1-4{height: 150px}\n    #banner-grid-1422214841 .grid-col-3-4{height: 450px}\n\n\n    \n    \n\n  <\/style>\n    <\/div>\n  \n<p><strong>Ingredients<\/strong> : Sturgeon eggs (Huso Huso), salt, E285<br \/>\n<strong>Allergens<\/strong> Fish<br \/>\n<strong>Storage<\/strong> : Keep refrigerated between 0\u00b0C and 4\u00b0C<br \/>\n<strong>Date of minimum durability<\/strong> : 2 month<br \/>\n<strong>Origin<\/strong> Bulgaria<\/p>","protected":false},"featured_media":1471,"template":"","meta":{"_acf_changed":false},"product_brand":[],"product_cat":[35,16],"product_tag":[53],"class_list":{"0":"post-8064","1":"product","2":"type-product","3":"status-publish","4":"has-post-thumbnail","6":"product_cat-caviar-beluga","7":"product_cat-caviars","8":"product_tag-boite-origine","9":"product_shipping_class-fresh-product","11":"first","12":"outofstock","13":"taxable","14":"shipping-taxable","15":"purchasable","16":"product-type-variable","17":"has-default-attributes"},"acf":[],"yoast_head":"<!-- This site is optimized with the Yoast SEO plugin v27.5 - https:\/\/yoast.com\/product\/yoast-seo-wordpress\/ -->\n<title>Caviar Beluga Huso - Bo\u00eete Origine - Caviar Ambassade<\/title>\n<meta name=\"description\" content=\"Le caviar Beluga se distingue par la grande taille de ses grains, son go\u00fbt puissant et la texture cr\u00e9meuse de ses grains. Meilleur rapport qualit\u00e9 prix !\" \/>\n<meta name=\"robots\" content=\"index, follow, max-snippet:-1, max-image-preview:large, max-video-preview:-1\" \/>\n<link rel=\"canonical\" href=\"https:\/\/www.caviar-ambassade.com\/en_fr\/product\/caviar-beluga-huso-boite-origine\/\" \/>\n<meta property=\"og:locale\" content=\"en_US\" \/>\n<meta property=\"og:type\" content=\"article\" \/>\n<meta property=\"og:title\" content=\"Caviar Beluga Huso - Bo\u00eete Origine - Caviar Ambassade\" \/>\n<meta property=\"og:description\" content=\"Le caviar Beluga se distingue par la grande taille de ses grains, son go\u00fbt puissant et la texture cr\u00e9meuse de ses grains. Meilleur rapport qualit\u00e9 prix !\" \/>\n<meta property=\"og:url\" content=\"https:\/\/www.caviar-ambassade.com\/en_fr\/product\/caviar-beluga-huso-boite-origine\/\" \/>\n<meta property=\"og:site_name\" content=\"Caviar Ambassade\" \/>\n<meta property=\"article:modified_time\" content=\"2026-04-22T09:41:17+00:00\" \/>\n<meta property=\"og:image\" content=\"https:\/\/www.caviar-ambassade.com\/wp-content\/uploads\/2018\/10\/1_6.png\" \/>\n\t<meta property=\"og:image:width\" content=\"2480\" \/>\n\t<meta property=\"og:image:height\" content=\"1772\" \/>\n\t<meta property=\"og:image:type\" content=\"image\/png\" \/>\n<meta name=\"twitter:card\" content=\"summary_large_image\" \/>\n<meta name=\"twitter:label1\" content=\"Est. reading time\" \/>\n\t<meta name=\"twitter:data1\" content=\"2 minutes\" \/>\n<script type=\"application\/ld+json\" class=\"yoast-schema-graph\">{\"@context\":\"https:\\\/\\\/schema.org\",\"@graph\":[{\"@type\":\"WebPage\",\"@id\":\"https:\\\/\\\/www.caviar-ambassade.com\\\/produit\\\/caviar-beluga-huso-boite-origine\\\/\",\"url\":\"https:\\\/\\\/www.caviar-ambassade.com\\\/produit\\\/caviar-beluga-huso-boite-origine\\\/\",\"name\":\"Caviar Beluga Huso - Bo\u00eete Origine - Caviar Ambassade\",\"isPartOf\":{\"@id\":\"https:\\\/\\\/www.caviar-ambassade.com\\\/#website\"},\"primaryImageOfPage\":{\"@id\":\"https:\\\/\\\/www.caviar-ambassade.com\\\/produit\\\/caviar-beluga-huso-boite-origine\\\/#primaryimage\"},\"image\":{\"@id\":\"https:\\\/\\\/www.caviar-ambassade.com\\\/produit\\\/caviar-beluga-huso-boite-origine\\\/#primaryimage\"},\"thumbnailUrl\":\"https:\\\/\\\/www.caviar-ambassade.com\\\/wp-content\\\/uploads\\\/2018\\\/10\\\/1_6.png\",\"datePublished\":\"2025-12-04T10:23:36+00:00\",\"dateModified\":\"2026-04-22T09:41:17+00:00\",\"description\":\"Le caviar Beluga se distingue par la grande taille de ses grains, son go\u00fbt puissant et la texture cr\u00e9meuse de ses grains. Meilleur rapport qualit\u00e9 prix !\",\"breadcrumb\":{\"@id\":\"https:\\\/\\\/www.caviar-ambassade.com\\\/produit\\\/caviar-beluga-huso-boite-origine\\\/#breadcrumb\"},\"inLanguage\":\"en-US\",\"potentialAction\":[{\"@type\":\"ReadAction\",\"target\":[\"https:\\\/\\\/www.caviar-ambassade.com\\\/produit\\\/caviar-beluga-huso-boite-origine\\\/\"]}]},{\"@type\":\"ImageObject\",\"inLanguage\":\"en-US\",\"@id\":\"https:\\\/\\\/www.caviar-ambassade.com\\\/produit\\\/caviar-beluga-huso-boite-origine\\\/#primaryimage\",\"url\":\"https:\\\/\\\/www.caviar-ambassade.com\\\/wp-content\\\/uploads\\\/2018\\\/10\\\/1_6.png\",\"contentUrl\":\"https:\\\/\\\/www.caviar-ambassade.com\\\/wp-content\\\/uploads\\\/2018\\\/10\\\/1_6.png\",\"width\":2480,\"height\":1772,\"caption\":\"caviar en boite origine\"},{\"@type\":\"BreadcrumbList\",\"@id\":\"https:\\\/\\\/www.caviar-ambassade.com\\\/produit\\\/caviar-beluga-huso-boite-origine\\\/#breadcrumb\",\"itemListElement\":[{\"@type\":\"ListItem\",\"position\":1,\"name\":\"Accueil\",\"item\":\"https:\\\/\\\/www.caviar-ambassade.com\\\/\"},{\"@type\":\"ListItem\",\"position\":2,\"name\":\"Boutique\",\"item\":\"https:\\\/\\\/www.caviar-ambassade.com\\\/boutique\\\/\"},{\"@type\":\"ListItem\",\"position\":3,\"name\":\"Caviar Beluga Huso &#8211; Bo\u00eete Origine\"}]},{\"@type\":\"WebSite\",\"@id\":\"https:\\\/\\\/www.caviar-ambassade.com\\\/#website\",\"url\":\"https:\\\/\\\/www.caviar-ambassade.com\\\/\",\"name\":\"Caviar Ambassade\",\"description\":\"Le caviar des connaisseurs\",\"publisher\":{\"@id\":\"https:\\\/\\\/www.caviar-ambassade.com\\\/#organization\"},\"potentialAction\":[{\"@type\":\"SearchAction\",\"target\":{\"@type\":\"EntryPoint\",\"urlTemplate\":\"https:\\\/\\\/www.caviar-ambassade.com\\\/?s={search_term_string}\"},\"query-input\":{\"@type\":\"PropertyValueSpecification\",\"valueRequired\":true,\"valueName\":\"search_term_string\"}}],\"inLanguage\":\"en-US\"},{\"@type\":\"Organization\",\"@id\":\"https:\\\/\\\/www.caviar-ambassade.com\\\/#organization\",\"name\":\"Caviar Ambassade\",\"url\":\"https:\\\/\\\/www.caviar-ambassade.com\\\/\",\"logo\":{\"@type\":\"ImageObject\",\"inLanguage\":\"en-US\",\"@id\":\"https:\\\/\\\/www.caviar-ambassade.com\\\/#\\\/schema\\\/logo\\\/image\\\/\",\"url\":\"https:\\\/\\\/www.caviar-ambassade.com\\\/wp-content\\\/uploads\\\/2021\\\/10\\\/cropped-logo-ambassade.png\",\"contentUrl\":\"https:\\\/\\\/www.caviar-ambassade.com\\\/wp-content\\\/uploads\\\/2021\\\/10\\\/cropped-logo-ambassade.png\",\"width\":150,\"height\":150,\"caption\":\"Caviar Ambassade\"},\"image\":{\"@id\":\"https:\\\/\\\/www.caviar-ambassade.com\\\/#\\\/schema\\\/logo\\\/image\\\/\"}}]}<\/script>\n<!-- \/ Yoast SEO plugin. -->","yoast_head_json":{"title":"Caviar Beluga Huso - Bo\u00eete Origine - Caviar Ambassade","description":"Le caviar Beluga se distingue par la grande taille de ses grains, son go\u00fbt puissant et la texture cr\u00e9meuse de ses grains. Meilleur rapport qualit\u00e9 prix !","robots":{"index":"index","follow":"follow","max-snippet":"max-snippet:-1","max-image-preview":"max-image-preview:large","max-video-preview":"max-video-preview:-1"},"canonical":"https:\/\/www.caviar-ambassade.com\/en_fr\/product\/caviar-beluga-huso-boite-origine\/","og_locale":"en_US","og_type":"article","og_title":"Caviar Beluga Huso - Bo\u00eete Origine - Caviar Ambassade","og_description":"Le caviar Beluga se distingue par la grande taille de ses grains, son go\u00fbt puissant et la texture cr\u00e9meuse de ses grains. Meilleur rapport qualit\u00e9 prix !","og_url":"https:\/\/www.caviar-ambassade.com\/en_fr\/product\/caviar-beluga-huso-boite-origine\/","og_site_name":"Caviar Ambassade","article_modified_time":"2026-04-22T09:41:17+00:00","og_image":[{"width":2480,"height":1772,"url":"https:\/\/www.caviar-ambassade.com\/wp-content\/uploads\/2018\/10\/1_6.png","type":"image\/png"}],"twitter_card":"summary_large_image","twitter_misc":{"Est. reading time":"2 minutes"},"schema":{"@context":"https:\/\/schema.org","@graph":[{"@type":"WebPage","@id":"https:\/\/www.caviar-ambassade.com\/produit\/caviar-beluga-huso-boite-origine\/","url":"https:\/\/www.caviar-ambassade.com\/produit\/caviar-beluga-huso-boite-origine\/","name":"Caviar Beluga Huso - Bo\u00eete Origine - Caviar Ambassade","isPartOf":{"@id":"https:\/\/www.caviar-ambassade.com\/#website"},"primaryImageOfPage":{"@id":"https:\/\/www.caviar-ambassade.com\/produit\/caviar-beluga-huso-boite-origine\/#primaryimage"},"image":{"@id":"https:\/\/www.caviar-ambassade.com\/produit\/caviar-beluga-huso-boite-origine\/#primaryimage"},"thumbnailUrl":"https:\/\/www.caviar-ambassade.com\/wp-content\/uploads\/2018\/10\/1_6.png","datePublished":"2025-12-04T10:23:36+00:00","dateModified":"2026-04-22T09:41:17+00:00","description":"Le caviar Beluga se distingue par la grande taille de ses grains, son go\u00fbt puissant et la texture cr\u00e9meuse de ses grains. Meilleur rapport qualit\u00e9 prix !","breadcrumb":{"@id":"https:\/\/www.caviar-ambassade.com\/produit\/caviar-beluga-huso-boite-origine\/#breadcrumb"},"inLanguage":"en-US","potentialAction":[{"@type":"ReadAction","target":["https:\/\/www.caviar-ambassade.com\/produit\/caviar-beluga-huso-boite-origine\/"]}]},{"@type":"ImageObject","inLanguage":"en-US","@id":"https:\/\/www.caviar-ambassade.com\/produit\/caviar-beluga-huso-boite-origine\/#primaryimage","url":"https:\/\/www.caviar-ambassade.com\/wp-content\/uploads\/2018\/10\/1_6.png","contentUrl":"https:\/\/www.caviar-ambassade.com\/wp-content\/uploads\/2018\/10\/1_6.png","width":2480,"height":1772,"caption":"caviar en boite origine"},{"@type":"BreadcrumbList","@id":"https:\/\/www.caviar-ambassade.com\/produit\/caviar-beluga-huso-boite-origine\/#breadcrumb","itemListElement":[{"@type":"ListItem","position":1,"name":"Accueil","item":"https:\/\/www.caviar-ambassade.com\/"},{"@type":"ListItem","position":2,"name":"Boutique","item":"https:\/\/www.caviar-ambassade.com\/boutique\/"},{"@type":"ListItem","position":3,"name":"Caviar Beluga Huso &#8211; Bo\u00eete Origine"}]},{"@type":"WebSite","@id":"https:\/\/www.caviar-ambassade.com\/#website","url":"https:\/\/www.caviar-ambassade.com\/","name":"Caviar Ambassade","description":"Le caviar des connaisseurs","publisher":{"@id":"https:\/\/www.caviar-ambassade.com\/#organization"},"potentialAction":[{"@type":"SearchAction","target":{"@type":"EntryPoint","urlTemplate":"https:\/\/www.caviar-ambassade.com\/?s={search_term_string}"},"query-input":{"@type":"PropertyValueSpecification","valueRequired":true,"valueName":"search_term_string"}}],"inLanguage":"en-US"},{"@type":"Organization","@id":"https:\/\/www.caviar-ambassade.com\/#organization","name":"Caviar Ambassade","url":"https:\/\/www.caviar-ambassade.com\/","logo":{"@type":"ImageObject","inLanguage":"en-US","@id":"https:\/\/www.caviar-ambassade.com\/#\/schema\/logo\/image\/","url":"https:\/\/www.caviar-ambassade.com\/wp-content\/uploads\/2021\/10\/cropped-logo-ambassade.png","contentUrl":"https:\/\/www.caviar-ambassade.com\/wp-content\/uploads\/2021\/10\/cropped-logo-ambassade.png","width":150,"height":150,"caption":"Caviar Ambassade"},"image":{"@id":"https:\/\/www.caviar-ambassade.com\/#\/schema\/logo\/image\/"}}]}},"_links":{"self":[{"href":"https:\/\/www.caviar-ambassade.com\/en_fr\/wp-json\/wp\/v2\/product\/8064","targetHints":{"allow":["GET"]}}],"collection":[{"href":"https:\/\/www.caviar-ambassade.com\/en_fr\/wp-json\/wp\/v2\/product"}],"about":[{"href":"https:\/\/www.caviar-ambassade.com\/en_fr\/wp-json\/wp\/v2\/types\/product"}],"wp:featuredmedia":[{"embeddable":true,"href":"https:\/\/www.caviar-ambassade.com\/en_fr\/wp-json\/wp\/v2\/media\/1471"}],"wp:attachment":[{"href":"https:\/\/www.caviar-ambassade.com\/en_fr\/wp-json\/wp\/v2\/media?parent=8064"}],"wp:term":[{"taxonomy":"product_brand","embeddable":true,"href":"https:\/\/www.caviar-ambassade.com\/en_fr\/wp-json\/wp\/v2\/product_brand?post=8064"},{"taxonomy":"product_cat","embeddable":true,"href":"https:\/\/www.caviar-ambassade.com\/en_fr\/wp-json\/wp\/v2\/product_cat?post=8064"},{"taxonomy":"product_tag","embeddable":true,"href":"https:\/\/www.caviar-ambassade.com\/en_fr\/wp-json\/wp\/v2\/product_tag?post=8064"}],"curies":[{"name":"wp","href":"https:\/\/api.w.org\/{rel}","templated":true}]}}