{"id":3799,"date":"2023-11-16T21:35:23","date_gmt":"2023-11-16T20:35:23","guid":{"rendered":"https:\/\/www.caviar-ambassade.com\/?post_type=product&#038;p=3799"},"modified":"2026-02-10T12:10:49","modified_gmt":"2026-02-10T11:10:49","slug":"oeufs-de-saumon-250g","status":"publish","type":"product","link":"https:\/\/www.caviar-ambassade.com\/en_gb\/product\/oeufs-de-saumon-250g\/","title":{"rendered":"Salmon roe 250g"},"content":{"rendered":"<p>Salmon roe, often referred to as \u2018red caviar\u2019, is emblematic of Russian cuisine. Although it is similar to traditional caviar in taste, salmon roe is distinguished by its larger size and unique texture. Melting delicately on the palate, it releases a sensation of freshness and intense iodine flavours, offering a refined taste experience.<\/p>\n<h2>Red caviar<\/h2>\n<p>Their powerful, fresh flavour makes them versatile and ideal for a variety of culinary occasions. They pair perfectly with aperitifs, adding a touch of sophistication to your starters. They are also very popular with fresh salads or warm potatoes, adding a tasty and elegant dimension to these simple dishes. Some enthusiasts even enjoy salmon roe for breakfast, incorporating this marine delicacy into their morning routine.<\/p>","protected":false},"excerpt":{"rendered":"<div><span style=\"color: #555555;\">Ingredients: Fish eggs (Oncorhynchus Keta salmon) (96.5%), salt<br \/>\n<\/span><span style=\"color: #555555;\">Allergens: Fish<br \/>\n<\/span><span style=\"color: #555555;\">Storage: Keep refrigerated between 0\u00b0C and 4\u00b0C<br \/>\n<\/span><span style=\"color: #555555;\">Ten minste houdbaar tot: 4 maanden<br \/>\n<\/span><span style=\"color: #555555;\">Origine : Canada ou Alaska<\/span><\/div>","protected":false},"featured_media":3798,"template":"","meta":{"_acf_changed":false},"product_brand":[],"product_cat":[63],"product_tag":[],"class_list":{"0":"post-3799","1":"product","2":"type-product","3":"status-publish","4":"has-post-thumbnail","6":"product_cat-oeufs-de-poisson","7":"product_shipping_class-fresh-product","9":"first","10":"instock","11":"sale","12":"taxable","13":"shipping-taxable","14":"purchasable","15":"product-type-simple"},"acf":[],"yoast_head":"<!-- This site is optimized with the Yoast SEO plugin v27.5 - https:\/\/yoast.com\/product\/yoast-seo-wordpress\/ -->\n<title>Oeufs de saumon 250g - Caviar Ambassade<\/title>\n<meta name=\"description\" content=\"Les \u0153ufs de saumon se distinguent par leur taille et leur texture unique. En fondant sous le palais, ils lib\u00e8rent une sensation iod\u00e9e de fra\u00eecheur !\" \/>\n<meta name=\"robots\" content=\"index, follow, max-snippet:-1, max-image-preview:large, max-video-preview:-1\" \/>\n<link rel=\"canonical\" href=\"https:\/\/www.caviar-ambassade.com\/en_gb\/product\/oeufs-de-saumon-250g\/\" \/>\n<meta property=\"og:locale\" content=\"en_GB\" \/>\n<meta property=\"og:type\" content=\"article\" \/>\n<meta property=\"og:title\" content=\"Oeufs de saumon 250g - Caviar Ambassade\" \/>\n<meta property=\"og:description\" content=\"Les \u0153ufs de saumon se distinguent par leur taille et leur texture unique. En fondant sous le palais, ils lib\u00e8rent une sensation iod\u00e9e de fra\u00eecheur !\" \/>\n<meta property=\"og:url\" content=\"https:\/\/www.caviar-ambassade.com\/en_gb\/product\/oeufs-de-saumon-250g\/\" \/>\n<meta property=\"og:site_name\" content=\"Caviar Ambassade\" \/>\n<meta property=\"article:modified_time\" content=\"2026-02-10T11:10:49+00:00\" \/>\n<meta property=\"og:image\" content=\"https:\/\/www.caviar-ambassade.com\/wp-content\/uploads\/2023\/11\/oeufs-de-saumon.png\" \/>\n\t<meta property=\"og:image:width\" content=\"1000\" \/>\n\t<meta property=\"og:image:height\" content=\"1000\" \/>\n\t<meta property=\"og:image:type\" content=\"image\/png\" \/>\n<meta name=\"twitter:card\" content=\"summary_large_image\" \/>\n<meta name=\"twitter:label1\" content=\"Estimated reading time\" \/>\n\t<meta name=\"twitter:data1\" content=\"1 minute\" \/>\n<script type=\"application\/ld+json\" class=\"yoast-schema-graph\">{\"@context\":\"https:\\\/\\\/schema.org\",\"@graph\":[{\"@type\":\"WebPage\",\"@id\":\"https:\\\/\\\/www.caviar-ambassade.com\\\/produit\\\/oeufs-de-saumon-250g\\\/\",\"url\":\"https:\\\/\\\/www.caviar-ambassade.com\\\/produit\\\/oeufs-de-saumon-250g\\\/\",\"name\":\"Oeufs de saumon 250g - Caviar Ambassade\",\"isPartOf\":{\"@id\":\"https:\\\/\\\/www.caviar-ambassade.com\\\/#website\"},\"primaryImageOfPage\":{\"@id\":\"https:\\\/\\\/www.caviar-ambassade.com\\\/produit\\\/oeufs-de-saumon-250g\\\/#primaryimage\"},\"image\":{\"@id\":\"https:\\\/\\\/www.caviar-ambassade.com\\\/produit\\\/oeufs-de-saumon-250g\\\/#primaryimage\"},\"thumbnailUrl\":\"https:\\\/\\\/www.caviar-ambassade.com\\\/wp-content\\\/uploads\\\/2023\\\/11\\\/oeufs-de-saumon.png\",\"datePublished\":\"2023-11-16T20:35:23+00:00\",\"dateModified\":\"2026-02-10T11:10:49+00:00\",\"description\":\"Les \u0153ufs de saumon se distinguent par leur taille et leur texture unique. En fondant sous le palais, ils lib\u00e8rent une sensation iod\u00e9e de fra\u00eecheur !\",\"breadcrumb\":{\"@id\":\"https:\\\/\\\/www.caviar-ambassade.com\\\/produit\\\/oeufs-de-saumon-250g\\\/#breadcrumb\"},\"inLanguage\":\"en-GB\",\"potentialAction\":[{\"@type\":\"ReadAction\",\"target\":[\"https:\\\/\\\/www.caviar-ambassade.com\\\/produit\\\/oeufs-de-saumon-250g\\\/\"]}]},{\"@type\":\"ImageObject\",\"inLanguage\":\"en-GB\",\"@id\":\"https:\\\/\\\/www.caviar-ambassade.com\\\/produit\\\/oeufs-de-saumon-250g\\\/#primaryimage\",\"url\":\"https:\\\/\\\/www.caviar-ambassade.com\\\/wp-content\\\/uploads\\\/2023\\\/11\\\/oeufs-de-saumon.png\",\"contentUrl\":\"https:\\\/\\\/www.caviar-ambassade.com\\\/wp-content\\\/uploads\\\/2023\\\/11\\\/oeufs-de-saumon.png\",\"width\":1000,\"height\":1000,\"caption\":\"oeufs de saumon\"},{\"@type\":\"BreadcrumbList\",\"@id\":\"https:\\\/\\\/www.caviar-ambassade.com\\\/produit\\\/oeufs-de-saumon-250g\\\/#breadcrumb\",\"itemListElement\":[{\"@type\":\"ListItem\",\"position\":1,\"name\":\"Accueil\",\"item\":\"https:\\\/\\\/www.caviar-ambassade.com\\\/\"},{\"@type\":\"ListItem\",\"position\":2,\"name\":\"Boutique\",\"item\":\"https:\\\/\\\/www.caviar-ambassade.com\\\/boutique\\\/\"},{\"@type\":\"ListItem\",\"position\":3,\"name\":\"Oeufs de saumon 250g\"}]},{\"@type\":\"WebSite\",\"@id\":\"https:\\\/\\\/www.caviar-ambassade.com\\\/#website\",\"url\":\"https:\\\/\\\/www.caviar-ambassade.com\\\/\",\"name\":\"Caviar Ambassade\",\"description\":\"Le caviar des connaisseurs\",\"publisher\":{\"@id\":\"https:\\\/\\\/www.caviar-ambassade.com\\\/#organization\"},\"potentialAction\":[{\"@type\":\"SearchAction\",\"target\":{\"@type\":\"EntryPoint\",\"urlTemplate\":\"https:\\\/\\\/www.caviar-ambassade.com\\\/?s={search_term_string}\"},\"query-input\":{\"@type\":\"PropertyValueSpecification\",\"valueRequired\":true,\"valueName\":\"search_term_string\"}}],\"inLanguage\":\"en-GB\"},{\"@type\":\"Organization\",\"@id\":\"https:\\\/\\\/www.caviar-ambassade.com\\\/#organization\",\"name\":\"Caviar Ambassade\",\"url\":\"https:\\\/\\\/www.caviar-ambassade.com\\\/\",\"logo\":{\"@type\":\"ImageObject\",\"inLanguage\":\"en-GB\",\"@id\":\"https:\\\/\\\/www.caviar-ambassade.com\\\/#\\\/schema\\\/logo\\\/image\\\/\",\"url\":\"https:\\\/\\\/www.caviar-ambassade.com\\\/wp-content\\\/uploads\\\/2021\\\/10\\\/cropped-logo-ambassade.png\",\"contentUrl\":\"https:\\\/\\\/www.caviar-ambassade.com\\\/wp-content\\\/uploads\\\/2021\\\/10\\\/cropped-logo-ambassade.png\",\"width\":150,\"height\":150,\"caption\":\"Caviar Ambassade\"},\"image\":{\"@id\":\"https:\\\/\\\/www.caviar-ambassade.com\\\/#\\\/schema\\\/logo\\\/image\\\/\"}}]}<\/script>\n<!-- \/ Yoast SEO plugin. -->","yoast_head_json":{"title":"Oeufs de saumon 250g - Caviar Ambassade","description":"Les \u0153ufs de saumon se distinguent par leur taille et leur texture unique. En fondant sous le palais, ils lib\u00e8rent une sensation iod\u00e9e de fra\u00eecheur !","robots":{"index":"index","follow":"follow","max-snippet":"max-snippet:-1","max-image-preview":"max-image-preview:large","max-video-preview":"max-video-preview:-1"},"canonical":"https:\/\/www.caviar-ambassade.com\/en_gb\/product\/oeufs-de-saumon-250g\/","og_locale":"en_GB","og_type":"article","og_title":"Oeufs de saumon 250g - Caviar Ambassade","og_description":"Les \u0153ufs de saumon se distinguent par leur taille et leur texture unique. En fondant sous le palais, ils lib\u00e8rent une sensation iod\u00e9e de fra\u00eecheur !","og_url":"https:\/\/www.caviar-ambassade.com\/en_gb\/product\/oeufs-de-saumon-250g\/","og_site_name":"Caviar Ambassade","article_modified_time":"2026-02-10T11:10:49+00:00","og_image":[{"width":1000,"height":1000,"url":"https:\/\/www.caviar-ambassade.com\/wp-content\/uploads\/2023\/11\/oeufs-de-saumon.png","type":"image\/png"}],"twitter_card":"summary_large_image","twitter_misc":{"Estimated reading time":"1 minute"},"schema":{"@context":"https:\/\/schema.org","@graph":[{"@type":"WebPage","@id":"https:\/\/www.caviar-ambassade.com\/produit\/oeufs-de-saumon-250g\/","url":"https:\/\/www.caviar-ambassade.com\/produit\/oeufs-de-saumon-250g\/","name":"Oeufs de saumon 250g - Caviar Ambassade","isPartOf":{"@id":"https:\/\/www.caviar-ambassade.com\/#website"},"primaryImageOfPage":{"@id":"https:\/\/www.caviar-ambassade.com\/produit\/oeufs-de-saumon-250g\/#primaryimage"},"image":{"@id":"https:\/\/www.caviar-ambassade.com\/produit\/oeufs-de-saumon-250g\/#primaryimage"},"thumbnailUrl":"https:\/\/www.caviar-ambassade.com\/wp-content\/uploads\/2023\/11\/oeufs-de-saumon.png","datePublished":"2023-11-16T20:35:23+00:00","dateModified":"2026-02-10T11:10:49+00:00","description":"Les \u0153ufs de saumon se distinguent par leur taille et leur texture unique. En fondant sous le palais, ils lib\u00e8rent une sensation iod\u00e9e de fra\u00eecheur !","breadcrumb":{"@id":"https:\/\/www.caviar-ambassade.com\/produit\/oeufs-de-saumon-250g\/#breadcrumb"},"inLanguage":"en-GB","potentialAction":[{"@type":"ReadAction","target":["https:\/\/www.caviar-ambassade.com\/produit\/oeufs-de-saumon-250g\/"]}]},{"@type":"ImageObject","inLanguage":"en-GB","@id":"https:\/\/www.caviar-ambassade.com\/produit\/oeufs-de-saumon-250g\/#primaryimage","url":"https:\/\/www.caviar-ambassade.com\/wp-content\/uploads\/2023\/11\/oeufs-de-saumon.png","contentUrl":"https:\/\/www.caviar-ambassade.com\/wp-content\/uploads\/2023\/11\/oeufs-de-saumon.png","width":1000,"height":1000,"caption":"oeufs de saumon"},{"@type":"BreadcrumbList","@id":"https:\/\/www.caviar-ambassade.com\/produit\/oeufs-de-saumon-250g\/#breadcrumb","itemListElement":[{"@type":"ListItem","position":1,"name":"Accueil","item":"https:\/\/www.caviar-ambassade.com\/"},{"@type":"ListItem","position":2,"name":"Boutique","item":"https:\/\/www.caviar-ambassade.com\/boutique\/"},{"@type":"ListItem","position":3,"name":"Oeufs de saumon 250g"}]},{"@type":"WebSite","@id":"https:\/\/www.caviar-ambassade.com\/#website","url":"https:\/\/www.caviar-ambassade.com\/","name":"Caviar Ambassade","description":"Le caviar des connaisseurs","publisher":{"@id":"https:\/\/www.caviar-ambassade.com\/#organization"},"potentialAction":[{"@type":"SearchAction","target":{"@type":"EntryPoint","urlTemplate":"https:\/\/www.caviar-ambassade.com\/?s={search_term_string}"},"query-input":{"@type":"PropertyValueSpecification","valueRequired":true,"valueName":"search_term_string"}}],"inLanguage":"en-GB"},{"@type":"Organization","@id":"https:\/\/www.caviar-ambassade.com\/#organization","name":"Caviar Ambassade","url":"https:\/\/www.caviar-ambassade.com\/","logo":{"@type":"ImageObject","inLanguage":"en-GB","@id":"https:\/\/www.caviar-ambassade.com\/#\/schema\/logo\/image\/","url":"https:\/\/www.caviar-ambassade.com\/wp-content\/uploads\/2021\/10\/cropped-logo-ambassade.png","contentUrl":"https:\/\/www.caviar-ambassade.com\/wp-content\/uploads\/2021\/10\/cropped-logo-ambassade.png","width":150,"height":150,"caption":"Caviar Ambassade"},"image":{"@id":"https:\/\/www.caviar-ambassade.com\/#\/schema\/logo\/image\/"}}]}},"_links":{"self":[{"href":"https:\/\/www.caviar-ambassade.com\/en_gb\/wp-json\/wp\/v2\/product\/3799","targetHints":{"allow":["GET"]}}],"collection":[{"href":"https:\/\/www.caviar-ambassade.com\/en_gb\/wp-json\/wp\/v2\/product"}],"about":[{"href":"https:\/\/www.caviar-ambassade.com\/en_gb\/wp-json\/wp\/v2\/types\/product"}],"wp:featuredmedia":[{"embeddable":true,"href":"https:\/\/www.caviar-ambassade.com\/en_gb\/wp-json\/wp\/v2\/media\/3798"}],"wp:attachment":[{"href":"https:\/\/www.caviar-ambassade.com\/en_gb\/wp-json\/wp\/v2\/media?parent=3799"}],"wp:term":[{"taxonomy":"product_brand","embeddable":true,"href":"https:\/\/www.caviar-ambassade.com\/en_gb\/wp-json\/wp\/v2\/product_brand?post=3799"},{"taxonomy":"product_cat","embeddable":true,"href":"https:\/\/www.caviar-ambassade.com\/en_gb\/wp-json\/wp\/v2\/product_cat?post=3799"},{"taxonomy":"product_tag","embeddable":true,"href":"https:\/\/www.caviar-ambassade.com\/en_gb\/wp-json\/wp\/v2\/product_tag?post=3799"}],"curies":[{"name":"wp","href":"https:\/\/api.w.org\/{rel}","templated":true}]}}