{"id":4290,"date":"2025-03-17T16:25:35","date_gmt":"2025-03-17T15:25:35","guid":{"rendered":"https:\/\/www.caviar-ambassade.com\/?post_type=product&#038;p=4290"},"modified":"2026-01-19T11:15:03","modified_gmt":"2026-01-19T10:15:03","slug":"vodka-solignac-initiale","status":"publish","type":"product","link":"https:\/\/www.caviar-ambassade.com\/en_gb\/product\/vodka-solignac-initiale\/","title":{"rendered":"Solignac Vodka \u2013 Initial"},"content":{"rendered":"<p>The Solignac House was founded in Brie-sous-Archiac in 2010 by Pierre Solignac. Since the 2000s, Pierre Solignac has been distilling exceptional vodkas using recipes with unique ingredients. Pierre is a passionate distiller whose goal is to restore the taste, character and richness of vodka recipes.<\/p>\n<p>She has mastered the art of long maceration followed by ultra-slow distillation in a small copper still. This brings out all the flavour and delicacy of the ingredients.<\/p>\n<p>Initiale vodka reveals subtle notes of toasted rye. This Solignac Initiale vodka pairs perfectly with caviar and delicate dishes.<\/p>\n<p>Solignac vodkas all have a unique recipe and can be enjoyed neat, slightly chilled or at room temperature to fully reveal their rich flavours.<\/p>","protected":false},"excerpt":{"rendered":"<p>Size: 70cl<br \/>\nAlcohol content: 40%<\/p>","protected":false},"featured_media":4291,"template":"","meta":{"_acf_changed":false},"product_brand":[],"product_cat":[66],"product_tag":[],"class_list":{"0":"post-4290","1":"product","2":"type-product","3":"status-publish","4":"has-post-thumbnail","6":"product_cat-vodkas","8":"first","9":"outofstock","10":"sale","11":"taxable","12":"shipping-taxable","13":"purchasable","14":"product-type-simple"},"acf":[],"yoast_head":"<!-- This site is optimized with the Yoast SEO plugin v27.5 - https:\/\/yoast.com\/product\/yoast-seo-wordpress\/ -->\n<title>Vodka Solignac - Initiale - Caviar Ambassade<\/title>\n<meta name=\"description\" content=\"La vodka Initiale r\u00e9v\u00e8le des notes subtiles de seigle toast\u00e9. Cette vodka Solignac Initiale se marie id\u00e9alement avec le caviar et des mets d\u00e9licats.\" \/>\n<meta name=\"robots\" content=\"index, follow, max-snippet:-1, max-image-preview:large, max-video-preview:-1\" \/>\n<link rel=\"canonical\" href=\"https:\/\/www.caviar-ambassade.com\/en_gb\/product\/vodka-solignac-initiale\/\" \/>\n<meta property=\"og:locale\" content=\"en_GB\" \/>\n<meta property=\"og:type\" content=\"article\" \/>\n<meta property=\"og:title\" content=\"Vodka Solignac - Initiale - Caviar Ambassade\" \/>\n<meta property=\"og:description\" content=\"La vodka Initiale r\u00e9v\u00e8le des notes subtiles de seigle toast\u00e9. Cette vodka Solignac Initiale se marie id\u00e9alement avec le caviar et des mets d\u00e9licats.\" \/>\n<meta property=\"og:url\" content=\"https:\/\/www.caviar-ambassade.com\/en_gb\/product\/vodka-solignac-initiale\/\" \/>\n<meta property=\"og:site_name\" content=\"Caviar Ambassade\" \/>\n<meta property=\"article:modified_time\" content=\"2026-01-19T10:15:03+00:00\" \/>\n<meta property=\"og:image\" content=\"https:\/\/www.caviar-ambassade.com\/wp-content\/uploads\/2024\/01\/solignac-vodka-initiale.jpg\" \/>\n\t<meta property=\"og:image:width\" content=\"1000\" \/>\n\t<meta property=\"og:image:height\" content=\"1000\" \/>\n\t<meta property=\"og:image:type\" content=\"image\/jpeg\" \/>\n<meta name=\"twitter:card\" content=\"summary_large_image\" \/>\n<meta name=\"twitter:label1\" content=\"Estimated reading time\" \/>\n\t<meta name=\"twitter:data1\" content=\"1 minute\" \/>\n<script type=\"application\/ld+json\" class=\"yoast-schema-graph\">{\"@context\":\"https:\\\/\\\/schema.org\",\"@graph\":[{\"@type\":\"WebPage\",\"@id\":\"https:\\\/\\\/www.caviar-ambassade.com\\\/produit\\\/vodka-solignac-initiale\\\/\",\"url\":\"https:\\\/\\\/www.caviar-ambassade.com\\\/produit\\\/vodka-solignac-initiale\\\/\",\"name\":\"Vodka Solignac - Initiale - Caviar Ambassade\",\"isPartOf\":{\"@id\":\"https:\\\/\\\/www.caviar-ambassade.com\\\/#website\"},\"primaryImageOfPage\":{\"@id\":\"https:\\\/\\\/www.caviar-ambassade.com\\\/produit\\\/vodka-solignac-initiale\\\/#primaryimage\"},\"image\":{\"@id\":\"https:\\\/\\\/www.caviar-ambassade.com\\\/produit\\\/vodka-solignac-initiale\\\/#primaryimage\"},\"thumbnailUrl\":\"https:\\\/\\\/www.caviar-ambassade.com\\\/wp-content\\\/uploads\\\/2024\\\/01\\\/solignac-vodka-initiale.jpg\",\"datePublished\":\"2025-03-17T15:25:35+00:00\",\"dateModified\":\"2026-01-19T10:15:03+00:00\",\"description\":\"La vodka Initiale r\u00e9v\u00e8le des notes subtiles de seigle toast\u00e9. Cette vodka Solignac Initiale se marie id\u00e9alement avec le caviar et des mets d\u00e9licats.\",\"breadcrumb\":{\"@id\":\"https:\\\/\\\/www.caviar-ambassade.com\\\/produit\\\/vodka-solignac-initiale\\\/#breadcrumb\"},\"inLanguage\":\"en-GB\",\"potentialAction\":[{\"@type\":\"ReadAction\",\"target\":[\"https:\\\/\\\/www.caviar-ambassade.com\\\/produit\\\/vodka-solignac-initiale\\\/\"]}]},{\"@type\":\"ImageObject\",\"inLanguage\":\"en-GB\",\"@id\":\"https:\\\/\\\/www.caviar-ambassade.com\\\/produit\\\/vodka-solignac-initiale\\\/#primaryimage\",\"url\":\"https:\\\/\\\/www.caviar-ambassade.com\\\/wp-content\\\/uploads\\\/2024\\\/01\\\/solignac-vodka-initiale.jpg\",\"contentUrl\":\"https:\\\/\\\/www.caviar-ambassade.com\\\/wp-content\\\/uploads\\\/2024\\\/01\\\/solignac-vodka-initiale.jpg\",\"width\":1000,\"height\":1000,\"caption\":\"vodka solignac\"},{\"@type\":\"BreadcrumbList\",\"@id\":\"https:\\\/\\\/www.caviar-ambassade.com\\\/produit\\\/vodka-solignac-initiale\\\/#breadcrumb\",\"itemListElement\":[{\"@type\":\"ListItem\",\"position\":1,\"name\":\"Accueil\",\"item\":\"https:\\\/\\\/www.caviar-ambassade.com\\\/\"},{\"@type\":\"ListItem\",\"position\":2,\"name\":\"Boutique\",\"item\":\"https:\\\/\\\/www.caviar-ambassade.com\\\/boutique\\\/\"},{\"@type\":\"ListItem\",\"position\":3,\"name\":\"Vodka Solignac &#8211; Initiale\"}]},{\"@type\":\"WebSite\",\"@id\":\"https:\\\/\\\/www.caviar-ambassade.com\\\/#website\",\"url\":\"https:\\\/\\\/www.caviar-ambassade.com\\\/\",\"name\":\"Caviar Ambassade\",\"description\":\"Le caviar des connaisseurs\",\"publisher\":{\"@id\":\"https:\\\/\\\/www.caviar-ambassade.com\\\/#organization\"},\"potentialAction\":[{\"@type\":\"SearchAction\",\"target\":{\"@type\":\"EntryPoint\",\"urlTemplate\":\"https:\\\/\\\/www.caviar-ambassade.com\\\/?s={search_term_string}\"},\"query-input\":{\"@type\":\"PropertyValueSpecification\",\"valueRequired\":true,\"valueName\":\"search_term_string\"}}],\"inLanguage\":\"en-GB\"},{\"@type\":\"Organization\",\"@id\":\"https:\\\/\\\/www.caviar-ambassade.com\\\/#organization\",\"name\":\"Caviar Ambassade\",\"url\":\"https:\\\/\\\/www.caviar-ambassade.com\\\/\",\"logo\":{\"@type\":\"ImageObject\",\"inLanguage\":\"en-GB\",\"@id\":\"https:\\\/\\\/www.caviar-ambassade.com\\\/#\\\/schema\\\/logo\\\/image\\\/\",\"url\":\"https:\\\/\\\/www.caviar-ambassade.com\\\/wp-content\\\/uploads\\\/2021\\\/10\\\/cropped-logo-ambassade.png\",\"contentUrl\":\"https:\\\/\\\/www.caviar-ambassade.com\\\/wp-content\\\/uploads\\\/2021\\\/10\\\/cropped-logo-ambassade.png\",\"width\":150,\"height\":150,\"caption\":\"Caviar Ambassade\"},\"image\":{\"@id\":\"https:\\\/\\\/www.caviar-ambassade.com\\\/#\\\/schema\\\/logo\\\/image\\\/\"}}]}<\/script>\n<!-- \/ Yoast SEO plugin. -->","yoast_head_json":{"title":"Vodka Solignac - Initiale - Caviar Ambassade","description":"Initiale vodka reveals subtle notes of toasted rye. This Solignac Initiale vodka pairs perfectly with caviar and delicate dishes.","robots":{"index":"index","follow":"follow","max-snippet":"max-snippet:-1","max-image-preview":"max-image-preview:large","max-video-preview":"max-video-preview:-1"},"canonical":"https:\/\/www.caviar-ambassade.com\/en_gb\/product\/vodka-solignac-initiale\/","og_locale":"en_GB","og_type":"article","og_title":"Vodka Solignac - Initiale - Caviar Ambassade","og_description":"La vodka Initiale r\u00e9v\u00e8le des notes subtiles de seigle toast\u00e9. Cette vodka Solignac Initiale se marie id\u00e9alement avec le caviar et des mets d\u00e9licats.","og_url":"https:\/\/www.caviar-ambassade.com\/en_gb\/product\/vodka-solignac-initiale\/","og_site_name":"Caviar Ambassade","article_modified_time":"2026-01-19T10:15:03+00:00","og_image":[{"width":1000,"height":1000,"url":"https:\/\/www.caviar-ambassade.com\/wp-content\/uploads\/2024\/01\/solignac-vodka-initiale.jpg","type":"image\/jpeg"}],"twitter_card":"summary_large_image","twitter_misc":{"Estimated reading time":"1 minute"},"schema":{"@context":"https:\/\/schema.org","@graph":[{"@type":"WebPage","@id":"https:\/\/www.caviar-ambassade.com\/produit\/vodka-solignac-initiale\/","url":"https:\/\/www.caviar-ambassade.com\/produit\/vodka-solignac-initiale\/","name":"Vodka Solignac - Initiale - Caviar Ambassade","isPartOf":{"@id":"https:\/\/www.caviar-ambassade.com\/#website"},"primaryImageOfPage":{"@id":"https:\/\/www.caviar-ambassade.com\/produit\/vodka-solignac-initiale\/#primaryimage"},"image":{"@id":"https:\/\/www.caviar-ambassade.com\/produit\/vodka-solignac-initiale\/#primaryimage"},"thumbnailUrl":"https:\/\/www.caviar-ambassade.com\/wp-content\/uploads\/2024\/01\/solignac-vodka-initiale.jpg","datePublished":"2025-03-17T15:25:35+00:00","dateModified":"2026-01-19T10:15:03+00:00","description":"Initiale vodka reveals subtle notes of toasted rye. This Solignac Initiale vodka pairs perfectly with caviar and delicate dishes.","breadcrumb":{"@id":"https:\/\/www.caviar-ambassade.com\/produit\/vodka-solignac-initiale\/#breadcrumb"},"inLanguage":"en-GB","potentialAction":[{"@type":"ReadAction","target":["https:\/\/www.caviar-ambassade.com\/produit\/vodka-solignac-initiale\/"]}]},{"@type":"ImageObject","inLanguage":"en-GB","@id":"https:\/\/www.caviar-ambassade.com\/produit\/vodka-solignac-initiale\/#primaryimage","url":"https:\/\/www.caviar-ambassade.com\/wp-content\/uploads\/2024\/01\/solignac-vodka-initiale.jpg","contentUrl":"https:\/\/www.caviar-ambassade.com\/wp-content\/uploads\/2024\/01\/solignac-vodka-initiale.jpg","width":1000,"height":1000,"caption":"vodka solignac"},{"@type":"BreadcrumbList","@id":"https:\/\/www.caviar-ambassade.com\/produit\/vodka-solignac-initiale\/#breadcrumb","itemListElement":[{"@type":"ListItem","position":1,"name":"Accueil","item":"https:\/\/www.caviar-ambassade.com\/"},{"@type":"ListItem","position":2,"name":"Boutique","item":"https:\/\/www.caviar-ambassade.com\/boutique\/"},{"@type":"ListItem","position":3,"name":"Vodka Solignac &#8211; Initiale"}]},{"@type":"WebSite","@id":"https:\/\/www.caviar-ambassade.com\/#website","url":"https:\/\/www.caviar-ambassade.com\/","name":"Caviar Ambassade","description":"Le caviar des connaisseurs","publisher":{"@id":"https:\/\/www.caviar-ambassade.com\/#organization"},"potentialAction":[{"@type":"SearchAction","target":{"@type":"EntryPoint","urlTemplate":"https:\/\/www.caviar-ambassade.com\/?s={search_term_string}"},"query-input":{"@type":"PropertyValueSpecification","valueRequired":true,"valueName":"search_term_string"}}],"inLanguage":"en-GB"},{"@type":"Organization","@id":"https:\/\/www.caviar-ambassade.com\/#organization","name":"Caviar Ambassade","url":"https:\/\/www.caviar-ambassade.com\/","logo":{"@type":"ImageObject","inLanguage":"en-GB","@id":"https:\/\/www.caviar-ambassade.com\/#\/schema\/logo\/image\/","url":"https:\/\/www.caviar-ambassade.com\/wp-content\/uploads\/2021\/10\/cropped-logo-ambassade.png","contentUrl":"https:\/\/www.caviar-ambassade.com\/wp-content\/uploads\/2021\/10\/cropped-logo-ambassade.png","width":150,"height":150,"caption":"Caviar Ambassade"},"image":{"@id":"https:\/\/www.caviar-ambassade.com\/#\/schema\/logo\/image\/"}}]}},"_links":{"self":[{"href":"https:\/\/www.caviar-ambassade.com\/en_gb\/wp-json\/wp\/v2\/product\/4290","targetHints":{"allow":["GET"]}}],"collection":[{"href":"https:\/\/www.caviar-ambassade.com\/en_gb\/wp-json\/wp\/v2\/product"}],"about":[{"href":"https:\/\/www.caviar-ambassade.com\/en_gb\/wp-json\/wp\/v2\/types\/product"}],"wp:featuredmedia":[{"embeddable":true,"href":"https:\/\/www.caviar-ambassade.com\/en_gb\/wp-json\/wp\/v2\/media\/4291"}],"wp:attachment":[{"href":"https:\/\/www.caviar-ambassade.com\/en_gb\/wp-json\/wp\/v2\/media?parent=4290"}],"wp:term":[{"taxonomy":"product_brand","embeddable":true,"href":"https:\/\/www.caviar-ambassade.com\/en_gb\/wp-json\/wp\/v2\/product_brand?post=4290"},{"taxonomy":"product_cat","embeddable":true,"href":"https:\/\/www.caviar-ambassade.com\/en_gb\/wp-json\/wp\/v2\/product_cat?post=4290"},{"taxonomy":"product_tag","embeddable":true,"href":"https:\/\/www.caviar-ambassade.com\/en_gb\/wp-json\/wp\/v2\/product_tag?post=4290"}],"curies":[{"name":"wp","href":"https:\/\/api.w.org\/{rel}","templated":true}]}}