{"id":31,"date":"2018-10-31T12:04:00","date_gmt":"2018-10-31T11:04:00","guid":{"rendered":"http:\/\/www.caviar-ambassade.com\/?post_type=product&#038;p=31"},"modified":"2026-04-23T11:52:44","modified_gmt":"2026-04-23T09:52:44","slug":"caviar-oscietre","status":"publish","type":"product","link":"https:\/\/www.caviar-ambassade.com\/es_es\/producto\/caviar-oscietre\/","title":{"rendered":"Caviar Oscietre"},"content":{"rendered":"<p>El caviar osci\u00e8tre, por su excepcional calidad, es reconocido como un aut\u00e9ntico icono entre los caviares. Su prestigio reside en sus caracter\u00edsticas \u00fanicas, que le confieren un lugar privilegiado en el mundo de los manjares. Cada bocado ofrece una experiencia sensorial incomparable, en la que la riqueza de sabores se combina armoniosamente con la delicadeza de la textura, para el mayor placer de los conocedores.<\/p>\n<h2>Caviar Osci\u00e8tre: Alabado por los paladares m\u00e1s exigentes<\/h2>\n<p>El magn\u00edfico tama\u00f1o de los huevos ofrece una gama de colores intensos, que va del \u00e1mbar al bronce. La sensaci\u00f3n en boca es igualmente notable, con una textura a la vez firme y delicada, que confiere al plato una elegancia y un equilibrio incomparables. Los sabores exquisitos evocan notas yodadas y marinas, transportando el paladar en una experiencia de degustaci\u00f3n refinada y envolvente.<\/p>\n<p>La rigurosa selecci\u00f3n de los huevos y el meticuloso proceso de producci\u00f3n garantizan la perfecci\u00f3n de cada grano de caviar oscietra. Cada etapa, desde la cr\u00eda de los esturiones hasta la degustaci\u00f3n final, se lleva a cabo con un af\u00e1n de excelencia, preservando as\u00ed la calidad y la autenticidad de este manjar excepcional.<\/p>","protected":false},"excerpt":{"rendered":"<div class=\"banner-grid-wrapper\">\n  <div id=\"banner-grid-797171967\" class=\"banner-grid row row-grid row-small\" data-packery-options=\"\">\n                      \n\n<div class=\"col grid-col large-6 grid-col-1\" ><div class=\"col-inner\">\n\n\n  <div class=\"banner has-hover\" id=\"banner-1454943656\">\n          <div class=\"banner-inner fill\">\n        <div class=\"banner-bg fill\" >\n                                                \n                    <\/div>\n\t\t\n        <div class=\"banner-layers container\">\n            <div class=\"fill banner-link\"><\/div>            \n\n   <div id=\"text-box-106683238\" class=\"text-box banner-layer x50 md-x50 lg-x50 y50 md-y50 lg-y50 res-text\">\n                                <div class=\"text-box-content text dark\">\n              \n              <div class=\"text-inner text-left\">\n                  \n\n<div class=\"container section-title-container\" ><h3 class=\"section-title section-title-center\"><b aria-hidden=\"true\"><\/b><span class=\"section-title-main\" >Consejos para degustar el caviar<\/span><b aria-hidden=\"true\"><\/b><\/h3><\/div>\n\n\t<div id=\"text-8512590\" class=\"text\">\n\t\t\n\n<p><strong>Conservar el caviar en fr\u00edo<\/strong><br \/>El caviar debe mantenerse a una temperatura de entre 0 y 4\u202f\u00b0C hasta el momento de servirlo. Nunca debe congelarse, ya que esto altera la textura de las huevas.<\/p>\n<p><strong>Servir el caviar fresco<\/strong><br \/>El caviar se degusta fresco, pero tampoco debe estar demasiado fr\u00edo. La temperatura ideal para servirlo es de unos 8 a 9 \u00b0C. Para ello, coloque la caja de caviar abierta sobre una cama de hielo justo antes de ofrecerlo a sus invitados. El hielo permite mantener la frescura del caviar sin enfriarlo en exceso.<\/p>\n<p><strong>Usar la cuchara de n\u00e1car<\/strong><br \/>Se deben evitar los utensilios de metal, ya que pueden dar al caviar un desagradable sabor met\u00e1lico. Es preferible utilizar cucharas de n\u00e1car. El n\u00e1car es el material que se utiliza tradicionalmente, ya que no altera el sabor del caviar.<\/p>\n\t\t\n<style>\n#text-8512590 {\n  font-size: 0.75rem;\n}\n<\/style>\n\t<\/div>\n\t\n\n              <\/div>\n           <\/div>\n                            \n<style>\n#text-box-106683238 {\n  width: 90%;\n}\n#text-box-106683238 .text-box-content {\n  font-size: 100%;\n}\n<\/style>\n    <\/div>\n \n\n        <\/div>\n      <\/div>\n\n            \n<style>\n#banner-1454943656 {\n  padding-top: 500px;\n}\n<\/style>\n  <\/div>\n\n\n\n<\/div><\/div>\n<div class=\"col grid-col large-3 grid-col-1\" ><div class=\"col-inner\">\n\n\n  <div class=\"banner has-hover\" id=\"banner-1133900412\">\n          <div class=\"banner-inner fill\">\n        <div class=\"banner-bg fill\" >\n            <img width=\"800\" height=\"800\" src=\"https:\/\/www.caviar-ambassade.com\/wp-content\/uploads\/2021\/07\/caviar-ambassade3-800x800.jpg\" class=\"bg attachment-large size-large\" alt=\"caviar ambassade\" decoding=\"async\" loading=\"lazy\" \/>                                    \n                    <\/div>\n\t\t\n        <div class=\"banner-layers container\">\n            <div class=\"fill banner-link\"><\/div>            \n\n   <div id=\"text-box-813344804\" class=\"text-box banner-layer x50 md-x50 lg-x50 y50 md-y50 lg-y50 res-text\">\n                                <div class=\"text-box-content text dark\">\n              \n              <div class=\"text-inner text-center\">\n                  \n\n<div class=\"container section-title-container\" ><h3 class=\"section-title section-title-center\"><b aria-hidden=\"true\"><\/b><span class=\"section-title-main\" style=\"color:rgb(0, 0, 0);\">Receta muy sencilla<\/span><b aria-hidden=\"true\"><\/b><\/h3><\/div>\n\n\t<div id=\"text-115827166\" class=\"text\">\n\t\t\n\n<p style=\"text-align: center;\"><strong>Pur\u00e9 de patatas con caviar<\/strong><\/p>\r\nCueza las patatas peladas en agua con sal.\n\nEsc\u00farralas, trit\u00farelas con un pasapur\u00e9s y m\u00e9zclelas con un poco de nata fresca.\n\nSirva el pur\u00e9 de patatas en un plato.\n\nColoque una buena cucharada de caviar encima (unos 50 g por persona).\n\t\t\n<style>\n#text-115827166 {\n  font-size: 0.75rem;\n  text-align: left;\n  color: rgb(0, 0, 0);\n}\n#text-115827166 > * {\n  color: rgb(0, 0, 0);\n}\n<\/style>\n\t<\/div>\n\t\n\n              <\/div>\n           <\/div>\n                            \n<style>\n#text-box-813344804 {\n  margin: 0px 0px 0px 0px;\n  width: 90%;\n}\n#text-box-813344804 .text-box-content {\n  background-color: rgba(255, 255, 255, 0.622);\n  font-size: 100%;\n}\n#text-box-813344804 .text-inner {\n  padding: 10px 10px 10px 10px;\n}\n<\/style>\n    <\/div>\n \n\n        <\/div>\n      <\/div>\n\n            \n<style>\n#banner-1133900412 {\n  padding-top: 500px;\n  background-color: rgb(255,255,255);\n}\n#banner-1133900412 .banner-bg img {\n  object-position: center;\n}\n<\/style>\n  <\/div>\n\n\n\n<\/div><\/div>\n<div class=\"col grid-col large-3 grid-col-1-2\" ><div class=\"col-inner\">\n\n\n  <div class=\"banner has-hover\" id=\"banner-248715771\">\n          <div class=\"banner-inner fill\">\n        <div class=\"banner-bg fill\" >\n                                                \n                    <\/div>\n\t\t\n        <div class=\"banner-layers container\">\n            <div class=\"fill banner-link\"><\/div>            \n\n   <div id=\"text-box-2103614269\" class=\"text-box banner-layer x50 md-x50 lg-x50 y50 md-y50 lg-y50 res-text\">\n                                <div class=\"text-box-content text dark\">\n              \n              <div class=\"text-inner text-center\">\n                  \n\n<div class=\"container section-title-container\" ><h3 class=\"section-title section-title-center\"><b aria-hidden=\"true\"><\/b><span class=\"section-title-main\" style=\"color:rgb(255, 255, 255);\">\u00bfQu\u00e9 vino marida bien con este caviar?<\/span><b aria-hidden=\"true\"><\/b><\/h3><\/div>\n\n\t<div id=\"text-993862976\" class=\"text\">\n\t\t\n\n\u00a1Con el champ\u00e1n, el \u00e9xito est\u00e1 garantizado! La frescura del champ\u00e1n, con sus finas burbujas, complementa a la perfecci\u00f3n el caviar, preparando el paladar para apreciar plenamente sus delicados aromas. Opte por un Blanc de Noirs para obtener el mejor maridaje.\n\t\t\n<style>\n#text-993862976 {\n  font-size: 0.75rem;\n  text-align: left;\n}\n<\/style>\n\t<\/div>\n\t\n\n              <\/div>\n           <\/div>\n                            \n<style>\n#text-box-2103614269 {\n  width: 80%;\n}\n#text-box-2103614269 .text-box-content {\n  font-size: 100%;\n}\n<\/style>\n    <\/div>\n \n\n        <\/div>\n      <\/div>\n\n            \n<style>\n#banner-248715771 {\n  padding-top: 500px;\n}\n<\/style>\n  <\/div>\n\n\n\n<\/div><\/div>\n<div class=\"col grid-col large-3 grid-col-1-2\" ><div class=\"col-inner\">\n\n\t<div class=\"img has-hover x md-x lg-x y md-y lg-y\" id=\"image_833018103\">\n\t\t\t\t\t\t\t\t<div class=\"img-inner dark\" >\n\t\t\t<img width=\"800\" height=\"800\" src=\"https:\/\/www.caviar-ambassade.com\/wp-content\/uploads\/2021\/12\/caviar-ambassade8-800x800.jpg\" class=\"attachment-large size-large\" alt=\"caviar ambassade\" decoding=\"async\" loading=\"lazy\" srcset=\"https:\/\/www.caviar-ambassade.com\/wp-content\/uploads\/2021\/12\/caviar-ambassade8-800x800.jpg 800w, https:\/\/www.caviar-ambassade.com\/wp-content\/uploads\/2021\/12\/caviar-ambassade8-247x247.jpg 247w, https:\/\/www.caviar-ambassade.com\/wp-content\/uploads\/2021\/12\/caviar-ambassade8-100x100.jpg 100w, https:\/\/www.caviar-ambassade.com\/wp-content\/uploads\/2021\/12\/caviar-ambassade8-510x510.jpg 510w, https:\/\/www.caviar-ambassade.com\/wp-content\/uploads\/2021\/12\/caviar-ambassade8-400x400.jpg 400w, https:\/\/www.caviar-ambassade.com\/wp-content\/uploads\/2021\/12\/caviar-ambassade8-280x280.jpg 280w, https:\/\/www.caviar-ambassade.com\/wp-content\/uploads\/2021\/12\/caviar-ambassade8-768x768.jpg 768w, https:\/\/www.caviar-ambassade.com\/wp-content\/uploads\/2021\/12\/caviar-ambassade8.jpg 1000w\" sizes=\"auto, (max-width: 800px) 100vw, 800px\" \/>\t\t\t\t\t\t\n\t\t\t\t\t<\/div>\n\t\t\t\t\t\t\t\t\n<style>\n#image_833018103 {\n  width: 100%;\n}\n<\/style>\n\t<\/div>\n\t\n\n\n<\/div><\/div>\n\n            <\/div>\n    <style>\n    #banner-grid-797171967 .grid-col-1{height: 600px}\n    #banner-grid-797171967 .grid-col-1-2{height: 300px}\n    #banner-grid-797171967 .grid-col-1-3{height:200px}\n    #banner-grid-797171967 .grid-col-2-3{height: 400px}\n    #banner-grid-797171967 .grid-col-1-4{height: 150px}\n    #banner-grid-797171967 .grid-col-3-4{height: 450px}\n\n\n    \n    \n\n  <\/style>\n    <\/div>\n  \n<p><strong>Ingredientes<\/strong> : Huevas de esturi\u00f3n (Acipenser Gueldenstaedtii), sal, E285.<br \/>\n<strong>Al\u00e9rgenos<\/strong> Pescado<br \/>\n<strong>Conservaci\u00f3n<\/strong> : Conservar en refrigeraci\u00f3n entre 0\u00b0C y 4\u00b0C<br \/>\n<strong>Fecha de caducidad m\u00ednima<\/strong> : 2 meses<br \/>\n<strong>Origen<\/strong> : Francia<\/p>","protected":false},"featured_media":7127,"template":"","meta":{"_acf_changed":false},"product_brand":[],"product_cat":[34,16],"product_tag":[],"class_list":{"0":"post-31","1":"product","2":"type-product","3":"status-publish","4":"has-post-thumbnail","6":"product_cat-caviar-oscietre","7":"product_cat-caviars","8":"product_shipping_class-fresh-product","10":"first","11":"instock","12":"taxable","13":"shipping-taxable","14":"purchasable","15":"product-type-variable","16":"has-default-attributes"},"acf":[],"yoast_head":"<!-- This site is optimized with the Yoast SEO plugin v27.5 - https:\/\/yoast.com\/product\/yoast-seo-wordpress\/ -->\n<title>Caviar Osci\u00e8tre - Caviar Ambassade<\/title>\n<meta name=\"description\" content=\"Le caviar osci\u00e8tre est un caviar embl\u00e9matique. En bouche, le caviar osci\u00e8tre est \u00e0 la fois ferme et d\u00e9licat. Des notes iod\u00e9es et des saveurs marines.\" \/>\n<meta name=\"robots\" content=\"index, follow, max-snippet:-1, max-image-preview:large, max-video-preview:-1\" \/>\n<link rel=\"canonical\" href=\"https:\/\/www.caviar-ambassade.com\/es_es\/producto\/caviar-oscietre\/\" \/>\n<meta property=\"og:locale\" content=\"es_ES\" \/>\n<meta property=\"og:type\" content=\"article\" \/>\n<meta property=\"og:title\" content=\"Caviar Osci\u00e8tre - Caviar Ambassade\" \/>\n<meta property=\"og:description\" content=\"Le caviar osci\u00e8tre est un caviar embl\u00e9matique. En bouche, le caviar osci\u00e8tre est \u00e0 la fois ferme et d\u00e9licat. Des notes iod\u00e9es et des saveurs marines.\" \/>\n<meta property=\"og:url\" content=\"https:\/\/www.caviar-ambassade.com\/es_es\/producto\/caviar-oscietre\/\" \/>\n<meta property=\"og:site_name\" content=\"Caviar Ambassade\" \/>\n<meta property=\"article:modified_time\" content=\"2026-04-23T09:52:44+00:00\" \/>\n<meta property=\"og:image\" content=\"https:\/\/www.caviar-ambassade.com\/wp-content\/uploads\/2018\/10\/OSCIETRE.png\" \/>\n\t<meta property=\"og:image:width\" content=\"1000\" \/>\n\t<meta property=\"og:image:height\" content=\"1000\" \/>\n\t<meta property=\"og:image:type\" content=\"image\/png\" \/>\n<meta name=\"twitter:card\" content=\"summary_large_image\" \/>\n<meta name=\"twitter:label1\" content=\"Tiempo de lectura\" \/>\n\t<meta name=\"twitter:data1\" content=\"2 minutos\" \/>\n<script type=\"application\/ld+json\" class=\"yoast-schema-graph\">{\"@context\":\"https:\\\/\\\/schema.org\",\"@graph\":[{\"@type\":\"WebPage\",\"@id\":\"https:\\\/\\\/www.caviar-ambassade.com\\\/produit\\\/caviar-oscietre\\\/\",\"url\":\"https:\\\/\\\/www.caviar-ambassade.com\\\/produit\\\/caviar-oscietre\\\/\",\"name\":\"Caviar Osci\u00e8tre - Caviar Ambassade\",\"isPartOf\":{\"@id\":\"https:\\\/\\\/www.caviar-ambassade.com\\\/#website\"},\"primaryImageOfPage\":{\"@id\":\"https:\\\/\\\/www.caviar-ambassade.com\\\/produit\\\/caviar-oscietre\\\/#primaryimage\"},\"image\":{\"@id\":\"https:\\\/\\\/www.caviar-ambassade.com\\\/produit\\\/caviar-oscietre\\\/#primaryimage\"},\"thumbnailUrl\":\"https:\\\/\\\/www.caviar-ambassade.com\\\/wp-content\\\/uploads\\\/2018\\\/10\\\/OSCIETRE.png\",\"datePublished\":\"2018-10-31T11:04:00+00:00\",\"dateModified\":\"2026-04-23T09:52:44+00:00\",\"description\":\"Le caviar osci\u00e8tre est un caviar embl\u00e9matique. En bouche, le caviar osci\u00e8tre est \u00e0 la fois ferme et d\u00e9licat. Des notes iod\u00e9es et des saveurs marines.\",\"breadcrumb\":{\"@id\":\"https:\\\/\\\/www.caviar-ambassade.com\\\/produit\\\/caviar-oscietre\\\/#breadcrumb\"},\"inLanguage\":\"es\",\"potentialAction\":[{\"@type\":\"ReadAction\",\"target\":[\"https:\\\/\\\/www.caviar-ambassade.com\\\/produit\\\/caviar-oscietre\\\/\"]}]},{\"@type\":\"ImageObject\",\"inLanguage\":\"es\",\"@id\":\"https:\\\/\\\/www.caviar-ambassade.com\\\/produit\\\/caviar-oscietre\\\/#primaryimage\",\"url\":\"https:\\\/\\\/www.caviar-ambassade.com\\\/wp-content\\\/uploads\\\/2018\\\/10\\\/OSCIETRE.png\",\"contentUrl\":\"https:\\\/\\\/www.caviar-ambassade.com\\\/wp-content\\\/uploads\\\/2018\\\/10\\\/OSCIETRE.png\",\"width\":1000,\"height\":1000,\"caption\":\"caviar osci\u00e8tre\"},{\"@type\":\"BreadcrumbList\",\"@id\":\"https:\\\/\\\/www.caviar-ambassade.com\\\/produit\\\/caviar-oscietre\\\/#breadcrumb\",\"itemListElement\":[{\"@type\":\"ListItem\",\"position\":1,\"name\":\"Accueil\",\"item\":\"https:\\\/\\\/www.caviar-ambassade.com\\\/\"},{\"@type\":\"ListItem\",\"position\":2,\"name\":\"Boutique\",\"item\":\"https:\\\/\\\/www.caviar-ambassade.com\\\/boutique\\\/\"},{\"@type\":\"ListItem\",\"position\":3,\"name\":\"Caviar Osci\u00e8tre\"}]},{\"@type\":\"WebSite\",\"@id\":\"https:\\\/\\\/www.caviar-ambassade.com\\\/#website\",\"url\":\"https:\\\/\\\/www.caviar-ambassade.com\\\/\",\"name\":\"Caviar Ambassade\",\"description\":\"Le caviar des connaisseurs\",\"publisher\":{\"@id\":\"https:\\\/\\\/www.caviar-ambassade.com\\\/#organization\"},\"potentialAction\":[{\"@type\":\"SearchAction\",\"target\":{\"@type\":\"EntryPoint\",\"urlTemplate\":\"https:\\\/\\\/www.caviar-ambassade.com\\\/?s={search_term_string}\"},\"query-input\":{\"@type\":\"PropertyValueSpecification\",\"valueRequired\":true,\"valueName\":\"search_term_string\"}}],\"inLanguage\":\"es\"},{\"@type\":\"Organization\",\"@id\":\"https:\\\/\\\/www.caviar-ambassade.com\\\/#organization\",\"name\":\"Caviar Ambassade\",\"url\":\"https:\\\/\\\/www.caviar-ambassade.com\\\/\",\"logo\":{\"@type\":\"ImageObject\",\"inLanguage\":\"es\",\"@id\":\"https:\\\/\\\/www.caviar-ambassade.com\\\/#\\\/schema\\\/logo\\\/image\\\/\",\"url\":\"https:\\\/\\\/www.caviar-ambassade.com\\\/wp-content\\\/uploads\\\/2021\\\/10\\\/cropped-logo-ambassade.png\",\"contentUrl\":\"https:\\\/\\\/www.caviar-ambassade.com\\\/wp-content\\\/uploads\\\/2021\\\/10\\\/cropped-logo-ambassade.png\",\"width\":150,\"height\":150,\"caption\":\"Caviar Ambassade\"},\"image\":{\"@id\":\"https:\\\/\\\/www.caviar-ambassade.com\\\/#\\\/schema\\\/logo\\\/image\\\/\"}}]}<\/script>\n<!-- \/ Yoast SEO plugin. -->","yoast_head_json":{"title":"Caviar Osci\u00e8tre - Caviar Ambassade","description":"Le caviar osci\u00e8tre est un caviar embl\u00e9matique. En bouche, le caviar osci\u00e8tre est \u00e0 la fois ferme et d\u00e9licat. Des notes iod\u00e9es et des saveurs marines.","robots":{"index":"index","follow":"follow","max-snippet":"max-snippet:-1","max-image-preview":"max-image-preview:large","max-video-preview":"max-video-preview:-1"},"canonical":"https:\/\/www.caviar-ambassade.com\/es_es\/producto\/caviar-oscietre\/","og_locale":"es_ES","og_type":"article","og_title":"Caviar Osci\u00e8tre - Caviar Ambassade","og_description":"Le caviar osci\u00e8tre est un caviar embl\u00e9matique. En bouche, le caviar osci\u00e8tre est \u00e0 la fois ferme et d\u00e9licat. Des notes iod\u00e9es et des saveurs marines.","og_url":"https:\/\/www.caviar-ambassade.com\/es_es\/producto\/caviar-oscietre\/","og_site_name":"Caviar Ambassade","article_modified_time":"2026-04-23T09:52:44+00:00","og_image":[{"width":1000,"height":1000,"url":"https:\/\/www.caviar-ambassade.com\/wp-content\/uploads\/2018\/10\/OSCIETRE.png","type":"image\/png"}],"twitter_card":"summary_large_image","twitter_misc":{"Tiempo de lectura":"2 minutos"},"schema":{"@context":"https:\/\/schema.org","@graph":[{"@type":"WebPage","@id":"https:\/\/www.caviar-ambassade.com\/produit\/caviar-oscietre\/","url":"https:\/\/www.caviar-ambassade.com\/produit\/caviar-oscietre\/","name":"Caviar Osci\u00e8tre - Caviar Ambassade","isPartOf":{"@id":"https:\/\/www.caviar-ambassade.com\/#website"},"primaryImageOfPage":{"@id":"https:\/\/www.caviar-ambassade.com\/produit\/caviar-oscietre\/#primaryimage"},"image":{"@id":"https:\/\/www.caviar-ambassade.com\/produit\/caviar-oscietre\/#primaryimage"},"thumbnailUrl":"https:\/\/www.caviar-ambassade.com\/wp-content\/uploads\/2018\/10\/OSCIETRE.png","datePublished":"2018-10-31T11:04:00+00:00","dateModified":"2026-04-23T09:52:44+00:00","description":"Le caviar osci\u00e8tre est un caviar embl\u00e9matique. En bouche, le caviar osci\u00e8tre est \u00e0 la fois ferme et d\u00e9licat. Des notes iod\u00e9es et des saveurs marines.","breadcrumb":{"@id":"https:\/\/www.caviar-ambassade.com\/produit\/caviar-oscietre\/#breadcrumb"},"inLanguage":"es","potentialAction":[{"@type":"ReadAction","target":["https:\/\/www.caviar-ambassade.com\/produit\/caviar-oscietre\/"]}]},{"@type":"ImageObject","inLanguage":"es","@id":"https:\/\/www.caviar-ambassade.com\/produit\/caviar-oscietre\/#primaryimage","url":"https:\/\/www.caviar-ambassade.com\/wp-content\/uploads\/2018\/10\/OSCIETRE.png","contentUrl":"https:\/\/www.caviar-ambassade.com\/wp-content\/uploads\/2018\/10\/OSCIETRE.png","width":1000,"height":1000,"caption":"caviar osci\u00e8tre"},{"@type":"BreadcrumbList","@id":"https:\/\/www.caviar-ambassade.com\/produit\/caviar-oscietre\/#breadcrumb","itemListElement":[{"@type":"ListItem","position":1,"name":"Accueil","item":"https:\/\/www.caviar-ambassade.com\/"},{"@type":"ListItem","position":2,"name":"Boutique","item":"https:\/\/www.caviar-ambassade.com\/boutique\/"},{"@type":"ListItem","position":3,"name":"Caviar Osci\u00e8tre"}]},{"@type":"WebSite","@id":"https:\/\/www.caviar-ambassade.com\/#website","url":"https:\/\/www.caviar-ambassade.com\/","name":"Caviar Ambassade","description":"Le caviar des connaisseurs","publisher":{"@id":"https:\/\/www.caviar-ambassade.com\/#organization"},"potentialAction":[{"@type":"SearchAction","target":{"@type":"EntryPoint","urlTemplate":"https:\/\/www.caviar-ambassade.com\/?s={search_term_string}"},"query-input":{"@type":"PropertyValueSpecification","valueRequired":true,"valueName":"search_term_string"}}],"inLanguage":"es"},{"@type":"Organization","@id":"https:\/\/www.caviar-ambassade.com\/#organization","name":"Caviar Ambassade","url":"https:\/\/www.caviar-ambassade.com\/","logo":{"@type":"ImageObject","inLanguage":"es","@id":"https:\/\/www.caviar-ambassade.com\/#\/schema\/logo\/image\/","url":"https:\/\/www.caviar-ambassade.com\/wp-content\/uploads\/2021\/10\/cropped-logo-ambassade.png","contentUrl":"https:\/\/www.caviar-ambassade.com\/wp-content\/uploads\/2021\/10\/cropped-logo-ambassade.png","width":150,"height":150,"caption":"Caviar Ambassade"},"image":{"@id":"https:\/\/www.caviar-ambassade.com\/#\/schema\/logo\/image\/"}}]}},"_links":{"self":[{"href":"https:\/\/www.caviar-ambassade.com\/es_es\/wp-json\/wp\/v2\/product\/31","targetHints":{"allow":["GET"]}}],"collection":[{"href":"https:\/\/www.caviar-ambassade.com\/es_es\/wp-json\/wp\/v2\/product"}],"about":[{"href":"https:\/\/www.caviar-ambassade.com\/es_es\/wp-json\/wp\/v2\/types\/product"}],"wp:featuredmedia":[{"embeddable":true,"href":"https:\/\/www.caviar-ambassade.com\/es_es\/wp-json\/wp\/v2\/media\/7127"}],"wp:attachment":[{"href":"https:\/\/www.caviar-ambassade.com\/es_es\/wp-json\/wp\/v2\/media?parent=31"}],"wp:term":[{"taxonomy":"product_brand","embeddable":true,"href":"https:\/\/www.caviar-ambassade.com\/es_es\/wp-json\/wp\/v2\/product_brand?post=31"},{"taxonomy":"product_cat","embeddable":true,"href":"https:\/\/www.caviar-ambassade.com\/es_es\/wp-json\/wp\/v2\/product_cat?post=31"},{"taxonomy":"product_tag","embeddable":true,"href":"https:\/\/www.caviar-ambassade.com\/es_es\/wp-json\/wp\/v2\/product_tag?post=31"}],"curies":[{"name":"wp","href":"https:\/\/api.w.org\/{rel}","templated":true}]}}