{"id":3801,"date":"2023-11-16T21:38:06","date_gmt":"2023-11-16T20:38:06","guid":{"rendered":"https:\/\/www.caviar-ambassade.com\/?post_type=product&#038;p=3801"},"modified":"2026-04-30T15:46:52","modified_gmt":"2026-04-30T13:46:52","slug":"saumon-fume-entier-tranche","status":"publish","type":"product","link":"https:\/\/www.caviar-ambassade.com\/es_es\/producto\/saumon-fume-entier-tranche\/","title":{"rendered":"Salm\u00f3n ahumado entero, en lonchas"},"content":{"rendered":"<p>Este salm\u00f3n ahumado entero es perfecto para todas sus preparaciones a base de salm\u00f3n ahumado, ya que le permite cortarlo seg\u00fan sus preferencias. Nuestro salm\u00f3n se prepara con esmero, siguiendo una receta tradicional que garantiza un sabor aut\u00e9ntico y refinado. Se sala en seco para conservar sus aromas naturales y su delicada textura, y luego se ah\u00fama con madera de haya en nuestro propio ahumadero, un proceso artesanal que le confiere un sabor \u00fanico e inigualable.<\/p>\n<p>Procedente de las aguas puras y fr\u00edas de Noruega, nuestro salm\u00f3n ahumado cuenta con la certificaci\u00f3n B\u00f6mlo, sin\u00f3nimo de calidad y trazabilidad. Esta certificaci\u00f3n garantiza que nuestro salm\u00f3n se cr\u00eda de forma sostenible y respetuosa con el medio ambiente, cumpliendo con las normas m\u00e1s estrictas en materia de producci\u00f3n. La certificaci\u00f3n B\u00f6mlo tambi\u00e9n garantiza que el salm\u00f3n ha sido tratado con el m\u00e1ximo cuidado, desde la cr\u00eda hasta el ahumado, para ofrecer un producto excepcional a nuestros clientes.<\/p>\n<p>El salm\u00f3n ahumado entero es un producto vers\u00e1til, ideal para una gran variedad de recetas. Tanto si desea cortarlo en lonchas finas para entrantes refinados, incorporarlo a ensaladas frescas o utilizarlo como ingrediente principal en platos elaborados, nuestro salm\u00f3n ahumado realzar\u00e1 todas sus creaciones culinarias. Su textura fundente y su sutil sabor ahumado enriquecer\u00e1n sus recetas, desde las m\u00e1s sencillas hasta las m\u00e1s sofisticadas, aportando un toque de refinamiento a cada comida.<\/p>\n<div>Salm\u00f3n ahumado entero: \u00a1reci\u00e9n salido de nuestro ahumadero! <strong>Salm\u00f3n ahumado entero: \u00a1reci\u00e9n salido de nuestro ahumadero!<\/strong><\/div>\n<div>\u26a0\ufe0f\u00a1Cantidades limitadas, reserve r\u00e1pidamente para disfrutar de este producto excepcional!<\/div>\n<div>\ud83d\udce6 D\u00e9parts \u00e0 partir du 04\/05\/26<\/div>","protected":false},"excerpt":{"rendered":"<p>Peso: 1,150 kg<br \/>\nIngredientes: Filete de salm\u00f3n (Salmo salar) ahumado con madera de haya, sal, az\u00facar.<br \/>\nAl\u00e9rgenos: Pescado<br \/>\nConservaci\u00f3n: Conservar en refrigeraci\u00f3n entre 0\u00b0C y 4\u00b0C. Se puede congelar.<br \/>\nOrigen: Noruega<\/p>","protected":false},"featured_media":5466,"template":"","meta":{"_acf_changed":false},"product_brand":[],"product_cat":[17,64],"product_tag":[],"class_list":{"0":"post-3801","1":"product","2":"type-product","3":"status-publish","4":"has-post-thumbnail","6":"product_cat-epicerie-fine","7":"product_cat-poisson-fume","8":"product_shipping_class-fresh-product","10":"first","11":"instock","12":"sale","13":"taxable","14":"shipping-taxable","15":"purchasable","16":"product-type-simple"},"acf":[],"yoast_head":"<!-- This site is optimized with the Yoast SEO plugin v27.5 - https:\/\/yoast.com\/product\/yoast-seo-wordpress\/ -->\n<title>Saumon fum\u00e9 entier tranch\u00e9 - Caviar Ambassade<\/title>\n<meta name=\"description\" content=\"Ce saumon fum\u00e9 entier tranch\u00e9 constitue un ingr\u00e9dient parfait pour toutes vos cr\u00e9ations culinaires \u00e0 base de saumon fum\u00e9.\" \/>\n<meta name=\"robots\" content=\"index, follow, max-snippet:-1, max-image-preview:large, max-video-preview:-1\" \/>\n<link rel=\"canonical\" href=\"https:\/\/www.caviar-ambassade.com\/es_es\/producto\/saumon-fume-entier-tranche\/\" \/>\n<meta property=\"og:locale\" content=\"es_ES\" \/>\n<meta property=\"og:type\" content=\"article\" \/>\n<meta property=\"og:title\" content=\"Saumon fum\u00e9 entier tranch\u00e9 - Caviar Ambassade\" \/>\n<meta property=\"og:description\" content=\"Ce saumon fum\u00e9 entier tranch\u00e9 constitue un ingr\u00e9dient parfait pour toutes vos cr\u00e9ations culinaires \u00e0 base de saumon fum\u00e9.\" \/>\n<meta property=\"og:url\" content=\"https:\/\/www.caviar-ambassade.com\/es_es\/producto\/saumon-fume-entier-tranche\/\" \/>\n<meta property=\"og:site_name\" content=\"Caviar Ambassade\" \/>\n<meta property=\"article:modified_time\" content=\"2026-04-30T13:46:52+00:00\" \/>\n<meta property=\"og:image\" content=\"https:\/\/www.caviar-ambassade.com\/wp-content\/uploads\/2023\/11\/saumon-fume-entier-2024.png\" \/>\n\t<meta property=\"og:image:width\" content=\"1000\" \/>\n\t<meta property=\"og:image:height\" content=\"1000\" \/>\n\t<meta property=\"og:image:type\" content=\"image\/png\" \/>\n<meta name=\"twitter:card\" content=\"summary_large_image\" \/>\n<meta name=\"twitter:label1\" content=\"Tiempo de lectura\" \/>\n\t<meta name=\"twitter:data1\" content=\"2 minutos\" \/>\n<script type=\"application\/ld+json\" class=\"yoast-schema-graph\">{\"@context\":\"https:\\\/\\\/schema.org\",\"@graph\":[{\"@type\":\"WebPage\",\"@id\":\"https:\\\/\\\/www.caviar-ambassade.com\\\/produit\\\/saumon-fume-entier-tranche\\\/\",\"url\":\"https:\\\/\\\/www.caviar-ambassade.com\\\/produit\\\/saumon-fume-entier-tranche\\\/\",\"name\":\"Saumon fum\u00e9 entier tranch\u00e9 - Caviar Ambassade\",\"isPartOf\":{\"@id\":\"https:\\\/\\\/www.caviar-ambassade.com\\\/#website\"},\"primaryImageOfPage\":{\"@id\":\"https:\\\/\\\/www.caviar-ambassade.com\\\/produit\\\/saumon-fume-entier-tranche\\\/#primaryimage\"},\"image\":{\"@id\":\"https:\\\/\\\/www.caviar-ambassade.com\\\/produit\\\/saumon-fume-entier-tranche\\\/#primaryimage\"},\"thumbnailUrl\":\"https:\\\/\\\/www.caviar-ambassade.com\\\/wp-content\\\/uploads\\\/2023\\\/11\\\/saumon-fume-entier-2024.png\",\"datePublished\":\"2023-11-16T20:38:06+00:00\",\"dateModified\":\"2026-04-30T13:46:52+00:00\",\"description\":\"Ce saumon fum\u00e9 entier tranch\u00e9 constitue un ingr\u00e9dient parfait pour toutes vos cr\u00e9ations culinaires \u00e0 base de saumon fum\u00e9.\",\"breadcrumb\":{\"@id\":\"https:\\\/\\\/www.caviar-ambassade.com\\\/produit\\\/saumon-fume-entier-tranche\\\/#breadcrumb\"},\"inLanguage\":\"es\",\"potentialAction\":[{\"@type\":\"ReadAction\",\"target\":[\"https:\\\/\\\/www.caviar-ambassade.com\\\/produit\\\/saumon-fume-entier-tranche\\\/\"]}]},{\"@type\":\"ImageObject\",\"inLanguage\":\"es\",\"@id\":\"https:\\\/\\\/www.caviar-ambassade.com\\\/produit\\\/saumon-fume-entier-tranche\\\/#primaryimage\",\"url\":\"https:\\\/\\\/www.caviar-ambassade.com\\\/wp-content\\\/uploads\\\/2023\\\/11\\\/saumon-fume-entier-2024.png\",\"contentUrl\":\"https:\\\/\\\/www.caviar-ambassade.com\\\/wp-content\\\/uploads\\\/2023\\\/11\\\/saumon-fume-entier-2024.png\",\"width\":1000,\"height\":1000,\"caption\":\"saumon fum\u00e9\"},{\"@type\":\"BreadcrumbList\",\"@id\":\"https:\\\/\\\/www.caviar-ambassade.com\\\/produit\\\/saumon-fume-entier-tranche\\\/#breadcrumb\",\"itemListElement\":[{\"@type\":\"ListItem\",\"position\":1,\"name\":\"Accueil\",\"item\":\"https:\\\/\\\/www.caviar-ambassade.com\\\/\"},{\"@type\":\"ListItem\",\"position\":2,\"name\":\"Boutique\",\"item\":\"https:\\\/\\\/www.caviar-ambassade.com\\\/boutique\\\/\"},{\"@type\":\"ListItem\",\"position\":3,\"name\":\"Saumon fum\u00e9 entier tranch\u00e9\"}]},{\"@type\":\"WebSite\",\"@id\":\"https:\\\/\\\/www.caviar-ambassade.com\\\/#website\",\"url\":\"https:\\\/\\\/www.caviar-ambassade.com\\\/\",\"name\":\"Caviar Ambassade\",\"description\":\"Le caviar des connaisseurs\",\"publisher\":{\"@id\":\"https:\\\/\\\/www.caviar-ambassade.com\\\/#organization\"},\"potentialAction\":[{\"@type\":\"SearchAction\",\"target\":{\"@type\":\"EntryPoint\",\"urlTemplate\":\"https:\\\/\\\/www.caviar-ambassade.com\\\/?s={search_term_string}\"},\"query-input\":{\"@type\":\"PropertyValueSpecification\",\"valueRequired\":true,\"valueName\":\"search_term_string\"}}],\"inLanguage\":\"es\"},{\"@type\":\"Organization\",\"@id\":\"https:\\\/\\\/www.caviar-ambassade.com\\\/#organization\",\"name\":\"Caviar Ambassade\",\"url\":\"https:\\\/\\\/www.caviar-ambassade.com\\\/\",\"logo\":{\"@type\":\"ImageObject\",\"inLanguage\":\"es\",\"@id\":\"https:\\\/\\\/www.caviar-ambassade.com\\\/#\\\/schema\\\/logo\\\/image\\\/\",\"url\":\"https:\\\/\\\/www.caviar-ambassade.com\\\/wp-content\\\/uploads\\\/2021\\\/10\\\/cropped-logo-ambassade.png\",\"contentUrl\":\"https:\\\/\\\/www.caviar-ambassade.com\\\/wp-content\\\/uploads\\\/2021\\\/10\\\/cropped-logo-ambassade.png\",\"width\":150,\"height\":150,\"caption\":\"Caviar Ambassade\"},\"image\":{\"@id\":\"https:\\\/\\\/www.caviar-ambassade.com\\\/#\\\/schema\\\/logo\\\/image\\\/\"}}]}<\/script>\n<!-- \/ Yoast SEO plugin. -->","yoast_head_json":{"title":"Saumon fum\u00e9 entier tranch\u00e9 - Caviar Ambassade","description":"Ce saumon fum\u00e9 entier tranch\u00e9 constitue un ingr\u00e9dient parfait pour toutes vos cr\u00e9ations culinaires \u00e0 base de saumon fum\u00e9.","robots":{"index":"index","follow":"follow","max-snippet":"max-snippet:-1","max-image-preview":"max-image-preview:large","max-video-preview":"max-video-preview:-1"},"canonical":"https:\/\/www.caviar-ambassade.com\/es_es\/producto\/saumon-fume-entier-tranche\/","og_locale":"es_ES","og_type":"article","og_title":"Saumon fum\u00e9 entier tranch\u00e9 - Caviar Ambassade","og_description":"Ce saumon fum\u00e9 entier tranch\u00e9 constitue un ingr\u00e9dient parfait pour toutes vos cr\u00e9ations culinaires \u00e0 base de saumon fum\u00e9.","og_url":"https:\/\/www.caviar-ambassade.com\/es_es\/producto\/saumon-fume-entier-tranche\/","og_site_name":"Caviar Ambassade","article_modified_time":"2026-04-30T13:46:52+00:00","og_image":[{"width":1000,"height":1000,"url":"https:\/\/www.caviar-ambassade.com\/wp-content\/uploads\/2023\/11\/saumon-fume-entier-2024.png","type":"image\/png"}],"twitter_card":"summary_large_image","twitter_misc":{"Tiempo de lectura":"2 minutos"},"schema":{"@context":"https:\/\/schema.org","@graph":[{"@type":"WebPage","@id":"https:\/\/www.caviar-ambassade.com\/produit\/saumon-fume-entier-tranche\/","url":"https:\/\/www.caviar-ambassade.com\/produit\/saumon-fume-entier-tranche\/","name":"Saumon fum\u00e9 entier tranch\u00e9 - Caviar Ambassade","isPartOf":{"@id":"https:\/\/www.caviar-ambassade.com\/#website"},"primaryImageOfPage":{"@id":"https:\/\/www.caviar-ambassade.com\/produit\/saumon-fume-entier-tranche\/#primaryimage"},"image":{"@id":"https:\/\/www.caviar-ambassade.com\/produit\/saumon-fume-entier-tranche\/#primaryimage"},"thumbnailUrl":"https:\/\/www.caviar-ambassade.com\/wp-content\/uploads\/2023\/11\/saumon-fume-entier-2024.png","datePublished":"2023-11-16T20:38:06+00:00","dateModified":"2026-04-30T13:46:52+00:00","description":"Ce saumon fum\u00e9 entier tranch\u00e9 constitue un ingr\u00e9dient parfait pour toutes vos cr\u00e9ations culinaires \u00e0 base de saumon fum\u00e9.","breadcrumb":{"@id":"https:\/\/www.caviar-ambassade.com\/produit\/saumon-fume-entier-tranche\/#breadcrumb"},"inLanguage":"es","potentialAction":[{"@type":"ReadAction","target":["https:\/\/www.caviar-ambassade.com\/produit\/saumon-fume-entier-tranche\/"]}]},{"@type":"ImageObject","inLanguage":"es","@id":"https:\/\/www.caviar-ambassade.com\/produit\/saumon-fume-entier-tranche\/#primaryimage","url":"https:\/\/www.caviar-ambassade.com\/wp-content\/uploads\/2023\/11\/saumon-fume-entier-2024.png","contentUrl":"https:\/\/www.caviar-ambassade.com\/wp-content\/uploads\/2023\/11\/saumon-fume-entier-2024.png","width":1000,"height":1000,"caption":"saumon fum\u00e9"},{"@type":"BreadcrumbList","@id":"https:\/\/www.caviar-ambassade.com\/produit\/saumon-fume-entier-tranche\/#breadcrumb","itemListElement":[{"@type":"ListItem","position":1,"name":"Accueil","item":"https:\/\/www.caviar-ambassade.com\/"},{"@type":"ListItem","position":2,"name":"Boutique","item":"https:\/\/www.caviar-ambassade.com\/boutique\/"},{"@type":"ListItem","position":3,"name":"Saumon fum\u00e9 entier tranch\u00e9"}]},{"@type":"WebSite","@id":"https:\/\/www.caviar-ambassade.com\/#website","url":"https:\/\/www.caviar-ambassade.com\/","name":"Caviar Ambassade","description":"Le caviar des connaisseurs","publisher":{"@id":"https:\/\/www.caviar-ambassade.com\/#organization"},"potentialAction":[{"@type":"SearchAction","target":{"@type":"EntryPoint","urlTemplate":"https:\/\/www.caviar-ambassade.com\/?s={search_term_string}"},"query-input":{"@type":"PropertyValueSpecification","valueRequired":true,"valueName":"search_term_string"}}],"inLanguage":"es"},{"@type":"Organization","@id":"https:\/\/www.caviar-ambassade.com\/#organization","name":"Caviar Ambassade","url":"https:\/\/www.caviar-ambassade.com\/","logo":{"@type":"ImageObject","inLanguage":"es","@id":"https:\/\/www.caviar-ambassade.com\/#\/schema\/logo\/image\/","url":"https:\/\/www.caviar-ambassade.com\/wp-content\/uploads\/2021\/10\/cropped-logo-ambassade.png","contentUrl":"https:\/\/www.caviar-ambassade.com\/wp-content\/uploads\/2021\/10\/cropped-logo-ambassade.png","width":150,"height":150,"caption":"Caviar Ambassade"},"image":{"@id":"https:\/\/www.caviar-ambassade.com\/#\/schema\/logo\/image\/"}}]}},"_links":{"self":[{"href":"https:\/\/www.caviar-ambassade.com\/es_es\/wp-json\/wp\/v2\/product\/3801","targetHints":{"allow":["GET"]}}],"collection":[{"href":"https:\/\/www.caviar-ambassade.com\/es_es\/wp-json\/wp\/v2\/product"}],"about":[{"href":"https:\/\/www.caviar-ambassade.com\/es_es\/wp-json\/wp\/v2\/types\/product"}],"wp:featuredmedia":[{"embeddable":true,"href":"https:\/\/www.caviar-ambassade.com\/es_es\/wp-json\/wp\/v2\/media\/5466"}],"wp:attachment":[{"href":"https:\/\/www.caviar-ambassade.com\/es_es\/wp-json\/wp\/v2\/media?parent=3801"}],"wp:term":[{"taxonomy":"product_brand","embeddable":true,"href":"https:\/\/www.caviar-ambassade.com\/es_es\/wp-json\/wp\/v2\/product_brand?post=3801"},{"taxonomy":"product_cat","embeddable":true,"href":"https:\/\/www.caviar-ambassade.com\/es_es\/wp-json\/wp\/v2\/product_cat?post=3801"},{"taxonomy":"product_tag","embeddable":true,"href":"https:\/\/www.caviar-ambassade.com\/es_es\/wp-json\/wp\/v2\/product_tag?post=3801"}],"curies":[{"name":"wp","href":"https:\/\/api.w.org\/{rel}","templated":true}]}}