{"id":4601,"date":"2024-07-08T15:17:30","date_gmt":"2024-07-08T13:17:30","guid":{"rendered":"https:\/\/www.caviar-ambassade.com\/?post_type=product&#038;p=4601"},"modified":"2026-03-03T09:20:43","modified_gmt":"2026-03-03T08:20:43","slug":"caviar-naccari","status":"publish","type":"product","link":"https:\/\/www.caviar-ambassade.com\/es_es\/producto\/caviar-naccari\/","title":{"rendered":"CAVIAR NACCARI"},"content":{"rendered":"<div>El caviar Naccari procede del esturi\u00f3n europeo Acipenser Naccarii. Este esturi\u00f3n, de entre 9 y 10 a\u00f1os de edad, es una especie end\u00e9mica del mar Adri\u00e1tico, especialmente extendida en las aguas dulces del norte de Italia. Esta regi\u00f3n, rica en tradiciones y biodiversidad, ofrece un entorno ideal para la maduraci\u00f3n de estos peces.<\/div>\n<div><\/div>\n<div>Las huevas de este caviar Naccari son de tama\u00f1o mediano, lo que las hace muy apreciadas por los conocedores. Su textura es suave, lo que proporciona una agradable sensaci\u00f3n en boca, mientras que su color var\u00eda del gris al negro antracita, lo que a\u00f1ade una refinada dimensi\u00f3n visual a esta especialidad culinaria. Pero es sobre todo su sabor lo que hace famoso a este caviar.<\/div>\n<h2>Un caviar franc\u00e9s potente y yodado<\/h2>\n<div>El caviar Naccari es famoso por su sabor intenso y marcado. Cada grano libera un sabor yodado franco, que recuerda inmediatamente los or\u00edgenes marinos del esturi\u00f3n. Esta caracter\u00edstica yodada es especialmente marcada, lo que confiere a este caviar una identidad fuerte y aut\u00e9ntica.<\/div>\n<div><\/div>\n<div>En comparaci\u00f3n con el caviar Sevruga, el caviar Naccari se distingue por el tama\u00f1o de sus granos y su sabor, que recuerda al caviar de anta\u00f1o. El Sevruga, conocido por sus granos m\u00e1s peque\u00f1os, comparte con el Naccari una profundidad de sabor y una intensidad que seducen a los paladares m\u00e1s exigentes. Sin embargo, el caviar Naccari ofrece una experiencia \u00fanica gracias a su origen espec\u00edfico y a la excepcional calidad de sus granos.<\/div>\n<div><\/div>\n<div>Su sabor yodado y su delicada textura lo convierten en una opci\u00f3n ideal para quienes buscan una experiencia gustativa intensa y refinada.<\/div>","protected":false},"excerpt":{"rendered":"<div class=\"banner-grid-wrapper\">\n  <div id=\"banner-grid-125497735\" class=\"banner-grid row row-grid row-small\" data-packery-options=\"\">\n                      \n\n<div class=\"col grid-col large-6 grid-col-1\" ><div class=\"col-inner\">\n\n\n  <div class=\"banner has-hover\" id=\"banner-262314259\">\n          <div class=\"banner-inner fill\">\n        <div class=\"banner-bg fill\" >\n                                                \n                    <\/div>\n\t\t\n        <div class=\"banner-layers container\">\n            <div class=\"fill banner-link\"><\/div>            \n\n   <div id=\"text-box-1995561818\" class=\"text-box banner-layer x50 md-x50 lg-x50 y50 md-y50 lg-y50 res-text\">\n                                <div class=\"text-box-content text dark\">\n              \n              <div class=\"text-inner text-left\">\n                  \n\n<div class=\"container section-title-container\" ><h3 class=\"section-title section-title-center\"><b aria-hidden=\"true\"><\/b><span class=\"section-title-main\" >Consejos para degustar el caviar<\/span><b aria-hidden=\"true\"><\/b><\/h3><\/div>\n\n\t<div id=\"text-1235522843\" class=\"text\">\n\t\t\n\n<p><strong>Conservar el caviar en fr\u00edo<\/strong><br \/>El caviar debe mantenerse a una temperatura de entre 0 y 4\u202f\u00b0C hasta el momento de servirlo. Nunca debe congelarse, ya que esto altera la textura de las huevas.<\/p>\n<p><strong>Servir el caviar fresco<\/strong><br \/>El caviar se degusta fresco, pero tampoco debe estar demasiado fr\u00edo. La temperatura ideal para servirlo es de unos 8 a 9 \u00b0C. Para ello, coloque la caja de caviar abierta sobre una cama de hielo justo antes de ofrecerlo a sus invitados. El hielo permite mantener la frescura del caviar sin enfriarlo en exceso.<\/p>\n<p><strong>Usar la cuchara de n\u00e1car<\/strong><br \/>Se deben evitar los utensilios de metal, ya que pueden dar al caviar un desagradable sabor met\u00e1lico. Es preferible utilizar cucharas de n\u00e1car. El n\u00e1car es el material que se utiliza tradicionalmente, ya que no altera el sabor del caviar.<\/p>\n\t\t\n<style>\n#text-1235522843 {\n  font-size: 0.75rem;\n}\n<\/style>\n\t<\/div>\n\t\n\n              <\/div>\n           <\/div>\n                            \n<style>\n#text-box-1995561818 {\n  width: 90%;\n}\n#text-box-1995561818 .text-box-content {\n  font-size: 100%;\n}\n<\/style>\n    <\/div>\n \n\n        <\/div>\n      <\/div>\n\n            \n<style>\n#banner-262314259 {\n  padding-top: 500px;\n}\n<\/style>\n  <\/div>\n\n\n\n<\/div><\/div>\n<div class=\"col grid-col large-3 grid-col-1\" ><div class=\"col-inner\">\n\n\n  <div class=\"banner has-hover\" id=\"banner-579721681\">\n          <div class=\"banner-inner fill\">\n        <div class=\"banner-bg fill\" >\n            <img width=\"800\" height=\"800\" src=\"https:\/\/www.caviar-ambassade.com\/wp-content\/uploads\/2021\/07\/caviar-ambassade3-800x800.jpg\" class=\"bg attachment-large size-large\" alt=\"caviar ambassade\" decoding=\"async\" loading=\"lazy\" \/>                                    \n                    <\/div>\n\t\t\n        <div class=\"banner-layers container\">\n            <div class=\"fill banner-link\"><\/div>            \n\n   <div id=\"text-box-3040226\" class=\"text-box banner-layer x50 md-x50 lg-x50 y50 md-y50 lg-y50 res-text\">\n                                <div class=\"text-box-content text dark\">\n              \n              <div class=\"text-inner text-center\">\n                  \n\n<div class=\"container section-title-container\" ><h3 class=\"section-title section-title-center\"><b aria-hidden=\"true\"><\/b><span class=\"section-title-main\" style=\"color:rgb(0, 0, 0);\">Receta muy sencilla<\/span><b aria-hidden=\"true\"><\/b><\/h3><\/div>\n\n\t<div id=\"text-2339095007\" class=\"text\">\n\t\t\n\n<p style=\"text-align: center;\"><strong>Pur\u00e9 de patatas con caviar<\/strong><\/p>\r\nCueza las patatas peladas en agua con sal.\n\nEsc\u00farralas, trit\u00farelas con un pasapur\u00e9s y m\u00e9zclelas con un poco de nata fresca.\n\nSirva el pur\u00e9 de patatas en un plato.\n\nColoque una buena cucharada de caviar encima (unos 50 g por persona).\n\t\t\n<style>\n#text-2339095007 {\n  font-size: 0.75rem;\n  text-align: left;\n  color: rgb(0, 0, 0);\n}\n#text-2339095007 > * {\n  color: rgb(0, 0, 0);\n}\n<\/style>\n\t<\/div>\n\t\n\n              <\/div>\n           <\/div>\n                            \n<style>\n#text-box-3040226 {\n  margin: 0px 0px 0px 0px;\n  width: 90%;\n}\n#text-box-3040226 .text-box-content {\n  background-color: rgba(255, 255, 255, 0.622);\n  font-size: 100%;\n}\n#text-box-3040226 .text-inner {\n  padding: 10px 10px 10px 10px;\n}\n<\/style>\n    <\/div>\n \n\n        <\/div>\n      <\/div>\n\n            \n<style>\n#banner-579721681 {\n  padding-top: 500px;\n  background-color: rgb(255,255,255);\n}\n#banner-579721681 .banner-bg img {\n  object-position: center;\n}\n<\/style>\n  <\/div>\n\n\n\n<\/div><\/div>\n<div class=\"col grid-col large-3 grid-col-1-2\" ><div class=\"col-inner\">\n\n\n  <div class=\"banner has-hover\" id=\"banner-479422006\">\n          <div class=\"banner-inner fill\">\n        <div class=\"banner-bg fill\" >\n                                                \n                    <\/div>\n\t\t\n        <div class=\"banner-layers container\">\n            <div class=\"fill banner-link\"><\/div>            \n\n   <div id=\"text-box-370355981\" class=\"text-box banner-layer x50 md-x50 lg-x50 y50 md-y50 lg-y50 res-text\">\n                                <div class=\"text-box-content text dark\">\n              \n              <div class=\"text-inner text-center\">\n                  \n\n<div class=\"container section-title-container\" ><h3 class=\"section-title section-title-center\"><b aria-hidden=\"true\"><\/b><span class=\"section-title-main\" style=\"color:rgb(255, 255, 255);\">\u00bfQu\u00e9 vino marida bien con este caviar?<\/span><b aria-hidden=\"true\"><\/b><\/h3><\/div>\n\n\t<div id=\"text-63025392\" class=\"text\">\n\t\t\n\n\u00a1Con el champ\u00e1n, el \u00e9xito est\u00e1 garantizado! La frescura del champ\u00e1n, con sus finas burbujas, complementa a la perfecci\u00f3n el caviar, preparando el paladar para apreciar plenamente sus delicados aromas. Opte por un Blanc de Noirs para obtener el mejor maridaje.\n\t\t\n<style>\n#text-63025392 {\n  font-size: 0.75rem;\n  text-align: left;\n}\n<\/style>\n\t<\/div>\n\t\n\n              <\/div>\n           <\/div>\n                            \n<style>\n#text-box-370355981 {\n  width: 80%;\n}\n#text-box-370355981 .text-box-content {\n  font-size: 100%;\n}\n<\/style>\n    <\/div>\n \n\n        <\/div>\n      <\/div>\n\n            \n<style>\n#banner-479422006 {\n  padding-top: 500px;\n}\n<\/style>\n  <\/div>\n\n\n\n<\/div><\/div>\n<div class=\"col grid-col large-3 grid-col-1-2\" ><div class=\"col-inner\">\n\n\t<div class=\"img has-hover x md-x lg-x y md-y lg-y\" id=\"image_468423271\">\n\t\t\t\t\t\t\t\t<div class=\"img-inner dark\" >\n\t\t\t<img width=\"800\" height=\"800\" src=\"https:\/\/www.caviar-ambassade.com\/wp-content\/uploads\/2021\/12\/caviar-ambassade8-800x800.jpg\" class=\"attachment-large size-large\" alt=\"caviar ambassade\" decoding=\"async\" loading=\"lazy\" srcset=\"https:\/\/www.caviar-ambassade.com\/wp-content\/uploads\/2021\/12\/caviar-ambassade8-800x800.jpg 800w, https:\/\/www.caviar-ambassade.com\/wp-content\/uploads\/2021\/12\/caviar-ambassade8-247x247.jpg 247w, https:\/\/www.caviar-ambassade.com\/wp-content\/uploads\/2021\/12\/caviar-ambassade8-100x100.jpg 100w, https:\/\/www.caviar-ambassade.com\/wp-content\/uploads\/2021\/12\/caviar-ambassade8-510x510.jpg 510w, https:\/\/www.caviar-ambassade.com\/wp-content\/uploads\/2021\/12\/caviar-ambassade8-400x400.jpg 400w, https:\/\/www.caviar-ambassade.com\/wp-content\/uploads\/2021\/12\/caviar-ambassade8-280x280.jpg 280w, https:\/\/www.caviar-ambassade.com\/wp-content\/uploads\/2021\/12\/caviar-ambassade8-768x768.jpg 768w, https:\/\/www.caviar-ambassade.com\/wp-content\/uploads\/2021\/12\/caviar-ambassade8.jpg 1000w\" sizes=\"auto, (max-width: 800px) 100vw, 800px\" \/>\t\t\t\t\t\t\n\t\t\t\t\t<\/div>\n\t\t\t\t\t\t\t\t\n<style>\n#image_468423271 {\n  width: 100%;\n}\n<\/style>\n\t<\/div>\n\t\n\n\n<\/div><\/div>\n\n            <\/div>\n    <style>\n    #banner-grid-125497735 .grid-col-1{height: 600px}\n    #banner-grid-125497735 .grid-col-1-2{height: 300px}\n    #banner-grid-125497735 .grid-col-1-3{height:200px}\n    #banner-grid-125497735 .grid-col-2-3{height: 400px}\n    #banner-grid-125497735 .grid-col-1-4{height: 150px}\n    #banner-grid-125497735 .grid-col-3-4{height: 450px}\n\n\n    \n    \n\n  <\/style>\n    <\/div>\n  \n<p><strong>Ingredientes<\/strong> : Huevas de esturi\u00f3n (Acipenser Naccari), sal.<br \/>\n<strong>Al\u00e9rgenos<\/strong> Pescado<br \/>\n<strong>Conservaci\u00f3n<\/strong> : Conservar en refrigeraci\u00f3n entre 0\u00b0C y 4\u00b0C<br \/>\n<strong>Fecha de caducidad m\u00ednima<\/strong> : 2 meses<br \/>\n<strong>Origen<\/strong> : Francia<\/p>","protected":false},"featured_media":7126,"template":"","meta":{"_acf_changed":false},"product_brand":[],"product_cat":[68,16],"product_tag":[],"class_list":{"0":"post-4601","1":"product","2":"type-product","3":"status-publish","4":"has-post-thumbnail","6":"product_cat-caviar-naccari","7":"product_cat-caviars","8":"product_shipping_class-fresh-product","10":"first","11":"instock","12":"taxable","13":"shipping-taxable","14":"purchasable","15":"product-type-variable","16":"has-default-attributes"},"acf":[],"yoast_head":"<!-- This site is optimized with the Yoast SEO plugin v27.5 - https:\/\/yoast.com\/product\/yoast-seo-wordpress\/ -->\n<title>Caviar Naccari - Caviar Ambassade<\/title>\n<meta name=\"description\" content=\"Le caviar Naccari est r\u00e9put\u00e9 pour son go\u00fbt intense. Sa saveur iod\u00e9e en fait un caviar de choix pour une exp\u00e9rience gustative intense et raffin\u00e9e.\" \/>\n<meta name=\"robots\" content=\"index, follow, max-snippet:-1, max-image-preview:large, max-video-preview:-1\" \/>\n<link rel=\"canonical\" href=\"https:\/\/www.caviar-ambassade.com\/es_es\/producto\/caviar-naccari\/\" \/>\n<meta property=\"og:locale\" content=\"es_ES\" \/>\n<meta property=\"og:type\" content=\"article\" \/>\n<meta property=\"og:title\" content=\"Caviar Naccari - Caviar Ambassade\" \/>\n<meta property=\"og:description\" content=\"Le caviar Naccari est r\u00e9put\u00e9 pour son go\u00fbt intense. Sa saveur iod\u00e9e en fait un caviar de choix pour une exp\u00e9rience gustative intense et raffin\u00e9e.\" \/>\n<meta property=\"og:url\" content=\"https:\/\/www.caviar-ambassade.com\/es_es\/producto\/caviar-naccari\/\" \/>\n<meta property=\"og:site_name\" content=\"Caviar Ambassade\" \/>\n<meta property=\"article:modified_time\" content=\"2026-03-03T08:20:43+00:00\" \/>\n<meta property=\"og:image\" content=\"https:\/\/www.caviar-ambassade.com\/wp-content\/uploads\/2018\/10\/NACARRI.png\" \/>\n\t<meta property=\"og:image:width\" content=\"1000\" \/>\n\t<meta property=\"og:image:height\" content=\"1000\" \/>\n\t<meta property=\"og:image:type\" content=\"image\/png\" \/>\n<meta name=\"twitter:card\" content=\"summary_large_image\" \/>\n<meta name=\"twitter:label1\" content=\"Tiempo de lectura\" \/>\n\t<meta name=\"twitter:data1\" content=\"2 minutos\" \/>\n<script type=\"application\/ld+json\" class=\"yoast-schema-graph\">{\"@context\":\"https:\\\/\\\/schema.org\",\"@graph\":[{\"@type\":\"WebPage\",\"@id\":\"https:\\\/\\\/www.caviar-ambassade.com\\\/produit\\\/caviar-naccari\\\/\",\"url\":\"https:\\\/\\\/www.caviar-ambassade.com\\\/produit\\\/caviar-naccari\\\/\",\"name\":\"Caviar Naccari - Caviar Ambassade\",\"isPartOf\":{\"@id\":\"https:\\\/\\\/www.caviar-ambassade.com\\\/#website\"},\"primaryImageOfPage\":{\"@id\":\"https:\\\/\\\/www.caviar-ambassade.com\\\/produit\\\/caviar-naccari\\\/#primaryimage\"},\"image\":{\"@id\":\"https:\\\/\\\/www.caviar-ambassade.com\\\/produit\\\/caviar-naccari\\\/#primaryimage\"},\"thumbnailUrl\":\"https:\\\/\\\/www.caviar-ambassade.com\\\/wp-content\\\/uploads\\\/2018\\\/10\\\/NACARRI.png\",\"datePublished\":\"2024-07-08T13:17:30+00:00\",\"dateModified\":\"2026-03-03T08:20:43+00:00\",\"description\":\"Le caviar Naccari est r\u00e9put\u00e9 pour son go\u00fbt intense. Sa saveur iod\u00e9e en fait un caviar de choix pour une exp\u00e9rience gustative intense et raffin\u00e9e.\",\"breadcrumb\":{\"@id\":\"https:\\\/\\\/www.caviar-ambassade.com\\\/produit\\\/caviar-naccari\\\/#breadcrumb\"},\"inLanguage\":\"es\",\"potentialAction\":[{\"@type\":\"ReadAction\",\"target\":[\"https:\\\/\\\/www.caviar-ambassade.com\\\/produit\\\/caviar-naccari\\\/\"]}]},{\"@type\":\"ImageObject\",\"inLanguage\":\"es\",\"@id\":\"https:\\\/\\\/www.caviar-ambassade.com\\\/produit\\\/caviar-naccari\\\/#primaryimage\",\"url\":\"https:\\\/\\\/www.caviar-ambassade.com\\\/wp-content\\\/uploads\\\/2018\\\/10\\\/NACARRI.png\",\"contentUrl\":\"https:\\\/\\\/www.caviar-ambassade.com\\\/wp-content\\\/uploads\\\/2018\\\/10\\\/NACARRI.png\",\"width\":1000,\"height\":1000,\"caption\":\"caviar nacarri\"},{\"@type\":\"BreadcrumbList\",\"@id\":\"https:\\\/\\\/www.caviar-ambassade.com\\\/produit\\\/caviar-naccari\\\/#breadcrumb\",\"itemListElement\":[{\"@type\":\"ListItem\",\"position\":1,\"name\":\"Accueil\",\"item\":\"https:\\\/\\\/www.caviar-ambassade.com\\\/\"},{\"@type\":\"ListItem\",\"position\":2,\"name\":\"Boutique\",\"item\":\"https:\\\/\\\/www.caviar-ambassade.com\\\/boutique\\\/\"},{\"@type\":\"ListItem\",\"position\":3,\"name\":\"Caviar Naccari\"}]},{\"@type\":\"WebSite\",\"@id\":\"https:\\\/\\\/www.caviar-ambassade.com\\\/#website\",\"url\":\"https:\\\/\\\/www.caviar-ambassade.com\\\/\",\"name\":\"Caviar Ambassade\",\"description\":\"Le caviar des connaisseurs\",\"publisher\":{\"@id\":\"https:\\\/\\\/www.caviar-ambassade.com\\\/#organization\"},\"potentialAction\":[{\"@type\":\"SearchAction\",\"target\":{\"@type\":\"EntryPoint\",\"urlTemplate\":\"https:\\\/\\\/www.caviar-ambassade.com\\\/?s={search_term_string}\"},\"query-input\":{\"@type\":\"PropertyValueSpecification\",\"valueRequired\":true,\"valueName\":\"search_term_string\"}}],\"inLanguage\":\"es\"},{\"@type\":\"Organization\",\"@id\":\"https:\\\/\\\/www.caviar-ambassade.com\\\/#organization\",\"name\":\"Caviar Ambassade\",\"url\":\"https:\\\/\\\/www.caviar-ambassade.com\\\/\",\"logo\":{\"@type\":\"ImageObject\",\"inLanguage\":\"es\",\"@id\":\"https:\\\/\\\/www.caviar-ambassade.com\\\/#\\\/schema\\\/logo\\\/image\\\/\",\"url\":\"https:\\\/\\\/www.caviar-ambassade.com\\\/wp-content\\\/uploads\\\/2021\\\/10\\\/cropped-logo-ambassade.png\",\"contentUrl\":\"https:\\\/\\\/www.caviar-ambassade.com\\\/wp-content\\\/uploads\\\/2021\\\/10\\\/cropped-logo-ambassade.png\",\"width\":150,\"height\":150,\"caption\":\"Caviar Ambassade\"},\"image\":{\"@id\":\"https:\\\/\\\/www.caviar-ambassade.com\\\/#\\\/schema\\\/logo\\\/image\\\/\"}}]}<\/script>\n<!-- \/ Yoast SEO plugin. -->","yoast_head_json":{"title":"Caviar Naccari - Caviar Ambassade","description":"Le caviar Naccari est r\u00e9put\u00e9 pour son go\u00fbt intense. Sa saveur iod\u00e9e en fait un caviar de choix pour une exp\u00e9rience gustative intense et raffin\u00e9e.","robots":{"index":"index","follow":"follow","max-snippet":"max-snippet:-1","max-image-preview":"max-image-preview:large","max-video-preview":"max-video-preview:-1"},"canonical":"https:\/\/www.caviar-ambassade.com\/es_es\/producto\/caviar-naccari\/","og_locale":"es_ES","og_type":"article","og_title":"Caviar Naccari - Caviar Ambassade","og_description":"Le caviar Naccari est r\u00e9put\u00e9 pour son go\u00fbt intense. Sa saveur iod\u00e9e en fait un caviar de choix pour une exp\u00e9rience gustative intense et raffin\u00e9e.","og_url":"https:\/\/www.caviar-ambassade.com\/es_es\/producto\/caviar-naccari\/","og_site_name":"Caviar Ambassade","article_modified_time":"2026-03-03T08:20:43+00:00","og_image":[{"width":1000,"height":1000,"url":"https:\/\/www.caviar-ambassade.com\/wp-content\/uploads\/2018\/10\/NACARRI.png","type":"image\/png"}],"twitter_card":"summary_large_image","twitter_misc":{"Tiempo de lectura":"2 minutos"},"schema":{"@context":"https:\/\/schema.org","@graph":[{"@type":"WebPage","@id":"https:\/\/www.caviar-ambassade.com\/produit\/caviar-naccari\/","url":"https:\/\/www.caviar-ambassade.com\/produit\/caviar-naccari\/","name":"Caviar Naccari - Caviar Ambassade","isPartOf":{"@id":"https:\/\/www.caviar-ambassade.com\/#website"},"primaryImageOfPage":{"@id":"https:\/\/www.caviar-ambassade.com\/produit\/caviar-naccari\/#primaryimage"},"image":{"@id":"https:\/\/www.caviar-ambassade.com\/produit\/caviar-naccari\/#primaryimage"},"thumbnailUrl":"https:\/\/www.caviar-ambassade.com\/wp-content\/uploads\/2018\/10\/NACARRI.png","datePublished":"2024-07-08T13:17:30+00:00","dateModified":"2026-03-03T08:20:43+00:00","description":"Le caviar Naccari est r\u00e9put\u00e9 pour son go\u00fbt intense. Sa saveur iod\u00e9e en fait un caviar de choix pour une exp\u00e9rience gustative intense et raffin\u00e9e.","breadcrumb":{"@id":"https:\/\/www.caviar-ambassade.com\/produit\/caviar-naccari\/#breadcrumb"},"inLanguage":"es","potentialAction":[{"@type":"ReadAction","target":["https:\/\/www.caviar-ambassade.com\/produit\/caviar-naccari\/"]}]},{"@type":"ImageObject","inLanguage":"es","@id":"https:\/\/www.caviar-ambassade.com\/produit\/caviar-naccari\/#primaryimage","url":"https:\/\/www.caviar-ambassade.com\/wp-content\/uploads\/2018\/10\/NACARRI.png","contentUrl":"https:\/\/www.caviar-ambassade.com\/wp-content\/uploads\/2018\/10\/NACARRI.png","width":1000,"height":1000,"caption":"caviar nacarri"},{"@type":"BreadcrumbList","@id":"https:\/\/www.caviar-ambassade.com\/produit\/caviar-naccari\/#breadcrumb","itemListElement":[{"@type":"ListItem","position":1,"name":"Accueil","item":"https:\/\/www.caviar-ambassade.com\/"},{"@type":"ListItem","position":2,"name":"Boutique","item":"https:\/\/www.caviar-ambassade.com\/boutique\/"},{"@type":"ListItem","position":3,"name":"Caviar Naccari"}]},{"@type":"WebSite","@id":"https:\/\/www.caviar-ambassade.com\/#website","url":"https:\/\/www.caviar-ambassade.com\/","name":"Caviar Ambassade","description":"Le caviar des connaisseurs","publisher":{"@id":"https:\/\/www.caviar-ambassade.com\/#organization"},"potentialAction":[{"@type":"SearchAction","target":{"@type":"EntryPoint","urlTemplate":"https:\/\/www.caviar-ambassade.com\/?s={search_term_string}"},"query-input":{"@type":"PropertyValueSpecification","valueRequired":true,"valueName":"search_term_string"}}],"inLanguage":"es"},{"@type":"Organization","@id":"https:\/\/www.caviar-ambassade.com\/#organization","name":"Caviar Ambassade","url":"https:\/\/www.caviar-ambassade.com\/","logo":{"@type":"ImageObject","inLanguage":"es","@id":"https:\/\/www.caviar-ambassade.com\/#\/schema\/logo\/image\/","url":"https:\/\/www.caviar-ambassade.com\/wp-content\/uploads\/2021\/10\/cropped-logo-ambassade.png","contentUrl":"https:\/\/www.caviar-ambassade.com\/wp-content\/uploads\/2021\/10\/cropped-logo-ambassade.png","width":150,"height":150,"caption":"Caviar Ambassade"},"image":{"@id":"https:\/\/www.caviar-ambassade.com\/#\/schema\/logo\/image\/"}}]}},"_links":{"self":[{"href":"https:\/\/www.caviar-ambassade.com\/es_es\/wp-json\/wp\/v2\/product\/4601","targetHints":{"allow":["GET"]}}],"collection":[{"href":"https:\/\/www.caviar-ambassade.com\/es_es\/wp-json\/wp\/v2\/product"}],"about":[{"href":"https:\/\/www.caviar-ambassade.com\/es_es\/wp-json\/wp\/v2\/types\/product"}],"wp:featuredmedia":[{"embeddable":true,"href":"https:\/\/www.caviar-ambassade.com\/es_es\/wp-json\/wp\/v2\/media\/7126"}],"wp:attachment":[{"href":"https:\/\/www.caviar-ambassade.com\/es_es\/wp-json\/wp\/v2\/media?parent=4601"}],"wp:term":[{"taxonomy":"product_brand","embeddable":true,"href":"https:\/\/www.caviar-ambassade.com\/es_es\/wp-json\/wp\/v2\/product_brand?post=4601"},{"taxonomy":"product_cat","embeddable":true,"href":"https:\/\/www.caviar-ambassade.com\/es_es\/wp-json\/wp\/v2\/product_cat?post=4601"},{"taxonomy":"product_tag","embeddable":true,"href":"https:\/\/www.caviar-ambassade.com\/es_es\/wp-json\/wp\/v2\/product_tag?post=4601"}],"curies":[{"name":"wp","href":"https:\/\/api.w.org\/{rel}","templated":true}]}}