{"id":4878,"date":"2024-08-28T14:55:24","date_gmt":"2024-08-28T12:55:24","guid":{"rendered":"https:\/\/www.caviar-ambassade.com\/?post_type=product&#038;p=4878"},"modified":"2026-03-03T09:15:26","modified_gmt":"2026-03-03T08:15:26","slug":"caviar-naccari-boite-origine","status":"publish","type":"product","link":"https:\/\/www.caviar-ambassade.com\/es_es\/producto\/caviar-naccari-boite-origine\/","title":{"rendered":"Caviar Osci\u00e8tre \u2013 Caja Origine"},"content":{"rendered":"<p>Las huevas de este caviar Naccari son de tama\u00f1o mediano, lo que las hace muy apreciadas por los conocedores. Su textura es suave, lo que proporciona una agradable sensaci\u00f3n en boca, mientras que su color var\u00eda del gris al negro antracita, lo que a\u00f1ade una refinada dimensi\u00f3n visual a esta especialidad culinaria. Pero es sobre todo su sabor lo que hace famoso a este caviar.<\/p>\n<p><strong>La caja azul de Caviar Ambassade inspira una degustaci\u00f3n generosa e inolvidable.<\/strong><br \/>\nLa preparaci\u00f3n del caviar requiere saber hacer y exigencia. Las huevas se envasan directamente en las cajas azules y se guardan en c\u00e1maras frigor\u00edficas. Es durante el proceso de maduraci\u00f3n cuando se desarrolla el sabor tan particular del caviar.<\/p>\n\t<div id=\"accordion-1602136952\" class=\"accordion-item\">\n\t\t<a id=\"accordion-1602136952-label\" class=\"accordion-title plain\" href=\"#accordion-item-conseils-avec-les-boites-origine\" aria-expanded=\"false\" aria-controls=\"accordion-1602136952-content\">\n\t\t\t<button class=\"toggle\" aria-label=\"Toggle\"><i class=\"icon-angle-down\" aria-hidden=\"true\"><\/i><\/button>\n\t\t\t<span>Consejos sobre las Cajas Origin<\/span>\n\t\t<\/a>\n\t\t<div id=\"accordion-1602136952-content\" class=\"accordion-inner\" aria-labelledby=\"accordion-1602136952-label\">\n\t\t\t\n<p>Contrairement aux \u201cboites Filles\u201d qui sont \u00e9tanches et sous vide, les \u201cBoites Origine\u201d sont remplies au volume et sous simple pression. Dans ces boites, le caviar va poursuivre sa maturation, et couler lentement (jusqu\u2019\u00e0 5% du poids total).<\/p>\n<p>C\u2019est la raison pour laquelle nous exp\u00e9dions les boites\u00a0<strong>dans un pochon<\/strong>. Avant de servir votre caviar, ouvrez le pochon, et nettoyez la boite. Vous n\u2019avez plus ensuite qu\u2019\u00e0 \u00f4ter l\u2019\u00e9lastique et ouvrir d\u00e9licatement la boite (en tournant si n\u00e9cessaire).<\/p>\n<p>Conservar en el frigor\u00edfico y consumir en las 48 horas siguientes a su apertura.<\/p>\n<p>Il est pr\u00e9f\u00e9rable de sortir votre bo\u00eete de caviar 5 minutes avant de la servir. Disposez la sur un lit de glace qui en pr\u00e9servera la fra\u00eecheur tout au long de la d\u00e9gustation. Pr\u00e9f\u00e9rez une petite cuill\u00e8re en nacre qui ne brisera pas les grains et ne risquera pas l\u2019oxydation.<\/p>\n\t\t<\/div>\n\t<\/div>","protected":false},"excerpt":{"rendered":"<div class=\"banner-grid-wrapper\">\n  <div id=\"banner-grid-1846751667\" class=\"banner-grid row row-grid row-small\" data-packery-options=\"\">\n                      \n\n<div class=\"col grid-col large-6 grid-col-1\" ><div class=\"col-inner\">\n\n\n  <div class=\"banner has-hover\" id=\"banner-1360167516\">\n          <div class=\"banner-inner fill\">\n        <div class=\"banner-bg fill\" >\n                                                \n                    <\/div>\n\t\t\n        <div class=\"banner-layers container\">\n            <div class=\"fill banner-link\"><\/div>            \n\n   <div id=\"text-box-620025689\" class=\"text-box banner-layer x50 md-x50 lg-x50 y50 md-y50 lg-y50 res-text\">\n                                <div class=\"text-box-content text dark\">\n              \n              <div class=\"text-inner text-left\">\n                  \n\n<div class=\"container section-title-container\" ><h3 class=\"section-title section-title-center\"><b aria-hidden=\"true\"><\/b><span class=\"section-title-main\" >Consejos para usar las cajas Origine<\/span><b aria-hidden=\"true\"><\/b><\/h3><\/div>\n\n\t<div id=\"text-1313307055\" class=\"text\">\n\t\t\n\n<p>A diferencia de las \u00abcajas Filles\u00bb, que son herm\u00e9ticas y est\u00e1n al vac\u00edo, las \u00abcajas Origine\u00bb se llenan al volumen y a simple presi\u00f3n. En estas cajas, el caviar contin\u00faa su maduraci\u00f3n y se escurre lentamente (hasta un 5 % del peso total).<\/p>\n<p>Por eso enviamos las cajas en una bolsa al vac\u00edo y con papel absorbente. Antes de servir el caviar, abra la bolsa y limpie la caja. A continuaci\u00f3n, solo tiene que quitar la goma el\u00e1stica y abrir la caja con cuidado (gir\u00e1ndola si es necesario).<\/p>\n<p>Conservar en el frigor\u00edfico y consumir en las 48 horas siguientes a su apertura.<\/p>\n<p>Es preferible sacar la caja de caviar 5 minutos antes de servirlo. Col\u00f3quela sobre una cama de hielo que mantendr\u00e1 su frescura durante toda la degustaci\u00f3n. Utilice una cucharilla de n\u00e1car que no rompa los granos y no provoque oxidaci\u00f3n.<\/p>\n\t\t\n<style>\n#text-1313307055 {\n  font-size: 0.75rem;\n}\n<\/style>\n\t<\/div>\n\t\n\n              <\/div>\n           <\/div>\n                            \n<style>\n#text-box-620025689 {\n  width: 90%;\n}\n#text-box-620025689 .text-box-content {\n  font-size: 100%;\n}\n<\/style>\n    <\/div>\n \n\n        <\/div>\n      <\/div>\n\n            \n<style>\n#banner-1360167516 {\n  padding-top: 500px;\n}\n<\/style>\n  <\/div>\n\n\n\n<\/div><\/div>\n<div class=\"col grid-col large-3 grid-col-1\" ><div class=\"col-inner\">\n\n\n  <div class=\"banner has-hover\" id=\"banner-181947250\">\n          <div class=\"banner-inner fill\">\n        <div class=\"banner-bg fill\" >\n            <img width=\"800\" height=\"800\" src=\"https:\/\/www.caviar-ambassade.com\/wp-content\/uploads\/2021\/07\/caviar-ambassade3-800x800.jpg\" class=\"bg attachment-large size-large\" alt=\"caviar ambassade\" decoding=\"async\" loading=\"lazy\" \/>                                    \n                    <\/div>\n\t\t\n        <div class=\"banner-layers container\">\n            <div class=\"fill banner-link\"><\/div>            \n\n   <div id=\"text-box-1982231594\" class=\"text-box banner-layer x50 md-x50 lg-x50 y50 md-y50 lg-y50 res-text\">\n                                <div class=\"text-box-content text dark\">\n              \n              <div class=\"text-inner text-center\">\n                  \n\n<div class=\"container section-title-container\" ><h3 class=\"section-title section-title-center\"><b aria-hidden=\"true\"><\/b><span class=\"section-title-main\" style=\"color:rgb(0, 0, 0);\">Receta muy sencilla<\/span><b aria-hidden=\"true\"><\/b><\/h3><\/div>\n\n\t<div id=\"text-1382871599\" class=\"text\">\n\t\t\n\n<p style=\"text-align: center;\"><strong>Pur\u00e9 de patatas con caviar<\/strong><\/p>\n<p>Cueza las patatas peladas en agua con sal.<\/p>\n<p>Esc\u00farralas, trit\u00farelas con un pasapur\u00e9s y m\u00e9zclelas con un poco de nata fresca.<\/p>\n<p>Sirva el pur\u00e9 de patatas en un plato.<\/p>\n<p>Pon una cucharada generosa de caviar encima (unos 50 g por persona).<\/p>\n\t\t\n<style>\n#text-1382871599 {\n  font-size: 0.75rem;\n  text-align: left;\n  color: rgb(0, 0, 0);\n}\n#text-1382871599 > * {\n  color: rgb(0, 0, 0);\n}\n<\/style>\n\t<\/div>\n\t\n\n              <\/div>\n           <\/div>\n                            \n<style>\n#text-box-1982231594 {\n  margin: 0px 0px 0px 0px;\n  width: 90%;\n}\n#text-box-1982231594 .text-box-content {\n  background-color: rgba(255, 255, 255, 0.622);\n  font-size: 100%;\n}\n#text-box-1982231594 .text-inner {\n  padding: 10px 10px 10px 10px;\n}\n<\/style>\n    <\/div>\n \n\n        <\/div>\n      <\/div>\n\n            \n<style>\n#banner-181947250 {\n  padding-top: 500px;\n  background-color: rgb(255,255,255);\n}\n#banner-181947250 .banner-bg img {\n  object-position: center;\n}\n<\/style>\n  <\/div>\n\n\n\n<\/div><\/div>\n<div class=\"col grid-col large-3 grid-col-1-2\" ><div class=\"col-inner\">\n\n\n  <div class=\"banner has-hover\" id=\"banner-1749842962\">\n          <div class=\"banner-inner fill\">\n        <div class=\"banner-bg fill\" >\n                                                \n                    <\/div>\n\t\t\n        <div class=\"banner-layers container\">\n            <div class=\"fill banner-link\"><\/div>            \n\n   <div id=\"text-box-481567814\" class=\"text-box banner-layer x50 md-x50 lg-x50 y50 md-y50 lg-y50 res-text\">\n                                <div class=\"text-box-content text dark\">\n              \n              <div class=\"text-inner text-center\">\n                  \n\n<div class=\"container section-title-container\" ><h3 class=\"section-title section-title-center\"><b aria-hidden=\"true\"><\/b><span class=\"section-title-main\" style=\"color:rgb(255, 255, 255);\">\u00bfQu\u00e9 vino marida bien con este caviar?<\/span><b aria-hidden=\"true\"><\/b><\/h3><\/div>\n\n\t<div id=\"text-2439978283\" class=\"text\">\n\t\t\n\n<p>\u00a1Con el champ\u00e1n, el \u00e9xito est\u00e1 garantizado! La frescura del champ\u00e1n, con sus finas burbujas, complementa a la perfecci\u00f3n el caviar, preparando el paladar para apreciar plenamente sus delicados aromas. Opte por un Blanc de Noirs para obtener el mejor maridaje.<\/p>\n\t\t\n<style>\n#text-2439978283 {\n  font-size: 0.75rem;\n  text-align: left;\n}\n<\/style>\n\t<\/div>\n\t\n\n              <\/div>\n           <\/div>\n                            \n<style>\n#text-box-481567814 {\n  width: 80%;\n}\n#text-box-481567814 .text-box-content {\n  font-size: 100%;\n}\n<\/style>\n    <\/div>\n \n\n        <\/div>\n      <\/div>\n\n            \n<style>\n#banner-1749842962 {\n  padding-top: 500px;\n}\n<\/style>\n  <\/div>\n\n\n\n<\/div><\/div>\n<div class=\"col grid-col large-3 grid-col-1-2\" ><div class=\"col-inner\">\n\n\t<div class=\"img has-hover x md-x lg-x y md-y lg-y\" id=\"image_1245192685\">\n\t\t\t\t\t\t\t\t<div class=\"img-inner dark\" >\n\t\t\t<img width=\"800\" height=\"800\" src=\"https:\/\/www.caviar-ambassade.com\/wp-content\/uploads\/2021\/12\/caviar-ambassade8-800x800.jpg\" class=\"attachment-large size-large\" alt=\"caviar ambassade\" decoding=\"async\" loading=\"lazy\" srcset=\"https:\/\/www.caviar-ambassade.com\/wp-content\/uploads\/2021\/12\/caviar-ambassade8-800x800.jpg 800w, https:\/\/www.caviar-ambassade.com\/wp-content\/uploads\/2021\/12\/caviar-ambassade8-247x247.jpg 247w, https:\/\/www.caviar-ambassade.com\/wp-content\/uploads\/2021\/12\/caviar-ambassade8-100x100.jpg 100w, https:\/\/www.caviar-ambassade.com\/wp-content\/uploads\/2021\/12\/caviar-ambassade8-510x510.jpg 510w, https:\/\/www.caviar-ambassade.com\/wp-content\/uploads\/2021\/12\/caviar-ambassade8-400x400.jpg 400w, https:\/\/www.caviar-ambassade.com\/wp-content\/uploads\/2021\/12\/caviar-ambassade8-280x280.jpg 280w, https:\/\/www.caviar-ambassade.com\/wp-content\/uploads\/2021\/12\/caviar-ambassade8-768x768.jpg 768w, https:\/\/www.caviar-ambassade.com\/wp-content\/uploads\/2021\/12\/caviar-ambassade8.jpg 1000w\" sizes=\"auto, (max-width: 800px) 100vw, 800px\" \/>\t\t\t\t\t\t\n\t\t\t\t\t<\/div>\n\t\t\t\t\t\t\t\t\n<style>\n#image_1245192685 {\n  width: 100%;\n}\n<\/style>\n\t<\/div>\n\t\n\n\n<\/div><\/div>\n\n            <\/div>\n    <style>\n    #banner-grid-1846751667 .grid-col-1{height: 600px}\n    #banner-grid-1846751667 .grid-col-1-2{height: 300px}\n    #banner-grid-1846751667 .grid-col-1-3{height:200px}\n    #banner-grid-1846751667 .grid-col-2-3{height: 400px}\n    #banner-grid-1846751667 .grid-col-1-4{height: 150px}\n    #banner-grid-1846751667 .grid-col-3-4{height: 450px}\n\n\n    \n    \n\n  <\/style>\n    <\/div>\n  \n<p><strong>Ingredientes<\/strong> : Huevas de esturi\u00f3n (Acipenser Gueldenstaedtii), sal, E285.<br \/>\n<strong>Al\u00e9rgenos<\/strong> Pescado<br \/>\n<strong>Conservaci\u00f3n<\/strong> : Conservar en refrigeraci\u00f3n entre 0\u00b0C y 4\u00b0C<br \/>\n<strong>Fecha de caducidad m\u00ednima<\/strong> : 2 meses<br \/>\n<strong>Origen<\/strong> : Europe<\/p>","protected":false},"featured_media":1471,"template":"","meta":{"_acf_changed":false},"product_brand":[],"product_cat":[68,16],"product_tag":[53],"class_list":{"0":"post-4878","1":"product","2":"type-product","3":"status-publish","4":"has-post-thumbnail","6":"product_cat-caviar-naccari","7":"product_cat-caviars","8":"product_tag-boite-origine","9":"product_shipping_class-fresh-product","11":"first","12":"outofstock","13":"taxable","14":"shipping-taxable","15":"purchasable","16":"product-type-variable","17":"has-default-attributes"},"acf":[],"yoast_head":"<!-- This site is optimized with the Yoast SEO plugin v27.5 - https:\/\/yoast.com\/product\/yoast-seo-wordpress\/ -->\n<title>Caviar Naccari - Bo\u00eete Origine - Caviar Ambassade<\/title>\n<meta name=\"description\" content=\"Les grains de ce caviar Naccari sont de taille moyenne et leur texture est souple. C\u2019est surtout son go\u00fbt qui fait la renomm\u00e9e de ce caviar naccari.\" \/>\n<meta name=\"robots\" content=\"index, follow, max-snippet:-1, max-image-preview:large, max-video-preview:-1\" \/>\n<link rel=\"canonical\" href=\"https:\/\/www.caviar-ambassade.com\/es_es\/producto\/caviar-naccari-boite-origine\/\" \/>\n<meta property=\"og:locale\" content=\"es_ES\" \/>\n<meta property=\"og:type\" content=\"article\" \/>\n<meta property=\"og:title\" content=\"Caviar Naccari - Bo\u00eete Origine - Caviar Ambassade\" \/>\n<meta property=\"og:description\" content=\"Les grains de ce caviar Naccari sont de taille moyenne et leur texture est souple. C\u2019est surtout son go\u00fbt qui fait la renomm\u00e9e de ce caviar naccari.\" \/>\n<meta property=\"og:url\" content=\"https:\/\/www.caviar-ambassade.com\/es_es\/producto\/caviar-naccari-boite-origine\/\" \/>\n<meta property=\"og:site_name\" content=\"Caviar Ambassade\" \/>\n<meta property=\"article:modified_time\" content=\"2026-03-03T08:15:26+00:00\" \/>\n<meta property=\"og:image\" content=\"https:\/\/www.caviar-ambassade.com\/wp-content\/uploads\/2018\/10\/1_6.png\" \/>\n\t<meta property=\"og:image:width\" content=\"2480\" \/>\n\t<meta property=\"og:image:height\" content=\"1772\" \/>\n\t<meta property=\"og:image:type\" content=\"image\/png\" \/>\n<meta name=\"twitter:card\" content=\"summary_large_image\" \/>\n<meta name=\"twitter:label1\" content=\"Tiempo de lectura\" \/>\n\t<meta name=\"twitter:data1\" content=\"2 minutos\" \/>\n<script type=\"application\/ld+json\" class=\"yoast-schema-graph\">{\"@context\":\"https:\\\/\\\/schema.org\",\"@graph\":[{\"@type\":\"WebPage\",\"@id\":\"https:\\\/\\\/www.caviar-ambassade.com\\\/produit\\\/caviar-naccari-boite-origine\\\/\",\"url\":\"https:\\\/\\\/www.caviar-ambassade.com\\\/produit\\\/caviar-naccari-boite-origine\\\/\",\"name\":\"Caviar Naccari - Bo\u00eete Origine - Caviar Ambassade\",\"isPartOf\":{\"@id\":\"https:\\\/\\\/www.caviar-ambassade.com\\\/#website\"},\"primaryImageOfPage\":{\"@id\":\"https:\\\/\\\/www.caviar-ambassade.com\\\/produit\\\/caviar-naccari-boite-origine\\\/#primaryimage\"},\"image\":{\"@id\":\"https:\\\/\\\/www.caviar-ambassade.com\\\/produit\\\/caviar-naccari-boite-origine\\\/#primaryimage\"},\"thumbnailUrl\":\"https:\\\/\\\/www.caviar-ambassade.com\\\/wp-content\\\/uploads\\\/2018\\\/10\\\/1_6.png\",\"datePublished\":\"2024-08-28T12:55:24+00:00\",\"dateModified\":\"2026-03-03T08:15:26+00:00\",\"description\":\"Les grains de ce caviar Naccari sont de taille moyenne et leur texture est souple. C\u2019est surtout son go\u00fbt qui fait la renomm\u00e9e de ce caviar naccari.\",\"breadcrumb\":{\"@id\":\"https:\\\/\\\/www.caviar-ambassade.com\\\/produit\\\/caviar-naccari-boite-origine\\\/#breadcrumb\"},\"inLanguage\":\"es\",\"potentialAction\":[{\"@type\":\"ReadAction\",\"target\":[\"https:\\\/\\\/www.caviar-ambassade.com\\\/produit\\\/caviar-naccari-boite-origine\\\/\"]}]},{\"@type\":\"ImageObject\",\"inLanguage\":\"es\",\"@id\":\"https:\\\/\\\/www.caviar-ambassade.com\\\/produit\\\/caviar-naccari-boite-origine\\\/#primaryimage\",\"url\":\"https:\\\/\\\/www.caviar-ambassade.com\\\/wp-content\\\/uploads\\\/2018\\\/10\\\/1_6.png\",\"contentUrl\":\"https:\\\/\\\/www.caviar-ambassade.com\\\/wp-content\\\/uploads\\\/2018\\\/10\\\/1_6.png\",\"width\":2480,\"height\":1772,\"caption\":\"caviar en boite origine\"},{\"@type\":\"BreadcrumbList\",\"@id\":\"https:\\\/\\\/www.caviar-ambassade.com\\\/produit\\\/caviar-naccari-boite-origine\\\/#breadcrumb\",\"itemListElement\":[{\"@type\":\"ListItem\",\"position\":1,\"name\":\"Accueil\",\"item\":\"https:\\\/\\\/www.caviar-ambassade.com\\\/\"},{\"@type\":\"ListItem\",\"position\":2,\"name\":\"Boutique\",\"item\":\"https:\\\/\\\/www.caviar-ambassade.com\\\/boutique\\\/\"},{\"@type\":\"ListItem\",\"position\":3,\"name\":\"Caviar Naccari &#8211; Bo\u00eete Origine\"}]},{\"@type\":\"WebSite\",\"@id\":\"https:\\\/\\\/www.caviar-ambassade.com\\\/#website\",\"url\":\"https:\\\/\\\/www.caviar-ambassade.com\\\/\",\"name\":\"Caviar Ambassade\",\"description\":\"Le caviar des connaisseurs\",\"publisher\":{\"@id\":\"https:\\\/\\\/www.caviar-ambassade.com\\\/#organization\"},\"potentialAction\":[{\"@type\":\"SearchAction\",\"target\":{\"@type\":\"EntryPoint\",\"urlTemplate\":\"https:\\\/\\\/www.caviar-ambassade.com\\\/?s={search_term_string}\"},\"query-input\":{\"@type\":\"PropertyValueSpecification\",\"valueRequired\":true,\"valueName\":\"search_term_string\"}}],\"inLanguage\":\"es\"},{\"@type\":\"Organization\",\"@id\":\"https:\\\/\\\/www.caviar-ambassade.com\\\/#organization\",\"name\":\"Caviar Ambassade\",\"url\":\"https:\\\/\\\/www.caviar-ambassade.com\\\/\",\"logo\":{\"@type\":\"ImageObject\",\"inLanguage\":\"es\",\"@id\":\"https:\\\/\\\/www.caviar-ambassade.com\\\/#\\\/schema\\\/logo\\\/image\\\/\",\"url\":\"https:\\\/\\\/www.caviar-ambassade.com\\\/wp-content\\\/uploads\\\/2021\\\/10\\\/cropped-logo-ambassade.png\",\"contentUrl\":\"https:\\\/\\\/www.caviar-ambassade.com\\\/wp-content\\\/uploads\\\/2021\\\/10\\\/cropped-logo-ambassade.png\",\"width\":150,\"height\":150,\"caption\":\"Caviar Ambassade\"},\"image\":{\"@id\":\"https:\\\/\\\/www.caviar-ambassade.com\\\/#\\\/schema\\\/logo\\\/image\\\/\"}}]}<\/script>\n<!-- \/ Yoast SEO plugin. -->","yoast_head_json":{"title":"Caviar Naccari - Bo\u00eete Origine - Caviar Ambassade","description":"Les grains de ce caviar Naccari sont de taille moyenne et leur texture est souple. C\u2019est surtout son go\u00fbt qui fait la renomm\u00e9e de ce caviar naccari.","robots":{"index":"index","follow":"follow","max-snippet":"max-snippet:-1","max-image-preview":"max-image-preview:large","max-video-preview":"max-video-preview:-1"},"canonical":"https:\/\/www.caviar-ambassade.com\/es_es\/producto\/caviar-naccari-boite-origine\/","og_locale":"es_ES","og_type":"article","og_title":"Caviar Naccari - Bo\u00eete Origine - Caviar Ambassade","og_description":"Les grains de ce caviar Naccari sont de taille moyenne et leur texture est souple. C\u2019est surtout son go\u00fbt qui fait la renomm\u00e9e de ce caviar naccari.","og_url":"https:\/\/www.caviar-ambassade.com\/es_es\/producto\/caviar-naccari-boite-origine\/","og_site_name":"Caviar Ambassade","article_modified_time":"2026-03-03T08:15:26+00:00","og_image":[{"width":2480,"height":1772,"url":"https:\/\/www.caviar-ambassade.com\/wp-content\/uploads\/2018\/10\/1_6.png","type":"image\/png"}],"twitter_card":"summary_large_image","twitter_misc":{"Tiempo de lectura":"2 minutos"},"schema":{"@context":"https:\/\/schema.org","@graph":[{"@type":"WebPage","@id":"https:\/\/www.caviar-ambassade.com\/produit\/caviar-naccari-boite-origine\/","url":"https:\/\/www.caviar-ambassade.com\/produit\/caviar-naccari-boite-origine\/","name":"Caviar Naccari - Bo\u00eete Origine - Caviar Ambassade","isPartOf":{"@id":"https:\/\/www.caviar-ambassade.com\/#website"},"primaryImageOfPage":{"@id":"https:\/\/www.caviar-ambassade.com\/produit\/caviar-naccari-boite-origine\/#primaryimage"},"image":{"@id":"https:\/\/www.caviar-ambassade.com\/produit\/caviar-naccari-boite-origine\/#primaryimage"},"thumbnailUrl":"https:\/\/www.caviar-ambassade.com\/wp-content\/uploads\/2018\/10\/1_6.png","datePublished":"2024-08-28T12:55:24+00:00","dateModified":"2026-03-03T08:15:26+00:00","description":"Les grains de ce caviar Naccari sont de taille moyenne et leur texture est souple. C\u2019est surtout son go\u00fbt qui fait la renomm\u00e9e de ce caviar naccari.","breadcrumb":{"@id":"https:\/\/www.caviar-ambassade.com\/produit\/caviar-naccari-boite-origine\/#breadcrumb"},"inLanguage":"es","potentialAction":[{"@type":"ReadAction","target":["https:\/\/www.caviar-ambassade.com\/produit\/caviar-naccari-boite-origine\/"]}]},{"@type":"ImageObject","inLanguage":"es","@id":"https:\/\/www.caviar-ambassade.com\/produit\/caviar-naccari-boite-origine\/#primaryimage","url":"https:\/\/www.caviar-ambassade.com\/wp-content\/uploads\/2018\/10\/1_6.png","contentUrl":"https:\/\/www.caviar-ambassade.com\/wp-content\/uploads\/2018\/10\/1_6.png","width":2480,"height":1772,"caption":"caviar en boite origine"},{"@type":"BreadcrumbList","@id":"https:\/\/www.caviar-ambassade.com\/produit\/caviar-naccari-boite-origine\/#breadcrumb","itemListElement":[{"@type":"ListItem","position":1,"name":"Accueil","item":"https:\/\/www.caviar-ambassade.com\/"},{"@type":"ListItem","position":2,"name":"Boutique","item":"https:\/\/www.caviar-ambassade.com\/boutique\/"},{"@type":"ListItem","position":3,"name":"Caviar Naccari &#8211; Bo\u00eete Origine"}]},{"@type":"WebSite","@id":"https:\/\/www.caviar-ambassade.com\/#website","url":"https:\/\/www.caviar-ambassade.com\/","name":"Caviar Ambassade","description":"Le caviar des connaisseurs","publisher":{"@id":"https:\/\/www.caviar-ambassade.com\/#organization"},"potentialAction":[{"@type":"SearchAction","target":{"@type":"EntryPoint","urlTemplate":"https:\/\/www.caviar-ambassade.com\/?s={search_term_string}"},"query-input":{"@type":"PropertyValueSpecification","valueRequired":true,"valueName":"search_term_string"}}],"inLanguage":"es"},{"@type":"Organization","@id":"https:\/\/www.caviar-ambassade.com\/#organization","name":"Caviar Ambassade","url":"https:\/\/www.caviar-ambassade.com\/","logo":{"@type":"ImageObject","inLanguage":"es","@id":"https:\/\/www.caviar-ambassade.com\/#\/schema\/logo\/image\/","url":"https:\/\/www.caviar-ambassade.com\/wp-content\/uploads\/2021\/10\/cropped-logo-ambassade.png","contentUrl":"https:\/\/www.caviar-ambassade.com\/wp-content\/uploads\/2021\/10\/cropped-logo-ambassade.png","width":150,"height":150,"caption":"Caviar Ambassade"},"image":{"@id":"https:\/\/www.caviar-ambassade.com\/#\/schema\/logo\/image\/"}}]}},"_links":{"self":[{"href":"https:\/\/www.caviar-ambassade.com\/es_es\/wp-json\/wp\/v2\/product\/4878","targetHints":{"allow":["GET"]}}],"collection":[{"href":"https:\/\/www.caviar-ambassade.com\/es_es\/wp-json\/wp\/v2\/product"}],"about":[{"href":"https:\/\/www.caviar-ambassade.com\/es_es\/wp-json\/wp\/v2\/types\/product"}],"wp:featuredmedia":[{"embeddable":true,"href":"https:\/\/www.caviar-ambassade.com\/es_es\/wp-json\/wp\/v2\/media\/1471"}],"wp:attachment":[{"href":"https:\/\/www.caviar-ambassade.com\/es_es\/wp-json\/wp\/v2\/media?parent=4878"}],"wp:term":[{"taxonomy":"product_brand","embeddable":true,"href":"https:\/\/www.caviar-ambassade.com\/es_es\/wp-json\/wp\/v2\/product_brand?post=4878"},{"taxonomy":"product_cat","embeddable":true,"href":"https:\/\/www.caviar-ambassade.com\/es_es\/wp-json\/wp\/v2\/product_cat?post=4878"},{"taxonomy":"product_tag","embeddable":true,"href":"https:\/\/www.caviar-ambassade.com\/es_es\/wp-json\/wp\/v2\/product_tag?post=4878"}],"curies":[{"name":"wp","href":"https:\/\/api.w.org\/{rel}","templated":true}]}}