{"id":1620,"date":"2021-04-09T14:54:24","date_gmt":"2021-04-09T12:54:24","guid":{"rendered":"https:\/\/www.caviar-ambassade.com\/?post_type=product&#038;p=1620"},"modified":"2025-11-13T15:27:52","modified_gmt":"2025-11-13T14:27:52","slug":"caviar-sevruga","status":"publish","type":"product","link":"https:\/\/www.caviar-ambassade.com\/fr_ch\/product\/caviar-sevruga\/","title":{"rendered":"Caviar Sevruga"},"content":{"rendered":"<p>Disparu aujourd\u2019hui \u00e0 l\u2019\u00e9tat sauvage, l\u2019esturgeon Sevruga est une esp\u00e8ce que l\u2019on retrouve peu en \u00e9levage. Caviar Ambassade permet aux amateurs de Sevruga de pouvoir profiter de ce caviar exceptionnel.<\/p>\n<h2>Un caviar rare : le Caviar Sevruga<\/h2>\n<p>L\u2019esturgeon \u00e9toil\u00e9 Acipenser stellatus est l\u2019une des trois esp\u00e8ces originaires de la mer Caspienne aux c\u00f4t\u00e9s des esturgeons procurant le caviar Beluga et Osci\u00e8tre.\u00a0Le Caviar Sevruga se caract\u00e9rise par des notes puissantes et une petite taille de grain. Le caviar Sevruga est le plus souvent appr\u00e9ci\u00e9 par des consommateurs d\u00e9sirant un caviar au go\u00fbt \u00ab cors\u00e9 \u00bb.<\/p>","protected":false},"excerpt":{"rendered":"<div class=\"banner-grid-wrapper\">\n  <div id=\"banner-grid-1272928159\" class=\"banner-grid row row-grid row-small\" data-packery-options=\"\">\n                      \n\n<div class=\"col grid-col large-6 grid-col-1\" ><div class=\"col-inner\">\n\n\n  <div class=\"banner has-hover\" id=\"banner-1162392924\">\n          <div class=\"banner-inner fill\">\n        <div class=\"banner-bg fill\" >\n                                                \n                    <\/div>\n\t\t\n        <div class=\"banner-layers container\">\n            <div class=\"fill banner-link\"><\/div>            \n\n   <div id=\"text-box-335262333\" class=\"text-box banner-layer x50 md-x50 lg-x50 y50 md-y50 lg-y50 res-text\">\n                                <div class=\"text-box-content text dark\">\n              \n              <div class=\"text-inner text-left\">\n                  \n\n<div class=\"container section-title-container\" ><h3 class=\"section-title section-title-center\"><b aria-hidden=\"true\"><\/b><span class=\"section-title-main\" >Conseils de d\u00e9gustation avec le caviar<\/span><b aria-hidden=\"true\"><\/b><\/h3><\/div>\n\n\t<div id=\"text-947280727\" class=\"text\">\n\t\t\n\n<p><strong>Conserver le caviar au frais<\/strong><br \/>Le caviar doit \u00eatre maintenu \u00e0 une temp\u00e9rature de 0 \u00e0 4 \u00b0C jusqu\u2019au moment de le servir. Il ne doit jamais \u00eatre congel\u00e9, car cela alt\u00e8re la texture des \u0153ufs.<\/p>\n<p><strong>Servir le caviar frais<\/strong><br \/>Le caviar se d\u00e9guste frais, mais il ne doit pas \u00eatre trop froid non plus. La temp\u00e9rature id\u00e9ale pour le servir est d\u2019environ 8 \u00e0 9 \u00b0C. Pour cela, placez la bo\u00eete de caviar ouverte sur un lit de glace juste avant de le proposer \u00e0 vos convives. La glace permet de maintenir la fra\u00eecheur du caviar sans le refroidir excessivement.<\/p>\n<p><strong>Utilisez une cuill\u00e8re en nacre<\/strong><br \/>Les ustensiles en m\u00e9tal sont \u00e0 \u00e9viter, car ils peuvent donner un go\u00fbt m\u00e9tallique d\u00e9sagr\u00e9able au caviar. Privil\u00e9giez les cuill\u00e8res en nacre. La nacre est le mat\u00e9riau traditionnellement utilis\u00e9, car elle n\u2019alt\u00e8re pas les saveurs du caviar.<\/p>\n\t\t\n<style>\n#text-947280727 {\n  font-size: 0.75rem;\n}\n<\/style>\n\t<\/div>\n\t\n\n              <\/div>\n           <\/div>\n                            \n<style>\n#text-box-335262333 {\n  width: 90%;\n}\n#text-box-335262333 .text-box-content {\n  font-size: 100%;\n}\n<\/style>\n    <\/div>\n \n\n        <\/div>\n      <\/div>\n\n            \n<style>\n#banner-1162392924 {\n  padding-top: 500px;\n}\n<\/style>\n  <\/div>\n\n\n\n<\/div><\/div>\n<div class=\"col grid-col large-3 grid-col-1\" ><div class=\"col-inner\">\n\n\n  <div class=\"banner has-hover\" id=\"banner-151181128\">\n          <div class=\"banner-inner fill\">\n        <div class=\"banner-bg fill\" >\n            <img width=\"800\" height=\"800\" src=\"https:\/\/www.caviar-ambassade.com\/wp-content\/uploads\/2021\/07\/caviar-ambassade3-800x800.jpg\" class=\"bg attachment-large size-large\" alt=\"caviar ambassade\" decoding=\"async\" loading=\"lazy\" \/>                                    \n                    <\/div>\n\t\t\n        <div class=\"banner-layers container\">\n            <div class=\"fill banner-link\"><\/div>            \n\n   <div id=\"text-box-762237593\" class=\"text-box banner-layer x50 md-x50 lg-x50 y50 md-y50 lg-y50 res-text\">\n                                <div class=\"text-box-content text dark\">\n              \n              <div class=\"text-inner text-center\">\n                  \n\n<div class=\"container section-title-container\" ><h3 class=\"section-title section-title-center\"><b aria-hidden=\"true\"><\/b><span class=\"section-title-main\" style=\"color:rgb(0, 0, 0);\">Recette toute simple<\/span><b aria-hidden=\"true\"><\/b><\/h3><\/div>\n\n\t<div id=\"text-619401483\" class=\"text\">\n\t\t\n\n<p style=\"text-align: center;\"><strong>L\u2019\u00e9cras\u00e9 de pommes de terre au caviar<\/strong><\/p>\r\nFaites cuire les pommes de terre \u00e9pluch\u00e9es dans de l\u2019eau sal\u00e9e.\r\n\r\n\u00c9goutez et \u00e9crasez-les \u00e0 l\u2019aide d\u2019un presse pur\u00e9e et m\u00e9langez avec un peu de cr\u00e8me fra\u00eeche.\r\n\r\nD\u00e9posez l\u2019\u00e9cras\u00e9 de pommes de terre dans une assiette.\r\n\r\nD\u00e9posez une belle quenelle de caviar sur le dessus (Environ 50g par personne).\n\t\t\n<style>\n#text-619401483 {\n  font-size: 0.75rem;\n  text-align: left;\n  color: rgb(0, 0, 0);\n}\n#text-619401483 > * {\n  color: rgb(0, 0, 0);\n}\n<\/style>\n\t<\/div>\n\t\n\n              <\/div>\n           <\/div>\n                            \n<style>\n#text-box-762237593 {\n  margin: 0px 0px 0px 0px;\n  width: 90%;\n}\n#text-box-762237593 .text-box-content {\n  background-color: rgba(255, 255, 255, 0.622);\n  font-size: 100%;\n}\n#text-box-762237593 .text-inner {\n  padding: 10px 10px 10px 10px;\n}\n<\/style>\n    <\/div>\n \n\n        <\/div>\n      <\/div>\n\n            \n<style>\n#banner-151181128 {\n  padding-top: 500px;\n  background-color: rgb(255,255,255);\n}\n#banner-151181128 .banner-bg img {\n  object-position: center;\n}\n<\/style>\n  <\/div>\n\n\n\n<\/div><\/div>\n<div class=\"col grid-col large-3 grid-col-1-2\" ><div class=\"col-inner\">\n\n\n  <div class=\"banner has-hover\" id=\"banner-75031704\">\n          <div class=\"banner-inner fill\">\n        <div class=\"banner-bg fill\" >\n                                                \n                    <\/div>\n\t\t\n        <div class=\"banner-layers container\">\n            <div class=\"fill banner-link\"><\/div>            \n\n   <div id=\"text-box-929912779\" class=\"text-box banner-layer x50 md-x50 lg-x50 y50 md-y50 lg-y50 res-text\">\n                                <div class=\"text-box-content text dark\">\n              \n              <div class=\"text-inner text-center\">\n                  \n\n<div class=\"container section-title-container\" ><h3 class=\"section-title section-title-center\"><b aria-hidden=\"true\"><\/b><span class=\"section-title-main\" style=\"color:rgb(255, 255, 255);\">Quel vin avec ce caviar ?<\/span><b aria-hidden=\"true\"><\/b><\/h3><\/div>\n\n\t<div id=\"text-1332246025\" class=\"text\">\n\t\t\n\nAvec un Champagne, r\u00e9ussite garantie ! La fra\u00eecheur du Champagne se marie parfaitement \u00e0 celle du caviar gr\u00e2ce aux fines bulles qui pr\u00e9parent le palais \u00e0 d\u00e9couvrir tous les ar\u00f4mes du caviar. Privil\u00e9giez un Blanc de Noirs.\n\t\t\n<style>\n#text-1332246025 {\n  font-size: 0.75rem;\n  text-align: left;\n}\n<\/style>\n\t<\/div>\n\t\n\n              <\/div>\n           <\/div>\n                            \n<style>\n#text-box-929912779 {\n  width: 80%;\n}\n#text-box-929912779 .text-box-content {\n  font-size: 100%;\n}\n<\/style>\n    <\/div>\n \n\n        <\/div>\n      <\/div>\n\n            \n<style>\n#banner-75031704 {\n  padding-top: 500px;\n}\n<\/style>\n  <\/div>\n\n\n\n<\/div><\/div>\n<div class=\"col grid-col large-3 grid-col-1-2\" ><div class=\"col-inner\">\n\n\t<div class=\"img has-hover x md-x lg-x y md-y lg-y\" id=\"image_209553317\">\n\t\t\t\t\t\t\t\t<div class=\"img-inner dark\" >\n\t\t\t<img width=\"800\" height=\"800\" src=\"https:\/\/www.caviar-ambassade.com\/wp-content\/uploads\/2021\/12\/caviar-ambassade8-800x800.jpg\" class=\"attachment-large size-large\" alt=\"caviar ambassade\" decoding=\"async\" loading=\"lazy\" srcset=\"https:\/\/www.caviar-ambassade.com\/wp-content\/uploads\/2021\/12\/caviar-ambassade8-800x800.jpg 800w, https:\/\/www.caviar-ambassade.com\/wp-content\/uploads\/2021\/12\/caviar-ambassade8-247x247.jpg 247w, https:\/\/www.caviar-ambassade.com\/wp-content\/uploads\/2021\/12\/caviar-ambassade8-100x100.jpg 100w, https:\/\/www.caviar-ambassade.com\/wp-content\/uploads\/2021\/12\/caviar-ambassade8-510x510.jpg 510w, https:\/\/www.caviar-ambassade.com\/wp-content\/uploads\/2021\/12\/caviar-ambassade8-400x400.jpg 400w, https:\/\/www.caviar-ambassade.com\/wp-content\/uploads\/2021\/12\/caviar-ambassade8-280x280.jpg 280w, https:\/\/www.caviar-ambassade.com\/wp-content\/uploads\/2021\/12\/caviar-ambassade8-768x768.jpg 768w, https:\/\/www.caviar-ambassade.com\/wp-content\/uploads\/2021\/12\/caviar-ambassade8.jpg 1000w\" sizes=\"auto, (max-width: 800px) 100vw, 800px\" \/>\t\t\t\t\t\t\n\t\t\t\t\t<\/div>\n\t\t\t\t\t\t\t\t\n<style>\n#image_209553317 {\n  width: 100%;\n}\n<\/style>\n\t<\/div>\n\t\n\n\n<\/div><\/div>\n\n            <\/div>\n    <style>\n    #banner-grid-1272928159 .grid-col-1{height: 600px}\n    #banner-grid-1272928159 .grid-col-1-2{height: 300px}\n    #banner-grid-1272928159 .grid-col-1-3{height:200px}\n    #banner-grid-1272928159 .grid-col-2-3{height: 400px}\n    #banner-grid-1272928159 .grid-col-1-4{height: 150px}\n    #banner-grid-1272928159 .grid-col-3-4{height: 450px}\n\n\n    \n    \n\n  <\/style>\n    <\/div>\n  \n<p><strong>Ingr\u00e9dients<\/strong> : Oeufs d&rsquo;esturgeon (Acipenser Stellatus), sel, E285<br \/>\n<strong>Allerg\u00e8nes<\/strong> : Poisson<br \/>\n<strong>Conservation<\/strong> : Au r\u00e9frig\u00e9rateur entre 0 et 4\u00b0c<br \/>\n<strong>DDM garantie<\/strong> : 2 mois<br \/>\n<strong>Origine<\/strong> : Europe<\/p>","protected":false},"featured_media":7125,"template":"","meta":{"_acf_changed":false},"product_brand":[],"product_cat":[40,16],"product_tag":[],"class_list":{"0":"post-1620","1":"product","2":"type-product","3":"status-publish","4":"has-post-thumbnail","6":"product_cat-caviar-sevruga","7":"product_cat-caviars","8":"product_shipping_class-fresh-product","10":"first","11":"instock","12":"taxable","13":"shipping-taxable","14":"purchasable","15":"product-type-variable","16":"has-default-attributes"},"acf":[],"yoast_head":"<!-- This site is optimized with the Yoast SEO plugin v27.4 - https:\/\/yoast.com\/product\/yoast-seo-wordpress\/ -->\n<title>Caviar Sevruga - Caviar Ambassade<\/title>\n<meta name=\"description\" content=\"Le Caviar Sevruga se caract\u00e9rise par des notes puissantes et une petite taille de grain. Le caviar Sevruga est souvent appr\u00e9ci\u00e9 gr\u00e2ce \u00e0 son go\u00fbt cors\u00e9.\" \/>\n<meta name=\"robots\" content=\"index, follow, max-snippet:-1, max-image-preview:large, max-video-preview:-1\" \/>\n<link rel=\"canonical\" href=\"https:\/\/www.caviar-ambassade.com\/fr_ch\/product\/caviar-sevruga\/\" \/>\n<meta property=\"og:locale\" content=\"fr_FR\" \/>\n<meta property=\"og:type\" content=\"article\" \/>\n<meta property=\"og:title\" content=\"Caviar Sevruga - Caviar Ambassade\" \/>\n<meta property=\"og:description\" content=\"Le Caviar Sevruga se caract\u00e9rise par des notes puissantes et une petite taille de grain. Le caviar Sevruga est souvent appr\u00e9ci\u00e9 gr\u00e2ce \u00e0 son go\u00fbt cors\u00e9.\" \/>\n<meta property=\"og:url\" content=\"https:\/\/www.caviar-ambassade.com\/fr_ch\/product\/caviar-sevruga\/\" \/>\n<meta property=\"og:site_name\" content=\"Caviar Ambassade\" \/>\n<meta property=\"article:modified_time\" content=\"2025-11-13T14:27:52+00:00\" \/>\n<meta property=\"og:image\" content=\"https:\/\/www.caviar-ambassade.com\/wp-content\/uploads\/2018\/10\/SEVRUGA.png\" \/>\n\t<meta property=\"og:image:width\" content=\"1000\" \/>\n\t<meta property=\"og:image:height\" content=\"1000\" \/>\n\t<meta property=\"og:image:type\" content=\"image\/png\" \/>\n<meta name=\"twitter:card\" content=\"summary_large_image\" \/>\n<meta name=\"twitter:label1\" content=\"Est. reading time\" \/>\n\t<meta name=\"twitter:data1\" content=\"1 minute\" \/>\n<script type=\"application\/ld+json\" class=\"yoast-schema-graph\">{\"@context\":\"https:\\\/\\\/schema.org\",\"@graph\":[{\"@type\":\"WebPage\",\"@id\":\"https:\\\/\\\/www.caviar-ambassade.com\\\/produit\\\/caviar-sevruga\\\/\",\"url\":\"https:\\\/\\\/www.caviar-ambassade.com\\\/produit\\\/caviar-sevruga\\\/\",\"name\":\"Caviar Sevruga - Caviar Ambassade\",\"isPartOf\":{\"@id\":\"https:\\\/\\\/www.caviar-ambassade.com\\\/#website\"},\"primaryImageOfPage\":{\"@id\":\"https:\\\/\\\/www.caviar-ambassade.com\\\/produit\\\/caviar-sevruga\\\/#primaryimage\"},\"image\":{\"@id\":\"https:\\\/\\\/www.caviar-ambassade.com\\\/produit\\\/caviar-sevruga\\\/#primaryimage\"},\"thumbnailUrl\":\"https:\\\/\\\/www.caviar-ambassade.com\\\/wp-content\\\/uploads\\\/2018\\\/10\\\/SEVRUGA.png\",\"datePublished\":\"2021-04-09T12:54:24+00:00\",\"dateModified\":\"2025-11-13T14:27:52+00:00\",\"description\":\"Le Caviar Sevruga se caract\u00e9rise par des notes puissantes et une petite taille de grain. Le caviar Sevruga est souvent appr\u00e9ci\u00e9 gr\u00e2ce \u00e0 son go\u00fbt cors\u00e9.\",\"breadcrumb\":{\"@id\":\"https:\\\/\\\/www.caviar-ambassade.com\\\/produit\\\/caviar-sevruga\\\/#breadcrumb\"},\"inLanguage\":\"fr-CH\",\"potentialAction\":[{\"@type\":\"ReadAction\",\"target\":[\"https:\\\/\\\/www.caviar-ambassade.com\\\/produit\\\/caviar-sevruga\\\/\"]}]},{\"@type\":\"ImageObject\",\"inLanguage\":\"fr-CH\",\"@id\":\"https:\\\/\\\/www.caviar-ambassade.com\\\/produit\\\/caviar-sevruga\\\/#primaryimage\",\"url\":\"https:\\\/\\\/www.caviar-ambassade.com\\\/wp-content\\\/uploads\\\/2018\\\/10\\\/SEVRUGA.png\",\"contentUrl\":\"https:\\\/\\\/www.caviar-ambassade.com\\\/wp-content\\\/uploads\\\/2018\\\/10\\\/SEVRUGA.png\",\"width\":1000,\"height\":1000,\"caption\":\"caviar sevruga\"},{\"@type\":\"BreadcrumbList\",\"@id\":\"https:\\\/\\\/www.caviar-ambassade.com\\\/produit\\\/caviar-sevruga\\\/#breadcrumb\",\"itemListElement\":[{\"@type\":\"ListItem\",\"position\":1,\"name\":\"Accueil\",\"item\":\"https:\\\/\\\/www.caviar-ambassade.com\\\/\"},{\"@type\":\"ListItem\",\"position\":2,\"name\":\"Boutique\",\"item\":\"https:\\\/\\\/www.caviar-ambassade.com\\\/boutique\\\/\"},{\"@type\":\"ListItem\",\"position\":3,\"name\":\"Caviar Sevruga\"}]},{\"@type\":\"WebSite\",\"@id\":\"https:\\\/\\\/www.caviar-ambassade.com\\\/#website\",\"url\":\"https:\\\/\\\/www.caviar-ambassade.com\\\/\",\"name\":\"Caviar Ambassade\",\"description\":\"Le caviar des connaisseurs\",\"publisher\":{\"@id\":\"https:\\\/\\\/www.caviar-ambassade.com\\\/#organization\"},\"potentialAction\":[{\"@type\":\"SearchAction\",\"target\":{\"@type\":\"EntryPoint\",\"urlTemplate\":\"https:\\\/\\\/www.caviar-ambassade.com\\\/?s={search_term_string}\"},\"query-input\":{\"@type\":\"PropertyValueSpecification\",\"valueRequired\":true,\"valueName\":\"search_term_string\"}}],\"inLanguage\":\"fr-CH\"},{\"@type\":\"Organization\",\"@id\":\"https:\\\/\\\/www.caviar-ambassade.com\\\/#organization\",\"name\":\"Caviar Ambassade\",\"url\":\"https:\\\/\\\/www.caviar-ambassade.com\\\/\",\"logo\":{\"@type\":\"ImageObject\",\"inLanguage\":\"fr-CH\",\"@id\":\"https:\\\/\\\/www.caviar-ambassade.com\\\/#\\\/schema\\\/logo\\\/image\\\/\",\"url\":\"https:\\\/\\\/www.caviar-ambassade.com\\\/wp-content\\\/uploads\\\/2021\\\/10\\\/cropped-logo-ambassade.png\",\"contentUrl\":\"https:\\\/\\\/www.caviar-ambassade.com\\\/wp-content\\\/uploads\\\/2021\\\/10\\\/cropped-logo-ambassade.png\",\"width\":150,\"height\":150,\"caption\":\"Caviar Ambassade\"},\"image\":{\"@id\":\"https:\\\/\\\/www.caviar-ambassade.com\\\/#\\\/schema\\\/logo\\\/image\\\/\"}}]}<\/script>\n<!-- \/ Yoast SEO plugin. -->","yoast_head_json":{"title":"Caviar Sevruga - Caviar Ambassade","description":"Le Caviar Sevruga se caract\u00e9rise par des notes puissantes et une petite taille de grain. Le caviar Sevruga est souvent appr\u00e9ci\u00e9 gr\u00e2ce \u00e0 son go\u00fbt cors\u00e9.","robots":{"index":"index","follow":"follow","max-snippet":"max-snippet:-1","max-image-preview":"max-image-preview:large","max-video-preview":"max-video-preview:-1"},"canonical":"https:\/\/www.caviar-ambassade.com\/fr_ch\/product\/caviar-sevruga\/","og_locale":"fr_FR","og_type":"article","og_title":"Caviar Sevruga - Caviar Ambassade","og_description":"Le Caviar Sevruga se caract\u00e9rise par des notes puissantes et une petite taille de grain. Le caviar Sevruga est souvent appr\u00e9ci\u00e9 gr\u00e2ce \u00e0 son go\u00fbt cors\u00e9.","og_url":"https:\/\/www.caviar-ambassade.com\/fr_ch\/product\/caviar-sevruga\/","og_site_name":"Caviar Ambassade","article_modified_time":"2025-11-13T14:27:52+00:00","og_image":[{"width":1000,"height":1000,"url":"https:\/\/www.caviar-ambassade.com\/wp-content\/uploads\/2018\/10\/SEVRUGA.png","type":"image\/png"}],"twitter_card":"summary_large_image","twitter_misc":{"Est. reading time":"1 minute"},"schema":{"@context":"https:\/\/schema.org","@graph":[{"@type":"WebPage","@id":"https:\/\/www.caviar-ambassade.com\/produit\/caviar-sevruga\/","url":"https:\/\/www.caviar-ambassade.com\/produit\/caviar-sevruga\/","name":"Caviar Sevruga - Caviar Ambassade","isPartOf":{"@id":"https:\/\/www.caviar-ambassade.com\/#website"},"primaryImageOfPage":{"@id":"https:\/\/www.caviar-ambassade.com\/produit\/caviar-sevruga\/#primaryimage"},"image":{"@id":"https:\/\/www.caviar-ambassade.com\/produit\/caviar-sevruga\/#primaryimage"},"thumbnailUrl":"https:\/\/www.caviar-ambassade.com\/wp-content\/uploads\/2018\/10\/SEVRUGA.png","datePublished":"2021-04-09T12:54:24+00:00","dateModified":"2025-11-13T14:27:52+00:00","description":"Le Caviar Sevruga se caract\u00e9rise par des notes puissantes et une petite taille de grain. Le caviar Sevruga est souvent appr\u00e9ci\u00e9 gr\u00e2ce \u00e0 son go\u00fbt cors\u00e9.","breadcrumb":{"@id":"https:\/\/www.caviar-ambassade.com\/produit\/caviar-sevruga\/#breadcrumb"},"inLanguage":"fr-CH","potentialAction":[{"@type":"ReadAction","target":["https:\/\/www.caviar-ambassade.com\/produit\/caviar-sevruga\/"]}]},{"@type":"ImageObject","inLanguage":"fr-CH","@id":"https:\/\/www.caviar-ambassade.com\/produit\/caviar-sevruga\/#primaryimage","url":"https:\/\/www.caviar-ambassade.com\/wp-content\/uploads\/2018\/10\/SEVRUGA.png","contentUrl":"https:\/\/www.caviar-ambassade.com\/wp-content\/uploads\/2018\/10\/SEVRUGA.png","width":1000,"height":1000,"caption":"caviar sevruga"},{"@type":"BreadcrumbList","@id":"https:\/\/www.caviar-ambassade.com\/produit\/caviar-sevruga\/#breadcrumb","itemListElement":[{"@type":"ListItem","position":1,"name":"Accueil","item":"https:\/\/www.caviar-ambassade.com\/"},{"@type":"ListItem","position":2,"name":"Boutique","item":"https:\/\/www.caviar-ambassade.com\/boutique\/"},{"@type":"ListItem","position":3,"name":"Caviar Sevruga"}]},{"@type":"WebSite","@id":"https:\/\/www.caviar-ambassade.com\/#website","url":"https:\/\/www.caviar-ambassade.com\/","name":"Caviar Ambassade","description":"Le caviar des connaisseurs","publisher":{"@id":"https:\/\/www.caviar-ambassade.com\/#organization"},"potentialAction":[{"@type":"SearchAction","target":{"@type":"EntryPoint","urlTemplate":"https:\/\/www.caviar-ambassade.com\/?s={search_term_string}"},"query-input":{"@type":"PropertyValueSpecification","valueRequired":true,"valueName":"search_term_string"}}],"inLanguage":"fr-CH"},{"@type":"Organization","@id":"https:\/\/www.caviar-ambassade.com\/#organization","name":"Caviar Ambassade","url":"https:\/\/www.caviar-ambassade.com\/","logo":{"@type":"ImageObject","inLanguage":"fr-CH","@id":"https:\/\/www.caviar-ambassade.com\/#\/schema\/logo\/image\/","url":"https:\/\/www.caviar-ambassade.com\/wp-content\/uploads\/2021\/10\/cropped-logo-ambassade.png","contentUrl":"https:\/\/www.caviar-ambassade.com\/wp-content\/uploads\/2021\/10\/cropped-logo-ambassade.png","width":150,"height":150,"caption":"Caviar Ambassade"},"image":{"@id":"https:\/\/www.caviar-ambassade.com\/#\/schema\/logo\/image\/"}}]}},"_links":{"self":[{"href":"https:\/\/www.caviar-ambassade.com\/fr_ch\/wp-json\/wp\/v2\/product\/1620","targetHints":{"allow":["GET"]}}],"collection":[{"href":"https:\/\/www.caviar-ambassade.com\/fr_ch\/wp-json\/wp\/v2\/product"}],"about":[{"href":"https:\/\/www.caviar-ambassade.com\/fr_ch\/wp-json\/wp\/v2\/types\/product"}],"wp:featuredmedia":[{"embeddable":true,"href":"https:\/\/www.caviar-ambassade.com\/fr_ch\/wp-json\/wp\/v2\/media\/7125"}],"wp:attachment":[{"href":"https:\/\/www.caviar-ambassade.com\/fr_ch\/wp-json\/wp\/v2\/media?parent=1620"}],"wp:term":[{"taxonomy":"product_brand","embeddable":true,"href":"https:\/\/www.caviar-ambassade.com\/fr_ch\/wp-json\/wp\/v2\/product_brand?post=1620"},{"taxonomy":"product_cat","embeddable":true,"href":"https:\/\/www.caviar-ambassade.com\/fr_ch\/wp-json\/wp\/v2\/product_cat?post=1620"},{"taxonomy":"product_tag","embeddable":true,"href":"https:\/\/www.caviar-ambassade.com\/fr_ch\/wp-json\/wp\/v2\/product_tag?post=1620"}],"curies":[{"name":"wp","href":"https:\/\/api.w.org\/{rel}","templated":true}]}}