{"id":3795,"date":"2023-11-16T21:34:29","date_gmt":"2023-11-16T20:34:29","guid":{"rendered":"https:\/\/www.caviar-ambassade.com\/?post_type=product&#038;p=3795"},"modified":"2026-02-10T12:10:42","modified_gmt":"2026-02-10T11:10:42","slug":"oeufs-de-truite-250g","status":"publish","type":"product","link":"https:\/\/www.caviar-ambassade.com\/fr_ch\/product\/oeufs-de-truite-250g\/","title":{"rendered":"Oeufs de truite 250g"},"content":{"rendered":"<p>Les \u0153ufs de truite que nous proposons se distinguent par leurs grains de taille moyenne, leur couleur rouge profond, et leur saveur iod\u00e9e subtile. Leur texture \u00e9clatante est une v\u00e9ritable surprise pour le palais, offrant une exp\u00e9rience gustative raffin\u00e9e et d\u00e9licate. Compar\u00e9s aux <a href=\"https:\/\/www.caviar-ambassade.com\/fr_ch\/product\/oeufs-de-saumon-250g\/\">\u0153ufs de saumon<\/a>, ils sont plus doux, ce qui en fait un choix appr\u00e9ci\u00e9 pour une vari\u00e9t\u00e9 de pr\u00e9parations culinaires.<\/p>\n<p>Id\u00e9aux pour agr\u00e9menter vos cocktails et ap\u00e9ritifs, les \u0153ufs de truite se marient parfaitement avec des blinis garnis d&rsquo;une touche de cr\u00e8me fra\u00eeche. Cette combinaison classique met en valeur leur saveur d\u00e9licate tout en ajoutant une note de sophistication \u00e0 vos r\u00e9ceptions. De plus, leur utilisation comme \u00e9l\u00e9ment d\u00e9coratif pour vos salades apporte une touche de couleur et de croquant, transformant des plats simples en cr\u00e9ations visuellement attrayantes et savoureuses.<\/p>","protected":false},"excerpt":{"rendered":"<div><span style=\"color: #555555;\">Poids : 250g<br \/>\n<\/span><span style=\"color: #555555;\">Ingr\u00e9dients : Oeufs de POISSON (Truite Oncorhynchus mykiss) (96,5%), sel<br \/>\n<\/span><span style=\"color: #555555;\">Allerg\u00e8nes : Poisson<br \/>\n<\/span><span style=\"color: #555555;\">Conservation : Au r\u00e9fig\u00e9rateur entre 0\u00b0C et 4\u00b0c<br \/>\n<\/span><span style=\"color: #555555;\">DDM garantie : 4 mois<br \/>\nOrigine : France \/ Espagne<\/span><\/div>","protected":false},"featured_media":3797,"template":"","meta":{"_acf_changed":false},"product_brand":[],"product_cat":[63],"product_tag":[],"class_list":{"0":"post-3795","1":"product","2":"type-product","3":"status-publish","4":"has-post-thumbnail","6":"product_cat-oeufs-de-poisson","7":"product_shipping_class-fresh-product","9":"first","10":"instock","11":"sale","12":"taxable","13":"shipping-taxable","14":"purchasable","15":"product-type-simple"},"acf":[],"yoast_head":"<!-- This site is optimized with the Yoast SEO plugin v27.4 - https:\/\/yoast.com\/product\/yoast-seo-wordpress\/ -->\n<title>Oeufs de truite 250g - Caviar Ambassade<\/title>\n<meta name=\"description\" content=\"Les \u0153ufs de truite se distinguent par leurs grains de taille moyenne, leur couleur rouge profond et leur saveur iod\u00e9e subtile. Une v\u00e9ritable surprise !\" \/>\n<meta name=\"robots\" content=\"index, follow, max-snippet:-1, max-image-preview:large, max-video-preview:-1\" \/>\n<link rel=\"canonical\" href=\"https:\/\/www.caviar-ambassade.com\/fr_ch\/product\/oeufs-de-truite-250g\/\" \/>\n<meta property=\"og:locale\" content=\"fr_FR\" \/>\n<meta property=\"og:type\" content=\"article\" \/>\n<meta property=\"og:title\" content=\"Oeufs de truite 250g - Caviar Ambassade\" \/>\n<meta property=\"og:description\" content=\"Les \u0153ufs de truite se distinguent par leurs grains de taille moyenne, leur couleur rouge profond et leur saveur iod\u00e9e subtile. Une v\u00e9ritable surprise !\" \/>\n<meta property=\"og:url\" content=\"https:\/\/www.caviar-ambassade.com\/fr_ch\/product\/oeufs-de-truite-250g\/\" \/>\n<meta property=\"og:site_name\" content=\"Caviar Ambassade\" \/>\n<meta property=\"article:modified_time\" content=\"2026-02-10T11:10:42+00:00\" \/>\n<meta property=\"og:image\" content=\"https:\/\/www.caviar-ambassade.com\/wp-content\/uploads\/2023\/11\/oeufs-de-truite.png\" \/>\n\t<meta property=\"og:image:width\" content=\"1000\" \/>\n\t<meta property=\"og:image:height\" content=\"1000\" \/>\n\t<meta property=\"og:image:type\" content=\"image\/png\" \/>\n<meta name=\"twitter:card\" content=\"summary_large_image\" \/>\n<meta name=\"twitter:label1\" content=\"Est. reading time\" \/>\n\t<meta name=\"twitter:data1\" content=\"1 minute\" \/>\n<script type=\"application\/ld+json\" class=\"yoast-schema-graph\">{\"@context\":\"https:\\\/\\\/schema.org\",\"@graph\":[{\"@type\":\"WebPage\",\"@id\":\"https:\\\/\\\/www.caviar-ambassade.com\\\/produit\\\/oeufs-de-truite-250g\\\/\",\"url\":\"https:\\\/\\\/www.caviar-ambassade.com\\\/produit\\\/oeufs-de-truite-250g\\\/\",\"name\":\"Oeufs de truite 250g - Caviar Ambassade\",\"isPartOf\":{\"@id\":\"https:\\\/\\\/www.caviar-ambassade.com\\\/#website\"},\"primaryImageOfPage\":{\"@id\":\"https:\\\/\\\/www.caviar-ambassade.com\\\/produit\\\/oeufs-de-truite-250g\\\/#primaryimage\"},\"image\":{\"@id\":\"https:\\\/\\\/www.caviar-ambassade.com\\\/produit\\\/oeufs-de-truite-250g\\\/#primaryimage\"},\"thumbnailUrl\":\"https:\\\/\\\/www.caviar-ambassade.com\\\/wp-content\\\/uploads\\\/2023\\\/11\\\/oeufs-de-truite.png\",\"datePublished\":\"2023-11-16T20:34:29+00:00\",\"dateModified\":\"2026-02-10T11:10:42+00:00\",\"description\":\"Les \u0153ufs de truite se distinguent par leurs grains de taille moyenne, leur couleur rouge profond et leur saveur iod\u00e9e subtile. Une v\u00e9ritable surprise !\",\"breadcrumb\":{\"@id\":\"https:\\\/\\\/www.caviar-ambassade.com\\\/produit\\\/oeufs-de-truite-250g\\\/#breadcrumb\"},\"inLanguage\":\"fr-CH\",\"potentialAction\":[{\"@type\":\"ReadAction\",\"target\":[\"https:\\\/\\\/www.caviar-ambassade.com\\\/produit\\\/oeufs-de-truite-250g\\\/\"]}]},{\"@type\":\"ImageObject\",\"inLanguage\":\"fr-CH\",\"@id\":\"https:\\\/\\\/www.caviar-ambassade.com\\\/produit\\\/oeufs-de-truite-250g\\\/#primaryimage\",\"url\":\"https:\\\/\\\/www.caviar-ambassade.com\\\/wp-content\\\/uploads\\\/2023\\\/11\\\/oeufs-de-truite.png\",\"contentUrl\":\"https:\\\/\\\/www.caviar-ambassade.com\\\/wp-content\\\/uploads\\\/2023\\\/11\\\/oeufs-de-truite.png\",\"width\":1000,\"height\":1000,\"caption\":\"oeufs de truite\"},{\"@type\":\"BreadcrumbList\",\"@id\":\"https:\\\/\\\/www.caviar-ambassade.com\\\/produit\\\/oeufs-de-truite-250g\\\/#breadcrumb\",\"itemListElement\":[{\"@type\":\"ListItem\",\"position\":1,\"name\":\"Accueil\",\"item\":\"https:\\\/\\\/www.caviar-ambassade.com\\\/\"},{\"@type\":\"ListItem\",\"position\":2,\"name\":\"Boutique\",\"item\":\"https:\\\/\\\/www.caviar-ambassade.com\\\/boutique\\\/\"},{\"@type\":\"ListItem\",\"position\":3,\"name\":\"Oeufs de truite 250g\"}]},{\"@type\":\"WebSite\",\"@id\":\"https:\\\/\\\/www.caviar-ambassade.com\\\/#website\",\"url\":\"https:\\\/\\\/www.caviar-ambassade.com\\\/\",\"name\":\"Caviar Ambassade\",\"description\":\"Le caviar des connaisseurs\",\"publisher\":{\"@id\":\"https:\\\/\\\/www.caviar-ambassade.com\\\/#organization\"},\"potentialAction\":[{\"@type\":\"SearchAction\",\"target\":{\"@type\":\"EntryPoint\",\"urlTemplate\":\"https:\\\/\\\/www.caviar-ambassade.com\\\/?s={search_term_string}\"},\"query-input\":{\"@type\":\"PropertyValueSpecification\",\"valueRequired\":true,\"valueName\":\"search_term_string\"}}],\"inLanguage\":\"fr-CH\"},{\"@type\":\"Organization\",\"@id\":\"https:\\\/\\\/www.caviar-ambassade.com\\\/#organization\",\"name\":\"Caviar Ambassade\",\"url\":\"https:\\\/\\\/www.caviar-ambassade.com\\\/\",\"logo\":{\"@type\":\"ImageObject\",\"inLanguage\":\"fr-CH\",\"@id\":\"https:\\\/\\\/www.caviar-ambassade.com\\\/#\\\/schema\\\/logo\\\/image\\\/\",\"url\":\"https:\\\/\\\/www.caviar-ambassade.com\\\/wp-content\\\/uploads\\\/2021\\\/10\\\/cropped-logo-ambassade.png\",\"contentUrl\":\"https:\\\/\\\/www.caviar-ambassade.com\\\/wp-content\\\/uploads\\\/2021\\\/10\\\/cropped-logo-ambassade.png\",\"width\":150,\"height\":150,\"caption\":\"Caviar Ambassade\"},\"image\":{\"@id\":\"https:\\\/\\\/www.caviar-ambassade.com\\\/#\\\/schema\\\/logo\\\/image\\\/\"}}]}<\/script>\n<!-- \/ Yoast SEO plugin. -->","yoast_head_json":{"title":"Oeufs de truite 250g - Caviar Ambassade","description":"Les \u0153ufs de truite se distinguent par leurs grains de taille moyenne, leur couleur rouge profond et leur saveur iod\u00e9e subtile. Une v\u00e9ritable surprise !","robots":{"index":"index","follow":"follow","max-snippet":"max-snippet:-1","max-image-preview":"max-image-preview:large","max-video-preview":"max-video-preview:-1"},"canonical":"https:\/\/www.caviar-ambassade.com\/fr_ch\/product\/oeufs-de-truite-250g\/","og_locale":"fr_FR","og_type":"article","og_title":"Oeufs de truite 250g - Caviar Ambassade","og_description":"Les \u0153ufs de truite se distinguent par leurs grains de taille moyenne, leur couleur rouge profond et leur saveur iod\u00e9e subtile. Une v\u00e9ritable surprise !","og_url":"https:\/\/www.caviar-ambassade.com\/fr_ch\/product\/oeufs-de-truite-250g\/","og_site_name":"Caviar Ambassade","article_modified_time":"2026-02-10T11:10:42+00:00","og_image":[{"width":1000,"height":1000,"url":"https:\/\/www.caviar-ambassade.com\/wp-content\/uploads\/2023\/11\/oeufs-de-truite.png","type":"image\/png"}],"twitter_card":"summary_large_image","twitter_misc":{"Est. reading time":"1 minute"},"schema":{"@context":"https:\/\/schema.org","@graph":[{"@type":"WebPage","@id":"https:\/\/www.caviar-ambassade.com\/produit\/oeufs-de-truite-250g\/","url":"https:\/\/www.caviar-ambassade.com\/produit\/oeufs-de-truite-250g\/","name":"Oeufs de truite 250g - Caviar Ambassade","isPartOf":{"@id":"https:\/\/www.caviar-ambassade.com\/#website"},"primaryImageOfPage":{"@id":"https:\/\/www.caviar-ambassade.com\/produit\/oeufs-de-truite-250g\/#primaryimage"},"image":{"@id":"https:\/\/www.caviar-ambassade.com\/produit\/oeufs-de-truite-250g\/#primaryimage"},"thumbnailUrl":"https:\/\/www.caviar-ambassade.com\/wp-content\/uploads\/2023\/11\/oeufs-de-truite.png","datePublished":"2023-11-16T20:34:29+00:00","dateModified":"2026-02-10T11:10:42+00:00","description":"Les \u0153ufs de truite se distinguent par leurs grains de taille moyenne, leur couleur rouge profond et leur saveur iod\u00e9e subtile. Une v\u00e9ritable surprise !","breadcrumb":{"@id":"https:\/\/www.caviar-ambassade.com\/produit\/oeufs-de-truite-250g\/#breadcrumb"},"inLanguage":"fr-CH","potentialAction":[{"@type":"ReadAction","target":["https:\/\/www.caviar-ambassade.com\/produit\/oeufs-de-truite-250g\/"]}]},{"@type":"ImageObject","inLanguage":"fr-CH","@id":"https:\/\/www.caviar-ambassade.com\/produit\/oeufs-de-truite-250g\/#primaryimage","url":"https:\/\/www.caviar-ambassade.com\/wp-content\/uploads\/2023\/11\/oeufs-de-truite.png","contentUrl":"https:\/\/www.caviar-ambassade.com\/wp-content\/uploads\/2023\/11\/oeufs-de-truite.png","width":1000,"height":1000,"caption":"oeufs de truite"},{"@type":"BreadcrumbList","@id":"https:\/\/www.caviar-ambassade.com\/produit\/oeufs-de-truite-250g\/#breadcrumb","itemListElement":[{"@type":"ListItem","position":1,"name":"Accueil","item":"https:\/\/www.caviar-ambassade.com\/"},{"@type":"ListItem","position":2,"name":"Boutique","item":"https:\/\/www.caviar-ambassade.com\/boutique\/"},{"@type":"ListItem","position":3,"name":"Oeufs de truite 250g"}]},{"@type":"WebSite","@id":"https:\/\/www.caviar-ambassade.com\/#website","url":"https:\/\/www.caviar-ambassade.com\/","name":"Caviar Ambassade","description":"Le caviar des connaisseurs","publisher":{"@id":"https:\/\/www.caviar-ambassade.com\/#organization"},"potentialAction":[{"@type":"SearchAction","target":{"@type":"EntryPoint","urlTemplate":"https:\/\/www.caviar-ambassade.com\/?s={search_term_string}"},"query-input":{"@type":"PropertyValueSpecification","valueRequired":true,"valueName":"search_term_string"}}],"inLanguage":"fr-CH"},{"@type":"Organization","@id":"https:\/\/www.caviar-ambassade.com\/#organization","name":"Caviar Ambassade","url":"https:\/\/www.caviar-ambassade.com\/","logo":{"@type":"ImageObject","inLanguage":"fr-CH","@id":"https:\/\/www.caviar-ambassade.com\/#\/schema\/logo\/image\/","url":"https:\/\/www.caviar-ambassade.com\/wp-content\/uploads\/2021\/10\/cropped-logo-ambassade.png","contentUrl":"https:\/\/www.caviar-ambassade.com\/wp-content\/uploads\/2021\/10\/cropped-logo-ambassade.png","width":150,"height":150,"caption":"Caviar Ambassade"},"image":{"@id":"https:\/\/www.caviar-ambassade.com\/#\/schema\/logo\/image\/"}}]}},"_links":{"self":[{"href":"https:\/\/www.caviar-ambassade.com\/fr_ch\/wp-json\/wp\/v2\/product\/3795","targetHints":{"allow":["GET"]}}],"collection":[{"href":"https:\/\/www.caviar-ambassade.com\/fr_ch\/wp-json\/wp\/v2\/product"}],"about":[{"href":"https:\/\/www.caviar-ambassade.com\/fr_ch\/wp-json\/wp\/v2\/types\/product"}],"wp:featuredmedia":[{"embeddable":true,"href":"https:\/\/www.caviar-ambassade.com\/fr_ch\/wp-json\/wp\/v2\/media\/3797"}],"wp:attachment":[{"href":"https:\/\/www.caviar-ambassade.com\/fr_ch\/wp-json\/wp\/v2\/media?parent=3795"}],"wp:term":[{"taxonomy":"product_brand","embeddable":true,"href":"https:\/\/www.caviar-ambassade.com\/fr_ch\/wp-json\/wp\/v2\/product_brand?post=3795"},{"taxonomy":"product_cat","embeddable":true,"href":"https:\/\/www.caviar-ambassade.com\/fr_ch\/wp-json\/wp\/v2\/product_cat?post=3795"},{"taxonomy":"product_tag","embeddable":true,"href":"https:\/\/www.caviar-ambassade.com\/fr_ch\/wp-json\/wp\/v2\/product_tag?post=3795"}],"curies":[{"name":"wp","href":"https:\/\/api.w.org\/{rel}","templated":true}]}}