{"id":3800,"date":"2023-11-16T21:36:22","date_gmt":"2023-11-16T20:36:22","guid":{"rendered":"https:\/\/www.caviar-ambassade.com\/?post_type=product&#038;p=3800"},"modified":"2025-12-30T16:01:39","modified_gmt":"2025-12-30T15:01:39","slug":"saumon-fume-entier-non-tranche","status":"publish","type":"product","link":"https:\/\/www.caviar-ambassade.com\/fr_ch\/product\/saumon-fume-entier-non-tranche\/","title":{"rendered":"Saumon fum\u00e9 entier non tranch\u00e9"},"content":{"rendered":"<p>Ce saumon fum\u00e9 entier est parfait pour toutes vos pr\u00e9parations \u00e0 base de saumon fum\u00e9, vous permettant de le d\u00e9couper selon vos pr\u00e9f\u00e9rences. Notre saumon est pr\u00e9par\u00e9 avec soin, selon une recette traditionnelle qui garantit une saveur authentique et raffin\u00e9e. Sal\u00e9 \u00e0 sec au sel pour pr\u00e9server ses ar\u00f4mes naturels et sa texture d\u00e9licate, il est ensuite fum\u00e9 au bois de h\u00eatre dans notre propre fumoir, un proc\u00e9d\u00e9 artisanal qui conf\u00e8re au saumon une saveur unique et in\u00e9gal\u00e9e.<\/p>\n<p>Provenant des eaux pures et froides de Norv\u00e8ge, notre saumon fum\u00e9 est labellis\u00e9 B\u00f6mlo, un label synonyme de qualit\u00e9 et de tra\u00e7abilit\u00e9. Ce label assure que notre saumon est \u00e9lev\u00e9 de mani\u00e8re durable et respectueuse de l&rsquo;environnement, r\u00e9pondant aux normes les plus strictes en mati\u00e8re de production. La certification B\u00f6mlo garantit \u00e9galement que le saumon a \u00e9t\u00e9 trait\u00e9 avec le plus grand soin, depuis l&rsquo;\u00e9levage jusqu&rsquo;au fumage, pour offrir un produit d&rsquo;exception \u00e0 nos clients.<\/p>\n<p>Le saumon fum\u00e9 entier est un produit polyvalent, id\u00e9al pour une vari\u00e9t\u00e9 de recettes. Que vous souhaitiez le trancher finement pour des entr\u00e9es raffin\u00e9es, l&rsquo;incorporer dans des salades fra\u00eeches ou l&rsquo;utiliser comme ingr\u00e9dient principal dans des plats \u00e9labor\u00e9s, notre saumon fum\u00e9 rehaussera toutes vos cr\u00e9ations culinaires. Sa texture fondante et son go\u00fbt subtilement fum\u00e9 enrichiront vos recettes, des plus simples aux plus sophistiqu\u00e9es, apportant une touche de raffinement \u00e0 chaque repas.<\/p>\n<div>\n<div>\ud83c\udfa3 <strong>Saumon fum\u00e9 entier : tout juste sorti de notre fumoir !<\/strong><\/div>\n<div>\u26a0\ufe0f Quantit\u00e9s limit\u00e9es, r\u00e9servez vite pour savourer ce produit d\u2019exception !<\/div>\n<\/div>","protected":false},"excerpt":{"rendered":"<p>Poids : 1,150 kg<br \/>\nIngr\u00e9dients : Filet de saumon (Salmo salar) fum\u00e9 au bois de h\u00eatre, sel, sucre<br \/>\nAllerg\u00e8nes : Poisson<br \/>\nConservation : Au r\u00e9frig\u00e9rateur entre 0 et 4\u00b0C.<br \/>\nOrigine : Norv\u00e8ge<\/p>","protected":false},"featured_media":5466,"template":"","meta":{"_acf_changed":false},"product_brand":[],"product_cat":[17,64],"product_tag":[],"class_list":{"0":"post-3800","1":"product","2":"type-product","3":"status-publish","4":"has-post-thumbnail","6":"product_cat-epicerie-fine","7":"product_cat-poisson-fume","8":"product_shipping_class-fresh-product","10":"first","11":"outofstock","12":"sale","13":"taxable","14":"shipping-taxable","15":"purchasable","16":"product-type-simple"},"acf":[],"yoast_head":"<!-- This site is optimized with the Yoast SEO plugin v27.4 - https:\/\/yoast.com\/product\/yoast-seo-wordpress\/ -->\n<title>Saumon fum\u00e9 entier non tranch\u00e9 - Caviar Ambassade<\/title>\n<meta name=\"description\" content=\"Ce saumon fum\u00e9 entier est parfait pour toutes vos pr\u00e9parations \u00e0 base de saumon fum\u00e9, vous permettant de le d\u00e9couper selon vos pr\u00e9f\u00e9rences.\" \/>\n<meta name=\"robots\" content=\"index, follow, max-snippet:-1, max-image-preview:large, max-video-preview:-1\" \/>\n<link rel=\"canonical\" href=\"https:\/\/www.caviar-ambassade.com\/fr_ch\/product\/saumon-fume-entier-non-tranche\/\" \/>\n<meta property=\"og:locale\" content=\"fr_FR\" \/>\n<meta property=\"og:type\" content=\"article\" \/>\n<meta property=\"og:title\" content=\"Saumon fum\u00e9 entier non tranch\u00e9 - Caviar Ambassade\" \/>\n<meta property=\"og:description\" content=\"Ce saumon fum\u00e9 entier est parfait pour toutes vos pr\u00e9parations \u00e0 base de saumon fum\u00e9, vous permettant de le d\u00e9couper selon vos pr\u00e9f\u00e9rences.\" \/>\n<meta property=\"og:url\" content=\"https:\/\/www.caviar-ambassade.com\/fr_ch\/product\/saumon-fume-entier-non-tranche\/\" \/>\n<meta property=\"og:site_name\" content=\"Caviar Ambassade\" \/>\n<meta property=\"article:modified_time\" content=\"2025-12-30T15:01:39+00:00\" \/>\n<meta property=\"og:image\" content=\"https:\/\/www.caviar-ambassade.com\/wp-content\/uploads\/2023\/11\/saumon-fume-entier-2024.png\" \/>\n\t<meta property=\"og:image:width\" content=\"1000\" \/>\n\t<meta property=\"og:image:height\" content=\"1000\" \/>\n\t<meta property=\"og:image:type\" content=\"image\/png\" \/>\n<meta name=\"twitter:card\" content=\"summary_large_image\" \/>\n<meta name=\"twitter:label1\" content=\"Est. reading time\" \/>\n\t<meta name=\"twitter:data1\" content=\"2 minutes\" \/>\n<script type=\"application\/ld+json\" class=\"yoast-schema-graph\">{\"@context\":\"https:\\\/\\\/schema.org\",\"@graph\":[{\"@type\":\"WebPage\",\"@id\":\"https:\\\/\\\/www.caviar-ambassade.com\\\/produit\\\/saumon-fume-entier-non-tranche\\\/\",\"url\":\"https:\\\/\\\/www.caviar-ambassade.com\\\/produit\\\/saumon-fume-entier-non-tranche\\\/\",\"name\":\"Saumon fum\u00e9 entier non tranch\u00e9 - Caviar Ambassade\",\"isPartOf\":{\"@id\":\"https:\\\/\\\/www.caviar-ambassade.com\\\/#website\"},\"primaryImageOfPage\":{\"@id\":\"https:\\\/\\\/www.caviar-ambassade.com\\\/produit\\\/saumon-fume-entier-non-tranche\\\/#primaryimage\"},\"image\":{\"@id\":\"https:\\\/\\\/www.caviar-ambassade.com\\\/produit\\\/saumon-fume-entier-non-tranche\\\/#primaryimage\"},\"thumbnailUrl\":\"https:\\\/\\\/www.caviar-ambassade.com\\\/wp-content\\\/uploads\\\/2023\\\/11\\\/saumon-fume-entier-2024.png\",\"datePublished\":\"2023-11-16T20:36:22+00:00\",\"dateModified\":\"2025-12-30T15:01:39+00:00\",\"description\":\"Ce saumon fum\u00e9 entier est parfait pour toutes vos pr\u00e9parations \u00e0 base de saumon fum\u00e9, vous permettant de le d\u00e9couper selon vos pr\u00e9f\u00e9rences.\",\"breadcrumb\":{\"@id\":\"https:\\\/\\\/www.caviar-ambassade.com\\\/produit\\\/saumon-fume-entier-non-tranche\\\/#breadcrumb\"},\"inLanguage\":\"fr-CH\",\"potentialAction\":[{\"@type\":\"ReadAction\",\"target\":[\"https:\\\/\\\/www.caviar-ambassade.com\\\/produit\\\/saumon-fume-entier-non-tranche\\\/\"]}]},{\"@type\":\"ImageObject\",\"inLanguage\":\"fr-CH\",\"@id\":\"https:\\\/\\\/www.caviar-ambassade.com\\\/produit\\\/saumon-fume-entier-non-tranche\\\/#primaryimage\",\"url\":\"https:\\\/\\\/www.caviar-ambassade.com\\\/wp-content\\\/uploads\\\/2023\\\/11\\\/saumon-fume-entier-2024.png\",\"contentUrl\":\"https:\\\/\\\/www.caviar-ambassade.com\\\/wp-content\\\/uploads\\\/2023\\\/11\\\/saumon-fume-entier-2024.png\",\"width\":1000,\"height\":1000,\"caption\":\"saumon fum\u00e9\"},{\"@type\":\"BreadcrumbList\",\"@id\":\"https:\\\/\\\/www.caviar-ambassade.com\\\/produit\\\/saumon-fume-entier-non-tranche\\\/#breadcrumb\",\"itemListElement\":[{\"@type\":\"ListItem\",\"position\":1,\"name\":\"Accueil\",\"item\":\"https:\\\/\\\/www.caviar-ambassade.com\\\/\"},{\"@type\":\"ListItem\",\"position\":2,\"name\":\"Boutique\",\"item\":\"https:\\\/\\\/www.caviar-ambassade.com\\\/boutique\\\/\"},{\"@type\":\"ListItem\",\"position\":3,\"name\":\"Saumon fum\u00e9 entier non tranch\u00e9\"}]},{\"@type\":\"WebSite\",\"@id\":\"https:\\\/\\\/www.caviar-ambassade.com\\\/#website\",\"url\":\"https:\\\/\\\/www.caviar-ambassade.com\\\/\",\"name\":\"Caviar Ambassade\",\"description\":\"Le caviar des connaisseurs\",\"publisher\":{\"@id\":\"https:\\\/\\\/www.caviar-ambassade.com\\\/#organization\"},\"potentialAction\":[{\"@type\":\"SearchAction\",\"target\":{\"@type\":\"EntryPoint\",\"urlTemplate\":\"https:\\\/\\\/www.caviar-ambassade.com\\\/?s={search_term_string}\"},\"query-input\":{\"@type\":\"PropertyValueSpecification\",\"valueRequired\":true,\"valueName\":\"search_term_string\"}}],\"inLanguage\":\"fr-CH\"},{\"@type\":\"Organization\",\"@id\":\"https:\\\/\\\/www.caviar-ambassade.com\\\/#organization\",\"name\":\"Caviar Ambassade\",\"url\":\"https:\\\/\\\/www.caviar-ambassade.com\\\/\",\"logo\":{\"@type\":\"ImageObject\",\"inLanguage\":\"fr-CH\",\"@id\":\"https:\\\/\\\/www.caviar-ambassade.com\\\/#\\\/schema\\\/logo\\\/image\\\/\",\"url\":\"https:\\\/\\\/www.caviar-ambassade.com\\\/wp-content\\\/uploads\\\/2021\\\/10\\\/cropped-logo-ambassade.png\",\"contentUrl\":\"https:\\\/\\\/www.caviar-ambassade.com\\\/wp-content\\\/uploads\\\/2021\\\/10\\\/cropped-logo-ambassade.png\",\"width\":150,\"height\":150,\"caption\":\"Caviar Ambassade\"},\"image\":{\"@id\":\"https:\\\/\\\/www.caviar-ambassade.com\\\/#\\\/schema\\\/logo\\\/image\\\/\"}}]}<\/script>\n<!-- \/ Yoast SEO plugin. -->","yoast_head_json":{"title":"Saumon fum\u00e9 entier non tranch\u00e9 - Caviar Ambassade","description":"Ce saumon fum\u00e9 entier est parfait pour toutes vos pr\u00e9parations \u00e0 base de saumon fum\u00e9, vous permettant de le d\u00e9couper selon vos pr\u00e9f\u00e9rences.","robots":{"index":"index","follow":"follow","max-snippet":"max-snippet:-1","max-image-preview":"max-image-preview:large","max-video-preview":"max-video-preview:-1"},"canonical":"https:\/\/www.caviar-ambassade.com\/fr_ch\/product\/saumon-fume-entier-non-tranche\/","og_locale":"fr_FR","og_type":"article","og_title":"Saumon fum\u00e9 entier non tranch\u00e9 - Caviar Ambassade","og_description":"Ce saumon fum\u00e9 entier est parfait pour toutes vos pr\u00e9parations \u00e0 base de saumon fum\u00e9, vous permettant de le d\u00e9couper selon vos pr\u00e9f\u00e9rences.","og_url":"https:\/\/www.caviar-ambassade.com\/fr_ch\/product\/saumon-fume-entier-non-tranche\/","og_site_name":"Caviar Ambassade","article_modified_time":"2025-12-30T15:01:39+00:00","og_image":[{"width":1000,"height":1000,"url":"https:\/\/www.caviar-ambassade.com\/wp-content\/uploads\/2023\/11\/saumon-fume-entier-2024.png","type":"image\/png"}],"twitter_card":"summary_large_image","twitter_misc":{"Est. reading time":"2 minutes"},"schema":{"@context":"https:\/\/schema.org","@graph":[{"@type":"WebPage","@id":"https:\/\/www.caviar-ambassade.com\/produit\/saumon-fume-entier-non-tranche\/","url":"https:\/\/www.caviar-ambassade.com\/produit\/saumon-fume-entier-non-tranche\/","name":"Saumon fum\u00e9 entier non tranch\u00e9 - Caviar Ambassade","isPartOf":{"@id":"https:\/\/www.caviar-ambassade.com\/#website"},"primaryImageOfPage":{"@id":"https:\/\/www.caviar-ambassade.com\/produit\/saumon-fume-entier-non-tranche\/#primaryimage"},"image":{"@id":"https:\/\/www.caviar-ambassade.com\/produit\/saumon-fume-entier-non-tranche\/#primaryimage"},"thumbnailUrl":"https:\/\/www.caviar-ambassade.com\/wp-content\/uploads\/2023\/11\/saumon-fume-entier-2024.png","datePublished":"2023-11-16T20:36:22+00:00","dateModified":"2025-12-30T15:01:39+00:00","description":"Ce saumon fum\u00e9 entier est parfait pour toutes vos pr\u00e9parations \u00e0 base de saumon fum\u00e9, vous permettant de le d\u00e9couper selon vos pr\u00e9f\u00e9rences.","breadcrumb":{"@id":"https:\/\/www.caviar-ambassade.com\/produit\/saumon-fume-entier-non-tranche\/#breadcrumb"},"inLanguage":"fr-CH","potentialAction":[{"@type":"ReadAction","target":["https:\/\/www.caviar-ambassade.com\/produit\/saumon-fume-entier-non-tranche\/"]}]},{"@type":"ImageObject","inLanguage":"fr-CH","@id":"https:\/\/www.caviar-ambassade.com\/produit\/saumon-fume-entier-non-tranche\/#primaryimage","url":"https:\/\/www.caviar-ambassade.com\/wp-content\/uploads\/2023\/11\/saumon-fume-entier-2024.png","contentUrl":"https:\/\/www.caviar-ambassade.com\/wp-content\/uploads\/2023\/11\/saumon-fume-entier-2024.png","width":1000,"height":1000,"caption":"saumon fum\u00e9"},{"@type":"BreadcrumbList","@id":"https:\/\/www.caviar-ambassade.com\/produit\/saumon-fume-entier-non-tranche\/#breadcrumb","itemListElement":[{"@type":"ListItem","position":1,"name":"Accueil","item":"https:\/\/www.caviar-ambassade.com\/"},{"@type":"ListItem","position":2,"name":"Boutique","item":"https:\/\/www.caviar-ambassade.com\/boutique\/"},{"@type":"ListItem","position":3,"name":"Saumon fum\u00e9 entier non tranch\u00e9"}]},{"@type":"WebSite","@id":"https:\/\/www.caviar-ambassade.com\/#website","url":"https:\/\/www.caviar-ambassade.com\/","name":"Caviar Ambassade","description":"Le caviar des connaisseurs","publisher":{"@id":"https:\/\/www.caviar-ambassade.com\/#organization"},"potentialAction":[{"@type":"SearchAction","target":{"@type":"EntryPoint","urlTemplate":"https:\/\/www.caviar-ambassade.com\/?s={search_term_string}"},"query-input":{"@type":"PropertyValueSpecification","valueRequired":true,"valueName":"search_term_string"}}],"inLanguage":"fr-CH"},{"@type":"Organization","@id":"https:\/\/www.caviar-ambassade.com\/#organization","name":"Caviar Ambassade","url":"https:\/\/www.caviar-ambassade.com\/","logo":{"@type":"ImageObject","inLanguage":"fr-CH","@id":"https:\/\/www.caviar-ambassade.com\/#\/schema\/logo\/image\/","url":"https:\/\/www.caviar-ambassade.com\/wp-content\/uploads\/2021\/10\/cropped-logo-ambassade.png","contentUrl":"https:\/\/www.caviar-ambassade.com\/wp-content\/uploads\/2021\/10\/cropped-logo-ambassade.png","width":150,"height":150,"caption":"Caviar Ambassade"},"image":{"@id":"https:\/\/www.caviar-ambassade.com\/#\/schema\/logo\/image\/"}}]}},"_links":{"self":[{"href":"https:\/\/www.caviar-ambassade.com\/fr_ch\/wp-json\/wp\/v2\/product\/3800","targetHints":{"allow":["GET"]}}],"collection":[{"href":"https:\/\/www.caviar-ambassade.com\/fr_ch\/wp-json\/wp\/v2\/product"}],"about":[{"href":"https:\/\/www.caviar-ambassade.com\/fr_ch\/wp-json\/wp\/v2\/types\/product"}],"wp:featuredmedia":[{"embeddable":true,"href":"https:\/\/www.caviar-ambassade.com\/fr_ch\/wp-json\/wp\/v2\/media\/5466"}],"wp:attachment":[{"href":"https:\/\/www.caviar-ambassade.com\/fr_ch\/wp-json\/wp\/v2\/media?parent=3800"}],"wp:term":[{"taxonomy":"product_brand","embeddable":true,"href":"https:\/\/www.caviar-ambassade.com\/fr_ch\/wp-json\/wp\/v2\/product_brand?post=3800"},{"taxonomy":"product_cat","embeddable":true,"href":"https:\/\/www.caviar-ambassade.com\/fr_ch\/wp-json\/wp\/v2\/product_cat?post=3800"},{"taxonomy":"product_tag","embeddable":true,"href":"https:\/\/www.caviar-ambassade.com\/fr_ch\/wp-json\/wp\/v2\/product_tag?post=3800"}],"curies":[{"name":"wp","href":"https:\/\/api.w.org\/{rel}","templated":true}]}}