{"id":4030,"date":"2023-12-05T21:31:12","date_gmt":"2023-12-05T20:31:12","guid":{"rendered":"https:\/\/www.caviar-ambassade.com\/?post_type=product&#038;p=4030"},"modified":"2025-11-13T16:40:33","modified_gmt":"2025-11-13T15:40:33","slug":"9-bo-500g-baeri-achetees-la-10eme-offerte","status":"publish","type":"product","link":"https:\/\/www.caviar-ambassade.com\/fr_ch\/product\/9-bo-500g-baeri-achetees-la-10eme-offerte\/","title":{"rendered":"Offre grossiste : 9 BO 500g Baeri achet\u00e9es, la 10\u00e8me offerte !"},"content":{"rendered":"<p>Un caviar \u00e9quilibr\u00e9 : le Caviar Baeri !<\/p>\n<p><strong>9 boites de 500g achet\u00e9es = 1 offerte !<\/strong><br \/>\nCe caviar Ambassade se distingue par la texture fondante. Il est peu iod\u00e9 et d\u00e9voile des notes de beurre et de noisette.<\/p>\n<p><strong>La bo\u00eete bleue de Caviar Ambassade inspire une d\u00e9gustation g\u00e9n\u00e9reuse et inoubliable.<\/strong><br \/>\nLa pr\u00e9paration du caviar requiert savoir-faire et exigence. Les oeufs sont conditionn\u00e9s directement dans les bo\u00eetes bleues puis r\u00e9serv\u00e9s en chambre froide. C\u2019est le temps de l\u2019affinage qui d\u00e9veloppera le go\u00fbt si particulier du caviar.<\/p>\n\t<div id=\"accordion-1077233908\" class=\"accordion-item\">\n\t\t<a id=\"accordion-1077233908-label\" class=\"accordion-title plain\" href=\"#accordion-item-conseils-avec-les-boites-origine\" aria-expanded=\"false\" aria-controls=\"accordion-1077233908-content\">\n\t\t\t<button class=\"toggle\" aria-label=\"Toggle\"><i class=\"icon-angle-down\" aria-hidden=\"true\"><\/i><\/button>\n\t\t\t<span>Conseils avec les Boites Origine<\/span>\n\t\t<\/a>\n\t\t<div id=\"accordion-1077233908-content\" class=\"accordion-inner\" aria-labelledby=\"accordion-1077233908-label\">\n\t\t\t\n<p>Contrairement aux \u201cboites Filles\u201d qui sont \u00e9tanches et sous vide, les \u201cBoites Origine\u201d sont remplies au volume et sous simple pression. Dans ces boites, le caviar va poursuivre sa maturation, et couler lentement (jusqu\u2019\u00e0 5% du poids total).<\/p>\n<p>C\u2019est la raison pour laquelle nous exp\u00e9dions les boites\u00a0<strong>dans un sachet sous vide et avec un papier absorbant<\/strong>. Avant de servir votre caviar, ouvrez le sachet, et nettoyez la boite. Vous n\u2019avez plus ensuite qu\u2019\u00e0 \u00f4ter l\u2019\u00e9lastique et ouvrir d\u00e9licatement la boite (en tournant si\u00a0n\u00e9cessaire).<\/p>\n<p>Conserver au r\u00e9frig\u00e9rateur et consommer dans les 48h apr\u00e8s ouverture.<\/p>\n<p>Il est pr\u00e9f\u00e9rable de sortir votre bo\u00eete de caviar 5 minutes avant de la servir. Disposez la sur un lit de glace qui en pr\u00e9servera la fra\u00eecheur tout au long de la d\u00e9gustation. Pr\u00e9f\u00e9rez une petite cuill\u00e8re en nacre qui ne brisera pas les grains et ne risquera pas l\u2019oxydation.<\/p>\n\t\t<\/div>\n\t<\/div>","protected":false},"excerpt":{"rendered":"<div class=\"banner-grid-wrapper\">\n  <div id=\"banner-grid-834540740\" class=\"banner-grid row row-grid row-small\" data-packery-options=\"\">\n                      \n\n<div class=\"col grid-col large-6 grid-col-1\" ><div class=\"col-inner\">\n\n\n  <div class=\"banner has-hover\" id=\"banner-1258379505\">\n          <div class=\"banner-inner fill\">\n        <div class=\"banner-bg fill\" >\n                                                \n                    <\/div>\n\t\t\n        <div class=\"banner-layers container\">\n            <div class=\"fill banner-link\"><\/div>            \n\n   <div id=\"text-box-558736972\" class=\"text-box banner-layer x50 md-x50 lg-x50 y50 md-y50 lg-y50 res-text\">\n                                <div class=\"text-box-content text dark\">\n              \n              <div class=\"text-inner text-left\">\n                  \n\n<div class=\"container section-title-container\" ><h3 class=\"section-title section-title-center\"><b aria-hidden=\"true\"><\/b><span class=\"section-title-main\" >Conseils avec les bo\u00eetes origine<\/span><b aria-hidden=\"true\"><\/b><\/h3><\/div>\n\n\t<div id=\"text-3606684943\" class=\"text\">\n\t\t\n\n<p>Contrairement aux \"boites Filles\" qui sont \u00e9tanches et sous vide, les \"Boites Origine\" sont remplies au volume et sous simple pression. Dans ces boites, le caviar va poursuivre sa maturation, et couler lentement (jusqu'\u00e0 5% du poids total).<\/p>\n<p>C'est la raison pour laquelle nous exp\u00e9dions les boites dans un sachet sous vide et avec un papier absorbant. Avant de servir votre caviar, ouvrez le sachet, et nettoyez la boite. Vous n'avez plus ensuite qu'\u00e0 \u00f4ter l'\u00e9lastique et ouvrir d\u00e9licatement la boite (en tournant si\u00a0n\u00e9cessaire).<\/p>\n<p>Conserver au r\u00e9frig\u00e9rateur et consommer dans les 48h apr\u00e8s ouverture.<\/p>\n<p>Il est pr\u00e9f\u00e9rable de sortir votre bo\u00eete de caviar 5 minutes avant de la servir. Disposez la sur un lit de glace qui en pr\u00e9servera la fra\u00eecheur tout au long de la d\u00e9gustation. Pr\u00e9f\u00e9rez une petite cuill\u00e8re en nacre qui ne brisera pas les grains et ne risquera pas l'oxydation.<\/p>\n\t\t\n<style>\n#text-3606684943 {\n  font-size: 0.75rem;\n}\n<\/style>\n\t<\/div>\n\t\n\n              <\/div>\n           <\/div>\n                            \n<style>\n#text-box-558736972 {\n  width: 90%;\n}\n#text-box-558736972 .text-box-content {\n  font-size: 100%;\n}\n<\/style>\n    <\/div>\n \n\n        <\/div>\n      <\/div>\n\n            \n<style>\n#banner-1258379505 {\n  padding-top: 500px;\n}\n<\/style>\n  <\/div>\n\n\n\n<\/div><\/div>\n<div class=\"col grid-col large-3 grid-col-1\" ><div class=\"col-inner\">\n\n\n  <div class=\"banner has-hover\" id=\"banner-736602557\">\n          <div class=\"banner-inner fill\">\n        <div class=\"banner-bg fill\" >\n            <img width=\"800\" height=\"800\" src=\"https:\/\/www.caviar-ambassade.com\/wp-content\/uploads\/2021\/07\/caviar-ambassade3-800x800.jpg\" class=\"bg attachment-large size-large\" alt=\"caviar ambassade\" decoding=\"async\" loading=\"lazy\" \/>                                    \n                    <\/div>\n\t\t\n        <div class=\"banner-layers container\">\n            <div class=\"fill banner-link\"><\/div>            \n\n   <div id=\"text-box-564635133\" class=\"text-box banner-layer x50 md-x50 lg-x50 y50 md-y50 lg-y50 res-text\">\n                                <div class=\"text-box-content text dark\">\n              \n              <div class=\"text-inner text-center\">\n                  \n\n<div class=\"container section-title-container\" ><h3 class=\"section-title section-title-center\"><b aria-hidden=\"true\"><\/b><span class=\"section-title-main\" style=\"color:rgb(0, 0, 0);\">Recette toute simple<\/span><b aria-hidden=\"true\"><\/b><\/h3><\/div>\n\n\t<div id=\"text-3161674749\" class=\"text\">\n\t\t\n\n<p style=\"text-align: center;\"><strong>L\u2019\u00e9cras\u00e9 de pommes de terre au caviar<\/strong><\/p>\n<p>Faites cuire les pommes de terre \u00e9pluch\u00e9es dans de l\u2019eau sal\u00e9e.<\/p>\n<p>\u00c9goutez et \u00e9crasez-les \u00e0 l\u2019aide d\u2019un presse pur\u00e9e et m\u00e9langez avec un peu de cr\u00e8me fra\u00eeche.<\/p>\n<p>D\u00e9posez l\u2019\u00e9cras\u00e9 de pommes de terre dans une assiette.<\/p>\n<p>D\u00e9posez une belle quenelle de caviar sur le dessus (Environ 50g par personne).<\/p>\n\t\t\n<style>\n#text-3161674749 {\n  font-size: 0.75rem;\n  text-align: left;\n  color: rgb(0, 0, 0);\n}\n#text-3161674749 > * {\n  color: rgb(0, 0, 0);\n}\n<\/style>\n\t<\/div>\n\t\n\n              <\/div>\n           <\/div>\n                            \n<style>\n#text-box-564635133 {\n  margin: 0px 0px 0px 0px;\n  width: 90%;\n}\n#text-box-564635133 .text-box-content {\n  background-color: rgba(255, 255, 255, 0.622);\n  font-size: 100%;\n}\n#text-box-564635133 .text-inner {\n  padding: 10px 10px 10px 10px;\n}\n<\/style>\n    <\/div>\n \n\n        <\/div>\n      <\/div>\n\n            \n<style>\n#banner-736602557 {\n  padding-top: 500px;\n  background-color: rgb(255,255,255);\n}\n#banner-736602557 .banner-bg img {\n  object-position: center;\n}\n<\/style>\n  <\/div>\n\n\n\n<\/div><\/div>\n<div class=\"col grid-col large-3 grid-col-1-2\" ><div class=\"col-inner\">\n\n\n  <div class=\"banner has-hover\" id=\"banner-1542971017\">\n          <div class=\"banner-inner fill\">\n        <div class=\"banner-bg fill\" >\n                                                \n                    <\/div>\n\t\t\n        <div class=\"banner-layers container\">\n            <div class=\"fill banner-link\"><\/div>            \n\n   <div id=\"text-box-1084493811\" class=\"text-box banner-layer x50 md-x50 lg-x50 y50 md-y50 lg-y50 res-text\">\n                                <div class=\"text-box-content text dark\">\n              \n              <div class=\"text-inner text-center\">\n                  \n\n<div class=\"container section-title-container\" ><h3 class=\"section-title section-title-center\"><b aria-hidden=\"true\"><\/b><span class=\"section-title-main\" style=\"color:rgb(255, 255, 255);\">Quel vin avec ce caviar ?<\/span><b aria-hidden=\"true\"><\/b><\/h3><\/div>\n\n\t<div id=\"text-2070717565\" class=\"text\">\n\t\t\n\n<p>Avec un Champagne, r\u00e9ussite garantie ! La fra\u00eecheur du Champagne se marie parfaitement \u00e0 celle du caviar gr\u00e2ce aux fines bulles qui pr\u00e9parent le palais \u00e0 d\u00e9couvrir tous les ar\u00f4mes du caviar. Privil\u00e9giez un Blanc de Noirs.<\/p>\n\t\t\n<style>\n#text-2070717565 {\n  font-size: 0.75rem;\n  text-align: left;\n}\n<\/style>\n\t<\/div>\n\t\n\n              <\/div>\n           <\/div>\n                            \n<style>\n#text-box-1084493811 {\n  width: 80%;\n}\n#text-box-1084493811 .text-box-content {\n  font-size: 100%;\n}\n<\/style>\n    <\/div>\n \n\n        <\/div>\n      <\/div>\n\n            \n<style>\n#banner-1542971017 {\n  padding-top: 500px;\n}\n<\/style>\n  <\/div>\n\n\n\n<\/div><\/div>\n<div class=\"col grid-col large-3 grid-col-1-2\" ><div class=\"col-inner\">\n\n\t<div class=\"img has-hover x md-x lg-x y md-y lg-y\" id=\"image_1760443962\">\n\t\t\t\t\t\t\t\t<div class=\"img-inner dark\" >\n\t\t\t<img width=\"800\" height=\"800\" src=\"https:\/\/www.caviar-ambassade.com\/wp-content\/uploads\/2021\/12\/caviar-ambassade8-800x800.jpg\" class=\"attachment-large size-large\" alt=\"caviar ambassade\" decoding=\"async\" loading=\"lazy\" srcset=\"https:\/\/www.caviar-ambassade.com\/wp-content\/uploads\/2021\/12\/caviar-ambassade8-800x800.jpg 800w, https:\/\/www.caviar-ambassade.com\/wp-content\/uploads\/2021\/12\/caviar-ambassade8-247x247.jpg 247w, https:\/\/www.caviar-ambassade.com\/wp-content\/uploads\/2021\/12\/caviar-ambassade8-100x100.jpg 100w, https:\/\/www.caviar-ambassade.com\/wp-content\/uploads\/2021\/12\/caviar-ambassade8-510x510.jpg 510w, https:\/\/www.caviar-ambassade.com\/wp-content\/uploads\/2021\/12\/caviar-ambassade8-400x400.jpg 400w, https:\/\/www.caviar-ambassade.com\/wp-content\/uploads\/2021\/12\/caviar-ambassade8-280x280.jpg 280w, https:\/\/www.caviar-ambassade.com\/wp-content\/uploads\/2021\/12\/caviar-ambassade8-768x768.jpg 768w, https:\/\/www.caviar-ambassade.com\/wp-content\/uploads\/2021\/12\/caviar-ambassade8.jpg 1000w\" sizes=\"auto, (max-width: 800px) 100vw, 800px\" \/>\t\t\t\t\t\t\n\t\t\t\t\t<\/div>\n\t\t\t\t\t\t\t\t\n<style>\n#image_1760443962 {\n  width: 100%;\n}\n<\/style>\n\t<\/div>\n\t\n\n\n<\/div><\/div>\n\n            <\/div>\n    <style>\n    #banner-grid-834540740 .grid-col-1{height: 600px}\n    #banner-grid-834540740 .grid-col-1-2{height: 300px}\n    #banner-grid-834540740 .grid-col-1-3{height:200px}\n    #banner-grid-834540740 .grid-col-2-3{height: 400px}\n    #banner-grid-834540740 .grid-col-1-4{height: 150px}\n    #banner-grid-834540740 .grid-col-3-4{height: 450px}\n\n\n    \n    \n\n  <\/style>\n    <\/div>\n  \n<p><strong>Ingr\u00e9dients<\/strong> : Oeufs d&rsquo;esturgeon (Acipenser Baeri), sel, E285<br \/>\n<strong>Allerg\u00e8nes<\/strong> : Poisson<br \/>\n<strong>Conservation<\/strong> : Au r\u00e9frig\u00e9rateur entre 0 et 4\u00b0c<br \/>\n<strong>DDM garantie<\/strong> : 2 mois<br \/>\n<strong>Origine<\/strong> : France<\/p>","protected":false},"featured_media":4034,"template":"","meta":{"_acf_changed":false},"product_brand":[],"product_cat":[33,16],"product_tag":[53,65],"class_list":{"0":"post-4030","1":"product","2":"type-product","3":"status-publish","4":"has-post-thumbnail","6":"product_cat-caviar-baeri","7":"product_cat-caviars","8":"product_tag-boite-origine","9":"product_tag-promo","10":"product_shipping_class-fresh-product","12":"first","13":"outofstock","14":"sale","15":"taxable","16":"shipping-taxable","17":"purchasable","18":"product-type-simple"},"acf":[],"yoast_head":"<!-- This site is optimized with the Yoast SEO plugin v27.4 - https:\/\/yoast.com\/product\/yoast-seo-wordpress\/ -->\n<title>Offre grossiste : 9 BO 500g Baeri achet\u00e9es, la 10\u00e8me offerte ! - Caviar Ambassade<\/title>\n<meta name=\"description\" content=\"Une offre caviar pour les grossistes ! 9 boites de 500g achet\u00e9es = 1 offerte ! Ce caviar Ambassade se distingue par la texture fondante.\" \/>\n<meta name=\"robots\" content=\"index, follow, max-snippet:-1, max-image-preview:large, max-video-preview:-1\" \/>\n<link rel=\"canonical\" href=\"https:\/\/www.caviar-ambassade.com\/fr_ch\/product\/9-bo-500g-baeri-achetees-la-10eme-offerte\/\" \/>\n<meta property=\"og:locale\" content=\"fr_FR\" \/>\n<meta property=\"og:type\" content=\"article\" \/>\n<meta property=\"og:title\" content=\"Offre grossiste : 9 BO 500g Baeri achet\u00e9es, la 10\u00e8me offerte ! - Caviar Ambassade\" \/>\n<meta property=\"og:description\" content=\"Une offre caviar pour les grossistes ! 9 boites de 500g achet\u00e9es = 1 offerte ! Ce caviar Ambassade se distingue par la texture fondante.\" \/>\n<meta property=\"og:url\" content=\"https:\/\/www.caviar-ambassade.com\/fr_ch\/product\/9-bo-500g-baeri-achetees-la-10eme-offerte\/\" \/>\n<meta property=\"og:site_name\" content=\"Caviar Ambassade\" \/>\n<meta property=\"article:modified_time\" content=\"2025-11-13T15:40:33+00:00\" \/>\n<meta property=\"og:image\" content=\"https:\/\/www.caviar-ambassade.com\/wp-content\/uploads\/2023\/12\/9BO-10.jpg\" \/>\n\t<meta property=\"og:image:width\" content=\"2480\" \/>\n\t<meta property=\"og:image:height\" content=\"1772\" \/>\n\t<meta property=\"og:image:type\" content=\"image\/jpeg\" \/>\n<meta name=\"twitter:card\" content=\"summary_large_image\" \/>\n<meta name=\"twitter:label1\" content=\"Est. reading time\" \/>\n\t<meta name=\"twitter:data1\" content=\"2 minutes\" \/>\n<script type=\"application\/ld+json\" class=\"yoast-schema-graph\">{\"@context\":\"https:\\\/\\\/schema.org\",\"@graph\":[{\"@type\":\"WebPage\",\"@id\":\"https:\\\/\\\/www.caviar-ambassade.com\\\/produit\\\/9-bo-500g-baeri-achetees-la-10eme-offerte\\\/\",\"url\":\"https:\\\/\\\/www.caviar-ambassade.com\\\/produit\\\/9-bo-500g-baeri-achetees-la-10eme-offerte\\\/\",\"name\":\"Offre grossiste : 9 BO 500g Baeri achet\u00e9es, la 10\u00e8me offerte ! - Caviar Ambassade\",\"isPartOf\":{\"@id\":\"https:\\\/\\\/www.caviar-ambassade.com\\\/#website\"},\"primaryImageOfPage\":{\"@id\":\"https:\\\/\\\/www.caviar-ambassade.com\\\/produit\\\/9-bo-500g-baeri-achetees-la-10eme-offerte\\\/#primaryimage\"},\"image\":{\"@id\":\"https:\\\/\\\/www.caviar-ambassade.com\\\/produit\\\/9-bo-500g-baeri-achetees-la-10eme-offerte\\\/#primaryimage\"},\"thumbnailUrl\":\"https:\\\/\\\/www.caviar-ambassade.com\\\/wp-content\\\/uploads\\\/2023\\\/12\\\/9BO-10.jpg\",\"datePublished\":\"2023-12-05T20:31:12+00:00\",\"dateModified\":\"2025-11-13T15:40:33+00:00\",\"description\":\"Une offre caviar pour les grossistes ! 9 boites de 500g achet\u00e9es = 1 offerte ! Ce caviar Ambassade se distingue par la texture fondante.\",\"breadcrumb\":{\"@id\":\"https:\\\/\\\/www.caviar-ambassade.com\\\/produit\\\/9-bo-500g-baeri-achetees-la-10eme-offerte\\\/#breadcrumb\"},\"inLanguage\":\"fr-CH\",\"potentialAction\":[{\"@type\":\"ReadAction\",\"target\":[\"https:\\\/\\\/www.caviar-ambassade.com\\\/produit\\\/9-bo-500g-baeri-achetees-la-10eme-offerte\\\/\"]}]},{\"@type\":\"ImageObject\",\"inLanguage\":\"fr-CH\",\"@id\":\"https:\\\/\\\/www.caviar-ambassade.com\\\/produit\\\/9-bo-500g-baeri-achetees-la-10eme-offerte\\\/#primaryimage\",\"url\":\"https:\\\/\\\/www.caviar-ambassade.com\\\/wp-content\\\/uploads\\\/2023\\\/12\\\/9BO-10.jpg\",\"contentUrl\":\"https:\\\/\\\/www.caviar-ambassade.com\\\/wp-content\\\/uploads\\\/2023\\\/12\\\/9BO-10.jpg\",\"width\":2480,\"height\":1772,\"caption\":\"caviar pour les grossistes\"},{\"@type\":\"BreadcrumbList\",\"@id\":\"https:\\\/\\\/www.caviar-ambassade.com\\\/produit\\\/9-bo-500g-baeri-achetees-la-10eme-offerte\\\/#breadcrumb\",\"itemListElement\":[{\"@type\":\"ListItem\",\"position\":1,\"name\":\"Accueil\",\"item\":\"https:\\\/\\\/www.caviar-ambassade.com\\\/\"},{\"@type\":\"ListItem\",\"position\":2,\"name\":\"Boutique\",\"item\":\"https:\\\/\\\/www.caviar-ambassade.com\\\/boutique\\\/\"},{\"@type\":\"ListItem\",\"position\":3,\"name\":\"Offre grossiste : 9 BO 500g Baeri achet\u00e9es, la 10\u00e8me offerte !\"}]},{\"@type\":\"WebSite\",\"@id\":\"https:\\\/\\\/www.caviar-ambassade.com\\\/#website\",\"url\":\"https:\\\/\\\/www.caviar-ambassade.com\\\/\",\"name\":\"Caviar Ambassade\",\"description\":\"Le caviar des connaisseurs\",\"publisher\":{\"@id\":\"https:\\\/\\\/www.caviar-ambassade.com\\\/#organization\"},\"potentialAction\":[{\"@type\":\"SearchAction\",\"target\":{\"@type\":\"EntryPoint\",\"urlTemplate\":\"https:\\\/\\\/www.caviar-ambassade.com\\\/?s={search_term_string}\"},\"query-input\":{\"@type\":\"PropertyValueSpecification\",\"valueRequired\":true,\"valueName\":\"search_term_string\"}}],\"inLanguage\":\"fr-CH\"},{\"@type\":\"Organization\",\"@id\":\"https:\\\/\\\/www.caviar-ambassade.com\\\/#organization\",\"name\":\"Caviar Ambassade\",\"url\":\"https:\\\/\\\/www.caviar-ambassade.com\\\/\",\"logo\":{\"@type\":\"ImageObject\",\"inLanguage\":\"fr-CH\",\"@id\":\"https:\\\/\\\/www.caviar-ambassade.com\\\/#\\\/schema\\\/logo\\\/image\\\/\",\"url\":\"https:\\\/\\\/www.caviar-ambassade.com\\\/wp-content\\\/uploads\\\/2021\\\/10\\\/cropped-logo-ambassade.png\",\"contentUrl\":\"https:\\\/\\\/www.caviar-ambassade.com\\\/wp-content\\\/uploads\\\/2021\\\/10\\\/cropped-logo-ambassade.png\",\"width\":150,\"height\":150,\"caption\":\"Caviar Ambassade\"},\"image\":{\"@id\":\"https:\\\/\\\/www.caviar-ambassade.com\\\/#\\\/schema\\\/logo\\\/image\\\/\"}}]}<\/script>\n<!-- \/ Yoast SEO plugin. -->","yoast_head_json":{"title":"Offre grossiste : 9 BO 500g Baeri achet\u00e9es, la 10\u00e8me offerte ! - Caviar Ambassade","description":"Une offre caviar pour les grossistes ! 9 boites de 500g achet\u00e9es = 1 offerte ! Ce caviar Ambassade se distingue par la texture fondante.","robots":{"index":"index","follow":"follow","max-snippet":"max-snippet:-1","max-image-preview":"max-image-preview:large","max-video-preview":"max-video-preview:-1"},"canonical":"https:\/\/www.caviar-ambassade.com\/fr_ch\/product\/9-bo-500g-baeri-achetees-la-10eme-offerte\/","og_locale":"fr_FR","og_type":"article","og_title":"Offre grossiste : 9 BO 500g Baeri achet\u00e9es, la 10\u00e8me offerte ! - Caviar Ambassade","og_description":"Une offre caviar pour les grossistes ! 9 boites de 500g achet\u00e9es = 1 offerte ! Ce caviar Ambassade se distingue par la texture fondante.","og_url":"https:\/\/www.caviar-ambassade.com\/fr_ch\/product\/9-bo-500g-baeri-achetees-la-10eme-offerte\/","og_site_name":"Caviar Ambassade","article_modified_time":"2025-11-13T15:40:33+00:00","og_image":[{"width":2480,"height":1772,"url":"https:\/\/www.caviar-ambassade.com\/wp-content\/uploads\/2023\/12\/9BO-10.jpg","type":"image\/jpeg"}],"twitter_card":"summary_large_image","twitter_misc":{"Est. reading time":"2 minutes"},"schema":{"@context":"https:\/\/schema.org","@graph":[{"@type":"WebPage","@id":"https:\/\/www.caviar-ambassade.com\/produit\/9-bo-500g-baeri-achetees-la-10eme-offerte\/","url":"https:\/\/www.caviar-ambassade.com\/produit\/9-bo-500g-baeri-achetees-la-10eme-offerte\/","name":"Offre grossiste : 9 BO 500g Baeri achet\u00e9es, la 10\u00e8me offerte ! - Caviar Ambassade","isPartOf":{"@id":"https:\/\/www.caviar-ambassade.com\/#website"},"primaryImageOfPage":{"@id":"https:\/\/www.caviar-ambassade.com\/produit\/9-bo-500g-baeri-achetees-la-10eme-offerte\/#primaryimage"},"image":{"@id":"https:\/\/www.caviar-ambassade.com\/produit\/9-bo-500g-baeri-achetees-la-10eme-offerte\/#primaryimage"},"thumbnailUrl":"https:\/\/www.caviar-ambassade.com\/wp-content\/uploads\/2023\/12\/9BO-10.jpg","datePublished":"2023-12-05T20:31:12+00:00","dateModified":"2025-11-13T15:40:33+00:00","description":"Une offre caviar pour les grossistes ! 9 boites de 500g achet\u00e9es = 1 offerte ! Ce caviar Ambassade se distingue par la texture fondante.","breadcrumb":{"@id":"https:\/\/www.caviar-ambassade.com\/produit\/9-bo-500g-baeri-achetees-la-10eme-offerte\/#breadcrumb"},"inLanguage":"fr-CH","potentialAction":[{"@type":"ReadAction","target":["https:\/\/www.caviar-ambassade.com\/produit\/9-bo-500g-baeri-achetees-la-10eme-offerte\/"]}]},{"@type":"ImageObject","inLanguage":"fr-CH","@id":"https:\/\/www.caviar-ambassade.com\/produit\/9-bo-500g-baeri-achetees-la-10eme-offerte\/#primaryimage","url":"https:\/\/www.caviar-ambassade.com\/wp-content\/uploads\/2023\/12\/9BO-10.jpg","contentUrl":"https:\/\/www.caviar-ambassade.com\/wp-content\/uploads\/2023\/12\/9BO-10.jpg","width":2480,"height":1772,"caption":"caviar pour les grossistes"},{"@type":"BreadcrumbList","@id":"https:\/\/www.caviar-ambassade.com\/produit\/9-bo-500g-baeri-achetees-la-10eme-offerte\/#breadcrumb","itemListElement":[{"@type":"ListItem","position":1,"name":"Accueil","item":"https:\/\/www.caviar-ambassade.com\/"},{"@type":"ListItem","position":2,"name":"Boutique","item":"https:\/\/www.caviar-ambassade.com\/boutique\/"},{"@type":"ListItem","position":3,"name":"Offre grossiste : 9 BO 500g Baeri achet\u00e9es, la 10\u00e8me offerte !"}]},{"@type":"WebSite","@id":"https:\/\/www.caviar-ambassade.com\/#website","url":"https:\/\/www.caviar-ambassade.com\/","name":"Caviar Ambassade","description":"Le caviar des connaisseurs","publisher":{"@id":"https:\/\/www.caviar-ambassade.com\/#organization"},"potentialAction":[{"@type":"SearchAction","target":{"@type":"EntryPoint","urlTemplate":"https:\/\/www.caviar-ambassade.com\/?s={search_term_string}"},"query-input":{"@type":"PropertyValueSpecification","valueRequired":true,"valueName":"search_term_string"}}],"inLanguage":"fr-CH"},{"@type":"Organization","@id":"https:\/\/www.caviar-ambassade.com\/#organization","name":"Caviar Ambassade","url":"https:\/\/www.caviar-ambassade.com\/","logo":{"@type":"ImageObject","inLanguage":"fr-CH","@id":"https:\/\/www.caviar-ambassade.com\/#\/schema\/logo\/image\/","url":"https:\/\/www.caviar-ambassade.com\/wp-content\/uploads\/2021\/10\/cropped-logo-ambassade.png","contentUrl":"https:\/\/www.caviar-ambassade.com\/wp-content\/uploads\/2021\/10\/cropped-logo-ambassade.png","width":150,"height":150,"caption":"Caviar Ambassade"},"image":{"@id":"https:\/\/www.caviar-ambassade.com\/#\/schema\/logo\/image\/"}}]}},"_links":{"self":[{"href":"https:\/\/www.caviar-ambassade.com\/fr_ch\/wp-json\/wp\/v2\/product\/4030","targetHints":{"allow":["GET"]}}],"collection":[{"href":"https:\/\/www.caviar-ambassade.com\/fr_ch\/wp-json\/wp\/v2\/product"}],"about":[{"href":"https:\/\/www.caviar-ambassade.com\/fr_ch\/wp-json\/wp\/v2\/types\/product"}],"wp:featuredmedia":[{"embeddable":true,"href":"https:\/\/www.caviar-ambassade.com\/fr_ch\/wp-json\/wp\/v2\/media\/4034"}],"wp:attachment":[{"href":"https:\/\/www.caviar-ambassade.com\/fr_ch\/wp-json\/wp\/v2\/media?parent=4030"}],"wp:term":[{"taxonomy":"product_brand","embeddable":true,"href":"https:\/\/www.caviar-ambassade.com\/fr_ch\/wp-json\/wp\/v2\/product_brand?post=4030"},{"taxonomy":"product_cat","embeddable":true,"href":"https:\/\/www.caviar-ambassade.com\/fr_ch\/wp-json\/wp\/v2\/product_cat?post=4030"},{"taxonomy":"product_tag","embeddable":true,"href":"https:\/\/www.caviar-ambassade.com\/fr_ch\/wp-json\/wp\/v2\/product_tag?post=4030"}],"curies":[{"name":"wp","href":"https:\/\/api.w.org\/{rel}","templated":true}]}}