{"id":4296,"date":"2025-03-17T16:25:34","date_gmt":"2025-03-17T15:25:34","guid":{"rendered":"https:\/\/www.caviar-ambassade.com\/?post_type=product&#038;p=4296"},"modified":"2026-01-19T11:12:36","modified_gmt":"2026-01-19T10:12:36","slug":"vodka-solignac-cumin-des-pres","status":"publish","type":"product","link":"https:\/\/www.caviar-ambassade.com\/fr_ch\/product\/vodka-solignac-cumin-des-pres\/","title":{"rendered":"Vodka Solignac &#8211; Cumin des pr\u00e8s"},"content":{"rendered":"<p>La Maison Solignac a \u00e9t\u00e9 cr\u00e9\u00e9e \u00e0 Brie-sous-Archiac en 2010 par Pierre Solignac. Pierre Solignac distille depuis les ann\u00e9es 2000 des vodkas d\u2019exception r\u00e9alisant des recettes avec des ingr\u00e9dients uniques. Pierre est un distillateur passionn\u00e9 ayant pour objectif de restaurer le go\u00fbt, le caract\u00e8re et la richesse des recettes de vodkas.<\/p>\n<p>La Maison Solignac ma\u00eetrise l\u2019art des longues mac\u00e9rations suivies d\u2019une distillation ultra lente dans un petit alambic en cuivre. Cela fait ressortir toute la saveur et la d\u00e9licatesse des ingr\u00e9dients.<\/p>\n<p>La vodka Cumin des pr\u00e8s fait ressortir les ar\u00f4mes subtils d\u2019anis et de menthe sauvage. Parfait \u00e0 l\u2019ap\u00e9ritif ou en accord vibrant sur un pur chocolat noir.<\/p>\n<p>Les vodkas Solignac ont toutes une recette unique et peuvent \u00eatre d\u00e9gust\u00e9es pures, l\u00e9g\u00e8rement rafraichies ou \u00e0 temp\u00e9rature ambiante pour bien r\u00e9v\u00e9ler la richesse de leurs saveurs.<\/p>","protected":false},"excerpt":{"rendered":"<p>Format : 70cl<br \/>\nDegr\u00e9 d&rsquo;alcool : 43%<\/p>","protected":false},"featured_media":4293,"template":"","meta":{"_acf_changed":false},"product_brand":[],"product_cat":[66],"product_tag":[],"class_list":{"0":"post-4296","1":"product","2":"type-product","3":"status-publish","4":"has-post-thumbnail","6":"product_cat-vodkas","8":"first","9":"outofstock","10":"sale","11":"taxable","12":"shipping-taxable","13":"purchasable","14":"product-type-simple"},"acf":[],"yoast_head":"<!-- This site is optimized with the Yoast SEO plugin v27.4 - https:\/\/yoast.com\/product\/yoast-seo-wordpress\/ -->\n<title>Vodka Solignac - Cumin des pr\u00e8s - Caviar Ambassade<\/title>\n<meta name=\"description\" content=\"La vodka Cumin des pr\u00e8s fait ressortir les ar\u00f4mes subtils d\u2019anis et de menthe sauvage. Parfait \u00e0 l\u2019ap\u00e9ritif ou en accord vibrant sur un pur chocolat noir.\" \/>\n<meta name=\"robots\" content=\"index, follow, max-snippet:-1, max-image-preview:large, max-video-preview:-1\" \/>\n<link rel=\"canonical\" href=\"https:\/\/www.caviar-ambassade.com\/fr_ch\/product\/vodka-solignac-cumin-des-pres\/\" \/>\n<meta property=\"og:locale\" content=\"fr_FR\" \/>\n<meta property=\"og:type\" content=\"article\" \/>\n<meta property=\"og:title\" content=\"Vodka Solignac - Cumin des pr\u00e8s - Caviar Ambassade\" \/>\n<meta property=\"og:description\" content=\"La vodka Cumin des pr\u00e8s fait ressortir les ar\u00f4mes subtils d\u2019anis et de menthe sauvage. Parfait \u00e0 l\u2019ap\u00e9ritif ou en accord vibrant sur un pur chocolat noir.\" \/>\n<meta property=\"og:url\" content=\"https:\/\/www.caviar-ambassade.com\/fr_ch\/product\/vodka-solignac-cumin-des-pres\/\" \/>\n<meta property=\"og:site_name\" content=\"Caviar Ambassade\" \/>\n<meta property=\"article:modified_time\" content=\"2026-01-19T10:12:36+00:00\" \/>\n<meta property=\"og:image\" content=\"https:\/\/www.caviar-ambassade.com\/wp-content\/uploads\/2024\/01\/solignac-vodka-cumin.jpg\" \/>\n\t<meta property=\"og:image:width\" content=\"1000\" \/>\n\t<meta property=\"og:image:height\" content=\"1000\" \/>\n\t<meta property=\"og:image:type\" content=\"image\/jpeg\" \/>\n<meta name=\"twitter:card\" content=\"summary_large_image\" \/>\n<meta name=\"twitter:label1\" content=\"Est. reading time\" \/>\n\t<meta name=\"twitter:data1\" content=\"1 minute\" \/>\n<script type=\"application\/ld+json\" class=\"yoast-schema-graph\">{\"@context\":\"https:\\\/\\\/schema.org\",\"@graph\":[{\"@type\":\"WebPage\",\"@id\":\"https:\\\/\\\/www.caviar-ambassade.com\\\/produit\\\/vodka-solignac-cumin-des-pres\\\/\",\"url\":\"https:\\\/\\\/www.caviar-ambassade.com\\\/produit\\\/vodka-solignac-cumin-des-pres\\\/\",\"name\":\"Vodka Solignac - Cumin des pr\u00e8s - Caviar Ambassade\",\"isPartOf\":{\"@id\":\"https:\\\/\\\/www.caviar-ambassade.com\\\/#website\"},\"primaryImageOfPage\":{\"@id\":\"https:\\\/\\\/www.caviar-ambassade.com\\\/produit\\\/vodka-solignac-cumin-des-pres\\\/#primaryimage\"},\"image\":{\"@id\":\"https:\\\/\\\/www.caviar-ambassade.com\\\/produit\\\/vodka-solignac-cumin-des-pres\\\/#primaryimage\"},\"thumbnailUrl\":\"https:\\\/\\\/www.caviar-ambassade.com\\\/wp-content\\\/uploads\\\/2024\\\/01\\\/solignac-vodka-cumin.jpg\",\"datePublished\":\"2025-03-17T15:25:34+00:00\",\"dateModified\":\"2026-01-19T10:12:36+00:00\",\"description\":\"La vodka Cumin des pr\u00e8s fait ressortir les ar\u00f4mes subtils d\u2019anis et de menthe sauvage. Parfait \u00e0 l\u2019ap\u00e9ritif ou en accord vibrant sur un pur chocolat noir.\",\"breadcrumb\":{\"@id\":\"https:\\\/\\\/www.caviar-ambassade.com\\\/produit\\\/vodka-solignac-cumin-des-pres\\\/#breadcrumb\"},\"inLanguage\":\"fr-CH\",\"potentialAction\":[{\"@type\":\"ReadAction\",\"target\":[\"https:\\\/\\\/www.caviar-ambassade.com\\\/produit\\\/vodka-solignac-cumin-des-pres\\\/\"]}]},{\"@type\":\"ImageObject\",\"inLanguage\":\"fr-CH\",\"@id\":\"https:\\\/\\\/www.caviar-ambassade.com\\\/produit\\\/vodka-solignac-cumin-des-pres\\\/#primaryimage\",\"url\":\"https:\\\/\\\/www.caviar-ambassade.com\\\/wp-content\\\/uploads\\\/2024\\\/01\\\/solignac-vodka-cumin.jpg\",\"contentUrl\":\"https:\\\/\\\/www.caviar-ambassade.com\\\/wp-content\\\/uploads\\\/2024\\\/01\\\/solignac-vodka-cumin.jpg\",\"width\":1000,\"height\":1000,\"caption\":\"vodka solignac\"},{\"@type\":\"BreadcrumbList\",\"@id\":\"https:\\\/\\\/www.caviar-ambassade.com\\\/produit\\\/vodka-solignac-cumin-des-pres\\\/#breadcrumb\",\"itemListElement\":[{\"@type\":\"ListItem\",\"position\":1,\"name\":\"Accueil\",\"item\":\"https:\\\/\\\/www.caviar-ambassade.com\\\/\"},{\"@type\":\"ListItem\",\"position\":2,\"name\":\"Boutique\",\"item\":\"https:\\\/\\\/www.caviar-ambassade.com\\\/boutique\\\/\"},{\"@type\":\"ListItem\",\"position\":3,\"name\":\"Vodka Solignac &#8211; Cumin des pr\u00e8s\"}]},{\"@type\":\"WebSite\",\"@id\":\"https:\\\/\\\/www.caviar-ambassade.com\\\/#website\",\"url\":\"https:\\\/\\\/www.caviar-ambassade.com\\\/\",\"name\":\"Caviar Ambassade\",\"description\":\"Le caviar des connaisseurs\",\"publisher\":{\"@id\":\"https:\\\/\\\/www.caviar-ambassade.com\\\/#organization\"},\"potentialAction\":[{\"@type\":\"SearchAction\",\"target\":{\"@type\":\"EntryPoint\",\"urlTemplate\":\"https:\\\/\\\/www.caviar-ambassade.com\\\/?s={search_term_string}\"},\"query-input\":{\"@type\":\"PropertyValueSpecification\",\"valueRequired\":true,\"valueName\":\"search_term_string\"}}],\"inLanguage\":\"fr-CH\"},{\"@type\":\"Organization\",\"@id\":\"https:\\\/\\\/www.caviar-ambassade.com\\\/#organization\",\"name\":\"Caviar Ambassade\",\"url\":\"https:\\\/\\\/www.caviar-ambassade.com\\\/\",\"logo\":{\"@type\":\"ImageObject\",\"inLanguage\":\"fr-CH\",\"@id\":\"https:\\\/\\\/www.caviar-ambassade.com\\\/#\\\/schema\\\/logo\\\/image\\\/\",\"url\":\"https:\\\/\\\/www.caviar-ambassade.com\\\/wp-content\\\/uploads\\\/2021\\\/10\\\/cropped-logo-ambassade.png\",\"contentUrl\":\"https:\\\/\\\/www.caviar-ambassade.com\\\/wp-content\\\/uploads\\\/2021\\\/10\\\/cropped-logo-ambassade.png\",\"width\":150,\"height\":150,\"caption\":\"Caviar Ambassade\"},\"image\":{\"@id\":\"https:\\\/\\\/www.caviar-ambassade.com\\\/#\\\/schema\\\/logo\\\/image\\\/\"}}]}<\/script>\n<!-- \/ Yoast SEO plugin. -->","yoast_head_json":{"title":"Vodka Solignac - Cumin des pr\u00e8s - Caviar Ambassade","description":"La vodka Cumin des pr\u00e8s fait ressortir les ar\u00f4mes subtils d\u2019anis et de menthe sauvage. Parfait \u00e0 l\u2019ap\u00e9ritif ou en accord vibrant sur un pur chocolat noir.","robots":{"index":"index","follow":"follow","max-snippet":"max-snippet:-1","max-image-preview":"max-image-preview:large","max-video-preview":"max-video-preview:-1"},"canonical":"https:\/\/www.caviar-ambassade.com\/fr_ch\/product\/vodka-solignac-cumin-des-pres\/","og_locale":"fr_FR","og_type":"article","og_title":"Vodka Solignac - Cumin des pr\u00e8s - Caviar Ambassade","og_description":"La vodka Cumin des pr\u00e8s fait ressortir les ar\u00f4mes subtils d\u2019anis et de menthe sauvage. Parfait \u00e0 l\u2019ap\u00e9ritif ou en accord vibrant sur un pur chocolat noir.","og_url":"https:\/\/www.caviar-ambassade.com\/fr_ch\/product\/vodka-solignac-cumin-des-pres\/","og_site_name":"Caviar Ambassade","article_modified_time":"2026-01-19T10:12:36+00:00","og_image":[{"width":1000,"height":1000,"url":"https:\/\/www.caviar-ambassade.com\/wp-content\/uploads\/2024\/01\/solignac-vodka-cumin.jpg","type":"image\/jpeg"}],"twitter_card":"summary_large_image","twitter_misc":{"Est. reading time":"1 minute"},"schema":{"@context":"https:\/\/schema.org","@graph":[{"@type":"WebPage","@id":"https:\/\/www.caviar-ambassade.com\/produit\/vodka-solignac-cumin-des-pres\/","url":"https:\/\/www.caviar-ambassade.com\/produit\/vodka-solignac-cumin-des-pres\/","name":"Vodka Solignac - Cumin des pr\u00e8s - Caviar Ambassade","isPartOf":{"@id":"https:\/\/www.caviar-ambassade.com\/#website"},"primaryImageOfPage":{"@id":"https:\/\/www.caviar-ambassade.com\/produit\/vodka-solignac-cumin-des-pres\/#primaryimage"},"image":{"@id":"https:\/\/www.caviar-ambassade.com\/produit\/vodka-solignac-cumin-des-pres\/#primaryimage"},"thumbnailUrl":"https:\/\/www.caviar-ambassade.com\/wp-content\/uploads\/2024\/01\/solignac-vodka-cumin.jpg","datePublished":"2025-03-17T15:25:34+00:00","dateModified":"2026-01-19T10:12:36+00:00","description":"La vodka Cumin des pr\u00e8s fait ressortir les ar\u00f4mes subtils d\u2019anis et de menthe sauvage. Parfait \u00e0 l\u2019ap\u00e9ritif ou en accord vibrant sur un pur chocolat noir.","breadcrumb":{"@id":"https:\/\/www.caviar-ambassade.com\/produit\/vodka-solignac-cumin-des-pres\/#breadcrumb"},"inLanguage":"fr-CH","potentialAction":[{"@type":"ReadAction","target":["https:\/\/www.caviar-ambassade.com\/produit\/vodka-solignac-cumin-des-pres\/"]}]},{"@type":"ImageObject","inLanguage":"fr-CH","@id":"https:\/\/www.caviar-ambassade.com\/produit\/vodka-solignac-cumin-des-pres\/#primaryimage","url":"https:\/\/www.caviar-ambassade.com\/wp-content\/uploads\/2024\/01\/solignac-vodka-cumin.jpg","contentUrl":"https:\/\/www.caviar-ambassade.com\/wp-content\/uploads\/2024\/01\/solignac-vodka-cumin.jpg","width":1000,"height":1000,"caption":"vodka solignac"},{"@type":"BreadcrumbList","@id":"https:\/\/www.caviar-ambassade.com\/produit\/vodka-solignac-cumin-des-pres\/#breadcrumb","itemListElement":[{"@type":"ListItem","position":1,"name":"Accueil","item":"https:\/\/www.caviar-ambassade.com\/"},{"@type":"ListItem","position":2,"name":"Boutique","item":"https:\/\/www.caviar-ambassade.com\/boutique\/"},{"@type":"ListItem","position":3,"name":"Vodka Solignac &#8211; Cumin des pr\u00e8s"}]},{"@type":"WebSite","@id":"https:\/\/www.caviar-ambassade.com\/#website","url":"https:\/\/www.caviar-ambassade.com\/","name":"Caviar Ambassade","description":"Le caviar des connaisseurs","publisher":{"@id":"https:\/\/www.caviar-ambassade.com\/#organization"},"potentialAction":[{"@type":"SearchAction","target":{"@type":"EntryPoint","urlTemplate":"https:\/\/www.caviar-ambassade.com\/?s={search_term_string}"},"query-input":{"@type":"PropertyValueSpecification","valueRequired":true,"valueName":"search_term_string"}}],"inLanguage":"fr-CH"},{"@type":"Organization","@id":"https:\/\/www.caviar-ambassade.com\/#organization","name":"Caviar Ambassade","url":"https:\/\/www.caviar-ambassade.com\/","logo":{"@type":"ImageObject","inLanguage":"fr-CH","@id":"https:\/\/www.caviar-ambassade.com\/#\/schema\/logo\/image\/","url":"https:\/\/www.caviar-ambassade.com\/wp-content\/uploads\/2021\/10\/cropped-logo-ambassade.png","contentUrl":"https:\/\/www.caviar-ambassade.com\/wp-content\/uploads\/2021\/10\/cropped-logo-ambassade.png","width":150,"height":150,"caption":"Caviar Ambassade"},"image":{"@id":"https:\/\/www.caviar-ambassade.com\/#\/schema\/logo\/image\/"}}]}},"_links":{"self":[{"href":"https:\/\/www.caviar-ambassade.com\/fr_ch\/wp-json\/wp\/v2\/product\/4296","targetHints":{"allow":["GET"]}}],"collection":[{"href":"https:\/\/www.caviar-ambassade.com\/fr_ch\/wp-json\/wp\/v2\/product"}],"about":[{"href":"https:\/\/www.caviar-ambassade.com\/fr_ch\/wp-json\/wp\/v2\/types\/product"}],"wp:featuredmedia":[{"embeddable":true,"href":"https:\/\/www.caviar-ambassade.com\/fr_ch\/wp-json\/wp\/v2\/media\/4293"}],"wp:attachment":[{"href":"https:\/\/www.caviar-ambassade.com\/fr_ch\/wp-json\/wp\/v2\/media?parent=4296"}],"wp:term":[{"taxonomy":"product_brand","embeddable":true,"href":"https:\/\/www.caviar-ambassade.com\/fr_ch\/wp-json\/wp\/v2\/product_brand?post=4296"},{"taxonomy":"product_cat","embeddable":true,"href":"https:\/\/www.caviar-ambassade.com\/fr_ch\/wp-json\/wp\/v2\/product_cat?post=4296"},{"taxonomy":"product_tag","embeddable":true,"href":"https:\/\/www.caviar-ambassade.com\/fr_ch\/wp-json\/wp\/v2\/product_tag?post=4296"}],"curies":[{"name":"wp","href":"https:\/\/api.w.org\/{rel}","templated":true}]}}