{"id":4621,"date":"2025-03-17T16:25:33","date_gmt":"2025-03-17T15:25:33","guid":{"rendered":"https:\/\/www.caviar-ambassade.com\/?post_type=product&#038;p=4621"},"modified":"2025-11-13T15:21:15","modified_gmt":"2025-11-13T14:21:15","slug":"vodka-ambassade","status":"publish","type":"product","link":"https:\/\/www.caviar-ambassade.com\/fr_ch\/product\/vodka-ambassade\/","title":{"rendered":"Vodka Ambassade"},"content":{"rendered":"<p>D\u00e9couvrez notre vodka Ambassade, l&rsquo;accompagnement id\u00e9al pour accompagner le caviar. Cette vodka pour le caviar sublime chaque note d\u00e9licate de ce mets prestigieux. La finesse du caviar s&rsquo;harmonise parfaitement avec les ar\u00f4mes subtils de notre vodka, cr\u00e9ant une exp\u00e9rience gustative d&rsquo;une grande \u00e9l\u00e9gance.<\/p>\n<h2>Une vodka pour le caviar<\/h2>\n<p>Notre vodka est bien plus qu&rsquo;un simple spiritueux, c&rsquo;est une symphonie de saveurs. Les ar\u00f4mes de beurre et de fruits blancs, notamment de poire, apportent une richesse et une complexit\u00e9 qui s\u00e9duiront les connaisseurs. La pr\u00e9sence de pollen et de miel infuse la vodka d&rsquo;une douceur naturelle et d&rsquo;une rondeur qui la rendent irr\u00e9sistible.<\/p>\n<h2>L&rsquo;\u00e9l\u00e9gance de cette vodka en cocktail<\/h2>\n<p>En ap\u00e9ritif, laissez libre cours \u00e0 votre cr\u00e9ativit\u00e9 avec notre vodka. Que vous optiez pour un classique Martini, un Moscow Mule rafra\u00eechissant, ou une cr\u00e9ation plus audacieuse, notre vodka se pr\u00eate \u00e0 toutes les inspirations. Sa texture souple et ses ar\u00f4mes d\u00e9licats en font une base id\u00e9ale pour des cocktails.<\/p>","protected":false},"excerpt":{"rendered":"<p>Format : 70cl<br \/>\nDegr\u00e9 d&rsquo;alcool : 40%<\/p>","protected":false},"featured_media":4622,"template":"","meta":{"_acf_changed":false},"product_brand":[],"product_cat":[66],"product_tag":[],"class_list":{"0":"post-4621","1":"product","2":"type-product","3":"status-publish","4":"has-post-thumbnail","6":"product_cat-vodkas","8":"first","9":"instock","10":"taxable","11":"shipping-taxable","12":"purchasable","13":"product-type-simple"},"acf":[],"yoast_head":"<!-- This site is optimized with the Yoast SEO plugin v27.4 - https:\/\/yoast.com\/product\/yoast-seo-wordpress\/ -->\n<title>Vodka Ambassade - Caviar Ambassade<\/title>\n<meta name=\"description\" content=\"La vodka Ambassade, l&#039;accompagnement id\u00e9al pour accompagner le caviar. Cette vodka pour le caviar sublime chaque note d\u00e9licate de ce mets prestigieux.\" \/>\n<meta name=\"robots\" content=\"index, follow, max-snippet:-1, max-image-preview:large, max-video-preview:-1\" \/>\n<link rel=\"canonical\" href=\"https:\/\/www.caviar-ambassade.com\/fr_ch\/product\/vodka-ambassade\/\" \/>\n<meta property=\"og:locale\" content=\"fr_FR\" \/>\n<meta property=\"og:type\" content=\"article\" \/>\n<meta property=\"og:title\" content=\"Vodka Ambassade - Caviar Ambassade\" \/>\n<meta property=\"og:description\" content=\"La vodka Ambassade, l&#039;accompagnement id\u00e9al pour accompagner le caviar. Cette vodka pour le caviar sublime chaque note d\u00e9licate de ce mets prestigieux.\" \/>\n<meta property=\"og:url\" content=\"https:\/\/www.caviar-ambassade.com\/fr_ch\/product\/vodka-ambassade\/\" \/>\n<meta property=\"og:site_name\" content=\"Caviar Ambassade\" \/>\n<meta property=\"article:modified_time\" content=\"2025-11-13T14:21:15+00:00\" \/>\n<meta property=\"og:image\" content=\"https:\/\/www.caviar-ambassade.com\/wp-content\/uploads\/2024\/07\/vodka-ambassade.png\" \/>\n\t<meta property=\"og:image:width\" content=\"1000\" \/>\n\t<meta property=\"og:image:height\" content=\"1000\" \/>\n\t<meta property=\"og:image:type\" content=\"image\/png\" \/>\n<meta name=\"twitter:card\" content=\"summary_large_image\" \/>\n<meta name=\"twitter:label1\" content=\"Est. reading time\" \/>\n\t<meta name=\"twitter:data1\" content=\"2 minutes\" \/>\n<script type=\"application\/ld+json\" class=\"yoast-schema-graph\">{\"@context\":\"https:\\\/\\\/schema.org\",\"@graph\":[{\"@type\":\"WebPage\",\"@id\":\"https:\\\/\\\/www.caviar-ambassade.com\\\/produit\\\/vodka-ambassade\\\/\",\"url\":\"https:\\\/\\\/www.caviar-ambassade.com\\\/produit\\\/vodka-ambassade\\\/\",\"name\":\"Vodka Ambassade - Caviar Ambassade\",\"isPartOf\":{\"@id\":\"https:\\\/\\\/www.caviar-ambassade.com\\\/#website\"},\"primaryImageOfPage\":{\"@id\":\"https:\\\/\\\/www.caviar-ambassade.com\\\/produit\\\/vodka-ambassade\\\/#primaryimage\"},\"image\":{\"@id\":\"https:\\\/\\\/www.caviar-ambassade.com\\\/produit\\\/vodka-ambassade\\\/#primaryimage\"},\"thumbnailUrl\":\"https:\\\/\\\/www.caviar-ambassade.com\\\/wp-content\\\/uploads\\\/2024\\\/07\\\/vodka-ambassade.png\",\"datePublished\":\"2025-03-17T15:25:33+00:00\",\"dateModified\":\"2025-11-13T14:21:15+00:00\",\"description\":\"La vodka Ambassade, l'accompagnement id\u00e9al pour accompagner le caviar. Cette vodka pour le caviar sublime chaque note d\u00e9licate de ce mets prestigieux.\",\"breadcrumb\":{\"@id\":\"https:\\\/\\\/www.caviar-ambassade.com\\\/produit\\\/vodka-ambassade\\\/#breadcrumb\"},\"inLanguage\":\"fr-CH\",\"potentialAction\":[{\"@type\":\"ReadAction\",\"target\":[\"https:\\\/\\\/www.caviar-ambassade.com\\\/produit\\\/vodka-ambassade\\\/\"]}]},{\"@type\":\"ImageObject\",\"inLanguage\":\"fr-CH\",\"@id\":\"https:\\\/\\\/www.caviar-ambassade.com\\\/produit\\\/vodka-ambassade\\\/#primaryimage\",\"url\":\"https:\\\/\\\/www.caviar-ambassade.com\\\/wp-content\\\/uploads\\\/2024\\\/07\\\/vodka-ambassade.png\",\"contentUrl\":\"https:\\\/\\\/www.caviar-ambassade.com\\\/wp-content\\\/uploads\\\/2024\\\/07\\\/vodka-ambassade.png\",\"width\":1000,\"height\":1000,\"caption\":\"vodka ambassade\"},{\"@type\":\"BreadcrumbList\",\"@id\":\"https:\\\/\\\/www.caviar-ambassade.com\\\/produit\\\/vodka-ambassade\\\/#breadcrumb\",\"itemListElement\":[{\"@type\":\"ListItem\",\"position\":1,\"name\":\"Accueil\",\"item\":\"https:\\\/\\\/www.caviar-ambassade.com\\\/\"},{\"@type\":\"ListItem\",\"position\":2,\"name\":\"Boutique\",\"item\":\"https:\\\/\\\/www.caviar-ambassade.com\\\/boutique\\\/\"},{\"@type\":\"ListItem\",\"position\":3,\"name\":\"Vodka Ambassade\"}]},{\"@type\":\"WebSite\",\"@id\":\"https:\\\/\\\/www.caviar-ambassade.com\\\/#website\",\"url\":\"https:\\\/\\\/www.caviar-ambassade.com\\\/\",\"name\":\"Caviar Ambassade\",\"description\":\"Le caviar des connaisseurs\",\"publisher\":{\"@id\":\"https:\\\/\\\/www.caviar-ambassade.com\\\/#organization\"},\"potentialAction\":[{\"@type\":\"SearchAction\",\"target\":{\"@type\":\"EntryPoint\",\"urlTemplate\":\"https:\\\/\\\/www.caviar-ambassade.com\\\/?s={search_term_string}\"},\"query-input\":{\"@type\":\"PropertyValueSpecification\",\"valueRequired\":true,\"valueName\":\"search_term_string\"}}],\"inLanguage\":\"fr-CH\"},{\"@type\":\"Organization\",\"@id\":\"https:\\\/\\\/www.caviar-ambassade.com\\\/#organization\",\"name\":\"Caviar Ambassade\",\"url\":\"https:\\\/\\\/www.caviar-ambassade.com\\\/\",\"logo\":{\"@type\":\"ImageObject\",\"inLanguage\":\"fr-CH\",\"@id\":\"https:\\\/\\\/www.caviar-ambassade.com\\\/#\\\/schema\\\/logo\\\/image\\\/\",\"url\":\"https:\\\/\\\/www.caviar-ambassade.com\\\/wp-content\\\/uploads\\\/2021\\\/10\\\/cropped-logo-ambassade.png\",\"contentUrl\":\"https:\\\/\\\/www.caviar-ambassade.com\\\/wp-content\\\/uploads\\\/2021\\\/10\\\/cropped-logo-ambassade.png\",\"width\":150,\"height\":150,\"caption\":\"Caviar Ambassade\"},\"image\":{\"@id\":\"https:\\\/\\\/www.caviar-ambassade.com\\\/#\\\/schema\\\/logo\\\/image\\\/\"}}]}<\/script>\n<!-- \/ Yoast SEO plugin. -->","yoast_head_json":{"title":"Vodka Ambassade - Caviar Ambassade","description":"La vodka Ambassade, l'accompagnement id\u00e9al pour accompagner le caviar. Cette vodka pour le caviar sublime chaque note d\u00e9licate de ce mets prestigieux.","robots":{"index":"index","follow":"follow","max-snippet":"max-snippet:-1","max-image-preview":"max-image-preview:large","max-video-preview":"max-video-preview:-1"},"canonical":"https:\/\/www.caviar-ambassade.com\/fr_ch\/product\/vodka-ambassade\/","og_locale":"fr_FR","og_type":"article","og_title":"Vodka Ambassade - Caviar Ambassade","og_description":"La vodka Ambassade, l'accompagnement id\u00e9al pour accompagner le caviar. Cette vodka pour le caviar sublime chaque note d\u00e9licate de ce mets prestigieux.","og_url":"https:\/\/www.caviar-ambassade.com\/fr_ch\/product\/vodka-ambassade\/","og_site_name":"Caviar Ambassade","article_modified_time":"2025-11-13T14:21:15+00:00","og_image":[{"width":1000,"height":1000,"url":"https:\/\/www.caviar-ambassade.com\/wp-content\/uploads\/2024\/07\/vodka-ambassade.png","type":"image\/png"}],"twitter_card":"summary_large_image","twitter_misc":{"Est. reading time":"2 minutes"},"schema":{"@context":"https:\/\/schema.org","@graph":[{"@type":"WebPage","@id":"https:\/\/www.caviar-ambassade.com\/produit\/vodka-ambassade\/","url":"https:\/\/www.caviar-ambassade.com\/produit\/vodka-ambassade\/","name":"Vodka Ambassade - Caviar Ambassade","isPartOf":{"@id":"https:\/\/www.caviar-ambassade.com\/#website"},"primaryImageOfPage":{"@id":"https:\/\/www.caviar-ambassade.com\/produit\/vodka-ambassade\/#primaryimage"},"image":{"@id":"https:\/\/www.caviar-ambassade.com\/produit\/vodka-ambassade\/#primaryimage"},"thumbnailUrl":"https:\/\/www.caviar-ambassade.com\/wp-content\/uploads\/2024\/07\/vodka-ambassade.png","datePublished":"2025-03-17T15:25:33+00:00","dateModified":"2025-11-13T14:21:15+00:00","description":"La vodka Ambassade, l'accompagnement id\u00e9al pour accompagner le caviar. Cette vodka pour le caviar sublime chaque note d\u00e9licate de ce mets prestigieux.","breadcrumb":{"@id":"https:\/\/www.caviar-ambassade.com\/produit\/vodka-ambassade\/#breadcrumb"},"inLanguage":"fr-CH","potentialAction":[{"@type":"ReadAction","target":["https:\/\/www.caviar-ambassade.com\/produit\/vodka-ambassade\/"]}]},{"@type":"ImageObject","inLanguage":"fr-CH","@id":"https:\/\/www.caviar-ambassade.com\/produit\/vodka-ambassade\/#primaryimage","url":"https:\/\/www.caviar-ambassade.com\/wp-content\/uploads\/2024\/07\/vodka-ambassade.png","contentUrl":"https:\/\/www.caviar-ambassade.com\/wp-content\/uploads\/2024\/07\/vodka-ambassade.png","width":1000,"height":1000,"caption":"vodka ambassade"},{"@type":"BreadcrumbList","@id":"https:\/\/www.caviar-ambassade.com\/produit\/vodka-ambassade\/#breadcrumb","itemListElement":[{"@type":"ListItem","position":1,"name":"Accueil","item":"https:\/\/www.caviar-ambassade.com\/"},{"@type":"ListItem","position":2,"name":"Boutique","item":"https:\/\/www.caviar-ambassade.com\/boutique\/"},{"@type":"ListItem","position":3,"name":"Vodka Ambassade"}]},{"@type":"WebSite","@id":"https:\/\/www.caviar-ambassade.com\/#website","url":"https:\/\/www.caviar-ambassade.com\/","name":"Caviar Ambassade","description":"Le caviar des connaisseurs","publisher":{"@id":"https:\/\/www.caviar-ambassade.com\/#organization"},"potentialAction":[{"@type":"SearchAction","target":{"@type":"EntryPoint","urlTemplate":"https:\/\/www.caviar-ambassade.com\/?s={search_term_string}"},"query-input":{"@type":"PropertyValueSpecification","valueRequired":true,"valueName":"search_term_string"}}],"inLanguage":"fr-CH"},{"@type":"Organization","@id":"https:\/\/www.caviar-ambassade.com\/#organization","name":"Caviar Ambassade","url":"https:\/\/www.caviar-ambassade.com\/","logo":{"@type":"ImageObject","inLanguage":"fr-CH","@id":"https:\/\/www.caviar-ambassade.com\/#\/schema\/logo\/image\/","url":"https:\/\/www.caviar-ambassade.com\/wp-content\/uploads\/2021\/10\/cropped-logo-ambassade.png","contentUrl":"https:\/\/www.caviar-ambassade.com\/wp-content\/uploads\/2021\/10\/cropped-logo-ambassade.png","width":150,"height":150,"caption":"Caviar Ambassade"},"image":{"@id":"https:\/\/www.caviar-ambassade.com\/#\/schema\/logo\/image\/"}}]}},"_links":{"self":[{"href":"https:\/\/www.caviar-ambassade.com\/fr_ch\/wp-json\/wp\/v2\/product\/4621","targetHints":{"allow":["GET"]}}],"collection":[{"href":"https:\/\/www.caviar-ambassade.com\/fr_ch\/wp-json\/wp\/v2\/product"}],"about":[{"href":"https:\/\/www.caviar-ambassade.com\/fr_ch\/wp-json\/wp\/v2\/types\/product"}],"wp:featuredmedia":[{"embeddable":true,"href":"https:\/\/www.caviar-ambassade.com\/fr_ch\/wp-json\/wp\/v2\/media\/4622"}],"wp:attachment":[{"href":"https:\/\/www.caviar-ambassade.com\/fr_ch\/wp-json\/wp\/v2\/media?parent=4621"}],"wp:term":[{"taxonomy":"product_brand","embeddable":true,"href":"https:\/\/www.caviar-ambassade.com\/fr_ch\/wp-json\/wp\/v2\/product_brand?post=4621"},{"taxonomy":"product_cat","embeddable":true,"href":"https:\/\/www.caviar-ambassade.com\/fr_ch\/wp-json\/wp\/v2\/product_cat?post=4621"},{"taxonomy":"product_tag","embeddable":true,"href":"https:\/\/www.caviar-ambassade.com\/fr_ch\/wp-json\/wp\/v2\/product_tag?post=4621"}],"curies":[{"name":"wp","href":"https:\/\/api.w.org\/{rel}","templated":true}]}}