{"id":5894,"date":"2025-01-23T12:47:33","date_gmt":"2025-01-23T11:47:33","guid":{"rendered":"https:\/\/www.caviar-ambassade.com\/?post_type=product&#038;p=5894"},"modified":"2025-11-13T15:22:03","modified_gmt":"2025-11-13T14:22:03","slug":"poutargue","status":"publish","type":"product","link":"https:\/\/www.caviar-ambassade.com\/fr_ch\/product\/poutargue\/","title":{"rendered":"Poutargue"},"content":{"rendered":"<p>D\u00e9couvrez la poutargue, un tr\u00e9sor culinaire issu des profondeurs de la M\u00e9diterran\u00e9e. Obtenue \u00e0 partir des \u0153ufs de mulet, soigneusement sal\u00e9s et s\u00e9ch\u00e9s, cette sp\u00e9cialit\u00e9 m\u00e9diterran\u00e9enne offre une saveur intense et iod\u00e9e qui enchantera vos papilles.<\/p>\n<h2>Poutargue : Le caviar m\u00e9diterran\u00e9en<\/h2>\n<p>\u00c9labor\u00e9e selon des m\u00e9thodes traditionnelles, la poutargue est un produit d&rsquo;exception, riche en prot\u00e9ines et en om\u00e9ga-3. Sa texture onctueuse et son go\u00fbt unique en font un ingr\u00e9dient incontournable de la gastronomie.<\/p>\n<p>R\u00e2p\u00e9e sur des p\u00e2tes : Appel\u00e9e aussi Boutargue, elle apporte une touche d&rsquo;\u00e9l\u00e9gance \u00e0 vos plats de p\u00e2tes, qu&rsquo;elles soient fra\u00eeches ou s\u00e8ches.<br \/>\nIncorpor\u00e9e \u00e0 une sauce: Ajoutez-la \u00e0 une sauce pour relever le go\u00fbt de vos viandes ou de vos poissons.<br \/>\nD\u00e9gust\u00e9e nature : Pour les amateurs de saveurs intenses, la poutargue se savoure simplement avec un peu d&rsquo;huile d&rsquo;olive et du pain grill\u00e9.<\/p>\n<p>Outre son go\u00fbt exquis, la boutargue pr\u00e9sente de nombreux bienfaits pour la sant\u00e9. La poutargue est source de prot\u00e9ines, id\u00e9ale pour les sportifs et les personnes soucieuses de leur apport en prot\u00e9ines. Elle est \u00e9galement riche en om\u00e9ga-3 et contribue \u00e0 r\u00e9duire le taux de cholest\u00e9rol et \u00e0 prot\u00e9ger le syst\u00e8me cardiovasculaire.<\/p>","protected":false},"excerpt":{"rendered":"<p>Poids : 100g<br \/>\nIngr\u00e9dients : \u0152ufs de mulet (Mugil Cephalus) p\u00each\u00e9 dans l\u2019Oc\u00e9ane Atlantique, sal\u00e9s, s\u00e9ch\u00e9s et emball\u00e9s dans la cire (20%)<br \/>\nAllerg\u00e8nes : Poisson<br \/>\nConservation : A conserver entre 6\u00b0C et 10\u00b0C. Produit d\u00e9congel\u00e9. Ne pas recongeler.<br \/>\nDLC : 2 mois<\/p>","protected":false},"featured_media":5895,"template":"","meta":{"_acf_changed":false},"product_brand":[],"product_cat":[17,63],"product_tag":[],"class_list":{"0":"post-5894","1":"product","2":"type-product","3":"status-publish","4":"has-post-thumbnail","6":"product_cat-epicerie-fine","7":"product_cat-oeufs-de-poisson","8":"product_shipping_class-fresh-product","10":"first","11":"instock","12":"taxable","13":"shipping-taxable","14":"purchasable","15":"product-type-simple"},"acf":[],"yoast_head":"<!-- This site is optimized with the Yoast SEO plugin v27.4 - https:\/\/yoast.com\/product\/yoast-seo-wordpress\/ -->\n<title>Poutargue - Caviar Ambassade<\/title>\n<meta name=\"description\" content=\"Issue des \u0153ufs de mulet s\u00e9ch\u00e9s et sal\u00e9s, la poutargue sublimera vos plats. R\u00e2pez-la sur des p\u00e2tes ou incorporez-la \u00e0 une sauce...\" \/>\n<meta name=\"robots\" content=\"index, follow, max-snippet:-1, max-image-preview:large, max-video-preview:-1\" \/>\n<link rel=\"canonical\" href=\"https:\/\/www.caviar-ambassade.com\/fr_ch\/product\/poutargue\/\" \/>\n<meta property=\"og:locale\" content=\"fr_FR\" \/>\n<meta property=\"og:type\" content=\"article\" \/>\n<meta property=\"og:title\" content=\"Poutargue - Caviar Ambassade\" \/>\n<meta property=\"og:description\" content=\"Issue des \u0153ufs de mulet s\u00e9ch\u00e9s et sal\u00e9s, la poutargue sublimera vos plats. R\u00e2pez-la sur des p\u00e2tes ou incorporez-la \u00e0 une sauce...\" \/>\n<meta property=\"og:url\" content=\"https:\/\/www.caviar-ambassade.com\/fr_ch\/product\/poutargue\/\" \/>\n<meta property=\"og:site_name\" content=\"Caviar Ambassade\" \/>\n<meta property=\"article:modified_time\" content=\"2025-11-13T14:22:03+00:00\" \/>\n<meta property=\"og:image\" content=\"https:\/\/www.caviar-ambassade.com\/wp-content\/uploads\/2025\/01\/poutargue-3.jpg\" \/>\n\t<meta property=\"og:image:width\" content=\"1000\" \/>\n\t<meta property=\"og:image:height\" content=\"1000\" \/>\n\t<meta property=\"og:image:type\" content=\"image\/jpeg\" \/>\n<meta name=\"twitter:card\" content=\"summary_large_image\" \/>\n<meta name=\"twitter:label1\" content=\"Est. reading time\" \/>\n\t<meta name=\"twitter:data1\" content=\"2 minutes\" \/>\n<script type=\"application\/ld+json\" class=\"yoast-schema-graph\">{\"@context\":\"https:\\\/\\\/schema.org\",\"@graph\":[{\"@type\":\"WebPage\",\"@id\":\"https:\\\/\\\/www.caviar-ambassade.com\\\/produit\\\/poutargue\\\/\",\"url\":\"https:\\\/\\\/www.caviar-ambassade.com\\\/produit\\\/poutargue\\\/\",\"name\":\"Poutargue - Caviar Ambassade\",\"isPartOf\":{\"@id\":\"https:\\\/\\\/www.caviar-ambassade.com\\\/#website\"},\"primaryImageOfPage\":{\"@id\":\"https:\\\/\\\/www.caviar-ambassade.com\\\/produit\\\/poutargue\\\/#primaryimage\"},\"image\":{\"@id\":\"https:\\\/\\\/www.caviar-ambassade.com\\\/produit\\\/poutargue\\\/#primaryimage\"},\"thumbnailUrl\":\"https:\\\/\\\/www.caviar-ambassade.com\\\/wp-content\\\/uploads\\\/2025\\\/01\\\/poutargue-3.jpg\",\"datePublished\":\"2025-01-23T11:47:33+00:00\",\"dateModified\":\"2025-11-13T14:22:03+00:00\",\"description\":\"Issue des \u0153ufs de mulet s\u00e9ch\u00e9s et sal\u00e9s, la poutargue sublimera vos plats. R\u00e2pez-la sur des p\u00e2tes ou incorporez-la \u00e0 une sauce...\",\"breadcrumb\":{\"@id\":\"https:\\\/\\\/www.caviar-ambassade.com\\\/produit\\\/poutargue\\\/#breadcrumb\"},\"inLanguage\":\"fr-CH\",\"potentialAction\":[{\"@type\":\"ReadAction\",\"target\":[\"https:\\\/\\\/www.caviar-ambassade.com\\\/produit\\\/poutargue\\\/\"]}]},{\"@type\":\"ImageObject\",\"inLanguage\":\"fr-CH\",\"@id\":\"https:\\\/\\\/www.caviar-ambassade.com\\\/produit\\\/poutargue\\\/#primaryimage\",\"url\":\"https:\\\/\\\/www.caviar-ambassade.com\\\/wp-content\\\/uploads\\\/2025\\\/01\\\/poutargue-3.jpg\",\"contentUrl\":\"https:\\\/\\\/www.caviar-ambassade.com\\\/wp-content\\\/uploads\\\/2025\\\/01\\\/poutargue-3.jpg\",\"width\":1000,\"height\":1000,\"caption\":\"poutargue\"},{\"@type\":\"BreadcrumbList\",\"@id\":\"https:\\\/\\\/www.caviar-ambassade.com\\\/produit\\\/poutargue\\\/#breadcrumb\",\"itemListElement\":[{\"@type\":\"ListItem\",\"position\":1,\"name\":\"Accueil\",\"item\":\"https:\\\/\\\/www.caviar-ambassade.com\\\/\"},{\"@type\":\"ListItem\",\"position\":2,\"name\":\"Boutique\",\"item\":\"https:\\\/\\\/www.caviar-ambassade.com\\\/boutique\\\/\"},{\"@type\":\"ListItem\",\"position\":3,\"name\":\"Poutargue\"}]},{\"@type\":\"WebSite\",\"@id\":\"https:\\\/\\\/www.caviar-ambassade.com\\\/#website\",\"url\":\"https:\\\/\\\/www.caviar-ambassade.com\\\/\",\"name\":\"Caviar Ambassade\",\"description\":\"Le caviar des connaisseurs\",\"publisher\":{\"@id\":\"https:\\\/\\\/www.caviar-ambassade.com\\\/#organization\"},\"potentialAction\":[{\"@type\":\"SearchAction\",\"target\":{\"@type\":\"EntryPoint\",\"urlTemplate\":\"https:\\\/\\\/www.caviar-ambassade.com\\\/?s={search_term_string}\"},\"query-input\":{\"@type\":\"PropertyValueSpecification\",\"valueRequired\":true,\"valueName\":\"search_term_string\"}}],\"inLanguage\":\"fr-CH\"},{\"@type\":\"Organization\",\"@id\":\"https:\\\/\\\/www.caviar-ambassade.com\\\/#organization\",\"name\":\"Caviar Ambassade\",\"url\":\"https:\\\/\\\/www.caviar-ambassade.com\\\/\",\"logo\":{\"@type\":\"ImageObject\",\"inLanguage\":\"fr-CH\",\"@id\":\"https:\\\/\\\/www.caviar-ambassade.com\\\/#\\\/schema\\\/logo\\\/image\\\/\",\"url\":\"https:\\\/\\\/www.caviar-ambassade.com\\\/wp-content\\\/uploads\\\/2021\\\/10\\\/cropped-logo-ambassade.png\",\"contentUrl\":\"https:\\\/\\\/www.caviar-ambassade.com\\\/wp-content\\\/uploads\\\/2021\\\/10\\\/cropped-logo-ambassade.png\",\"width\":150,\"height\":150,\"caption\":\"Caviar Ambassade\"},\"image\":{\"@id\":\"https:\\\/\\\/www.caviar-ambassade.com\\\/#\\\/schema\\\/logo\\\/image\\\/\"}}]}<\/script>\n<!-- \/ Yoast SEO plugin. -->","yoast_head_json":{"title":"Poutargue - Caviar Ambassade","description":"Issue des \u0153ufs de mulet s\u00e9ch\u00e9s et sal\u00e9s, la poutargue sublimera vos plats. R\u00e2pez-la sur des p\u00e2tes ou incorporez-la \u00e0 une sauce...","robots":{"index":"index","follow":"follow","max-snippet":"max-snippet:-1","max-image-preview":"max-image-preview:large","max-video-preview":"max-video-preview:-1"},"canonical":"https:\/\/www.caviar-ambassade.com\/fr_ch\/product\/poutargue\/","og_locale":"fr_FR","og_type":"article","og_title":"Poutargue - Caviar Ambassade","og_description":"Issue des \u0153ufs de mulet s\u00e9ch\u00e9s et sal\u00e9s, la poutargue sublimera vos plats. R\u00e2pez-la sur des p\u00e2tes ou incorporez-la \u00e0 une sauce...","og_url":"https:\/\/www.caviar-ambassade.com\/fr_ch\/product\/poutargue\/","og_site_name":"Caviar Ambassade","article_modified_time":"2025-11-13T14:22:03+00:00","og_image":[{"width":1000,"height":1000,"url":"https:\/\/www.caviar-ambassade.com\/wp-content\/uploads\/2025\/01\/poutargue-3.jpg","type":"image\/jpeg"}],"twitter_card":"summary_large_image","twitter_misc":{"Est. reading time":"2 minutes"},"schema":{"@context":"https:\/\/schema.org","@graph":[{"@type":"WebPage","@id":"https:\/\/www.caviar-ambassade.com\/produit\/poutargue\/","url":"https:\/\/www.caviar-ambassade.com\/produit\/poutargue\/","name":"Poutargue - Caviar Ambassade","isPartOf":{"@id":"https:\/\/www.caviar-ambassade.com\/#website"},"primaryImageOfPage":{"@id":"https:\/\/www.caviar-ambassade.com\/produit\/poutargue\/#primaryimage"},"image":{"@id":"https:\/\/www.caviar-ambassade.com\/produit\/poutargue\/#primaryimage"},"thumbnailUrl":"https:\/\/www.caviar-ambassade.com\/wp-content\/uploads\/2025\/01\/poutargue-3.jpg","datePublished":"2025-01-23T11:47:33+00:00","dateModified":"2025-11-13T14:22:03+00:00","description":"Issue des \u0153ufs de mulet s\u00e9ch\u00e9s et sal\u00e9s, la poutargue sublimera vos plats. R\u00e2pez-la sur des p\u00e2tes ou incorporez-la \u00e0 une sauce...","breadcrumb":{"@id":"https:\/\/www.caviar-ambassade.com\/produit\/poutargue\/#breadcrumb"},"inLanguage":"fr-CH","potentialAction":[{"@type":"ReadAction","target":["https:\/\/www.caviar-ambassade.com\/produit\/poutargue\/"]}]},{"@type":"ImageObject","inLanguage":"fr-CH","@id":"https:\/\/www.caviar-ambassade.com\/produit\/poutargue\/#primaryimage","url":"https:\/\/www.caviar-ambassade.com\/wp-content\/uploads\/2025\/01\/poutargue-3.jpg","contentUrl":"https:\/\/www.caviar-ambassade.com\/wp-content\/uploads\/2025\/01\/poutargue-3.jpg","width":1000,"height":1000,"caption":"poutargue"},{"@type":"BreadcrumbList","@id":"https:\/\/www.caviar-ambassade.com\/produit\/poutargue\/#breadcrumb","itemListElement":[{"@type":"ListItem","position":1,"name":"Accueil","item":"https:\/\/www.caviar-ambassade.com\/"},{"@type":"ListItem","position":2,"name":"Boutique","item":"https:\/\/www.caviar-ambassade.com\/boutique\/"},{"@type":"ListItem","position":3,"name":"Poutargue"}]},{"@type":"WebSite","@id":"https:\/\/www.caviar-ambassade.com\/#website","url":"https:\/\/www.caviar-ambassade.com\/","name":"Caviar Ambassade","description":"Le caviar des connaisseurs","publisher":{"@id":"https:\/\/www.caviar-ambassade.com\/#organization"},"potentialAction":[{"@type":"SearchAction","target":{"@type":"EntryPoint","urlTemplate":"https:\/\/www.caviar-ambassade.com\/?s={search_term_string}"},"query-input":{"@type":"PropertyValueSpecification","valueRequired":true,"valueName":"search_term_string"}}],"inLanguage":"fr-CH"},{"@type":"Organization","@id":"https:\/\/www.caviar-ambassade.com\/#organization","name":"Caviar Ambassade","url":"https:\/\/www.caviar-ambassade.com\/","logo":{"@type":"ImageObject","inLanguage":"fr-CH","@id":"https:\/\/www.caviar-ambassade.com\/#\/schema\/logo\/image\/","url":"https:\/\/www.caviar-ambassade.com\/wp-content\/uploads\/2021\/10\/cropped-logo-ambassade.png","contentUrl":"https:\/\/www.caviar-ambassade.com\/wp-content\/uploads\/2021\/10\/cropped-logo-ambassade.png","width":150,"height":150,"caption":"Caviar Ambassade"},"image":{"@id":"https:\/\/www.caviar-ambassade.com\/#\/schema\/logo\/image\/"}}]}},"_links":{"self":[{"href":"https:\/\/www.caviar-ambassade.com\/fr_ch\/wp-json\/wp\/v2\/product\/5894","targetHints":{"allow":["GET"]}}],"collection":[{"href":"https:\/\/www.caviar-ambassade.com\/fr_ch\/wp-json\/wp\/v2\/product"}],"about":[{"href":"https:\/\/www.caviar-ambassade.com\/fr_ch\/wp-json\/wp\/v2\/types\/product"}],"wp:featuredmedia":[{"embeddable":true,"href":"https:\/\/www.caviar-ambassade.com\/fr_ch\/wp-json\/wp\/v2\/media\/5895"}],"wp:attachment":[{"href":"https:\/\/www.caviar-ambassade.com\/fr_ch\/wp-json\/wp\/v2\/media?parent=5894"}],"wp:term":[{"taxonomy":"product_brand","embeddable":true,"href":"https:\/\/www.caviar-ambassade.com\/fr_ch\/wp-json\/wp\/v2\/product_brand?post=5894"},{"taxonomy":"product_cat","embeddable":true,"href":"https:\/\/www.caviar-ambassade.com\/fr_ch\/wp-json\/wp\/v2\/product_cat?post=5894"},{"taxonomy":"product_tag","embeddable":true,"href":"https:\/\/www.caviar-ambassade.com\/fr_ch\/wp-json\/wp\/v2\/product_tag?post=5894"}],"curies":[{"name":"wp","href":"https:\/\/api.w.org\/{rel}","templated":true}]}}