{"id":2311,"date":"2021-12-15T10:22:42","date_gmt":"2021-12-15T09:22:42","guid":{"rendered":"https:\/\/www.caviar-ambassade.com\/?post_type=product&#038;p=2311"},"modified":"2025-11-13T15:27:08","modified_gmt":"2025-11-13T14:27:08","slug":"caviar-baeri-2","status":"publish","type":"product","link":"https:\/\/www.caviar-ambassade.com\/nl_be\/product\/caviar-baeri-2\/","title":{"rendered":"BAERI KAVIAAR"},"content":{"rendered":"<p>Baeri kaviaar, een perfect evenwicht! Het bijzondere aan deze Baeri Ambassade-kaviaar is zijn romige en smeltende textuur, waardoor hij zich onderscheidt van andere soorten. Hij wordt gekenmerkt door een laag jodiumgehalte en heeft delicate aroma's van boter en hazelnoot, wat zorgt voor een subtiele en evenwichtige smaakbeleving.<\/p>\n<h2>Een evenwichtige kaviaar, de Baeri kaviaar<\/h2>\n<p>Voor een optimale smaakbeleving wordt aanbevolen om de kaviaar ongeveer 5 minuten voor het serveren uit de verpakking te halen, zodat de smaken zich volledig kunnen ontplooien. Leg de kaviaar vervolgens op een bedje van ijs om hem tijdens de maaltijd vers te houden. Gebruik ook een parelmoeren lepeltje, dat de integriteit van de korrels behoudt en ongewenste oxidatie voorkomt.<\/p>\n<p>Om deze delicatesse te begeleiden, is een pure en krachtige wodka van hoge kwaliteit een goede keuze. De heldere en verfrissende tonen vormen een interessant contrast met de boterachtige en rijke nuances van de kaviaar, waardoor elke hap wordt verrijkt met een subtiele en delicate frisheid.<\/p>\n<p>Een eenvoudig maar heerlijk recept is om het ei te combineren met deze schat uit de zee. Kook een boerderijeitje precies goed en verwijder voorzichtig de bovenkant. Schep een flinke lepel kaviaar op het ei en sluit het voorzichtig weer. Serveer dit lekkere gerecht met een paar verse blini's voor een verfijnde en heerlijke ervaring, waarbij de eenvoud de edele ingredi\u00ebnten goed tot hun recht laat komen.<\/p>","protected":false},"excerpt":{"rendered":"<div class=\"banner-grid-wrapper\">\n  <div id=\"banner-grid-382915780\" class=\"banner-grid row row-grid row-small\" data-packery-options=\"\">\n                      \n\n<div class=\"col grid-col large-6 grid-col-1\" ><div class=\"col-inner\">\n\n\n  <div class=\"banner has-hover\" id=\"banner-1023979276\">\n          <div class=\"banner-inner fill\">\n        <div class=\"banner-bg fill\" >\n                                                \n                    <\/div>\n\t\t\n        <div class=\"banner-layers container\">\n            <div class=\"fill banner-link\"><\/div>            \n\n   <div id=\"text-box-2014318854\" class=\"text-box banner-layer x50 md-x50 lg-x50 y50 md-y50 lg-y50 res-text\">\n                                <div class=\"text-box-content text dark\">\n              \n              <div class=\"text-inner text-left\">\n                  \n\n<div class=\"container section-title-container\" ><h3 class=\"section-title section-title-center\"><b aria-hidden=\"true\"><\/b><span class=\"section-title-main\" >Tips voor het proeven van kaviaar<\/span><b aria-hidden=\"true\"><\/b><\/h3><\/div>\n\n\t<div id=\"text-1602559229\" class=\"text\">\n\t\t\n\n<p><strong>Bewaar kaviaar koel<\/strong><br \/>Kaviaar moet worden bewaard bij een temperatuur tussen 0 en 4\u202f\u00b0C tot het moment van serveren. Het mag nooit worden ingevroren, omdat dit de textuur van de eitjes aantast.<\/p>\n<p><strong>Kaviaar wordt vers geserveerd<\/strong><br \/>Kaviaar wordt koud gegeten, maar mag ook niet te koud zijn. De ideale serveertemperatuur is ongeveer 8 \u00e0 9 \u00b0C. Plaats de geopende kaviaarbus daarom vlak voordat u deze aan uw gasten aanbiedt op een bedje van ijs. Het ijs houdt de kaviaar koel zonder deze te veel af te koelen.<\/p>\n<p><strong>Gebruik de parelmoeren lepel<\/strong><br \/>Metalen bestek moet worden vermeden, omdat dit een onaangename metaalsmaak aan de kaviaar kan geven. Gebruik bij voorkeur lepels van parelmoer. Parelmoer is het materiaal dat traditioneel wordt gebruikt, omdat het de smaak van kaviaar niet verandert.<\/p>\n\t\t\n<style>\n#text-1602559229 {\n  font-size: 0.75rem;\n}\n<\/style>\n\t<\/div>\n\t\n\n              <\/div>\n           <\/div>\n                            \n<style>\n#text-box-2014318854 {\n  width: 90%;\n}\n#text-box-2014318854 .text-box-content {\n  font-size: 100%;\n}\n<\/style>\n    <\/div>\n \n\n        <\/div>\n      <\/div>\n\n            \n<style>\n#banner-1023979276 {\n  padding-top: 500px;\n}\n<\/style>\n  <\/div>\n\n\n\n<\/div><\/div>\n<div class=\"col grid-col large-3 grid-col-1\" ><div class=\"col-inner\">\n\n\n  <div class=\"banner has-hover\" id=\"banner-2038964947\">\n          <div class=\"banner-inner fill\">\n        <div class=\"banner-bg fill\" >\n            <img width=\"800\" height=\"800\" src=\"https:\/\/www.caviar-ambassade.com\/wp-content\/uploads\/2021\/07\/caviar-ambassade3-800x800.jpg\" class=\"bg attachment-large size-large\" alt=\"caviar ambassade\" decoding=\"async\" loading=\"lazy\" \/>                                    \n                    <\/div>\n\t\t\n        <div class=\"banner-layers container\">\n            <div class=\"fill banner-link\"><\/div>            \n\n   <div id=\"text-box-824183793\" class=\"text-box banner-layer x50 md-x50 lg-x50 y50 md-y50 lg-y50 res-text\">\n                                <div class=\"text-box-content text dark\">\n              \n              <div class=\"text-inner text-center\">\n                  \n\n<div class=\"container section-title-container\" ><h3 class=\"section-title section-title-center\"><b aria-hidden=\"true\"><\/b><span class=\"section-title-main\" style=\"color:rgb(0, 0, 0);\">Een heel eenvoudig recept<\/span><b aria-hidden=\"true\"><\/b><\/h3><\/div>\n\n\t<div id=\"text-1282824791\" class=\"text\">\n\t\t\n\n<p style=\"text-align: center;\"><strong>Aardappelpuree met kaviaar<\/strong><\/p>\r\nKook de geschilde aardappelen in gezouten water.\n\nGiet ze af, pureer ze met een aardappelstamper en meng ze met een beetje cr\u00e8me fra\u00eeche.\n\nSchep de aardappelpuree op een bord.\n\nLeg er een mooie quenelle kaviaar op (ongeveer 50 g per persoon).\n\t\t\n<style>\n#text-1282824791 {\n  font-size: 0.75rem;\n  text-align: left;\n  color: rgb(0, 0, 0);\n}\n#text-1282824791 > * {\n  color: rgb(0, 0, 0);\n}\n<\/style>\n\t<\/div>\n\t\n\n              <\/div>\n           <\/div>\n                            \n<style>\n#text-box-824183793 {\n  margin: 0px 0px 0px 0px;\n  width: 90%;\n}\n#text-box-824183793 .text-box-content {\n  background-color: rgba(255, 255, 255, 0.622);\n  font-size: 100%;\n}\n#text-box-824183793 .text-inner {\n  padding: 10px 10px 10px 10px;\n}\n<\/style>\n    <\/div>\n \n\n        <\/div>\n      <\/div>\n\n            \n<style>\n#banner-2038964947 {\n  padding-top: 500px;\n  background-color: rgb(255,255,255);\n}\n#banner-2038964947 .banner-bg img {\n  object-position: center;\n}\n<\/style>\n  <\/div>\n\n\n\n<\/div><\/div>\n<div class=\"col grid-col large-3 grid-col-1-2\" ><div class=\"col-inner\">\n\n\n  <div class=\"banner has-hover\" id=\"banner-198575347\">\n          <div class=\"banner-inner fill\">\n        <div class=\"banner-bg fill\" >\n                                                \n                    <\/div>\n\t\t\n        <div class=\"banner-layers container\">\n            <div class=\"fill banner-link\"><\/div>            \n\n   <div id=\"text-box-169966440\" class=\"text-box banner-layer x50 md-x50 lg-x50 y50 md-y50 lg-y50 res-text\">\n                                <div class=\"text-box-content text dark\">\n              \n              <div class=\"text-inner text-center\">\n                  \n\n<div class=\"container section-title-container\" ><h3 class=\"section-title section-title-center\"><b aria-hidden=\"true\"><\/b><span class=\"section-title-main\" style=\"color:rgb(255, 255, 255);\">Welke wijn past bij deze kaviaar?<\/span><b aria-hidden=\"true\"><\/b><\/h3><\/div>\n\n\t<div id=\"text-2378624249\" class=\"text\">\n\t\t\n\nMet champagne is succes gegarandeerd! De frisheid van champagne, met zijn fijne bubbels, vormt een perfecte aanvulling op kaviaar door het gehemelte voor te bereiden om de delicate aroma's ten volle te kunnen waarderen. Kies voor een Blanc de Noirs voor de beste combinatie.\n\t\t\n<style>\n#text-2378624249 {\n  font-size: 0.75rem;\n  text-align: left;\n}\n<\/style>\n\t<\/div>\n\t\n\n              <\/div>\n           <\/div>\n                            \n<style>\n#text-box-169966440 {\n  width: 80%;\n}\n#text-box-169966440 .text-box-content {\n  font-size: 100%;\n}\n<\/style>\n    <\/div>\n \n\n        <\/div>\n      <\/div>\n\n            \n<style>\n#banner-198575347 {\n  padding-top: 500px;\n}\n<\/style>\n  <\/div>\n\n\n\n<\/div><\/div>\n<div class=\"col grid-col large-3 grid-col-1-2\" ><div class=\"col-inner\">\n\n\t<div class=\"img has-hover x md-x lg-x y md-y lg-y\" id=\"image_1879716360\">\n\t\t\t\t\t\t\t\t<div class=\"img-inner dark\" >\n\t\t\t<img width=\"800\" height=\"800\" src=\"https:\/\/www.caviar-ambassade.com\/wp-content\/uploads\/2021\/12\/caviar-ambassade8-800x800.jpg\" class=\"attachment-large size-large\" alt=\"caviar ambassade\" decoding=\"async\" loading=\"lazy\" srcset=\"https:\/\/www.caviar-ambassade.com\/wp-content\/uploads\/2021\/12\/caviar-ambassade8-800x800.jpg 800w, https:\/\/www.caviar-ambassade.com\/wp-content\/uploads\/2021\/12\/caviar-ambassade8-247x247.jpg 247w, https:\/\/www.caviar-ambassade.com\/wp-content\/uploads\/2021\/12\/caviar-ambassade8-100x100.jpg 100w, https:\/\/www.caviar-ambassade.com\/wp-content\/uploads\/2021\/12\/caviar-ambassade8-510x510.jpg 510w, https:\/\/www.caviar-ambassade.com\/wp-content\/uploads\/2021\/12\/caviar-ambassade8-400x400.jpg 400w, https:\/\/www.caviar-ambassade.com\/wp-content\/uploads\/2021\/12\/caviar-ambassade8-280x280.jpg 280w, https:\/\/www.caviar-ambassade.com\/wp-content\/uploads\/2021\/12\/caviar-ambassade8-768x768.jpg 768w, https:\/\/www.caviar-ambassade.com\/wp-content\/uploads\/2021\/12\/caviar-ambassade8.jpg 1000w\" sizes=\"auto, (max-width: 800px) 100vw, 800px\" \/>\t\t\t\t\t\t\n\t\t\t\t\t<\/div>\n\t\t\t\t\t\t\t\t\n<style>\n#image_1879716360 {\n  width: 100%;\n}\n<\/style>\n\t<\/div>\n\t\n\n\n<\/div><\/div>\n\n            <\/div>\n    <style>\n    #banner-grid-382915780 .grid-col-1{height: 600px}\n    #banner-grid-382915780 .grid-col-1-2{height: 300px}\n    #banner-grid-382915780 .grid-col-1-3{height:200px}\n    #banner-grid-382915780 .grid-col-2-3{height: 400px}\n    #banner-grid-382915780 .grid-col-1-4{height: 150px}\n    #banner-grid-382915780 .grid-col-3-4{height: 450px}\n\n\n    \n    \n\n  <\/style>\n    <\/div>\n  \n<p><strong>Ingredi\u00ebnten<\/strong> : Boter, steureieren (Acipenser baeri), zout, E285, E153, E422<br \/>\n<strong>Allergenen<\/strong> Vis<br \/>\n<strong>Bewaring<\/strong> : In de koelkast bewaren tussen 0\u00b0C en 4\u00b0C<br \/>\n<strong>Minimale houdbaarheidsdatum<\/strong> : 2 maanden<br \/>\n<strong>Herkomst<\/strong> : Frankrijk<\/p>","protected":false},"featured_media":7128,"template":"","meta":{"_acf_changed":false},"product_brand":[],"product_cat":[33,16],"product_tag":[],"class_list":{"0":"post-2311","1":"product","2":"type-product","3":"status-publish","4":"has-post-thumbnail","6":"product_cat-caviar-baeri","7":"product_cat-caviars","8":"product_shipping_class-fresh-product","10":"first","11":"instock","12":"taxable","13":"shipping-taxable","14":"purchasable","15":"product-type-variable","16":"has-default-attributes"},"acf":[],"yoast_head":"<!-- This site is optimized with the Yoast SEO plugin v27.5 - https:\/\/yoast.com\/product\/yoast-seo-wordpress\/ -->\n<title>Caviar Baeri - Caviar Ambassade<\/title>\n<meta name=\"description\" content=\"Le Caviar Baeri, une \u00e9quilibre parfait ! La particularit\u00e9 de ce Caviar Baeri r\u00e9side dans sa texture onctueuse et fondante. Caviar Baeri \u00e0 prix r\u00e9duit !\" \/>\n<meta name=\"robots\" content=\"index, follow, max-snippet:-1, max-image-preview:large, max-video-preview:-1\" \/>\n<link rel=\"canonical\" href=\"https:\/\/www.caviar-ambassade.com\/nl_be\/product\/caviar-baeri-2\/\" \/>\n<meta property=\"og:locale\" content=\"nl_BE\" \/>\n<meta property=\"og:type\" content=\"article\" \/>\n<meta property=\"og:title\" content=\"Caviar Baeri - Caviar Ambassade\" \/>\n<meta property=\"og:description\" content=\"Le Caviar Baeri, une \u00e9quilibre parfait ! La particularit\u00e9 de ce Caviar Baeri r\u00e9side dans sa texture onctueuse et fondante. Caviar Baeri \u00e0 prix r\u00e9duit !\" \/>\n<meta property=\"og:url\" content=\"https:\/\/www.caviar-ambassade.com\/nl_be\/product\/caviar-baeri-2\/\" \/>\n<meta property=\"og:site_name\" content=\"Caviar Ambassade\" \/>\n<meta property=\"article:modified_time\" content=\"2025-11-13T14:27:08+00:00\" \/>\n<meta property=\"og:image\" content=\"https:\/\/www.caviar-ambassade.com\/wp-content\/uploads\/2018\/10\/BAERI.png\" \/>\n\t<meta property=\"og:image:width\" content=\"1000\" \/>\n\t<meta property=\"og:image:height\" content=\"1000\" \/>\n\t<meta property=\"og:image:type\" content=\"image\/png\" \/>\n<meta name=\"twitter:card\" content=\"summary_large_image\" \/>\n<meta name=\"twitter:label1\" content=\"Geschatte leestijd\" \/>\n\t<meta name=\"twitter:data1\" content=\"2 minuten\" \/>\n<script type=\"application\/ld+json\" class=\"yoast-schema-graph\">{\"@context\":\"https:\\\/\\\/schema.org\",\"@graph\":[{\"@type\":\"WebPage\",\"@id\":\"https:\\\/\\\/www.caviar-ambassade.com\\\/produit\\\/caviar-baeri-2\\\/\",\"url\":\"https:\\\/\\\/www.caviar-ambassade.com\\\/produit\\\/caviar-baeri-2\\\/\",\"name\":\"Caviar Baeri - Caviar Ambassade\",\"isPartOf\":{\"@id\":\"https:\\\/\\\/www.caviar-ambassade.com\\\/#website\"},\"primaryImageOfPage\":{\"@id\":\"https:\\\/\\\/www.caviar-ambassade.com\\\/produit\\\/caviar-baeri-2\\\/#primaryimage\"},\"image\":{\"@id\":\"https:\\\/\\\/www.caviar-ambassade.com\\\/produit\\\/caviar-baeri-2\\\/#primaryimage\"},\"thumbnailUrl\":\"https:\\\/\\\/www.caviar-ambassade.com\\\/wp-content\\\/uploads\\\/2018\\\/10\\\/BAERI.png\",\"datePublished\":\"2021-12-15T09:22:42+00:00\",\"dateModified\":\"2025-11-13T14:27:08+00:00\",\"description\":\"Le Caviar Baeri, une \u00e9quilibre parfait ! La particularit\u00e9 de ce Caviar Baeri r\u00e9side dans sa texture onctueuse et fondante. Caviar Baeri \u00e0 prix r\u00e9duit !\",\"breadcrumb\":{\"@id\":\"https:\\\/\\\/www.caviar-ambassade.com\\\/produit\\\/caviar-baeri-2\\\/#breadcrumb\"},\"inLanguage\":\"nl-BE\",\"potentialAction\":[{\"@type\":\"ReadAction\",\"target\":[\"https:\\\/\\\/www.caviar-ambassade.com\\\/produit\\\/caviar-baeri-2\\\/\"]}]},{\"@type\":\"ImageObject\",\"inLanguage\":\"nl-BE\",\"@id\":\"https:\\\/\\\/www.caviar-ambassade.com\\\/produit\\\/caviar-baeri-2\\\/#primaryimage\",\"url\":\"https:\\\/\\\/www.caviar-ambassade.com\\\/wp-content\\\/uploads\\\/2018\\\/10\\\/BAERI.png\",\"contentUrl\":\"https:\\\/\\\/www.caviar-ambassade.com\\\/wp-content\\\/uploads\\\/2018\\\/10\\\/BAERI.png\",\"width\":1000,\"height\":1000,\"caption\":\"caviar baeri\"},{\"@type\":\"BreadcrumbList\",\"@id\":\"https:\\\/\\\/www.caviar-ambassade.com\\\/produit\\\/caviar-baeri-2\\\/#breadcrumb\",\"itemListElement\":[{\"@type\":\"ListItem\",\"position\":1,\"name\":\"Accueil\",\"item\":\"https:\\\/\\\/www.caviar-ambassade.com\\\/\"},{\"@type\":\"ListItem\",\"position\":2,\"name\":\"Boutique\",\"item\":\"https:\\\/\\\/www.caviar-ambassade.com\\\/boutique\\\/\"},{\"@type\":\"ListItem\",\"position\":3,\"name\":\"Caviar Baeri\"}]},{\"@type\":\"WebSite\",\"@id\":\"https:\\\/\\\/www.caviar-ambassade.com\\\/#website\",\"url\":\"https:\\\/\\\/www.caviar-ambassade.com\\\/\",\"name\":\"Caviar Ambassade\",\"description\":\"Le caviar des connaisseurs\",\"publisher\":{\"@id\":\"https:\\\/\\\/www.caviar-ambassade.com\\\/#organization\"},\"potentialAction\":[{\"@type\":\"SearchAction\",\"target\":{\"@type\":\"EntryPoint\",\"urlTemplate\":\"https:\\\/\\\/www.caviar-ambassade.com\\\/?s={search_term_string}\"},\"query-input\":{\"@type\":\"PropertyValueSpecification\",\"valueRequired\":true,\"valueName\":\"search_term_string\"}}],\"inLanguage\":\"nl-BE\"},{\"@type\":\"Organization\",\"@id\":\"https:\\\/\\\/www.caviar-ambassade.com\\\/#organization\",\"name\":\"Caviar Ambassade\",\"url\":\"https:\\\/\\\/www.caviar-ambassade.com\\\/\",\"logo\":{\"@type\":\"ImageObject\",\"inLanguage\":\"nl-BE\",\"@id\":\"https:\\\/\\\/www.caviar-ambassade.com\\\/#\\\/schema\\\/logo\\\/image\\\/\",\"url\":\"https:\\\/\\\/www.caviar-ambassade.com\\\/wp-content\\\/uploads\\\/2021\\\/10\\\/cropped-logo-ambassade.png\",\"contentUrl\":\"https:\\\/\\\/www.caviar-ambassade.com\\\/wp-content\\\/uploads\\\/2021\\\/10\\\/cropped-logo-ambassade.png\",\"width\":150,\"height\":150,\"caption\":\"Caviar Ambassade\"},\"image\":{\"@id\":\"https:\\\/\\\/www.caviar-ambassade.com\\\/#\\\/schema\\\/logo\\\/image\\\/\"}}]}<\/script>\n<!-- \/ Yoast SEO plugin. -->","yoast_head_json":{"title":"Caviar Baeri - Caviar Ambassade","description":"Le Caviar Baeri, une \u00e9quilibre parfait ! La particularit\u00e9 de ce Caviar Baeri r\u00e9side dans sa texture onctueuse et fondante. Caviar Baeri \u00e0 prix r\u00e9duit !","robots":{"index":"index","follow":"follow","max-snippet":"max-snippet:-1","max-image-preview":"max-image-preview:large","max-video-preview":"max-video-preview:-1"},"canonical":"https:\/\/www.caviar-ambassade.com\/nl_be\/product\/caviar-baeri-2\/","og_locale":"nl_BE","og_type":"article","og_title":"Caviar Baeri - Caviar Ambassade","og_description":"Le Caviar Baeri, une \u00e9quilibre parfait ! La particularit\u00e9 de ce Caviar Baeri r\u00e9side dans sa texture onctueuse et fondante. Caviar Baeri \u00e0 prix r\u00e9duit !","og_url":"https:\/\/www.caviar-ambassade.com\/nl_be\/product\/caviar-baeri-2\/","og_site_name":"Caviar Ambassade","article_modified_time":"2025-11-13T14:27:08+00:00","og_image":[{"width":1000,"height":1000,"url":"https:\/\/www.caviar-ambassade.com\/wp-content\/uploads\/2018\/10\/BAERI.png","type":"image\/png"}],"twitter_card":"summary_large_image","twitter_misc":{"Geschatte leestijd":"2 minuten"},"schema":{"@context":"https:\/\/schema.org","@graph":[{"@type":"WebPage","@id":"https:\/\/www.caviar-ambassade.com\/produit\/caviar-baeri-2\/","url":"https:\/\/www.caviar-ambassade.com\/produit\/caviar-baeri-2\/","name":"Caviar Baeri - Caviar Ambassade","isPartOf":{"@id":"https:\/\/www.caviar-ambassade.com\/#website"},"primaryImageOfPage":{"@id":"https:\/\/www.caviar-ambassade.com\/produit\/caviar-baeri-2\/#primaryimage"},"image":{"@id":"https:\/\/www.caviar-ambassade.com\/produit\/caviar-baeri-2\/#primaryimage"},"thumbnailUrl":"https:\/\/www.caviar-ambassade.com\/wp-content\/uploads\/2018\/10\/BAERI.png","datePublished":"2021-12-15T09:22:42+00:00","dateModified":"2025-11-13T14:27:08+00:00","description":"Le Caviar Baeri, une \u00e9quilibre parfait ! La particularit\u00e9 de ce Caviar Baeri r\u00e9side dans sa texture onctueuse et fondante. Caviar Baeri \u00e0 prix r\u00e9duit !","breadcrumb":{"@id":"https:\/\/www.caviar-ambassade.com\/produit\/caviar-baeri-2\/#breadcrumb"},"inLanguage":"nl-BE","potentialAction":[{"@type":"ReadAction","target":["https:\/\/www.caviar-ambassade.com\/produit\/caviar-baeri-2\/"]}]},{"@type":"ImageObject","inLanguage":"nl-BE","@id":"https:\/\/www.caviar-ambassade.com\/produit\/caviar-baeri-2\/#primaryimage","url":"https:\/\/www.caviar-ambassade.com\/wp-content\/uploads\/2018\/10\/BAERI.png","contentUrl":"https:\/\/www.caviar-ambassade.com\/wp-content\/uploads\/2018\/10\/BAERI.png","width":1000,"height":1000,"caption":"caviar baeri"},{"@type":"BreadcrumbList","@id":"https:\/\/www.caviar-ambassade.com\/produit\/caviar-baeri-2\/#breadcrumb","itemListElement":[{"@type":"ListItem","position":1,"name":"Accueil","item":"https:\/\/www.caviar-ambassade.com\/"},{"@type":"ListItem","position":2,"name":"Boutique","item":"https:\/\/www.caviar-ambassade.com\/boutique\/"},{"@type":"ListItem","position":3,"name":"Caviar Baeri"}]},{"@type":"WebSite","@id":"https:\/\/www.caviar-ambassade.com\/#website","url":"https:\/\/www.caviar-ambassade.com\/","name":"Caviar Ambassade","description":"Le caviar des connaisseurs","publisher":{"@id":"https:\/\/www.caviar-ambassade.com\/#organization"},"potentialAction":[{"@type":"SearchAction","target":{"@type":"EntryPoint","urlTemplate":"https:\/\/www.caviar-ambassade.com\/?s={search_term_string}"},"query-input":{"@type":"PropertyValueSpecification","valueRequired":true,"valueName":"search_term_string"}}],"inLanguage":"nl-BE"},{"@type":"Organization","@id":"https:\/\/www.caviar-ambassade.com\/#organization","name":"Caviar Ambassade","url":"https:\/\/www.caviar-ambassade.com\/","logo":{"@type":"ImageObject","inLanguage":"nl-BE","@id":"https:\/\/www.caviar-ambassade.com\/#\/schema\/logo\/image\/","url":"https:\/\/www.caviar-ambassade.com\/wp-content\/uploads\/2021\/10\/cropped-logo-ambassade.png","contentUrl":"https:\/\/www.caviar-ambassade.com\/wp-content\/uploads\/2021\/10\/cropped-logo-ambassade.png","width":150,"height":150,"caption":"Caviar Ambassade"},"image":{"@id":"https:\/\/www.caviar-ambassade.com\/#\/schema\/logo\/image\/"}}]}},"_links":{"self":[{"href":"https:\/\/www.caviar-ambassade.com\/nl_be\/wp-json\/wp\/v2\/product\/2311","targetHints":{"allow":["GET"]}}],"collection":[{"href":"https:\/\/www.caviar-ambassade.com\/nl_be\/wp-json\/wp\/v2\/product"}],"about":[{"href":"https:\/\/www.caviar-ambassade.com\/nl_be\/wp-json\/wp\/v2\/types\/product"}],"wp:featuredmedia":[{"embeddable":true,"href":"https:\/\/www.caviar-ambassade.com\/nl_be\/wp-json\/wp\/v2\/media\/7128"}],"wp:attachment":[{"href":"https:\/\/www.caviar-ambassade.com\/nl_be\/wp-json\/wp\/v2\/media?parent=2311"}],"wp:term":[{"taxonomy":"product_brand","embeddable":true,"href":"https:\/\/www.caviar-ambassade.com\/nl_be\/wp-json\/wp\/v2\/product_brand?post=2311"},{"taxonomy":"product_cat","embeddable":true,"href":"https:\/\/www.caviar-ambassade.com\/nl_be\/wp-json\/wp\/v2\/product_cat?post=2311"},{"taxonomy":"product_tag","embeddable":true,"href":"https:\/\/www.caviar-ambassade.com\/nl_be\/wp-json\/wp\/v2\/product_tag?post=2311"}],"curies":[{"name":"wp","href":"https:\/\/api.w.org\/{rel}","templated":true}]}}