{"id":3795,"date":"2023-11-16T21:34:29","date_gmt":"2023-11-16T20:34:29","guid":{"rendered":"https:\/\/www.caviar-ambassade.com\/?post_type=product&#038;p=3795"},"modified":"2026-02-10T12:10:42","modified_gmt":"2026-02-10T11:10:42","slug":"oeufs-de-truite-250g","status":"publish","type":"product","link":"https:\/\/www.caviar-ambassade.com\/nl_be\/product\/oeufs-de-truite-250g\/","title":{"rendered":"Foreleitjes 250g"},"content":{"rendered":"<p>De forelkuit die wij aanbieden valt op door de middelgrote korrels, de dieprode kleur en de subtiele zilte smaak. De levendige textuur verrast het gehemelte aangenaam en zorgt voor een verfijnde en delicate smaakbeleving. In vergelijking met <a href=\"https:\/\/www.caviar-ambassade.com\/nl_be\/product\/oeufs-de-saumon-250g\/\">zalmkuit<\/a>is de smaak milder, waardoor het een geliefde keuze is voor een breed scala aan culinaire toepassingen.<\/p>\n<p>perfect voor om cocktails en aperitieven te verfraaien, forelkuit gaat perfect samen met blini\u2019s belegd met een lepel cr\u00e8me fra\u00eeche. Deze klassieke combinatie benadrukt de delicate smaak en voegt een vleugje verfijning toe aan je bijeenkomsten. Bovendien zorgt het gebruik ervan als decoratief element in salades voor kleur en een knapperige textuur, waardoor eenvoudige gerechten veranderen in visueel aantrekkelijke en smaakvolle creaties.<\/p>","protected":false},"excerpt":{"rendered":"<div><span style=\"color: #555555;\">Poids : 250g<br \/>\n<\/span><span style=\"color: #555555;\">Ingredi\u00ebnten: VIS eieren (Forel Oncorhynchus mykiss) (96,5%), zout<br \/>\n<\/span><span style=\"color: #555555;\">Allergenen: Vis<br \/>\n<\/span><span style=\"color: #555555;\">Bewaring: In de koelkast bewaren tussen 0\u00b0C en 4\u00b0C<br \/>\n<\/span><span style=\"color: #555555;\">Best before: 4 months<br \/>\nOrigine : France \/ Espagne<\/span><\/div>","protected":false},"featured_media":3797,"template":"","meta":{"_acf_changed":false},"product_brand":[],"product_cat":[63],"product_tag":[],"class_list":{"0":"post-3795","1":"product","2":"type-product","3":"status-publish","4":"has-post-thumbnail","6":"product_cat-oeufs-de-poisson","7":"product_shipping_class-fresh-product","9":"first","10":"instock","11":"sale","12":"taxable","13":"shipping-taxable","14":"purchasable","15":"product-type-simple"},"acf":[],"yoast_head":"<!-- This site is optimized with the Yoast SEO plugin v27.5 - https:\/\/yoast.com\/product\/yoast-seo-wordpress\/ -->\n<title>Oeufs de truite 250g - Caviar Ambassade<\/title>\n<meta name=\"description\" content=\"Les \u0153ufs de truite se distinguent par leurs grains de taille moyenne, leur couleur rouge profond et leur saveur iod\u00e9e subtile. Une v\u00e9ritable surprise !\" \/>\n<meta name=\"robots\" content=\"index, follow, max-snippet:-1, max-image-preview:large, max-video-preview:-1\" \/>\n<link rel=\"canonical\" href=\"https:\/\/www.caviar-ambassade.com\/nl_be\/product\/oeufs-de-truite-250g\/\" \/>\n<meta property=\"og:locale\" content=\"nl_BE\" \/>\n<meta property=\"og:type\" content=\"article\" \/>\n<meta property=\"og:title\" content=\"Oeufs de truite 250g - Caviar Ambassade\" \/>\n<meta property=\"og:description\" content=\"Les \u0153ufs de truite se distinguent par leurs grains de taille moyenne, leur couleur rouge profond et leur saveur iod\u00e9e subtile. Une v\u00e9ritable surprise !\" \/>\n<meta property=\"og:url\" content=\"https:\/\/www.caviar-ambassade.com\/nl_be\/product\/oeufs-de-truite-250g\/\" \/>\n<meta property=\"og:site_name\" content=\"Caviar Ambassade\" \/>\n<meta property=\"article:modified_time\" content=\"2026-02-10T11:10:42+00:00\" \/>\n<meta property=\"og:image\" content=\"https:\/\/www.caviar-ambassade.com\/wp-content\/uploads\/2023\/11\/oeufs-de-truite.png\" \/>\n\t<meta property=\"og:image:width\" content=\"1000\" \/>\n\t<meta property=\"og:image:height\" content=\"1000\" \/>\n\t<meta property=\"og:image:type\" content=\"image\/png\" \/>\n<meta name=\"twitter:card\" content=\"summary_large_image\" \/>\n<meta name=\"twitter:label1\" content=\"Geschatte leestijd\" \/>\n\t<meta name=\"twitter:data1\" content=\"1 minuut\" \/>\n<script type=\"application\/ld+json\" class=\"yoast-schema-graph\">{\"@context\":\"https:\\\/\\\/schema.org\",\"@graph\":[{\"@type\":\"WebPage\",\"@id\":\"https:\\\/\\\/www.caviar-ambassade.com\\\/produit\\\/oeufs-de-truite-250g\\\/\",\"url\":\"https:\\\/\\\/www.caviar-ambassade.com\\\/produit\\\/oeufs-de-truite-250g\\\/\",\"name\":\"Oeufs de truite 250g - Caviar Ambassade\",\"isPartOf\":{\"@id\":\"https:\\\/\\\/www.caviar-ambassade.com\\\/#website\"},\"primaryImageOfPage\":{\"@id\":\"https:\\\/\\\/www.caviar-ambassade.com\\\/produit\\\/oeufs-de-truite-250g\\\/#primaryimage\"},\"image\":{\"@id\":\"https:\\\/\\\/www.caviar-ambassade.com\\\/produit\\\/oeufs-de-truite-250g\\\/#primaryimage\"},\"thumbnailUrl\":\"https:\\\/\\\/www.caviar-ambassade.com\\\/wp-content\\\/uploads\\\/2023\\\/11\\\/oeufs-de-truite.png\",\"datePublished\":\"2023-11-16T20:34:29+00:00\",\"dateModified\":\"2026-02-10T11:10:42+00:00\",\"description\":\"Les \u0153ufs de truite se distinguent par leurs grains de taille moyenne, leur couleur rouge profond et leur saveur iod\u00e9e subtile. Une v\u00e9ritable surprise !\",\"breadcrumb\":{\"@id\":\"https:\\\/\\\/www.caviar-ambassade.com\\\/produit\\\/oeufs-de-truite-250g\\\/#breadcrumb\"},\"inLanguage\":\"nl-BE\",\"potentialAction\":[{\"@type\":\"ReadAction\",\"target\":[\"https:\\\/\\\/www.caviar-ambassade.com\\\/produit\\\/oeufs-de-truite-250g\\\/\"]}]},{\"@type\":\"ImageObject\",\"inLanguage\":\"nl-BE\",\"@id\":\"https:\\\/\\\/www.caviar-ambassade.com\\\/produit\\\/oeufs-de-truite-250g\\\/#primaryimage\",\"url\":\"https:\\\/\\\/www.caviar-ambassade.com\\\/wp-content\\\/uploads\\\/2023\\\/11\\\/oeufs-de-truite.png\",\"contentUrl\":\"https:\\\/\\\/www.caviar-ambassade.com\\\/wp-content\\\/uploads\\\/2023\\\/11\\\/oeufs-de-truite.png\",\"width\":1000,\"height\":1000,\"caption\":\"oeufs de truite\"},{\"@type\":\"BreadcrumbList\",\"@id\":\"https:\\\/\\\/www.caviar-ambassade.com\\\/produit\\\/oeufs-de-truite-250g\\\/#breadcrumb\",\"itemListElement\":[{\"@type\":\"ListItem\",\"position\":1,\"name\":\"Accueil\",\"item\":\"https:\\\/\\\/www.caviar-ambassade.com\\\/\"},{\"@type\":\"ListItem\",\"position\":2,\"name\":\"Boutique\",\"item\":\"https:\\\/\\\/www.caviar-ambassade.com\\\/boutique\\\/\"},{\"@type\":\"ListItem\",\"position\":3,\"name\":\"Oeufs de truite 250g\"}]},{\"@type\":\"WebSite\",\"@id\":\"https:\\\/\\\/www.caviar-ambassade.com\\\/#website\",\"url\":\"https:\\\/\\\/www.caviar-ambassade.com\\\/\",\"name\":\"Caviar Ambassade\",\"description\":\"Le caviar des connaisseurs\",\"publisher\":{\"@id\":\"https:\\\/\\\/www.caviar-ambassade.com\\\/#organization\"},\"potentialAction\":[{\"@type\":\"SearchAction\",\"target\":{\"@type\":\"EntryPoint\",\"urlTemplate\":\"https:\\\/\\\/www.caviar-ambassade.com\\\/?s={search_term_string}\"},\"query-input\":{\"@type\":\"PropertyValueSpecification\",\"valueRequired\":true,\"valueName\":\"search_term_string\"}}],\"inLanguage\":\"nl-BE\"},{\"@type\":\"Organization\",\"@id\":\"https:\\\/\\\/www.caviar-ambassade.com\\\/#organization\",\"name\":\"Caviar Ambassade\",\"url\":\"https:\\\/\\\/www.caviar-ambassade.com\\\/\",\"logo\":{\"@type\":\"ImageObject\",\"inLanguage\":\"nl-BE\",\"@id\":\"https:\\\/\\\/www.caviar-ambassade.com\\\/#\\\/schema\\\/logo\\\/image\\\/\",\"url\":\"https:\\\/\\\/www.caviar-ambassade.com\\\/wp-content\\\/uploads\\\/2021\\\/10\\\/cropped-logo-ambassade.png\",\"contentUrl\":\"https:\\\/\\\/www.caviar-ambassade.com\\\/wp-content\\\/uploads\\\/2021\\\/10\\\/cropped-logo-ambassade.png\",\"width\":150,\"height\":150,\"caption\":\"Caviar Ambassade\"},\"image\":{\"@id\":\"https:\\\/\\\/www.caviar-ambassade.com\\\/#\\\/schema\\\/logo\\\/image\\\/\"}}]}<\/script>\n<!-- \/ Yoast SEO plugin. -->","yoast_head_json":{"title":"Oeufs de truite 250g - Caviar Ambassade","description":"Les \u0153ufs de truite se distinguent par leurs grains de taille moyenne, leur couleur rouge profond et leur saveur iod\u00e9e subtile. Une v\u00e9ritable surprise !","robots":{"index":"index","follow":"follow","max-snippet":"max-snippet:-1","max-image-preview":"max-image-preview:large","max-video-preview":"max-video-preview:-1"},"canonical":"https:\/\/www.caviar-ambassade.com\/nl_be\/product\/oeufs-de-truite-250g\/","og_locale":"nl_BE","og_type":"article","og_title":"Oeufs de truite 250g - Caviar Ambassade","og_description":"Les \u0153ufs de truite se distinguent par leurs grains de taille moyenne, leur couleur rouge profond et leur saveur iod\u00e9e subtile. Une v\u00e9ritable surprise !","og_url":"https:\/\/www.caviar-ambassade.com\/nl_be\/product\/oeufs-de-truite-250g\/","og_site_name":"Caviar Ambassade","article_modified_time":"2026-02-10T11:10:42+00:00","og_image":[{"width":1000,"height":1000,"url":"https:\/\/www.caviar-ambassade.com\/wp-content\/uploads\/2023\/11\/oeufs-de-truite.png","type":"image\/png"}],"twitter_card":"summary_large_image","twitter_misc":{"Geschatte leestijd":"1 minuut"},"schema":{"@context":"https:\/\/schema.org","@graph":[{"@type":"WebPage","@id":"https:\/\/www.caviar-ambassade.com\/produit\/oeufs-de-truite-250g\/","url":"https:\/\/www.caviar-ambassade.com\/produit\/oeufs-de-truite-250g\/","name":"Oeufs de truite 250g - Caviar Ambassade","isPartOf":{"@id":"https:\/\/www.caviar-ambassade.com\/#website"},"primaryImageOfPage":{"@id":"https:\/\/www.caviar-ambassade.com\/produit\/oeufs-de-truite-250g\/#primaryimage"},"image":{"@id":"https:\/\/www.caviar-ambassade.com\/produit\/oeufs-de-truite-250g\/#primaryimage"},"thumbnailUrl":"https:\/\/www.caviar-ambassade.com\/wp-content\/uploads\/2023\/11\/oeufs-de-truite.png","datePublished":"2023-11-16T20:34:29+00:00","dateModified":"2026-02-10T11:10:42+00:00","description":"Les \u0153ufs de truite se distinguent par leurs grains de taille moyenne, leur couleur rouge profond et leur saveur iod\u00e9e subtile. Une v\u00e9ritable surprise !","breadcrumb":{"@id":"https:\/\/www.caviar-ambassade.com\/produit\/oeufs-de-truite-250g\/#breadcrumb"},"inLanguage":"nl-BE","potentialAction":[{"@type":"ReadAction","target":["https:\/\/www.caviar-ambassade.com\/produit\/oeufs-de-truite-250g\/"]}]},{"@type":"ImageObject","inLanguage":"nl-BE","@id":"https:\/\/www.caviar-ambassade.com\/produit\/oeufs-de-truite-250g\/#primaryimage","url":"https:\/\/www.caviar-ambassade.com\/wp-content\/uploads\/2023\/11\/oeufs-de-truite.png","contentUrl":"https:\/\/www.caviar-ambassade.com\/wp-content\/uploads\/2023\/11\/oeufs-de-truite.png","width":1000,"height":1000,"caption":"oeufs de truite"},{"@type":"BreadcrumbList","@id":"https:\/\/www.caviar-ambassade.com\/produit\/oeufs-de-truite-250g\/#breadcrumb","itemListElement":[{"@type":"ListItem","position":1,"name":"Accueil","item":"https:\/\/www.caviar-ambassade.com\/"},{"@type":"ListItem","position":2,"name":"Boutique","item":"https:\/\/www.caviar-ambassade.com\/boutique\/"},{"@type":"ListItem","position":3,"name":"Oeufs de truite 250g"}]},{"@type":"WebSite","@id":"https:\/\/www.caviar-ambassade.com\/#website","url":"https:\/\/www.caviar-ambassade.com\/","name":"Caviar Ambassade","description":"Le caviar des connaisseurs","publisher":{"@id":"https:\/\/www.caviar-ambassade.com\/#organization"},"potentialAction":[{"@type":"SearchAction","target":{"@type":"EntryPoint","urlTemplate":"https:\/\/www.caviar-ambassade.com\/?s={search_term_string}"},"query-input":{"@type":"PropertyValueSpecification","valueRequired":true,"valueName":"search_term_string"}}],"inLanguage":"nl-BE"},{"@type":"Organization","@id":"https:\/\/www.caviar-ambassade.com\/#organization","name":"Caviar Ambassade","url":"https:\/\/www.caviar-ambassade.com\/","logo":{"@type":"ImageObject","inLanguage":"nl-BE","@id":"https:\/\/www.caviar-ambassade.com\/#\/schema\/logo\/image\/","url":"https:\/\/www.caviar-ambassade.com\/wp-content\/uploads\/2021\/10\/cropped-logo-ambassade.png","contentUrl":"https:\/\/www.caviar-ambassade.com\/wp-content\/uploads\/2021\/10\/cropped-logo-ambassade.png","width":150,"height":150,"caption":"Caviar Ambassade"},"image":{"@id":"https:\/\/www.caviar-ambassade.com\/#\/schema\/logo\/image\/"}}]}},"_links":{"self":[{"href":"https:\/\/www.caviar-ambassade.com\/nl_be\/wp-json\/wp\/v2\/product\/3795","targetHints":{"allow":["GET"]}}],"collection":[{"href":"https:\/\/www.caviar-ambassade.com\/nl_be\/wp-json\/wp\/v2\/product"}],"about":[{"href":"https:\/\/www.caviar-ambassade.com\/nl_be\/wp-json\/wp\/v2\/types\/product"}],"wp:featuredmedia":[{"embeddable":true,"href":"https:\/\/www.caviar-ambassade.com\/nl_be\/wp-json\/wp\/v2\/media\/3797"}],"wp:attachment":[{"href":"https:\/\/www.caviar-ambassade.com\/nl_be\/wp-json\/wp\/v2\/media?parent=3795"}],"wp:term":[{"taxonomy":"product_brand","embeddable":true,"href":"https:\/\/www.caviar-ambassade.com\/nl_be\/wp-json\/wp\/v2\/product_brand?post=3795"},{"taxonomy":"product_cat","embeddable":true,"href":"https:\/\/www.caviar-ambassade.com\/nl_be\/wp-json\/wp\/v2\/product_cat?post=3795"},{"taxonomy":"product_tag","embeddable":true,"href":"https:\/\/www.caviar-ambassade.com\/nl_be\/wp-json\/wp\/v2\/product_tag?post=3795"}],"curies":[{"name":"wp","href":"https:\/\/api.w.org\/{rel}","templated":true}]}}