{"id":3800,"date":"2023-11-16T21:36:22","date_gmt":"2023-11-16T20:36:22","guid":{"rendered":"https:\/\/www.caviar-ambassade.com\/?post_type=product&#038;p=3800"},"modified":"2025-12-30T16:01:39","modified_gmt":"2025-12-30T15:01:39","slug":"saumon-fume-entier-non-tranche","status":"publish","type":"product","link":"https:\/\/www.caviar-ambassade.com\/nl_be\/product\/saumon-fume-entier-non-tranche\/","title":{"rendered":"Hele gerookte zalm, niet gesneden"},"content":{"rendered":"<p>Deze hele gerookte zalm is perfect voor al uw bereidingen op basis van gerookte zalm, zodat u hem naar eigen voorkeur kunt snijden. Onze zalm wordt met zorg bereid volgens een traditioneel recept dat een authentieke en verfijnde smaak garandeert. Hij wordt droog gezouten om zijn natuurlijke aroma's en delicate textuur te behouden, en vervolgens gerookt met beukenhout in onze eigen rookoven, een ambachtelijk proces dat de zalm een unieke en onge\u00ebvenaarde smaak geeft.<\/p>\n<p>Onze gerookte zalm komt uit de zuivere, koude wateren van Noorwegen en draagt het B\u00f6mlo-label, dat synoniem staat voor kwaliteit en traceerbaarheid. Dit label garandeert dat onze zalm op duurzame en milieuvriendelijke wijze wordt gekweekt en voldoet aan de strengste productienormen. De B\u00f6mlo-certificering garandeert ook dat de zalm met de grootste zorg is behandeld, van de kweek tot het roken, om onze klanten een uitzonderlijk product te kunnen bieden.<\/p>\n<p>Hele gerookte zalm is een veelzijdig product, ideaal voor tal van recepten. Of u hem nu dun wilt snijden voor verfijnde voorgerechten, wilt verwerken in frisse salades of wilt gebruiken als hoofdingredi\u00ebnt in uitgebreide gerechten, onze gerookte zalm zal al uw culinaire creaties naar een hoger niveau tillen. Zijn smeltende textuur en subtiele rooksmaak zullen uw recepten verrijken, van de eenvoudigste tot de meest verfijnde, en elke maaltijd een vleugje raffinement geven.<\/p>\n<div>\n<div>Hele gerookte zalm: vers uit onze rookoven! <strong>Hele gerookte zalm: vers uit onze rookoven!<\/strong><\/div>\n<div>\u26a0\ufe0fBeperkte voorraad, reserveer snel om van dit uitzonderlijke product te genieten!<\/div>\n<\/div>","protected":false},"excerpt":{"rendered":"<p>Gewicht: 1,150 kg<br \/>\nIngredi\u00ebnten: Zalmfilet (Salmo salar) gerookt met beukenhout, zout, suiker<br \/>\nAllergenen: Vis<br \/>\nBewaring: In de koelkast bewaren tussen 0\u00b0C en 4\u00b0C<br \/>\nHerkomst: Noorwegen<\/p>","protected":false},"featured_media":5466,"template":"","meta":{"_acf_changed":false},"product_brand":[],"product_cat":[17,64],"product_tag":[],"class_list":{"0":"post-3800","1":"product","2":"type-product","3":"status-publish","4":"has-post-thumbnail","6":"product_cat-epicerie-fine","7":"product_cat-poisson-fume","8":"product_shipping_class-fresh-product","10":"first","11":"outofstock","12":"sale","13":"taxable","14":"shipping-taxable","15":"purchasable","16":"product-type-simple"},"acf":[],"yoast_head":"<!-- This site is optimized with the Yoast SEO plugin v27.5 - https:\/\/yoast.com\/product\/yoast-seo-wordpress\/ -->\n<title>Saumon fum\u00e9 entier non tranch\u00e9 - Caviar Ambassade<\/title>\n<meta name=\"description\" content=\"Ce saumon fum\u00e9 entier est parfait pour toutes vos pr\u00e9parations \u00e0 base de saumon fum\u00e9, vous permettant de le d\u00e9couper selon vos pr\u00e9f\u00e9rences.\" \/>\n<meta name=\"robots\" content=\"index, follow, max-snippet:-1, max-image-preview:large, max-video-preview:-1\" \/>\n<link rel=\"canonical\" href=\"https:\/\/www.caviar-ambassade.com\/nl_be\/product\/saumon-fume-entier-non-tranche\/\" \/>\n<meta property=\"og:locale\" content=\"nl_BE\" \/>\n<meta property=\"og:type\" content=\"article\" \/>\n<meta property=\"og:title\" content=\"Saumon fum\u00e9 entier non tranch\u00e9 - Caviar Ambassade\" \/>\n<meta property=\"og:description\" content=\"Ce saumon fum\u00e9 entier est parfait pour toutes vos pr\u00e9parations \u00e0 base de saumon fum\u00e9, vous permettant de le d\u00e9couper selon vos pr\u00e9f\u00e9rences.\" \/>\n<meta property=\"og:url\" content=\"https:\/\/www.caviar-ambassade.com\/nl_be\/product\/saumon-fume-entier-non-tranche\/\" \/>\n<meta property=\"og:site_name\" content=\"Caviar Ambassade\" \/>\n<meta property=\"article:modified_time\" content=\"2025-12-30T15:01:39+00:00\" \/>\n<meta property=\"og:image\" content=\"https:\/\/www.caviar-ambassade.com\/wp-content\/uploads\/2023\/11\/saumon-fume-entier-2024.png\" \/>\n\t<meta property=\"og:image:width\" content=\"1000\" \/>\n\t<meta property=\"og:image:height\" content=\"1000\" \/>\n\t<meta property=\"og:image:type\" content=\"image\/png\" \/>\n<meta name=\"twitter:card\" content=\"summary_large_image\" \/>\n<meta name=\"twitter:label1\" content=\"Geschatte leestijd\" \/>\n\t<meta name=\"twitter:data1\" content=\"2 minuten\" \/>\n<script type=\"application\/ld+json\" class=\"yoast-schema-graph\">{\"@context\":\"https:\\\/\\\/schema.org\",\"@graph\":[{\"@type\":\"WebPage\",\"@id\":\"https:\\\/\\\/www.caviar-ambassade.com\\\/produit\\\/saumon-fume-entier-non-tranche\\\/\",\"url\":\"https:\\\/\\\/www.caviar-ambassade.com\\\/produit\\\/saumon-fume-entier-non-tranche\\\/\",\"name\":\"Saumon fum\u00e9 entier non tranch\u00e9 - Caviar Ambassade\",\"isPartOf\":{\"@id\":\"https:\\\/\\\/www.caviar-ambassade.com\\\/#website\"},\"primaryImageOfPage\":{\"@id\":\"https:\\\/\\\/www.caviar-ambassade.com\\\/produit\\\/saumon-fume-entier-non-tranche\\\/#primaryimage\"},\"image\":{\"@id\":\"https:\\\/\\\/www.caviar-ambassade.com\\\/produit\\\/saumon-fume-entier-non-tranche\\\/#primaryimage\"},\"thumbnailUrl\":\"https:\\\/\\\/www.caviar-ambassade.com\\\/wp-content\\\/uploads\\\/2023\\\/11\\\/saumon-fume-entier-2024.png\",\"datePublished\":\"2023-11-16T20:36:22+00:00\",\"dateModified\":\"2025-12-30T15:01:39+00:00\",\"description\":\"Ce saumon fum\u00e9 entier est parfait pour toutes vos pr\u00e9parations \u00e0 base de saumon fum\u00e9, vous permettant de le d\u00e9couper selon vos pr\u00e9f\u00e9rences.\",\"breadcrumb\":{\"@id\":\"https:\\\/\\\/www.caviar-ambassade.com\\\/produit\\\/saumon-fume-entier-non-tranche\\\/#breadcrumb\"},\"inLanguage\":\"nl-BE\",\"potentialAction\":[{\"@type\":\"ReadAction\",\"target\":[\"https:\\\/\\\/www.caviar-ambassade.com\\\/produit\\\/saumon-fume-entier-non-tranche\\\/\"]}]},{\"@type\":\"ImageObject\",\"inLanguage\":\"nl-BE\",\"@id\":\"https:\\\/\\\/www.caviar-ambassade.com\\\/produit\\\/saumon-fume-entier-non-tranche\\\/#primaryimage\",\"url\":\"https:\\\/\\\/www.caviar-ambassade.com\\\/wp-content\\\/uploads\\\/2023\\\/11\\\/saumon-fume-entier-2024.png\",\"contentUrl\":\"https:\\\/\\\/www.caviar-ambassade.com\\\/wp-content\\\/uploads\\\/2023\\\/11\\\/saumon-fume-entier-2024.png\",\"width\":1000,\"height\":1000,\"caption\":\"saumon fum\u00e9\"},{\"@type\":\"BreadcrumbList\",\"@id\":\"https:\\\/\\\/www.caviar-ambassade.com\\\/produit\\\/saumon-fume-entier-non-tranche\\\/#breadcrumb\",\"itemListElement\":[{\"@type\":\"ListItem\",\"position\":1,\"name\":\"Accueil\",\"item\":\"https:\\\/\\\/www.caviar-ambassade.com\\\/\"},{\"@type\":\"ListItem\",\"position\":2,\"name\":\"Boutique\",\"item\":\"https:\\\/\\\/www.caviar-ambassade.com\\\/boutique\\\/\"},{\"@type\":\"ListItem\",\"position\":3,\"name\":\"Saumon fum\u00e9 entier non tranch\u00e9\"}]},{\"@type\":\"WebSite\",\"@id\":\"https:\\\/\\\/www.caviar-ambassade.com\\\/#website\",\"url\":\"https:\\\/\\\/www.caviar-ambassade.com\\\/\",\"name\":\"Caviar Ambassade\",\"description\":\"Le caviar des connaisseurs\",\"publisher\":{\"@id\":\"https:\\\/\\\/www.caviar-ambassade.com\\\/#organization\"},\"potentialAction\":[{\"@type\":\"SearchAction\",\"target\":{\"@type\":\"EntryPoint\",\"urlTemplate\":\"https:\\\/\\\/www.caviar-ambassade.com\\\/?s={search_term_string}\"},\"query-input\":{\"@type\":\"PropertyValueSpecification\",\"valueRequired\":true,\"valueName\":\"search_term_string\"}}],\"inLanguage\":\"nl-BE\"},{\"@type\":\"Organization\",\"@id\":\"https:\\\/\\\/www.caviar-ambassade.com\\\/#organization\",\"name\":\"Caviar Ambassade\",\"url\":\"https:\\\/\\\/www.caviar-ambassade.com\\\/\",\"logo\":{\"@type\":\"ImageObject\",\"inLanguage\":\"nl-BE\",\"@id\":\"https:\\\/\\\/www.caviar-ambassade.com\\\/#\\\/schema\\\/logo\\\/image\\\/\",\"url\":\"https:\\\/\\\/www.caviar-ambassade.com\\\/wp-content\\\/uploads\\\/2021\\\/10\\\/cropped-logo-ambassade.png\",\"contentUrl\":\"https:\\\/\\\/www.caviar-ambassade.com\\\/wp-content\\\/uploads\\\/2021\\\/10\\\/cropped-logo-ambassade.png\",\"width\":150,\"height\":150,\"caption\":\"Caviar Ambassade\"},\"image\":{\"@id\":\"https:\\\/\\\/www.caviar-ambassade.com\\\/#\\\/schema\\\/logo\\\/image\\\/\"}}]}<\/script>\n<!-- \/ Yoast SEO plugin. -->","yoast_head_json":{"title":"Saumon fum\u00e9 entier non tranch\u00e9 - Caviar Ambassade","description":"Ce saumon fum\u00e9 entier est parfait pour toutes vos pr\u00e9parations \u00e0 base de saumon fum\u00e9, vous permettant de le d\u00e9couper selon vos pr\u00e9f\u00e9rences.","robots":{"index":"index","follow":"follow","max-snippet":"max-snippet:-1","max-image-preview":"max-image-preview:large","max-video-preview":"max-video-preview:-1"},"canonical":"https:\/\/www.caviar-ambassade.com\/nl_be\/product\/saumon-fume-entier-non-tranche\/","og_locale":"nl_BE","og_type":"article","og_title":"Saumon fum\u00e9 entier non tranch\u00e9 - Caviar Ambassade","og_description":"Ce saumon fum\u00e9 entier est parfait pour toutes vos pr\u00e9parations \u00e0 base de saumon fum\u00e9, vous permettant de le d\u00e9couper selon vos pr\u00e9f\u00e9rences.","og_url":"https:\/\/www.caviar-ambassade.com\/nl_be\/product\/saumon-fume-entier-non-tranche\/","og_site_name":"Caviar Ambassade","article_modified_time":"2025-12-30T15:01:39+00:00","og_image":[{"width":1000,"height":1000,"url":"https:\/\/www.caviar-ambassade.com\/wp-content\/uploads\/2023\/11\/saumon-fume-entier-2024.png","type":"image\/png"}],"twitter_card":"summary_large_image","twitter_misc":{"Geschatte leestijd":"2 minuten"},"schema":{"@context":"https:\/\/schema.org","@graph":[{"@type":"WebPage","@id":"https:\/\/www.caviar-ambassade.com\/produit\/saumon-fume-entier-non-tranche\/","url":"https:\/\/www.caviar-ambassade.com\/produit\/saumon-fume-entier-non-tranche\/","name":"Saumon fum\u00e9 entier non tranch\u00e9 - Caviar Ambassade","isPartOf":{"@id":"https:\/\/www.caviar-ambassade.com\/#website"},"primaryImageOfPage":{"@id":"https:\/\/www.caviar-ambassade.com\/produit\/saumon-fume-entier-non-tranche\/#primaryimage"},"image":{"@id":"https:\/\/www.caviar-ambassade.com\/produit\/saumon-fume-entier-non-tranche\/#primaryimage"},"thumbnailUrl":"https:\/\/www.caviar-ambassade.com\/wp-content\/uploads\/2023\/11\/saumon-fume-entier-2024.png","datePublished":"2023-11-16T20:36:22+00:00","dateModified":"2025-12-30T15:01:39+00:00","description":"Ce saumon fum\u00e9 entier est parfait pour toutes vos pr\u00e9parations \u00e0 base de saumon fum\u00e9, vous permettant de le d\u00e9couper selon vos pr\u00e9f\u00e9rences.","breadcrumb":{"@id":"https:\/\/www.caviar-ambassade.com\/produit\/saumon-fume-entier-non-tranche\/#breadcrumb"},"inLanguage":"nl-BE","potentialAction":[{"@type":"ReadAction","target":["https:\/\/www.caviar-ambassade.com\/produit\/saumon-fume-entier-non-tranche\/"]}]},{"@type":"ImageObject","inLanguage":"nl-BE","@id":"https:\/\/www.caviar-ambassade.com\/produit\/saumon-fume-entier-non-tranche\/#primaryimage","url":"https:\/\/www.caviar-ambassade.com\/wp-content\/uploads\/2023\/11\/saumon-fume-entier-2024.png","contentUrl":"https:\/\/www.caviar-ambassade.com\/wp-content\/uploads\/2023\/11\/saumon-fume-entier-2024.png","width":1000,"height":1000,"caption":"saumon fum\u00e9"},{"@type":"BreadcrumbList","@id":"https:\/\/www.caviar-ambassade.com\/produit\/saumon-fume-entier-non-tranche\/#breadcrumb","itemListElement":[{"@type":"ListItem","position":1,"name":"Accueil","item":"https:\/\/www.caviar-ambassade.com\/"},{"@type":"ListItem","position":2,"name":"Boutique","item":"https:\/\/www.caviar-ambassade.com\/boutique\/"},{"@type":"ListItem","position":3,"name":"Saumon fum\u00e9 entier non tranch\u00e9"}]},{"@type":"WebSite","@id":"https:\/\/www.caviar-ambassade.com\/#website","url":"https:\/\/www.caviar-ambassade.com\/","name":"Caviar Ambassade","description":"Le caviar des connaisseurs","publisher":{"@id":"https:\/\/www.caviar-ambassade.com\/#organization"},"potentialAction":[{"@type":"SearchAction","target":{"@type":"EntryPoint","urlTemplate":"https:\/\/www.caviar-ambassade.com\/?s={search_term_string}"},"query-input":{"@type":"PropertyValueSpecification","valueRequired":true,"valueName":"search_term_string"}}],"inLanguage":"nl-BE"},{"@type":"Organization","@id":"https:\/\/www.caviar-ambassade.com\/#organization","name":"Caviar Ambassade","url":"https:\/\/www.caviar-ambassade.com\/","logo":{"@type":"ImageObject","inLanguage":"nl-BE","@id":"https:\/\/www.caviar-ambassade.com\/#\/schema\/logo\/image\/","url":"https:\/\/www.caviar-ambassade.com\/wp-content\/uploads\/2021\/10\/cropped-logo-ambassade.png","contentUrl":"https:\/\/www.caviar-ambassade.com\/wp-content\/uploads\/2021\/10\/cropped-logo-ambassade.png","width":150,"height":150,"caption":"Caviar Ambassade"},"image":{"@id":"https:\/\/www.caviar-ambassade.com\/#\/schema\/logo\/image\/"}}]}},"_links":{"self":[{"href":"https:\/\/www.caviar-ambassade.com\/nl_be\/wp-json\/wp\/v2\/product\/3800","targetHints":{"allow":["GET"]}}],"collection":[{"href":"https:\/\/www.caviar-ambassade.com\/nl_be\/wp-json\/wp\/v2\/product"}],"about":[{"href":"https:\/\/www.caviar-ambassade.com\/nl_be\/wp-json\/wp\/v2\/types\/product"}],"wp:featuredmedia":[{"embeddable":true,"href":"https:\/\/www.caviar-ambassade.com\/nl_be\/wp-json\/wp\/v2\/media\/5466"}],"wp:attachment":[{"href":"https:\/\/www.caviar-ambassade.com\/nl_be\/wp-json\/wp\/v2\/media?parent=3800"}],"wp:term":[{"taxonomy":"product_brand","embeddable":true,"href":"https:\/\/www.caviar-ambassade.com\/nl_be\/wp-json\/wp\/v2\/product_brand?post=3800"},{"taxonomy":"product_cat","embeddable":true,"href":"https:\/\/www.caviar-ambassade.com\/nl_be\/wp-json\/wp\/v2\/product_cat?post=3800"},{"taxonomy":"product_tag","embeddable":true,"href":"https:\/\/www.caviar-ambassade.com\/nl_be\/wp-json\/wp\/v2\/product_tag?post=3800"}],"curies":[{"name":"wp","href":"https:\/\/api.w.org\/{rel}","templated":true}]}}