{"id":4295,"date":"2025-03-17T16:25:35","date_gmt":"2025-03-17T15:25:35","guid":{"rendered":"https:\/\/www.caviar-ambassade.com\/?post_type=product&#038;p=4295"},"modified":"2026-03-06T21:48:22","modified_gmt":"2026-03-06T20:48:22","slug":"vodka-solignac-lemon-on-milk","status":"publish","type":"product","link":"https:\/\/www.caviar-ambassade.com\/nl_be\/product\/vodka-solignac-lemon-on-milk\/","title":{"rendered":"Wodka Solignac \u2013 Lemon on milk"},"content":{"rendered":"<p>Het huis Solignac werd in 2010 door Pierre Solignac opgericht in Brie-sous-Archiac. Pierre Solignac distilleert sinds de jaren 2000 uitzonderlijke wodka's volgens recepten met unieke ingredi\u00ebnten. Pierre is een gepassioneerd distilleerder die zich ten doel heeft gesteld de smaak, het karakter en de rijkdom van wodka-recepten te herstellen.<\/p>\n<p>Ze beheerst de kunst van lange maceraties, gevolgd door een ultralage distillatie in een kleine koperen alambiek. Hierdoor komen alle smaken en delicatesse van de ingredi\u00ebnten volledig tot hun recht.<\/p>\n<p>Lemon Milk-wodka wordt puur gedronken om de delicate citroentonen tot hun recht te laten komen. Licht en zacht, ideaal als aperitief of bij een sorbet.<\/p>\n<p>De wodka's van Solignac hebben allemaal een uniek recept en kunnen puur, licht gekoeld of op kamertemperatuur worden gedronken om de rijkdom van hun smaken goed tot hun recht te laten komen.<\/p>","protected":false},"excerpt":{"rendered":"<p>Formaat: 70 cl<br \/>\nAlcoholpercentage: 43%<\/p>","protected":false},"featured_media":4292,"template":"","meta":{"_acf_changed":false},"product_brand":[],"product_cat":[66],"product_tag":[],"class_list":{"0":"post-4295","1":"product","2":"type-product","3":"status-publish","4":"has-post-thumbnail","6":"product_cat-vodkas","8":"first","9":"outofstock","10":"sale","11":"taxable","12":"shipping-taxable","13":"purchasable","14":"product-type-simple"},"acf":[],"yoast_head":"<!-- This site is optimized with the Yoast SEO plugin v27.5 - https:\/\/yoast.com\/product\/yoast-seo-wordpress\/ -->\n<title>Vodka Solignac - Lemon on milk - Caviar Ambassade<\/title>\n<meta name=\"description\" content=\"La vodka Lemon milk s\u2019appr\u00e9cie pure pour r\u00e9v\u00e9ler les notes d\u00e9licates de citron. L\u00e9g\u00e8re et suave, id\u00e9ale \u00e0 l\u2019ap\u00e9ritif ou pour accompagner un sorbet.\" \/>\n<meta name=\"robots\" content=\"index, follow, max-snippet:-1, max-image-preview:large, max-video-preview:-1\" \/>\n<link rel=\"canonical\" href=\"https:\/\/www.caviar-ambassade.com\/nl_be\/product\/vodka-solignac-lemon-on-milk\/\" \/>\n<meta property=\"og:locale\" content=\"nl_BE\" \/>\n<meta property=\"og:type\" content=\"article\" \/>\n<meta property=\"og:title\" content=\"Vodka Solignac - Lemon on milk - Caviar Ambassade\" \/>\n<meta property=\"og:description\" content=\"La vodka Lemon milk s\u2019appr\u00e9cie pure pour r\u00e9v\u00e9ler les notes d\u00e9licates de citron. L\u00e9g\u00e8re et suave, id\u00e9ale \u00e0 l\u2019ap\u00e9ritif ou pour accompagner un sorbet.\" \/>\n<meta property=\"og:url\" content=\"https:\/\/www.caviar-ambassade.com\/nl_be\/product\/vodka-solignac-lemon-on-milk\/\" \/>\n<meta property=\"og:site_name\" content=\"Caviar Ambassade\" \/>\n<meta property=\"article:modified_time\" content=\"2026-03-06T20:48:22+00:00\" \/>\n<meta property=\"og:image\" content=\"https:\/\/www.caviar-ambassade.com\/wp-content\/uploads\/2024\/01\/solignac-vodka-lemon.jpg\" \/>\n\t<meta property=\"og:image:width\" content=\"1000\" \/>\n\t<meta property=\"og:image:height\" content=\"1000\" \/>\n\t<meta property=\"og:image:type\" content=\"image\/jpeg\" \/>\n<meta name=\"twitter:card\" content=\"summary_large_image\" \/>\n<meta name=\"twitter:label1\" content=\"Geschatte leestijd\" \/>\n\t<meta name=\"twitter:data1\" content=\"1 minuut\" \/>\n<script type=\"application\/ld+json\" class=\"yoast-schema-graph\">{\"@context\":\"https:\\\/\\\/schema.org\",\"@graph\":[{\"@type\":\"WebPage\",\"@id\":\"https:\\\/\\\/www.caviar-ambassade.com\\\/produit\\\/vodka-solignac-lemon-on-milk\\\/\",\"url\":\"https:\\\/\\\/www.caviar-ambassade.com\\\/produit\\\/vodka-solignac-lemon-on-milk\\\/\",\"name\":\"Vodka Solignac - Lemon on milk - Caviar Ambassade\",\"isPartOf\":{\"@id\":\"https:\\\/\\\/www.caviar-ambassade.com\\\/#website\"},\"primaryImageOfPage\":{\"@id\":\"https:\\\/\\\/www.caviar-ambassade.com\\\/produit\\\/vodka-solignac-lemon-on-milk\\\/#primaryimage\"},\"image\":{\"@id\":\"https:\\\/\\\/www.caviar-ambassade.com\\\/produit\\\/vodka-solignac-lemon-on-milk\\\/#primaryimage\"},\"thumbnailUrl\":\"https:\\\/\\\/www.caviar-ambassade.com\\\/wp-content\\\/uploads\\\/2024\\\/01\\\/solignac-vodka-lemon.jpg\",\"datePublished\":\"2025-03-17T15:25:35+00:00\",\"dateModified\":\"2026-03-06T20:48:22+00:00\",\"description\":\"La vodka Lemon milk s\u2019appr\u00e9cie pure pour r\u00e9v\u00e9ler les notes d\u00e9licates de citron. L\u00e9g\u00e8re et suave, id\u00e9ale \u00e0 l\u2019ap\u00e9ritif ou pour accompagner un sorbet.\",\"breadcrumb\":{\"@id\":\"https:\\\/\\\/www.caviar-ambassade.com\\\/produit\\\/vodka-solignac-lemon-on-milk\\\/#breadcrumb\"},\"inLanguage\":\"nl-BE\",\"potentialAction\":[{\"@type\":\"ReadAction\",\"target\":[\"https:\\\/\\\/www.caviar-ambassade.com\\\/produit\\\/vodka-solignac-lemon-on-milk\\\/\"]}]},{\"@type\":\"ImageObject\",\"inLanguage\":\"nl-BE\",\"@id\":\"https:\\\/\\\/www.caviar-ambassade.com\\\/produit\\\/vodka-solignac-lemon-on-milk\\\/#primaryimage\",\"url\":\"https:\\\/\\\/www.caviar-ambassade.com\\\/wp-content\\\/uploads\\\/2024\\\/01\\\/solignac-vodka-lemon.jpg\",\"contentUrl\":\"https:\\\/\\\/www.caviar-ambassade.com\\\/wp-content\\\/uploads\\\/2024\\\/01\\\/solignac-vodka-lemon.jpg\",\"width\":1000,\"height\":1000,\"caption\":\"vodka solignac\"},{\"@type\":\"BreadcrumbList\",\"@id\":\"https:\\\/\\\/www.caviar-ambassade.com\\\/produit\\\/vodka-solignac-lemon-on-milk\\\/#breadcrumb\",\"itemListElement\":[{\"@type\":\"ListItem\",\"position\":1,\"name\":\"Accueil\",\"item\":\"https:\\\/\\\/www.caviar-ambassade.com\\\/\"},{\"@type\":\"ListItem\",\"position\":2,\"name\":\"Boutique\",\"item\":\"https:\\\/\\\/www.caviar-ambassade.com\\\/boutique\\\/\"},{\"@type\":\"ListItem\",\"position\":3,\"name\":\"Vodka Solignac &#8211; Lemon on milk\"}]},{\"@type\":\"WebSite\",\"@id\":\"https:\\\/\\\/www.caviar-ambassade.com\\\/#website\",\"url\":\"https:\\\/\\\/www.caviar-ambassade.com\\\/\",\"name\":\"Caviar Ambassade\",\"description\":\"Le caviar des connaisseurs\",\"publisher\":{\"@id\":\"https:\\\/\\\/www.caviar-ambassade.com\\\/#organization\"},\"potentialAction\":[{\"@type\":\"SearchAction\",\"target\":{\"@type\":\"EntryPoint\",\"urlTemplate\":\"https:\\\/\\\/www.caviar-ambassade.com\\\/?s={search_term_string}\"},\"query-input\":{\"@type\":\"PropertyValueSpecification\",\"valueRequired\":true,\"valueName\":\"search_term_string\"}}],\"inLanguage\":\"nl-BE\"},{\"@type\":\"Organization\",\"@id\":\"https:\\\/\\\/www.caviar-ambassade.com\\\/#organization\",\"name\":\"Caviar Ambassade\",\"url\":\"https:\\\/\\\/www.caviar-ambassade.com\\\/\",\"logo\":{\"@type\":\"ImageObject\",\"inLanguage\":\"nl-BE\",\"@id\":\"https:\\\/\\\/www.caviar-ambassade.com\\\/#\\\/schema\\\/logo\\\/image\\\/\",\"url\":\"https:\\\/\\\/www.caviar-ambassade.com\\\/wp-content\\\/uploads\\\/2021\\\/10\\\/cropped-logo-ambassade.png\",\"contentUrl\":\"https:\\\/\\\/www.caviar-ambassade.com\\\/wp-content\\\/uploads\\\/2021\\\/10\\\/cropped-logo-ambassade.png\",\"width\":150,\"height\":150,\"caption\":\"Caviar Ambassade\"},\"image\":{\"@id\":\"https:\\\/\\\/www.caviar-ambassade.com\\\/#\\\/schema\\\/logo\\\/image\\\/\"}}]}<\/script>\n<!-- \/ Yoast SEO plugin. -->","yoast_head_json":{"title":"Vodka Solignac - Lemon on milk - Caviar Ambassade","description":"Lemon Milk-wodka wordt puur gedronken om de delicate citroentonen tot hun recht te laten komen. Licht en zacht, ideaal als aperitief of bij een sorbet.","robots":{"index":"index","follow":"follow","max-snippet":"max-snippet:-1","max-image-preview":"max-image-preview:large","max-video-preview":"max-video-preview:-1"},"canonical":"https:\/\/www.caviar-ambassade.com\/nl_be\/product\/vodka-solignac-lemon-on-milk\/","og_locale":"nl_BE","og_type":"article","og_title":"Vodka Solignac - Lemon on milk - Caviar Ambassade","og_description":"La vodka Lemon milk s\u2019appr\u00e9cie pure pour r\u00e9v\u00e9ler les notes d\u00e9licates de citron. L\u00e9g\u00e8re et suave, id\u00e9ale \u00e0 l\u2019ap\u00e9ritif ou pour accompagner un sorbet.","og_url":"https:\/\/www.caviar-ambassade.com\/nl_be\/product\/vodka-solignac-lemon-on-milk\/","og_site_name":"Caviar Ambassade","article_modified_time":"2026-03-06T20:48:22+00:00","og_image":[{"width":1000,"height":1000,"url":"https:\/\/www.caviar-ambassade.com\/wp-content\/uploads\/2024\/01\/solignac-vodka-lemon.jpg","type":"image\/jpeg"}],"twitter_card":"summary_large_image","twitter_misc":{"Geschatte leestijd":"1 minuut"},"schema":{"@context":"https:\/\/schema.org","@graph":[{"@type":"WebPage","@id":"https:\/\/www.caviar-ambassade.com\/produit\/vodka-solignac-lemon-on-milk\/","url":"https:\/\/www.caviar-ambassade.com\/produit\/vodka-solignac-lemon-on-milk\/","name":"Vodka Solignac - Lemon on milk - Caviar Ambassade","isPartOf":{"@id":"https:\/\/www.caviar-ambassade.com\/#website"},"primaryImageOfPage":{"@id":"https:\/\/www.caviar-ambassade.com\/produit\/vodka-solignac-lemon-on-milk\/#primaryimage"},"image":{"@id":"https:\/\/www.caviar-ambassade.com\/produit\/vodka-solignac-lemon-on-milk\/#primaryimage"},"thumbnailUrl":"https:\/\/www.caviar-ambassade.com\/wp-content\/uploads\/2024\/01\/solignac-vodka-lemon.jpg","datePublished":"2025-03-17T15:25:35+00:00","dateModified":"2026-03-06T20:48:22+00:00","description":"Lemon Milk-wodka wordt puur gedronken om de delicate citroentonen tot hun recht te laten komen. Licht en zacht, ideaal als aperitief of bij een sorbet.","breadcrumb":{"@id":"https:\/\/www.caviar-ambassade.com\/produit\/vodka-solignac-lemon-on-milk\/#breadcrumb"},"inLanguage":"nl-BE","potentialAction":[{"@type":"ReadAction","target":["https:\/\/www.caviar-ambassade.com\/produit\/vodka-solignac-lemon-on-milk\/"]}]},{"@type":"ImageObject","inLanguage":"nl-BE","@id":"https:\/\/www.caviar-ambassade.com\/produit\/vodka-solignac-lemon-on-milk\/#primaryimage","url":"https:\/\/www.caviar-ambassade.com\/wp-content\/uploads\/2024\/01\/solignac-vodka-lemon.jpg","contentUrl":"https:\/\/www.caviar-ambassade.com\/wp-content\/uploads\/2024\/01\/solignac-vodka-lemon.jpg","width":1000,"height":1000,"caption":"vodka solignac"},{"@type":"BreadcrumbList","@id":"https:\/\/www.caviar-ambassade.com\/produit\/vodka-solignac-lemon-on-milk\/#breadcrumb","itemListElement":[{"@type":"ListItem","position":1,"name":"Accueil","item":"https:\/\/www.caviar-ambassade.com\/"},{"@type":"ListItem","position":2,"name":"Boutique","item":"https:\/\/www.caviar-ambassade.com\/boutique\/"},{"@type":"ListItem","position":3,"name":"Vodka Solignac &#8211; Lemon on milk"}]},{"@type":"WebSite","@id":"https:\/\/www.caviar-ambassade.com\/#website","url":"https:\/\/www.caviar-ambassade.com\/","name":"Caviar Ambassade","description":"Le caviar des connaisseurs","publisher":{"@id":"https:\/\/www.caviar-ambassade.com\/#organization"},"potentialAction":[{"@type":"SearchAction","target":{"@type":"EntryPoint","urlTemplate":"https:\/\/www.caviar-ambassade.com\/?s={search_term_string}"},"query-input":{"@type":"PropertyValueSpecification","valueRequired":true,"valueName":"search_term_string"}}],"inLanguage":"nl-BE"},{"@type":"Organization","@id":"https:\/\/www.caviar-ambassade.com\/#organization","name":"Caviar Ambassade","url":"https:\/\/www.caviar-ambassade.com\/","logo":{"@type":"ImageObject","inLanguage":"nl-BE","@id":"https:\/\/www.caviar-ambassade.com\/#\/schema\/logo\/image\/","url":"https:\/\/www.caviar-ambassade.com\/wp-content\/uploads\/2021\/10\/cropped-logo-ambassade.png","contentUrl":"https:\/\/www.caviar-ambassade.com\/wp-content\/uploads\/2021\/10\/cropped-logo-ambassade.png","width":150,"height":150,"caption":"Caviar Ambassade"},"image":{"@id":"https:\/\/www.caviar-ambassade.com\/#\/schema\/logo\/image\/"}}]}},"_links":{"self":[{"href":"https:\/\/www.caviar-ambassade.com\/nl_be\/wp-json\/wp\/v2\/product\/4295","targetHints":{"allow":["GET"]}}],"collection":[{"href":"https:\/\/www.caviar-ambassade.com\/nl_be\/wp-json\/wp\/v2\/product"}],"about":[{"href":"https:\/\/www.caviar-ambassade.com\/nl_be\/wp-json\/wp\/v2\/types\/product"}],"wp:featuredmedia":[{"embeddable":true,"href":"https:\/\/www.caviar-ambassade.com\/nl_be\/wp-json\/wp\/v2\/media\/4292"}],"wp:attachment":[{"href":"https:\/\/www.caviar-ambassade.com\/nl_be\/wp-json\/wp\/v2\/media?parent=4295"}],"wp:term":[{"taxonomy":"product_brand","embeddable":true,"href":"https:\/\/www.caviar-ambassade.com\/nl_be\/wp-json\/wp\/v2\/product_brand?post=4295"},{"taxonomy":"product_cat","embeddable":true,"href":"https:\/\/www.caviar-ambassade.com\/nl_be\/wp-json\/wp\/v2\/product_cat?post=4295"},{"taxonomy":"product_tag","embeddable":true,"href":"https:\/\/www.caviar-ambassade.com\/nl_be\/wp-json\/wp\/v2\/product_tag?post=4295"}],"curies":[{"name":"wp","href":"https:\/\/api.w.org\/{rel}","templated":true}]}}