{"id":5894,"date":"2025-01-23T12:47:33","date_gmt":"2025-01-23T11:47:33","guid":{"rendered":"https:\/\/www.caviar-ambassade.com\/?post_type=product&#038;p=5894"},"modified":"2025-11-13T15:22:03","modified_gmt":"2025-11-13T14:22:03","slug":"poutargue","status":"publish","type":"product","link":"https:\/\/www.caviar-ambassade.com\/nl_be\/product\/poutargue\/","title":{"rendered":"Bottarga"},"content":{"rendered":"<p>Ontdek bottarga, een culinaire schat uit de diepten van de Middellandse Zee. Deze mediterrane specialiteit wordt gemaakt van zorgvuldig gezouten en gedroogde muilezelkuit en heeft een intense, zilte smaak die uw smaakpapillen zal prikkelen.<\/p>\n<h2>Poutargue: De kaviaar van de Middellandse Zee<\/h2>\n<p>Poutargue wordt volgens traditionele methoden bereid en is een uitzonderlijk product, rijk aan eiwitten en omega-3. Door zijn romige textuur en unieke smaak is het een onmisbaar ingredi\u00ebnt in de gastronomie.<\/p>\n<p>Geraspte over pasta: Ook wel Boutargue genoemd, geeft het een vleugje elegantie aan uw pastagerechten, of ze nu vers of gedroogd zijn.<br \/>\nToevoegen aan een saus: Voeg het toe aan een saus om de smaak van uw vlees- of visgerechten te versterken.<br \/>\nPuur proeven: liefhebbers van intense smaken kunnen bottarga eenvoudig met een beetje olijfolie en geroosterd brood proeven.<\/p>\n<p>Naast zijn voortreffelijke smaak heeft bottarga ook tal van gezondheidsvoordelen. Bottarga is een bron van eiwitten en dus ideaal voor sporters en mensen die letten op hun eiwitinname. Het is ook rijk aan omega 3 en helpt het cholesterolgehalte te verlagen en het hart- en vaatstelsel te beschermen.<\/p>","protected":false},"excerpt":{"rendered":"<p>Gewicht: 100 g<br \/>\nIngredi\u00ebnten: Eieren van harder (Mugil Cephalus) gevangen in de Atlantische Oceaan, gezouten, gedroogd en verpakt in was (20%)<br \/>\nAllergenen: Vis<br \/>\nBewaring: Bewaren tussen 6 \u00b0C en 10 \u00b0C. Ontdooid product. Niet opnieuw invriezen.<br \/>\nHoudbaarheidsdatum: 2 maanden<\/p>","protected":false},"featured_media":5895,"template":"","meta":{"_acf_changed":false},"product_brand":[],"product_cat":[17,63],"product_tag":[],"class_list":{"0":"post-5894","1":"product","2":"type-product","3":"status-publish","4":"has-post-thumbnail","6":"product_cat-epicerie-fine","7":"product_cat-oeufs-de-poisson","8":"product_shipping_class-fresh-product","10":"first","11":"instock","12":"taxable","13":"shipping-taxable","14":"purchasable","15":"product-type-simple"},"acf":[],"yoast_head":"<!-- This site is optimized with the Yoast SEO plugin v27.5 - https:\/\/yoast.com\/product\/yoast-seo-wordpress\/ -->\n<title>Poutargue - Caviar Ambassade<\/title>\n<meta name=\"description\" content=\"Issue des \u0153ufs de mulet s\u00e9ch\u00e9s et sal\u00e9s, la poutargue sublimera vos plats. R\u00e2pez-la sur des p\u00e2tes ou incorporez-la \u00e0 une sauce...\" \/>\n<meta name=\"robots\" content=\"index, follow, max-snippet:-1, max-image-preview:large, max-video-preview:-1\" \/>\n<link rel=\"canonical\" href=\"https:\/\/www.caviar-ambassade.com\/nl_be\/product\/poutargue\/\" \/>\n<meta property=\"og:locale\" content=\"nl_BE\" \/>\n<meta property=\"og:type\" content=\"article\" \/>\n<meta property=\"og:title\" content=\"Poutargue - Caviar Ambassade\" \/>\n<meta property=\"og:description\" content=\"Issue des \u0153ufs de mulet s\u00e9ch\u00e9s et sal\u00e9s, la poutargue sublimera vos plats. R\u00e2pez-la sur des p\u00e2tes ou incorporez-la \u00e0 une sauce...\" \/>\n<meta property=\"og:url\" content=\"https:\/\/www.caviar-ambassade.com\/nl_be\/product\/poutargue\/\" \/>\n<meta property=\"og:site_name\" content=\"Caviar Ambassade\" \/>\n<meta property=\"article:modified_time\" content=\"2025-11-13T14:22:03+00:00\" \/>\n<meta property=\"og:image\" content=\"https:\/\/www.caviar-ambassade.com\/wp-content\/uploads\/2025\/01\/poutargue-3.jpg\" \/>\n\t<meta property=\"og:image:width\" content=\"1000\" \/>\n\t<meta property=\"og:image:height\" content=\"1000\" \/>\n\t<meta property=\"og:image:type\" content=\"image\/jpeg\" \/>\n<meta name=\"twitter:card\" content=\"summary_large_image\" \/>\n<meta name=\"twitter:label1\" content=\"Geschatte leestijd\" \/>\n\t<meta name=\"twitter:data1\" content=\"2 minuten\" \/>\n<script type=\"application\/ld+json\" class=\"yoast-schema-graph\">{\"@context\":\"https:\\\/\\\/schema.org\",\"@graph\":[{\"@type\":\"WebPage\",\"@id\":\"https:\\\/\\\/www.caviar-ambassade.com\\\/produit\\\/poutargue\\\/\",\"url\":\"https:\\\/\\\/www.caviar-ambassade.com\\\/produit\\\/poutargue\\\/\",\"name\":\"Poutargue - Caviar Ambassade\",\"isPartOf\":{\"@id\":\"https:\\\/\\\/www.caviar-ambassade.com\\\/#website\"},\"primaryImageOfPage\":{\"@id\":\"https:\\\/\\\/www.caviar-ambassade.com\\\/produit\\\/poutargue\\\/#primaryimage\"},\"image\":{\"@id\":\"https:\\\/\\\/www.caviar-ambassade.com\\\/produit\\\/poutargue\\\/#primaryimage\"},\"thumbnailUrl\":\"https:\\\/\\\/www.caviar-ambassade.com\\\/wp-content\\\/uploads\\\/2025\\\/01\\\/poutargue-3.jpg\",\"datePublished\":\"2025-01-23T11:47:33+00:00\",\"dateModified\":\"2025-11-13T14:22:03+00:00\",\"description\":\"Issue des \u0153ufs de mulet s\u00e9ch\u00e9s et sal\u00e9s, la poutargue sublimera vos plats. R\u00e2pez-la sur des p\u00e2tes ou incorporez-la \u00e0 une sauce...\",\"breadcrumb\":{\"@id\":\"https:\\\/\\\/www.caviar-ambassade.com\\\/produit\\\/poutargue\\\/#breadcrumb\"},\"inLanguage\":\"nl-BE\",\"potentialAction\":[{\"@type\":\"ReadAction\",\"target\":[\"https:\\\/\\\/www.caviar-ambassade.com\\\/produit\\\/poutargue\\\/\"]}]},{\"@type\":\"ImageObject\",\"inLanguage\":\"nl-BE\",\"@id\":\"https:\\\/\\\/www.caviar-ambassade.com\\\/produit\\\/poutargue\\\/#primaryimage\",\"url\":\"https:\\\/\\\/www.caviar-ambassade.com\\\/wp-content\\\/uploads\\\/2025\\\/01\\\/poutargue-3.jpg\",\"contentUrl\":\"https:\\\/\\\/www.caviar-ambassade.com\\\/wp-content\\\/uploads\\\/2025\\\/01\\\/poutargue-3.jpg\",\"width\":1000,\"height\":1000,\"caption\":\"poutargue\"},{\"@type\":\"BreadcrumbList\",\"@id\":\"https:\\\/\\\/www.caviar-ambassade.com\\\/produit\\\/poutargue\\\/#breadcrumb\",\"itemListElement\":[{\"@type\":\"ListItem\",\"position\":1,\"name\":\"Accueil\",\"item\":\"https:\\\/\\\/www.caviar-ambassade.com\\\/\"},{\"@type\":\"ListItem\",\"position\":2,\"name\":\"Boutique\",\"item\":\"https:\\\/\\\/www.caviar-ambassade.com\\\/boutique\\\/\"},{\"@type\":\"ListItem\",\"position\":3,\"name\":\"Poutargue\"}]},{\"@type\":\"WebSite\",\"@id\":\"https:\\\/\\\/www.caviar-ambassade.com\\\/#website\",\"url\":\"https:\\\/\\\/www.caviar-ambassade.com\\\/\",\"name\":\"Caviar Ambassade\",\"description\":\"Le caviar des connaisseurs\",\"publisher\":{\"@id\":\"https:\\\/\\\/www.caviar-ambassade.com\\\/#organization\"},\"potentialAction\":[{\"@type\":\"SearchAction\",\"target\":{\"@type\":\"EntryPoint\",\"urlTemplate\":\"https:\\\/\\\/www.caviar-ambassade.com\\\/?s={search_term_string}\"},\"query-input\":{\"@type\":\"PropertyValueSpecification\",\"valueRequired\":true,\"valueName\":\"search_term_string\"}}],\"inLanguage\":\"nl-BE\"},{\"@type\":\"Organization\",\"@id\":\"https:\\\/\\\/www.caviar-ambassade.com\\\/#organization\",\"name\":\"Caviar Ambassade\",\"url\":\"https:\\\/\\\/www.caviar-ambassade.com\\\/\",\"logo\":{\"@type\":\"ImageObject\",\"inLanguage\":\"nl-BE\",\"@id\":\"https:\\\/\\\/www.caviar-ambassade.com\\\/#\\\/schema\\\/logo\\\/image\\\/\",\"url\":\"https:\\\/\\\/www.caviar-ambassade.com\\\/wp-content\\\/uploads\\\/2021\\\/10\\\/cropped-logo-ambassade.png\",\"contentUrl\":\"https:\\\/\\\/www.caviar-ambassade.com\\\/wp-content\\\/uploads\\\/2021\\\/10\\\/cropped-logo-ambassade.png\",\"width\":150,\"height\":150,\"caption\":\"Caviar Ambassade\"},\"image\":{\"@id\":\"https:\\\/\\\/www.caviar-ambassade.com\\\/#\\\/schema\\\/logo\\\/image\\\/\"}}]}<\/script>\n<!-- \/ Yoast SEO plugin. -->","yoast_head_json":{"title":"Poutargue - Caviar Ambassade","description":"Issue des \u0153ufs de mulet s\u00e9ch\u00e9s et sal\u00e9s, la poutargue sublimera vos plats. R\u00e2pez-la sur des p\u00e2tes ou incorporez-la \u00e0 une sauce...","robots":{"index":"index","follow":"follow","max-snippet":"max-snippet:-1","max-image-preview":"max-image-preview:large","max-video-preview":"max-video-preview:-1"},"canonical":"https:\/\/www.caviar-ambassade.com\/nl_be\/product\/poutargue\/","og_locale":"nl_BE","og_type":"article","og_title":"Poutargue - Caviar Ambassade","og_description":"Issue des \u0153ufs de mulet s\u00e9ch\u00e9s et sal\u00e9s, la poutargue sublimera vos plats. R\u00e2pez-la sur des p\u00e2tes ou incorporez-la \u00e0 une sauce...","og_url":"https:\/\/www.caviar-ambassade.com\/nl_be\/product\/poutargue\/","og_site_name":"Caviar Ambassade","article_modified_time":"2025-11-13T14:22:03+00:00","og_image":[{"width":1000,"height":1000,"url":"https:\/\/www.caviar-ambassade.com\/wp-content\/uploads\/2025\/01\/poutargue-3.jpg","type":"image\/jpeg"}],"twitter_card":"summary_large_image","twitter_misc":{"Geschatte leestijd":"2 minuten"},"schema":{"@context":"https:\/\/schema.org","@graph":[{"@type":"WebPage","@id":"https:\/\/www.caviar-ambassade.com\/produit\/poutargue\/","url":"https:\/\/www.caviar-ambassade.com\/produit\/poutargue\/","name":"Poutargue - Caviar Ambassade","isPartOf":{"@id":"https:\/\/www.caviar-ambassade.com\/#website"},"primaryImageOfPage":{"@id":"https:\/\/www.caviar-ambassade.com\/produit\/poutargue\/#primaryimage"},"image":{"@id":"https:\/\/www.caviar-ambassade.com\/produit\/poutargue\/#primaryimage"},"thumbnailUrl":"https:\/\/www.caviar-ambassade.com\/wp-content\/uploads\/2025\/01\/poutargue-3.jpg","datePublished":"2025-01-23T11:47:33+00:00","dateModified":"2025-11-13T14:22:03+00:00","description":"Issue des \u0153ufs de mulet s\u00e9ch\u00e9s et sal\u00e9s, la poutargue sublimera vos plats. R\u00e2pez-la sur des p\u00e2tes ou incorporez-la \u00e0 une sauce...","breadcrumb":{"@id":"https:\/\/www.caviar-ambassade.com\/produit\/poutargue\/#breadcrumb"},"inLanguage":"nl-BE","potentialAction":[{"@type":"ReadAction","target":["https:\/\/www.caviar-ambassade.com\/produit\/poutargue\/"]}]},{"@type":"ImageObject","inLanguage":"nl-BE","@id":"https:\/\/www.caviar-ambassade.com\/produit\/poutargue\/#primaryimage","url":"https:\/\/www.caviar-ambassade.com\/wp-content\/uploads\/2025\/01\/poutargue-3.jpg","contentUrl":"https:\/\/www.caviar-ambassade.com\/wp-content\/uploads\/2025\/01\/poutargue-3.jpg","width":1000,"height":1000,"caption":"poutargue"},{"@type":"BreadcrumbList","@id":"https:\/\/www.caviar-ambassade.com\/produit\/poutargue\/#breadcrumb","itemListElement":[{"@type":"ListItem","position":1,"name":"Accueil","item":"https:\/\/www.caviar-ambassade.com\/"},{"@type":"ListItem","position":2,"name":"Boutique","item":"https:\/\/www.caviar-ambassade.com\/boutique\/"},{"@type":"ListItem","position":3,"name":"Poutargue"}]},{"@type":"WebSite","@id":"https:\/\/www.caviar-ambassade.com\/#website","url":"https:\/\/www.caviar-ambassade.com\/","name":"Caviar Ambassade","description":"Le caviar des connaisseurs","publisher":{"@id":"https:\/\/www.caviar-ambassade.com\/#organization"},"potentialAction":[{"@type":"SearchAction","target":{"@type":"EntryPoint","urlTemplate":"https:\/\/www.caviar-ambassade.com\/?s={search_term_string}"},"query-input":{"@type":"PropertyValueSpecification","valueRequired":true,"valueName":"search_term_string"}}],"inLanguage":"nl-BE"},{"@type":"Organization","@id":"https:\/\/www.caviar-ambassade.com\/#organization","name":"Caviar Ambassade","url":"https:\/\/www.caviar-ambassade.com\/","logo":{"@type":"ImageObject","inLanguage":"nl-BE","@id":"https:\/\/www.caviar-ambassade.com\/#\/schema\/logo\/image\/","url":"https:\/\/www.caviar-ambassade.com\/wp-content\/uploads\/2021\/10\/cropped-logo-ambassade.png","contentUrl":"https:\/\/www.caviar-ambassade.com\/wp-content\/uploads\/2021\/10\/cropped-logo-ambassade.png","width":150,"height":150,"caption":"Caviar Ambassade"},"image":{"@id":"https:\/\/www.caviar-ambassade.com\/#\/schema\/logo\/image\/"}}]}},"_links":{"self":[{"href":"https:\/\/www.caviar-ambassade.com\/nl_be\/wp-json\/wp\/v2\/product\/5894","targetHints":{"allow":["GET"]}}],"collection":[{"href":"https:\/\/www.caviar-ambassade.com\/nl_be\/wp-json\/wp\/v2\/product"}],"about":[{"href":"https:\/\/www.caviar-ambassade.com\/nl_be\/wp-json\/wp\/v2\/types\/product"}],"wp:featuredmedia":[{"embeddable":true,"href":"https:\/\/www.caviar-ambassade.com\/nl_be\/wp-json\/wp\/v2\/media\/5895"}],"wp:attachment":[{"href":"https:\/\/www.caviar-ambassade.com\/nl_be\/wp-json\/wp\/v2\/media?parent=5894"}],"wp:term":[{"taxonomy":"product_brand","embeddable":true,"href":"https:\/\/www.caviar-ambassade.com\/nl_be\/wp-json\/wp\/v2\/product_brand?post=5894"},{"taxonomy":"product_cat","embeddable":true,"href":"https:\/\/www.caviar-ambassade.com\/nl_be\/wp-json\/wp\/v2\/product_cat?post=5894"},{"taxonomy":"product_tag","embeddable":true,"href":"https:\/\/www.caviar-ambassade.com\/nl_be\/wp-json\/wp\/v2\/product_tag?post=5894"}],"curies":[{"name":"wp","href":"https:\/\/api.w.org\/{rel}","templated":true}]}}